{"id":12503,"date":"2020-10-26T21:47:52","date_gmt":"2020-10-26T20:47:52","guid":{"rendered":"https:\/\/quantum.com.pl\/product\/powerprobe-logic-and-protocol-analyzer\/"},"modified":"2020-10-26T22:04:39","modified_gmt":"2020-10-26T21:04:39","slug":"powerprobe-logic-and-protocol-analyzer","status":"publish","type":"product","link":"https:\/\/quantum.com.pl\/pl\/product\/powerprobe-logic-and-protocol-analyzer\/","title":{"rendered":"PowerProbe &#8211; Logic and Protocol Analyzer"},"content":{"rendered":"<h3>Wprowadzenie<\/h3>\n<p>Modu\u0142 analizatora czasu \/ stanu jest specjalnie zaprojektowany do zastosowa\u0144 mikroprocesorowych. Mo\u017ce pracowa\u0107 oddzielnie lub w po\u0142\u0105czeniu ze wszystkimi modu\u0142ami ICD. Szybkie nagrywanie stan\u00f3w przej\u015bciowych pozwala na bardzo d\u0142ugi czas nagrywania podczas \u015bledzenia linii peryferyjnych w aplikacji mikrokontrolera.<\/p>\n<p>&nbsp;<\/p>\n<h3>Najwa\u017cniejsze informacje<\/h3>\n<ul>\n<li>Analizator taktowania do 400 MHz<\/li>\n<li>Analizator stanu do 100 MHz<\/li>\n<li>64 kana\u0142y wej\u015bciowe<\/li>\n<li>Nagrywanie przej\u015bciowe<\/li>\n<li>Korelacja czasowa z RISC Trace<\/li>\n<li>Kwalifikator zegara dla zegara stanu<\/li>\n<li>Stan mieszany i tryb synchronizacji<\/li>\n<li>4 wej\u015bcia zegara stanu<\/li>\n<li>Opcjonalne \u015bledzenie FPGA Onchip<\/li>\n<li>Opcjonalny generator wzorc\u00f3w<\/li>\n<li>Obs\u0142uga protoko\u0142\u00f3w dla CAN, USB itp.<\/li>\n<\/ul>\n<p><a href=\"https:\/\/www.lauterbach.com\/frames.html?pp.html\" target=\"_blank\" rel=\"noopener noreferrer\">Wi\u0119cej informacji<\/a><\/p>\n","protected":false},"excerpt":{"rendered":"<p>Wprowadzenie Modu\u0142 analizatora czasu \/ stanu jest specjalnie zaprojektowany do zastosowa\u0144 mikroprocesorowych. Mo\u017ce pracowa\u0107 oddzielnie lub w po\u0142\u0105czeniu ze wszystkimi modu\u0142ami ICD. Szybkie nagrywanie stan\u00f3w przej\u015bciowych pozwala na bardzo d\u0142ugi czas nagrywania podczas \u015bledzenia linii peryferyjnych w aplikacji mikrokontrolera. &nbsp; Najwa\u017cniejsze informacje Analizator taktowania do 400 MHz Analizator stanu do 100 MHz 64 kana\u0142y wej\u015bciowe [&hellip;]<\/p>\n","protected":false},"featured_media":12501,"template":"","meta":{"_acf_changed":false,"inline_featured_image":false,"_monsterinsights_skip_tracking":false,"_monsterinsights_sitenote_active":false,"_monsterinsights_sitenote_note":"","_monsterinsights_sitenote_category":0},"product_brand":[],"product_cat":[1581,105,1639,1642],"product_tag":[],"class_list":{"0":"post-12503","1":"product","2":"type-product","3":"status-publish","4":"has-post-thumbnail","6":"product_cat-jtag-rd-tools","7":"product_cat-lauterbach","8":"product_cat-logic-analizer","9":"product_cat-powerprobe-2","11":"first","12":"instock","13":"shipping-taxable","14":"product-type-simple"},"acf":[],"_links":{"self":[{"href":"https:\/\/quantum.com.pl\/pl\/wp-json\/wp\/v2\/product\/12503","targetHints":{"allow":["GET"]}}],"collection":[{"href":"https:\/\/quantum.com.pl\/pl\/wp-json\/wp\/v2\/product"}],"about":[{"href":"https:\/\/quantum.com.pl\/pl\/wp-json\/wp\/v2\/types\/product"}],"wp:featuredmedia":[{"embeddable":true,"href":"https:\/\/quantum.com.pl\/pl\/wp-json\/wp\/v2\/media\/12501"}],"wp:attachment":[{"href":"https:\/\/quantum.com.pl\/pl\/wp-json\/wp\/v2\/media?parent=12503"}],"wp:term":[{"taxonomy":"product_brand","embeddable":true,"href":"https:\/\/quantum.com.pl\/pl\/wp-json\/wp\/v2\/product_brand?post=12503"},{"taxonomy":"product_cat","embeddable":true,"href":"https:\/\/quantum.com.pl\/pl\/wp-json\/wp\/v2\/product_cat?post=12503"},{"taxonomy":"product_tag","embeddable":true,"href":"https:\/\/quantum.com.pl\/pl\/wp-json\/wp\/v2\/product_tag?post=12503"}],"curies":[{"name":"wp","href":"https:\/\/api.w.org\/{rel}","templated":true}]}}