{"id":12507,"date":"2020-10-26T22:27:20","date_gmt":"2020-10-26T21:27:20","guid":{"rendered":"https:\/\/quantum.com.pl\/product\/powerintegrator-logic-and-bus-analyzer\/"},"modified":"2020-10-26T22:27:20","modified_gmt":"2020-10-26T21:27:20","slug":"powerintegrator-logic-and-bus-analyzer","status":"publish","type":"product","link":"https:\/\/quantum.com.pl\/pl\/product\/powerintegrator-logic-and-bus-analyzer\/","title":{"rendered":"PowerIntegrator &#8211; Logic and Bus Analyzer"},"content":{"rendered":"<h3>Wprowadzenie<\/h3>\n<p>Modu\u0142 PowerIntegrator zast\u0119puje znacznie dro\u017csze systemy analizator\u00f3w logicznych wykorzystywane do integracji system\u00f3w mikroprocesorowych. Szybka analiza logiczna jest teraz mo\u017cliwa w ka\u017cdym miejscu pracy zintegrowanym z oprogramowaniem debuggera.<\/p>\n<p>&nbsp;<\/p>\n<h3>Najwa\u017cniejsze cechy<\/h3>\n<ul>\n<li>Analizator taktowania z 500 MHz na wszystkich kana\u0142ach<\/li>\n<li>Analizator stanu do 200 MHz DDR<\/li>\n<li>204 kana\u0142y wej\u015bciowe<\/li>\n<li>Nagrywanie przej\u015bciowe<\/li>\n<li>Korelacja czasowa z innymi narz\u0119dziami Tracetool<\/li>\n<li>Kwalifikator zegara dla zegara stanu<\/li>\n<li>Stan mieszany i tryb synchronizacji<\/li>\n<li>4 wej\u015bcia zegara<\/li>\n<li>Sondy MICTOR i standardowe (single-ended)<\/li>\n<li>Sondy r\u00f3\u017cnicowe MICTOR<\/li>\n<li>Analogowa sonda napi\u0119ciowa i pr\u0105dowa<\/li>\n<li>Obs\u0142uga protoko\u0142u 3G \/ DigRF<\/li>\n<\/ul>\n<p><a href=\"https:\/\/www.lauterbach.com\/frames.html?pi.html\" target=\"_blank\" rel=\"noopener noreferrer\">Wi\u0119cej informacji<\/a><\/p>\n","protected":false},"excerpt":{"rendered":"<p>Wprowadzenie Modu\u0142 PowerIntegrator zast\u0119puje znacznie dro\u017csze systemy analizator\u00f3w logicznych wykorzystywane do integracji system\u00f3w mikroprocesorowych. Szybka analiza logiczna jest teraz mo\u017cliwa w ka\u017cdym miejscu pracy zintegrowanym z oprogramowaniem debuggera. &nbsp; Najwa\u017cniejsze cechy Analizator taktowania z 500 MHz na wszystkich kana\u0142ach Analizator stanu do 200 MHz DDR 204 kana\u0142y wej\u015bciowe Nagrywanie przej\u015bciowe Korelacja czasowa z innymi narz\u0119dziami [&hellip;]<\/p>\n","protected":false},"featured_media":12506,"template":"","meta":{"_acf_changed":false,"inline_featured_image":false,"_monsterinsights_skip_tracking":false,"_monsterinsights_sitenote_active":false,"_monsterinsights_sitenote_note":"","_monsterinsights_sitenote_category":0},"product_brand":[],"product_cat":[1581,105,1639,1643],"product_tag":[],"class_list":{"0":"post-12507","1":"product","2":"type-product","3":"status-publish","4":"has-post-thumbnail","6":"product_cat-jtag-rd-tools","7":"product_cat-lauterbach","8":"product_cat-logic-analizer","9":"product_cat-powerintegrator","11":"first","12":"instock","13":"shipping-taxable","14":"product-type-simple"},"acf":[],"_links":{"self":[{"href":"https:\/\/quantum.com.pl\/pl\/wp-json\/wp\/v2\/product\/12507","targetHints":{"allow":["GET"]}}],"collection":[{"href":"https:\/\/quantum.com.pl\/pl\/wp-json\/wp\/v2\/product"}],"about":[{"href":"https:\/\/quantum.com.pl\/pl\/wp-json\/wp\/v2\/types\/product"}],"wp:featuredmedia":[{"embeddable":true,"href":"https:\/\/quantum.com.pl\/pl\/wp-json\/wp\/v2\/media\/12506"}],"wp:attachment":[{"href":"https:\/\/quantum.com.pl\/pl\/wp-json\/wp\/v2\/media?parent=12507"}],"wp:term":[{"taxonomy":"product_brand","embeddable":true,"href":"https:\/\/quantum.com.pl\/pl\/wp-json\/wp\/v2\/product_brand?post=12507"},{"taxonomy":"product_cat","embeddable":true,"href":"https:\/\/quantum.com.pl\/pl\/wp-json\/wp\/v2\/product_cat?post=12507"},{"taxonomy":"product_tag","embeddable":true,"href":"https:\/\/quantum.com.pl\/pl\/wp-json\/wp\/v2\/product_tag?post=12507"}],"curies":[{"name":"wp","href":"https:\/\/api.w.org\/{rel}","templated":true}]}}