{"id":12508,"date":"2020-10-27T21:20:10","date_gmt":"2020-10-27T20:20:10","guid":{"rendered":"https:\/\/quantum.com.pl\/?post_type=product&#038;p=12508"},"modified":"2020-12-15T14:44:40","modified_gmt":"2020-12-15T13:44:40","slug":"lauterbach-chip-selection","status":"publish","type":"product","link":"https:\/\/quantum.com.pl\/pl\/product\/lauterbach-chip-selection\/","title":{"rendered":"Lauterbach Chip Selection"},"content":{"rendered":"<p>Lauterbach jest najwi\u0119kszym na \u015bwiecie producentem kompletnych, modu\u0142owych narz\u0119dzi programistycznych mikroprocesorowych z mo\u017cliwo\u015bci\u0105 rozbudowy na ca\u0142ym \u015bwiecie, z do\u015bwiadczeniem w tworzeniu \u015bwiatowej klasy debugger\u00f3w i \u015bledzenia w czasie rzeczywistym od 1979 roku.<\/p>\n<p>Linia produkt\u00f3w Lauterbach TRACE32\u00ae obs\u0142uguje technologie takie jak JTAG, SWD, NEXUS lub ETM z wbudowanymi debuggerami, systemami \u015bledzenia oprogramowania i sprz\u0119tu oraz analizator\u00f3w logicznych dla prawie 100 rdzeni wdro\u017conych w ponad 5000 rodzin chip\u00f3w, takich jak ARC, Arm\u00ae Cortex\u00ae-A \/ -R \/ -M, RISC-V\u00ae, Power Architecture\u00ae, TriCore &#x2122;, RH850, Xtensa\u00ae itp.<\/p>\n<p>Odwied\u017a witryn\u0119 Lauterbach&#8217;s Chip Selection <a href=\"https:\/\/www.lauterbach.com\/frames.html?prolist.html\" target=\"_blank\" rel=\"noopener noreferrer\">tutaj<\/a>.<\/p>\n","protected":false},"excerpt":{"rendered":"<p>Lauterbach jest najwi\u0119kszym na \u015bwiecie producentem kompletnych, modu\u0142owych narz\u0119dzi programistycznych mikroprocesorowych z mo\u017cliwo\u015bci\u0105 rozbudowy na ca\u0142ym \u015bwiecie, z do\u015bwiadczeniem w tworzeniu \u015bwiatowej klasy debugger\u00f3w i \u015bledzenia w czasie rzeczywistym od 1979 roku. Linia produkt\u00f3w Lauterbach TRACE32\u00ae obs\u0142uguje technologie takie jak JTAG, SWD, NEXUS lub ETM z wbudowanymi debuggerami, systemami \u015bledzenia oprogramowania i sprz\u0119tu oraz analizator\u00f3w [&hellip;]<\/p>\n","protected":false},"featured_media":12509,"template":"","meta":{"_acf_changed":false,"inline_featured_image":false,"_monsterinsights_skip_tracking":false,"_monsterinsights_sitenote_active":false,"_monsterinsights_sitenote_note":"","_monsterinsights_sitenote_category":0},"product_brand":[],"product_cat":[1581,105,1648],"product_tag":[],"class_list":{"0":"post-12508","1":"product","2":"type-product","3":"status-publish","4":"has-post-thumbnail","6":"product_cat-jtag-rd-tools","7":"product_cat-lauterbach","8":"product_cat-wybor-chipow","10":"first","11":"instock","12":"shipping-taxable","13":"product-type-simple"},"acf":[],"_links":{"self":[{"href":"https:\/\/quantum.com.pl\/pl\/wp-json\/wp\/v2\/product\/12508","targetHints":{"allow":["GET"]}}],"collection":[{"href":"https:\/\/quantum.com.pl\/pl\/wp-json\/wp\/v2\/product"}],"about":[{"href":"https:\/\/quantum.com.pl\/pl\/wp-json\/wp\/v2\/types\/product"}],"wp:featuredmedia":[{"embeddable":true,"href":"https:\/\/quantum.com.pl\/pl\/wp-json\/wp\/v2\/media\/12509"}],"wp:attachment":[{"href":"https:\/\/quantum.com.pl\/pl\/wp-json\/wp\/v2\/media?parent=12508"}],"wp:term":[{"taxonomy":"product_brand","embeddable":true,"href":"https:\/\/quantum.com.pl\/pl\/wp-json\/wp\/v2\/product_brand?post=12508"},{"taxonomy":"product_cat","embeddable":true,"href":"https:\/\/quantum.com.pl\/pl\/wp-json\/wp\/v2\/product_cat?post=12508"},{"taxonomy":"product_tag","embeddable":true,"href":"https:\/\/quantum.com.pl\/pl\/wp-json\/wp\/v2\/product_tag?post=12508"}],"curies":[{"name":"wp","href":"https:\/\/api.w.org\/{rel}","templated":true}]}}