{"id":12515,"date":"2020-10-27T21:34:24","date_gmt":"2020-10-27T20:34:24","guid":{"rendered":"https:\/\/quantum.com.pl\/product\/video-materials\/"},"modified":"2020-12-15T14:46:36","modified_gmt":"2020-12-15T13:46:36","slug":"video-materials","status":"publish","type":"product","link":"https:\/\/quantum.com.pl\/pl\/product\/video-materials\/","title":{"rendered":"Materia\u0142y Video"},"content":{"rendered":"<p>Lauterbach to ca\u0142kowicie niezale\u017cna i prywatna firma high-tech, zlokalizowana w pobli\u017cu Monachium. W siedzibie g\u0142\u00f3wnej w H\u00f6henkirchen-Siegertsbrunn zesp\u00f3\u0142 in\u017cynier\u00f3w opracowuje i produkuje bardzo sprawne i wyspecjalizowane narz\u0119dzia programistyczne, kt\u00f3re s\u0105 wykorzystywane na ca\u0142ym \u015bwiecie pod mark\u0105 TRACE32\u00ae. Wykorzystuj\u0105c najnowsze metody rozwoju, Lauterbach k\u0142adzie du\u017cy nacisk na tworzenie najnowocze\u015bniejszych narz\u0119dzi programistycznych. Poj\u0119cie czasu wprowadzenia na rynek ma kluczowe znaczenie dla rozwoju produktu klienta i jest jeszcze bardziej istotne dla firmy Lauterbach. Kiedy klienci chc\u0105 rozpocz\u0105\u0107 rozw\u00f3j z najnowszymi generacjami mikroprocesor\u00f3w, mog\u0105 jako pierwsi na rynku polega\u0107 na narz\u0119dziach Lauterbach. Firma Lauterbach zosta\u0142a za\u0142o\u017cona w 1979 roku przez Lothara Lauterbacha. Firma, kt\u00f3ra ju\u017c by\u0142a liderem technologicznym, przekszta\u0142ci\u0142a si\u0119 w \u015bwiatowego lidera rynku i dostawc\u0119 mikroprocesorowych narz\u0119dzi programistycznych.<\/p>\n<p><a href=\"https:\/\/www.youtube.com\/user\/lauterbachgmbh\" target=\"_blank\" rel=\"noopener noreferrer\">Odwied\u017a kana\u0142 YouTube Lauterbacha.<\/a><\/p>\n","protected":false},"excerpt":{"rendered":"<p>Lauterbach to ca\u0142kowicie niezale\u017cna i prywatna firma high-tech, zlokalizowana w pobli\u017cu Monachium. W siedzibie g\u0142\u00f3wnej w H\u00f6henkirchen-Siegertsbrunn zesp\u00f3\u0142 in\u017cynier\u00f3w opracowuje i produkuje bardzo sprawne i wyspecjalizowane narz\u0119dzia programistyczne, kt\u00f3re s\u0105 wykorzystywane na ca\u0142ym \u015bwiecie pod mark\u0105 TRACE32\u00ae. Wykorzystuj\u0105c najnowsze metody rozwoju, Lauterbach k\u0142adzie du\u017cy nacisk na tworzenie najnowocze\u015bniejszych narz\u0119dzi programistycznych. Poj\u0119cie czasu wprowadzenia na rynek [&hellip;]<\/p>\n","protected":false},"featured_media":12514,"template":"","meta":{"_acf_changed":false,"inline_featured_image":false,"_monsterinsights_skip_tracking":false,"_monsterinsights_sitenote_active":false,"_monsterinsights_sitenote_note":"","_monsterinsights_sitenote_category":0},"product_brand":[],"product_cat":[1581,1649],"product_tag":[],"class_list":{"0":"post-12515","1":"product","2":"type-product","3":"status-publish","4":"has-post-thumbnail","6":"product_cat-jtag-rd-tools","7":"product_cat-materialy-video","9":"first","10":"instock","11":"shipping-taxable","12":"product-type-simple"},"acf":[],"_links":{"self":[{"href":"https:\/\/quantum.com.pl\/pl\/wp-json\/wp\/v2\/product\/12515","targetHints":{"allow":["GET"]}}],"collection":[{"href":"https:\/\/quantum.com.pl\/pl\/wp-json\/wp\/v2\/product"}],"about":[{"href":"https:\/\/quantum.com.pl\/pl\/wp-json\/wp\/v2\/types\/product"}],"wp:featuredmedia":[{"embeddable":true,"href":"https:\/\/quantum.com.pl\/pl\/wp-json\/wp\/v2\/media\/12514"}],"wp:attachment":[{"href":"https:\/\/quantum.com.pl\/pl\/wp-json\/wp\/v2\/media?parent=12515"}],"wp:term":[{"taxonomy":"product_brand","embeddable":true,"href":"https:\/\/quantum.com.pl\/pl\/wp-json\/wp\/v2\/product_brand?post=12515"},{"taxonomy":"product_cat","embeddable":true,"href":"https:\/\/quantum.com.pl\/pl\/wp-json\/wp\/v2\/product_cat?post=12515"},{"taxonomy":"product_tag","embeddable":true,"href":"https:\/\/quantum.com.pl\/pl\/wp-json\/wp\/v2\/product_tag?post=12515"}],"curies":[{"name":"wp","href":"https:\/\/api.w.org\/{rel}","templated":true}]}}