{"id":12529,"date":"2020-10-27T23:10:59","date_gmt":"2020-10-27T22:10:59","guid":{"rendered":"https:\/\/quantum.com.pl\/?post_type=product&#038;p=12529"},"modified":"2020-11-20T19:24:22","modified_gmt":"2020-11-20T18:24:22","slug":"trace32-software-download","status":"publish","type":"product","link":"https:\/\/quantum.com.pl\/pl\/product\/trace32-software-download\/","title":{"rendered":"Trace32 Software Download"},"content":{"rendered":"<p>Pobierz najnowsz\u0105 wersj\u0119 oprogramowania TRACE32, sprawd\u017a nasz\u0105 codziennie aktualizowan\u0105 kolekcj\u0119 skrypt\u00f3w startowych \/ demonstracyjnych lub uzyskaj pierwsze wra\u017cenie na temat TRACE32, pobieraj\u0105c oprogramowanie ewaluacyjne.<\/p>\n<ul>\n<li><a href=\"https:\/\/www.lauterbach.com\/download_trace32.html\">TRACE32 Software<\/a><\/li>\n<li><a href=\"https:\/\/www.lauterbach.com\/manual.html\">TRACE32 Help System<\/a><\/li>\n<li><a href=\"https:\/\/www.lauterbach.com\/scripts.html\">Start-Up and other Scripts<\/a><\/li>\n<li><a href=\"https:\/\/www.lauterbach.com\/download.html\">Evaluation Software<\/a><\/li>\n<li><a href=\"https:\/\/www.lauterbach.com\/open_source.html\">Open Source Projects<\/a><\/li>\n<\/ul>\n","protected":false},"excerpt":{"rendered":"<p>Pobierz najnowsz\u0105 wersj\u0119 oprogramowania TRACE32, sprawd\u017a nasz\u0105 codziennie aktualizowan\u0105 kolekcj\u0119 skrypt\u00f3w startowych \/ demonstracyjnych lub uzyskaj pierwsze wra\u017cenie na temat TRACE32, pobieraj\u0105c oprogramowanie ewaluacyjne. TRACE32 Software TRACE32 Help System Start-Up and other Scripts Evaluation Software Open Source Projects<\/p>\n","protected":false},"featured_media":12530,"template":"","meta":{"_acf_changed":false,"inline_featured_image":false,"_monsterinsights_skip_tracking":false,"_monsterinsights_sitenote_active":false,"_monsterinsights_sitenote_note":"","_monsterinsights_sitenote_category":0},"product_brand":[],"product_cat":[1581,105,1652,1462],"product_tag":[],"class_list":{"0":"post-12529","1":"product","2":"type-product","3":"status-publish","4":"has-post-thumbnail","6":"product_cat-jtag-rd-tools","7":"product_cat-lauterbach","8":"product_cat-oprogramowanie-trace32","9":"product_cat-trace","11":"first","12":"instock","13":"shipping-taxable","14":"product-type-simple"},"acf":[],"_links":{"self":[{"href":"https:\/\/quantum.com.pl\/pl\/wp-json\/wp\/v2\/product\/12529","targetHints":{"allow":["GET"]}}],"collection":[{"href":"https:\/\/quantum.com.pl\/pl\/wp-json\/wp\/v2\/product"}],"about":[{"href":"https:\/\/quantum.com.pl\/pl\/wp-json\/wp\/v2\/types\/product"}],"wp:featuredmedia":[{"embeddable":true,"href":"https:\/\/quantum.com.pl\/pl\/wp-json\/wp\/v2\/media\/12530"}],"wp:attachment":[{"href":"https:\/\/quantum.com.pl\/pl\/wp-json\/wp\/v2\/media?parent=12529"}],"wp:term":[{"taxonomy":"product_brand","embeddable":true,"href":"https:\/\/quantum.com.pl\/pl\/wp-json\/wp\/v2\/product_brand?post=12529"},{"taxonomy":"product_cat","embeddable":true,"href":"https:\/\/quantum.com.pl\/pl\/wp-json\/wp\/v2\/product_cat?post=12529"},{"taxonomy":"product_tag","embeddable":true,"href":"https:\/\/quantum.com.pl\/pl\/wp-json\/wp\/v2\/product_tag?post=12529"}],"curies":[{"name":"wp","href":"https:\/\/api.w.org\/{rel}","templated":true}]}}