{"id":13314,"date":"2020-12-17T23:11:36","date_gmt":"2020-12-17T22:11:36","guid":{"rendered":"https:\/\/quantum.com.pl\/?post_type=product&#038;p=13314"},"modified":"2021-02-05T14:05:24","modified_gmt":"2021-02-05T13:05:24","slug":"przemyslowy-firewall-router-1-gigabit-switch-%c2%b5guard","status":"publish","type":"product","link":"https:\/\/quantum.com.pl\/pl\/product\/przemyslowy-firewall-router-1-gigabit-switch-%c2%b5guard\/","title":{"rendered":"\u00b5GUARD (Przemys\u0142owy Firewall\/Router oraz Gigabit Switch)"},"content":{"rendered":"<p>\u00b5GUARD to zapora \/ router \/ punkt dost\u0119powy o d\u0142ugoterminowej dost\u0119pno\u015bci. Konstrukcja jest zoptymalizowana pod k\u0105tem niskiego zu\u017cycia energii, niewielkich rozmiar\u00f3w (SwaP) i najwy\u017cszej elastyczno\u015bci, a tak\u017ce mo\u017cliwo\u015bci pracy w rozszerzonej temperaturze. \u00b5GUARD mo\u017cna rozszerzy\u0107 o dodatkowe 10 port\u00f3w w por\u00f3wnaniu z \u00b5MAGBES (zarz\u0105dzany 10-portowy prze\u0142\u0105cznik). \u00b5GUARD i \u00b5MAGBES dodaj\u0105 dodatkowe niezawodne i unikalne produkty do przemys\u0142owych rozwi\u0105za\u0144 sieciowych MPL.<br \/>\nSprawdzone rozwi\u0105zanie GUARD pozwala na obs\u0142ug\u0119 Firewall \/ Accesspoint w trudnych warunkach, takich jak systemy transportu publicznego, trudne obszary przemys\u0142owe lub w zastosowaniach obronnych.<\/p>\n<h4 id=\"tw-target-text\" class=\"tw-data-text tw-ta tw-text-medium\" dir=\"ltr\" data-placeholder=\"T\u0142umaczenie\"><span lang=\"pl\" tabindex=\"0\">Najwa\u017cniejsze cechy GUARD-F2<\/span><\/h4>\n<p>Standardowy zakres temperatur pracy to -20 \u00b0 C do + 60 \u00b0 C i opcjonalnie dost\u0119pny w rozszerzonej temperaturze Dwa wewn\u0119trzne gniazda miniPCIe i gniazdo M.2 umo\u017cliwiaj\u0105 r\u00f3\u017cne rozszerzenia (WLAN, GPRS. LTE mSATA SSD &#8230;). \u039cGUARD jest dost\u0119pny jako OpenFrame na p\u0142ycie ch\u0142odz\u0105cej do zamontowania w istniej\u0105cych obudowach lub szafach. Alternatywnie mamy rozwi\u0105zania firewall ze z\u0142\u0105czami RJ45, M12 lub MIL-38999. \u015awiat\u0142ow\u00f3d mo\u017ce by\u0107 dostarczony przez TX2FX.<\/p>\n<ul>\n<li>Szeroki zakres napi\u0119cia wej\u015bciowego (8 &#8211; 36VDC)<\/li>\n<li>3 porty Ethernet 1 GBit<\/li>\n<li>Obs\u0142uga 10\/100 \/ 1000Mbit<\/li>\n<li>\u0141atwa integracja 10-portowego switcha (\u00b5MAGBES)<\/li>\n<li>Sprawdzony system operacyjny OpenWRT<\/li>\n<li>2 x gniazdo mPCIe<\/li>\n<li>1 x gniazdo M.2 z obs\u0142ug\u0105 dw\u00f3ch kart SIM<\/li>\n<\/ul>\n<p><strong>Cechy te sprawiaj\u0105<\/strong>, \u017ce \u00b5GUARD jest idealnym i najbezpieczniejszym rozwi\u0105zaniem dla wszystkich trudnych zastosowa\u0144 przemys\u0142owych, transportu publicznego i obronno\u015bci, gdzie kluczowe znaczenie maj\u0105 jako\u015b\u0107, niezawodno\u015b\u0107, niskie zu\u017cycie energii i d\u0142ugoterminowa dost\u0119pno\u015b\u0107. Elastyczno\u015b\u0107 dobrze znanego systemu operacyjnego OpenWRT zapewnia bezpiecze\u0144stwo, kt\u00f3rego potrzebujesz w swoim \u015brodowisku.<\/p>\n<p>&nbsp;<\/p>\n<h3>Specyfikacja Techniczna<\/h3>\n\n<table id=\"tablepress-1820\" class=\"tablepress tablepress-id-1820 tbody-has-connected-cells\">\n<tbody class=\"row-striping row-hover\">\n<tr class=\"row-1\">\n\t<td colspan=\"2\" class=\"column-1\"><strong style=\"display: block; text-align: center;\">Board Key Data<\/strong><\/td>\n<\/tr>\n<tr class=\"row-2\">\n\t<td class=\"column-1\">Processor<\/td><td class=\"column-2\">Dual Core 1.0GHz ARM SoC<\/td>\n<\/tr>\n<tr class=\"row-3\">\n\t<td class=\"column-1\">Memory<\/td><td class=\"column-2\">2GByte DDR3L with ECC, 512MByte NAND Flash<\/td>\n<\/tr>\n<tr class=\"row-4\">\n\t<td class=\"column-1\">Dimensions<\/td><td class=\"column-2\">75mm x 115mm<\/td>\n<\/tr>\n<tr class=\"row-5\">\n\t<td class=\"column-1\">Power<\/td><td class=\"column-2\">8 up to 36VDC <6W (estimate without extensions)<\/td>\n<\/tr>\n<tr class=\"row-6\">\n\t<td colspan=\"2\" class=\"column-1\"><strong style=\"display: block; text-align: center;\">Interfaces<\/strong><\/td>\n<\/tr>\n<tr class=\"row-7\">\n\t<td class=\"column-1\">Ethernet<\/td><td class=\"column-2\">3 x Ethernet 10\/100\/1000MBit, Auto MDI\/MDIX, available on lockable header<\/td>\n<\/tr>\n<tr class=\"row-8\">\n\t<td class=\"column-1\">mPCI\/mSATA<\/td><td class=\"column-2\">1 x mPCI\/mSATA Combo Slot with lockable header for SIM card<br \/>\nmPCI<\/td>\n<\/tr>\n<tr class=\"row-9\">\n\t<td class=\"column-1\">mPCI<\/td><td class=\"column-2\">1 x mPCI Slot with lockable header for SIM card<\/td>\n<\/tr>\n<tr class=\"row-10\">\n\t<td class=\"column-1\">M.2 Slot<\/td><td class=\"column-2\">1 x M.2 Slot Type B Key, for socket 2 USB3.0 WWAN, Type 3042-S3-B with dual SIM support<\/td>\n<\/tr>\n<tr class=\"row-11\">\n\t<td class=\"column-1\">USB<\/td><td class=\"column-2\">2 x USB2.0 on lockable headers<\/td>\n<\/tr>\n<tr class=\"row-12\">\n\t<td colspan=\"2\" class=\"column-1\"><strong style=\"display: block; text-align: center;\">Environment<\/strong><\/td>\n<\/tr>\n<tr class=\"row-13\">\n\t<td class=\"column-1\">Operating Temperature<\/td><td class=\"column-2\">-20\u00b0C to +60\u00b0C \/ -4\u00b0F to 140\u00b0F<\/td>\n<\/tr>\n<tr class=\"row-14\">\n\t<td class=\"column-1\">Extended Temperature<\/td><td class=\"column-2\">-40\u00b0C to +85\u00b0C \/ -40\u00b0F to 185\u00b0F (optional)<\/td>\n<\/tr>\n<tr class=\"row-15\">\n\t<td class=\"column-1\">Storage Temperature<\/td><td class=\"column-2\">-45\u00b0C to +90\u00b0C \/ -49\u00b0F to 194\u00b0F<\/td>\n<\/tr>\n<tr class=\"row-16\">\n\t<td class=\"column-1\">Humidity<\/td><td class=\"column-2\">5% - 95% none condensing, optional coating available<\/td>\n<\/tr>\n<tr class=\"row-17\">\n\t<td colspan=\"2\" class=\"column-1\"><strong style=\"display: block; text-align: center;\">Standard Compliance<\/strong><\/td>\n<\/tr>\n<tr class=\"row-18\">\n\t<td colspan=\"2\" class=\"column-1\"><span style=\"font-weight: normal;\">The \u00b5GUARD Family is designed to meet or exceed the most common standards. Particular references are:<\/span><\/td>\n<\/tr>\n<tr class=\"row-19\">\n\t<td class=\"column-1\">EMC<\/td><td class=\"column-2\">EN 55022, EN 55024, EN 61000, MIL-STD-461E<\/td>\n<\/tr>\n<tr class=\"row-20\">\n\t<td class=\"column-1\">Shock &amp; Vibration<\/td><td class=\"column-2\">EN 60068<\/td>\n<\/tr>\n<tr class=\"row-21\">\n\t<td class=\"column-1\">Environmental &amp; Safety<\/td><td class=\"column-2\">EN 50155, MIL-STD-810G, EN 60601, EN 60950<\/td>\n<\/tr>\n<tr class=\"row-22\">\n\t<td class=\"column-1\">Approval List<\/td><td class=\"column-2\">CE, IEC 60945, IACS E10<\/td>\n<\/tr>\n<\/tbody>\n<\/table>\n<!-- #tablepress-1820 from cache -->\n<p>&nbsp;<\/p>\n<p>\u039cGUARD jest dostarczany z preinstalowan\u0105 dostosowan\u0105 wersj\u0105 OpenWRT (www.openwrt.org). Ta osadzona dystrybucja oparta na systemie Linux zapewnia wszystkie funkcje wymagane do dzia\u0142ania jako zapora i router IPV4 i \/ lub IPV6. Ogromna liczba dodatkowych pakiet\u00f3w dost\u0119pnych w po\u0142\u0105czeniu z obs\u0142ug\u0105 MPL pozwala na stworzenie rozwi\u0105zania dla ka\u017cdego projektu routingu lub firewalla.<br \/>\nWi\u0119kszo\u015b\u0107 konfiguracji zainstalowanego oprogramowania sprz\u0119towego mo\u017cna przeprowadzi\u0107 za pomoc\u0105 interfejsu internetowego. W przypadku bardziej specjalistycznych wymaga\u0144 dost\u0119pne jest narz\u0119dzie konfiguracyjne oparte na konsoli. Ca\u0142a konfiguracja jest przechowywana na urz\u0105dzeniu w przyjaznym dla cz\u0142owieka formacie tekstowym i mo\u017ce by\u0107 r\u00f3wnie\u017c modyfikowana za pomoc\u0105 edytora tekstu.<\/p>\n<p>Funkcje i protoko\u0142y:<\/p>\n<ul>\n<li>TCP \/ IP V4 i V6, IPsec<\/li>\n<li>Serwer \/ us\u0142uga przesy\u0142ania dalej DNS<\/li>\n<li>Obs\u0142uga QoS (Quality Of Service)<\/li>\n<li>Wsparcie dla dostawc\u00f3w dynamicznego DNS<\/li>\n<li>SIIT (t\u0142umaczenie IPV4 przez IPV6)<\/li>\n<li>Obs\u0142uga OpenVPN<\/li>\n<li>Miredo \/ Teredo (tunelowanie IPV6 przez IPV4)<\/li>\n<li>Obs\u0142uga klienta OpenConnect<\/li>\n<li>PPP (protok\u00f3\u0142 Point-to-Point)<\/li>\n<li>Firewall oparty na Linux iptables<\/li>\n<li>T\u0142umaczenie adres\u00f3w sieciowych<\/li>\n<li>Dost\u0119p do urz\u0105dze\u0144 przez SSH i telnet<\/li>\n<li>Konfiguracja wielu sieci WAN (prze\u0142\u0105czanie awaryjne i r\u00f3wnowa\u017cenie obci\u0105\u017cenia)<\/li>\n<li>Snort (lekkie wykrywanie w\u0142ama\u0144)<\/li>\n<li>Serwer DHCP dla IPV4 i IPV6<\/li>\n<li>Demony routingu (OSPF, RIP, BGP, &#8230;)<\/li>\n<\/ul>\n<p>Dalsze funkcje mo\u017cna zainstalowa\u0107 przy u\u017cyciu repozytorium pakiet\u00f3w, kt\u00f3re zawiera ponad 2000 wst\u0119pnie skompilowanych aplikacji gotowych do zainstalowania. Dost\u0119pny jest r\u00f3wnie\u017c pakiet programistyczny (SDK), umo\u017cliwiaj\u0105cy wdra\u017canie aplikacji specyficznych dla klienta.<\/p>\n<h4><\/h4>\n<h4>Warianty \u00b5GUARD<\/h4>\n<p><img decoding=\"async\" class=\"aligncenter\" src=\"http:\/\/www.mpl.ch\/images\/industrialE\/uGUARD-versions.gif\" alt=\"[\u00b5GUARD Versions]\" border=\"0\" \/><\/p>\n","protected":false},"excerpt":{"rendered":"<p>\u00b5GUARD to zapora \/ router \/ punkt dost\u0119powy o d\u0142ugoterminowej dost\u0119pno\u015bci. Konstrukcja jest zoptymalizowana pod k\u0105tem niskiego zu\u017cycia energii, niewielkich rozmiar\u00f3w (SwaP) i najwy\u017cszej elastyczno\u015bci, a tak\u017ce mo\u017cliwo\u015bci pracy w rozszerzonej temperaturze. \u00b5GUARD mo\u017cna rozszerzy\u0107 o dodatkowe 10 port\u00f3w w por\u00f3wnaniu z \u00b5MAGBES (zarz\u0105dzany 10-portowy prze\u0142\u0105cznik). \u00b5GUARD i \u00b5MAGBES dodaj\u0105 dodatkowe niezawodne i unikalne produkty do przemys\u0142owych rozwi\u0105za\u0144 sieciowych MPL.<\/p>\n","protected":false},"featured_media":13322,"template":"","meta":{"_acf_changed":false,"inline_featured_image":false,"_monsterinsights_skip_tracking":false,"_monsterinsights_sitenote_active":false,"_monsterinsights_sitenote_note":"","_monsterinsights_sitenote_category":0},"product_brand":[],"product_cat":[359,1606,445,1565],"product_tag":[],"class_list":{"0":"post-13314","1":"product","2":"type-product","3":"status-publish","4":"has-post-thumbnail","6":"product_cat-mpl","7":"product_cat-sieci-przemyslowe-2","8":"product_cat-sieci-przemyslowe","9":"product_cat-zastosowania","11":"first","12":"instock","13":"shipping-taxable","14":"product-type-simple"},"acf":[],"_links":{"self":[{"href":"https:\/\/quantum.com.pl\/pl\/wp-json\/wp\/v2\/product\/13314","targetHints":{"allow":["GET"]}}],"collection":[{"href":"https:\/\/quantum.com.pl\/pl\/wp-json\/wp\/v2\/product"}],"about":[{"href":"https:\/\/quantum.com.pl\/pl\/wp-json\/wp\/v2\/types\/product"}],"wp:featuredmedia":[{"embeddable":true,"href":"https:\/\/quantum.com.pl\/pl\/wp-json\/wp\/v2\/media\/13322"}],"wp:attachment":[{"href":"https:\/\/quantum.com.pl\/pl\/wp-json\/wp\/v2\/media?parent=13314"}],"wp:term":[{"taxonomy":"product_brand","embeddable":true,"href":"https:\/\/quantum.com.pl\/pl\/wp-json\/wp\/v2\/product_brand?post=13314"},{"taxonomy":"product_cat","embeddable":true,"href":"https:\/\/quantum.com.pl\/pl\/wp-json\/wp\/v2\/product_cat?post=13314"},{"taxonomy":"product_tag","embeddable":true,"href":"https:\/\/quantum.com.pl\/pl\/wp-json\/wp\/v2\/product_tag?post=13314"}],"curies":[{"name":"wp","href":"https:\/\/api.w.org\/{rel}","templated":true}]}}