{"id":13453,"date":"2021-01-02T19:22:14","date_gmt":"2021-01-02T18:22:14","guid":{"rendered":"https:\/\/quantum.com.pl\/?post_type=product&#038;p=13453"},"modified":"2021-02-28T21:17:51","modified_gmt":"2021-02-28T20:17:51","slug":"rozwiazania-dla-sieci-przemyslowych","status":"publish","type":"product","link":"https:\/\/quantum.com.pl\/pl\/product\/rozwiazania-dla-sieci-przemyslowych\/","title":{"rendered":"Rozwi\u0105zania dla Sieci Przemys\u0142owych"},"content":{"rendered":"<p>Rozwi\u0105zania dla sieci przemys\u0142owych opartych na protokole IP (IoT, Industrial 4.0) z urz\u0105dzeniami takimi jak firewall&#8217;e, routery, switch&#8217;e i konwertery medi\u00f3w. Podobnie jak wszystkie inne produkty MPL, s\u0105 przeznaczone do pracy w trudnych warunkach o ekstremalnej temperaturze, wilgotno\u015bci i wibracjach.<\/p>\n<ul>\n<li>Solidne, wytrzyma\u0142e produkty<\/li>\n<li>Zakres temperatur od -40 \u00b0 C do + 85 \u00b0 C<\/li>\n<li>D\u0142ugoterminowa gwarancja dost\u0119pno\u015bci, 5-7 lat<\/li>\n<li>Obudowy na szyn\u0119 DIN, ko\u0142nierz i MIL<\/li>\n<li>U\u017cywany w \u015brodowiskach MIL-STD-810, EN50155, IEC 60945<\/li>\n<\/ul>\n<p>&nbsp;<\/p>\n<h3>Macierz rozwi\u0105za\u0144 sieciowych<\/h3>\n\n<table id=\"tablepress-1821\" class=\"tablepress tablepress-id-1821 mpl-table tbody-has-connected-cells\">\n<tbody class=\"row-hover\">\n<tr class=\"row-1\">\n\t<td rowspan=\"2\" class=\"column-1\">Firewall\/Router with OpenWRT<\/td><td colspan=\"3\" class=\"column-2\"><strong style=\"display: block; text-align: center;\">Ports 10\/100\/1000<\/strong><\/td><td class=\"column-5\"><strong style=\"display: block; text-align: center;\">10Gbit<\/strong><\/td><td colspan=\"5\" class=\"column-6\"><strong style=\"display: block; text-align: center;\">Connectors<\/strong><\/td><td colspan=\"2\" class=\"column-11\"><strong style=\"display: block; text-align: center;\">Expansions<\/strong><\/td><td colspan=\"2\" class=\"column-13\"><strong style=\"display: block; text-align: center;\">Options<\/strong><\/td>\n<\/tr>\n<tr class=\"row-2\">\n\t<td class=\"column-2\">total<\/td><td class=\"column-3\">copper<\/td><td class=\"column-4\">fiber<\/td><td class=\"column-5\">copper<br \/>\nfiber<\/td><td class=\"column-6\">locking<br \/>\nheader<\/td><td class=\"column-7\">RJ45<\/td><td class=\"column-8\">M12<\/td><td class=\"column-9\">MIL<\/td><td class=\"column-10\">\tPoE+<\/td><td class=\"column-11\">mPCIe<\/td><td class=\"column-12\">M.2<\/td><td class=\"column-13\">housing<\/td><td class=\"column-14\">extended<br \/>\ntemp.<\/td>\n<\/tr>\n<tr class=\"row-3\">\n\t<td class=\"column-1\"><a href=\"https:\/\/quantum.com.pl\/pl\/product\/5-portowy-przemyslowy-gigabitowy-firewall-router\/\" rel=\"noopener noreferrer\">GUARD-F2<\/a><\/td><td class=\"column-2\">5<\/td><td class=\"column-3\">5<\/td><td class=\"column-4\">4<\/td><td class=\"column-5\"><\/td><td class=\"column-6\"><span style=\"color: green;\">\u2714<\/span><\/td><td class=\"column-7\"><span style=\"color: green;\">\u2714<\/span><\/td><td class=\"column-8\"><span style=\"color: green;\">\u2714<\/span><\/td><td class=\"column-9\"><span style=\"color: green;\">\u2714<\/span><\/td><td class=\"column-10\"><span style=\"color: green;\">\u2714<\/span><\/td><td class=\"column-11\">1<\/td><td class=\"column-12\">N\/A<\/td><td class=\"column-13\">DIN-Rail\/Flange<br \/>\nOpenFrame<\/td><td class=\"column-14\">-40\u00b0C to +85\u00b0C<\/td>\n<\/tr>\n<tr class=\"row-4\">\n\t<td class=\"column-1\"><a href=\"https:\/\/quantum.com.pl\/pl\/product\/przemyslowy-gigabitowy-firewall-router-typu-rugged\/\" rel=\"noopener noreferrer\">GUARD-F1<\/a><\/td><td class=\"column-2\">3<\/td><td class=\"column-3\">3<\/td><td class=\"column-4\">2<\/td><td class=\"column-5\"><\/td><td class=\"column-6\"><span style=\"color: green;\">\u2714<\/span><\/td><td class=\"column-7\"><span style=\"color: green;\">\u2714<\/span><\/td><td class=\"column-8\"><span style=\"color: green;\">\u2714<\/span><\/td><td class=\"column-9\"><span style=\"color: green;\">\u2714<\/span><\/td><td class=\"column-10\"><span style=\"color: green;\">\u2714<\/span><\/td><td class=\"column-11\">1<\/td><td class=\"column-12\">N\/A<\/td><td class=\"column-13\">DIN-Rail\/Flange<\/td><td class=\"column-14\">-40\u00b0C to +85\u00b0C<\/td>\n<\/tr>\n<tr class=\"row-5\">\n\t<td class=\"column-1\"><a href=\"https:\/\/quantum.com.pl\/pl\/product\/firewall-router-z-certyfikatem-en-50155-klasy-tx-2\/\" rel=\"noopener noreferrer\">GUARD-F12<\/a><\/td><td class=\"column-2\">3<\/td><td class=\"column-3\">3<\/td><td class=\"column-4\">0<\/td><td class=\"column-5\"><\/td><td class=\"column-6\">N\/A<\/td><td class=\"column-7\">N\/A<\/td><td class=\"column-8\"><span style=\"color: green;\">\u2714<\/span><\/td><td class=\"column-9\"><span style=\"color: green;\">\u2714<\/span><\/td><td class=\"column-10\"><span style=\"color: green;\">\u2714<\/span><\/td><td class=\"column-11\">1<\/td><td class=\"column-12\">N\/A<\/td><td class=\"column-13\">DIN-Rail\/Flange<\/td><td class=\"column-14\">-40\u00b0C to +85\u00b0C<\/td>\n<\/tr>\n<tr class=\"row-6\">\n\t<td colspan=\"14\" class=\"column-1\">Firewall\/Router\/Switch with OpenWRT<\/td>\n<\/tr>\n<tr class=\"row-7\">\n\t<td class=\"column-1\"><a href=\"https:\/\/quantum.com.pl\/pl\/product\/przemyslowy-firewall-router-ze-switchem\/\" rel=\"noopener noreferrer\">GUARD-FS1<\/a><\/td><td class=\"column-2\">8<\/td><td class=\"column-3\">6<\/td><td class=\"column-4\">2<\/td><td class=\"column-5\"><\/td><td class=\"column-6\"><span style=\"color: green;\">\u2714<\/span><\/td><td class=\"column-7\"><span style=\"color: green;\">\u2714<\/span><\/td><td class=\"column-8\"><span style=\"color: green;\">\u2714<\/span><\/td><td class=\"column-9\"><span style=\"color: green;\">\u2714<\/span><\/td><td class=\"column-10\"><span style=\"color: green;\">\u2714<\/span><\/td><td class=\"column-11\">1<\/td><td class=\"column-12\">N\/A<\/td><td class=\"column-13\">DIN-Rail\/Flange<\/td><td class=\"column-14\">-40\u00b0C to +85\u00b0C<\/td>\n<\/tr>\n<tr class=\"row-8\">\n\t<td class=\"column-1\"><a href=\"https:\/\/quantum.com.pl\/pl\/product\/przemyslowy-firewall-router-ze-switchem\/\" rel=\"noopener noreferrer\">GUARD-FS2<\/a><\/td><td class=\"column-2\">5<\/td><td class=\"column-3\">5<\/td><td class=\"column-4\">3<\/td><td class=\"column-5\"><\/td><td class=\"column-6\"><span style=\"color: green;\">\u2714<\/span><\/td><td class=\"column-7\"><span style=\"color: green;\">\u2714<\/span><\/td><td class=\"column-8\"><span style=\"color: green;\">\u2714<\/span><\/td><td class=\"column-9\"><span style=\"color: green;\">\u2714<\/span><\/td><td class=\"column-10\"><span style=\"color: green;\">\u2714<\/span><\/td><td class=\"column-11\">1<\/td><td class=\"column-12\">N\/A<\/td><td class=\"column-13\">DIN-Rail\/Flange<\/td><td class=\"column-14\">-40\u00b0C to +85\u00b0C<\/td>\n<\/tr>\n<tr class=\"row-9\">\n\t<td class=\"column-1\"><a href=\"https:\/\/quantum.com.pl\/pl\/product\/przemyslowy-firewall-router-ze-switchem\/\" rel=\"noopener noreferrer\">GUARD-FS3<\/a><\/td><td class=\"column-2\">8<\/td><td class=\"column-3\">4<\/td><td class=\"column-4\">4<\/td><td class=\"column-5\"><\/td><td class=\"column-6\"><span style=\"color: green;\">\u2714<\/span><\/td><td class=\"column-7\"><span style=\"color: green;\">\u2714<\/span><\/td><td class=\"column-8\"><span style=\"color: green;\">\u2714<\/span><\/td><td class=\"column-9\"><span style=\"color: green;\">\u2714<\/span><\/td><td class=\"column-10\"><span style=\"color: green;\">\u2714<\/span><\/td><td class=\"column-11\">1<\/td><td class=\"column-12\">N\/A<\/td><td class=\"column-13\">DIN-Rail\/Flange<\/td><td class=\"column-14\">-40\u00b0C to +85\u00b0C<\/td>\n<\/tr>\n<tr class=\"row-10\">\n\t<td class=\"column-1\"><a href=\"https:\/\/www.mpl.ch\/t2874.html\" rel=\"noopener noreferrer\" target=\"_blank\">\u00b5GUARD<\/a><\/td><td class=\"column-2\">3<\/td><td class=\"column-3\">3<\/td><td class=\"column-4\">0<\/td><td class=\"column-5\"><\/td><td class=\"column-6\"><span style=\"color: green;\">\u2714<\/span><\/td><td class=\"column-7\">N\/A<\/td><td class=\"column-8\">N\/A<\/td><td class=\"column-9\">N\/A<\/td><td class=\"column-10\"><span style=\"color: green;\">\u2714<\/span><\/td><td class=\"column-11\">2<\/td><td class=\"column-12\">1<\/td><td class=\"column-13\">DIN-Rail\/Flange<br \/>\n19\" Rack<\/td><td class=\"column-14\">-40\u00b0C to +85\u00b0C<\/td>\n<\/tr>\n<tr class=\"row-11\">\n\t<td colspan=\"14\" class=\"column-1\">Managed Switch Solutions<\/td>\n<\/tr>\n<tr class=\"row-12\">\n\t<td class=\"column-1\"><a href=\"https:\/\/www.mpl.ch\/t2865.html\" rel=\"noopener noreferrer\" target=\"_blank\">MAGBES-20<\/a><\/td><td class=\"column-2\">5\/8<\/td><td class=\"column-3\">5\/8<\/td><td class=\"column-4\">2\/4<\/td><td class=\"column-5\"><\/td><td class=\"column-6\"><span style=\"color: green;\">\u2714<\/span><\/td><td class=\"column-7\"><span style=\"color: green;\">\u2714<\/span><\/td><td class=\"column-8\"><span style=\"color: green;\">\u2714<\/span><\/td><td class=\"column-9\"><span style=\"color: green;\">\u2714<\/span><\/td><td class=\"column-10\"><span style=\"color: green;\">\u2714<\/span><\/td><td class=\"column-11\">0<\/td><td class=\"column-12\">N\/A<\/td><td class=\"column-13\">DIN-Rail\/Flange<\/td><td class=\"column-14\">-40\u00b0C to +85\u00b0C<\/td>\n<\/tr>\n<tr class=\"row-13\">\n\t<td class=\"column-1\"><a href=\"https:\/\/www.mpl.ch\/t2873.html\" rel=\"noopener noreferrer\" target=\"_blank\">\u00b5MAGBES-Ax<\/a><\/td><td class=\"column-2\">10-28<\/td><td class=\"column-3\">10-28<\/td><td class=\"column-4\">10-28<\/td><td class=\"column-5\"><\/td><td class=\"column-6\"><span style=\"color: green;\">\u2714<\/span><\/td><td class=\"column-7\"><span style=\"color: green;\">\u2714<\/span><\/td><td class=\"column-8\"><span style=\"color: green;\">\u2714<\/span><\/td><td class=\"column-9\"><span style=\"color: green;\">\u2714<\/span><\/td><td class=\"column-10\"><span style=\"color: green;\">\u2714<\/span><\/td><td class=\"column-11\">0<\/td><td class=\"column-12\">N\/A<\/td><td class=\"column-13\">DIN-Rail\/Flange<br \/>\n19\" Rack \/ IP67<\/td><td class=\"column-14\">-40\u00b0C to +85\u00b0C<\/td>\n<\/tr>\n<tr class=\"row-14\">\n\t<td class=\"column-1\"><a href=\"https:\/\/www.mpl.ch\/t2871.html\" rel=\"noopener noreferrer\" target=\"_blank\">MAXBES-xy<\/a><\/td><td class=\"column-2\">10<\/td><td class=\"column-3\">8<\/td><td class=\"column-4\">0<\/td><td class=\"column-5\">2<\/td><td class=\"column-6\"><span style=\"color: green;\">\u2714<\/span><\/td><td class=\"column-7\"><span style=\"color: green;\">\u2714<\/span><\/td><td class=\"column-8\"><span style=\"color: green;\">\u2714<\/span><\/td><td class=\"column-9\"><span style=\"color: green;\">\u2714<\/span><\/td><td class=\"column-10\"><span style=\"color: green;\">\u2714<\/span><\/td><td class=\"column-11\">0<\/td><td class=\"column-12\">N\/A<\/td><td class=\"column-13\">DIN-Rail\/Flange<\/td><td class=\"column-14\">-20\u00b0C to +70\u00b0C<\/td>\n<\/tr>\n<tr class=\"row-15\">\n\t<td colspan=\"14\" class=\"column-1\">Media Converter<\/td>\n<\/tr>\n<tr class=\"row-16\">\n\t<td class=\"column-1\"><a href=\"https:\/\/www.mpl.ch\/t2ba0.html\" rel=\"noopener noreferrer\" target=\"_blank\">TX2FX-1x<\/a><\/td><td class=\"column-2\">3<\/td><td class=\"column-3\">2<\/td><td class=\"column-4\">1<\/td><td class=\"column-5\"><\/td><td class=\"column-6\"><span style=\"color: green;\">\u2714<\/span><\/td><td class=\"column-7\"><span style=\"color: green;\">\u2714<\/span><\/td><td class=\"column-8\"><span style=\"color: green;\">\u2714<\/span><\/td><td class=\"column-9\"><span style=\"color: green;\">\u2714<\/span><\/td><td class=\"column-10\"><span style=\"color: green;\">\u2714<\/span><\/td><td class=\"column-11\">0<\/td><td class=\"column-12\">N\/A<\/td><td class=\"column-13\">DIN-Rail\/Flange<\/td><td class=\"column-14\">-40\u00b0C to +85\u00b0C<\/td>\n<\/tr>\n<tr class=\"row-17\">\n\t<td class=\"column-1\"><a href=\"https:\/\/www.mpl.ch\/t2875.html\" rel=\"noopener noreferrer\" target=\"_blank\">\u00b5TX2FX<\/a><\/td><td class=\"column-2\">2<\/td><td class=\"column-3\">1<\/td><td class=\"column-4\">1<\/td><td class=\"column-5\"><\/td><td class=\"column-6\"><span style=\"color: green;\">\u2714<\/span><\/td><td class=\"column-7\">N\/A<\/td><td class=\"column-8\">N\/A<\/td><td class=\"column-9\">N\/A<\/td><td class=\"column-10\"><span style=\"color: green;\">\u2714<\/span><\/td><td class=\"column-11\">0<\/td><td class=\"column-12\">N\/A<\/td><td class=\"column-13\">Open Frame<\/td><td class=\"column-14\">-40\u00b0C to +85\u00b0C<\/td>\n<\/tr>\n<\/tbody>\n<\/table>\n<!-- #tablepress-1821 from cache -->\n<p>Wszystkie produkty mo\u017cna zam\u00f3wi\u0107 z pow\u0142ok\u0105 i \/ lub klejeniem<\/p>\n<p>&nbsp;<\/p>\n<h3>Opcje sieciowe<\/h3>\n<p><a href=\"https:\/\/www.mpl.ch\/t2876.html\" target=\"_blank\" rel=\"noopener noreferrer\">\u00b5EPI<\/a> &#8211; Kompaktowy wtryskiwacz sieciowy Ethernet, obs\u0142uguje moc PoE + do 30 W.<\/p>\n","protected":false},"excerpt":{"rendered":"<p>Rozwi\u0105zania dla sieci przemys\u0142owych opartych na protokole IP (IoT, Industrial 4.0) z urz\u0105dzeniami takimi jak firewall&#8217;e, routery, switch&#8217;e i konwertery medi\u00f3w. Podobnie jak wszystkie inne produkty MPL, s\u0105 przeznaczone do pracy w trudnych warunkach o ekstremalnej temperaturze, wilgotno\u015bci i wibracjach. Solidne, wytrzyma\u0142e produkty Zakres temperatur od -40 \u00b0 C do + 85 \u00b0 C D\u0142ugoterminowa [&hellip;]<\/p>\n","protected":false},"featured_media":14219,"template":"","meta":{"_acf_changed":false,"inline_featured_image":false,"_monsterinsights_skip_tracking":false,"_monsterinsights_sitenote_active":false,"_monsterinsights_sitenote_note":"","_monsterinsights_sitenote_category":0},"product_brand":[],"product_cat":[445,1606],"product_tag":[],"class_list":{"0":"post-13453","1":"product","2":"type-product","3":"status-publish","4":"has-post-thumbnail","6":"product_cat-sieci-przemyslowe","7":"product_cat-sieci-przemyslowe-2","9":"first","10":"instock","11":"shipping-taxable","12":"product-type-simple"},"acf":[],"_links":{"self":[{"href":"https:\/\/quantum.com.pl\/pl\/wp-json\/wp\/v2\/product\/13453","targetHints":{"allow":["GET"]}}],"collection":[{"href":"https:\/\/quantum.com.pl\/pl\/wp-json\/wp\/v2\/product"}],"about":[{"href":"https:\/\/quantum.com.pl\/pl\/wp-json\/wp\/v2\/types\/product"}],"wp:featuredmedia":[{"embeddable":true,"href":"https:\/\/quantum.com.pl\/pl\/wp-json\/wp\/v2\/media\/14219"}],"wp:attachment":[{"href":"https:\/\/quantum.com.pl\/pl\/wp-json\/wp\/v2\/media?parent=13453"}],"wp:term":[{"taxonomy":"product_brand","embeddable":true,"href":"https:\/\/quantum.com.pl\/pl\/wp-json\/wp\/v2\/product_brand?post=13453"},{"taxonomy":"product_cat","embeddable":true,"href":"https:\/\/quantum.com.pl\/pl\/wp-json\/wp\/v2\/product_cat?post=13453"},{"taxonomy":"product_tag","embeddable":true,"href":"https:\/\/quantum.com.pl\/pl\/wp-json\/wp\/v2\/product_tag?post=13453"}],"curies":[{"name":"wp","href":"https:\/\/api.w.org\/{rel}","templated":true}]}}