{"id":13551,"date":"2021-01-16T20:52:54","date_gmt":"2021-01-16T19:52:54","guid":{"rendered":"https:\/\/quantum.com.pl\/product\/system-operacyjny-czasu-rzeczywistego\/"},"modified":"2021-02-12T22:29:04","modified_gmt":"2021-02-12T21:29:04","slug":"system-operacyjny-czasu-rzeczywistego","status":"publish","type":"product","link":"https:\/\/quantum.com.pl\/pl\/product\/system-operacyjny-czasu-rzeczywistego\/","title":{"rendered":"Oferta produktowa QNX Software Systems"},"content":{"rendered":"<p>&nbsp;<\/p>\n<p>Od wielu lat oferujemy naszym klientom system operacyjny\/\u015brodowisko QNX Development Platform.<\/p>\n<p>Zach\u0119camy Pa\u0144stwa do <a href=\"https:\/\/quantum.com.pl\/pl\/kontakt\/\">kontaktu<\/a> telefonicznego\/mejlowego odno\u015bnie szczeg\u00f3\u0142\u00f3w oferty.<\/p>\n<p>&nbsp;<\/p>\n","protected":false},"excerpt":{"rendered":"<p>&nbsp; Od wielu lat oferujemy naszym klientom system operacyjny\/\u015brodowisko QNX Development Platform. Zach\u0119camy Pa\u0144stwa do kontaktu telefonicznego\/mejlowego odno\u015bnie szczeg\u00f3\u0142\u00f3w oferty. &nbsp;<\/p>\n","protected":false},"featured_media":13920,"template":"","meta":{"_acf_changed":false,"inline_featured_image":false,"_monsterinsights_skip_tracking":false,"_monsterinsights_sitenote_active":false,"_monsterinsights_sitenote_note":"","_monsterinsights_sitenote_category":0},"product_brand":[],"product_cat":[1536,1664,1668,1667],"product_tag":[],"class_list":{"0":"post-13551","1":"product","2":"type-product","3":"status-publish","4":"has-post-thumbnail","6":"product_cat-kategorie","7":"product_cat-qnx","8":"product_cat-real-time-os-3","9":"product_cat-real-time-os-2","11":"first","12":"instock","13":"shipping-taxable","14":"product-type-simple"},"acf":[],"_links":{"self":[{"href":"https:\/\/quantum.com.pl\/pl\/wp-json\/wp\/v2\/product\/13551","targetHints":{"allow":["GET"]}}],"collection":[{"href":"https:\/\/quantum.com.pl\/pl\/wp-json\/wp\/v2\/product"}],"about":[{"href":"https:\/\/quantum.com.pl\/pl\/wp-json\/wp\/v2\/types\/product"}],"wp:featuredmedia":[{"embeddable":true,"href":"https:\/\/quantum.com.pl\/pl\/wp-json\/wp\/v2\/media\/13920"}],"wp:attachment":[{"href":"https:\/\/quantum.com.pl\/pl\/wp-json\/wp\/v2\/media?parent=13551"}],"wp:term":[{"taxonomy":"product_brand","embeddable":true,"href":"https:\/\/quantum.com.pl\/pl\/wp-json\/wp\/v2\/product_brand?post=13551"},{"taxonomy":"product_cat","embeddable":true,"href":"https:\/\/quantum.com.pl\/pl\/wp-json\/wp\/v2\/product_cat?post=13551"},{"taxonomy":"product_tag","embeddable":true,"href":"https:\/\/quantum.com.pl\/pl\/wp-json\/wp\/v2\/product_tag?post=13551"}],"curies":[{"name":"wp","href":"https:\/\/api.w.org\/{rel}","templated":true}]}}