{"id":15044,"date":"2022-03-30T11:25:25","date_gmt":"2022-03-30T09:25:25","guid":{"rendered":"https:\/\/quantum.com.pl\/?post_type=product&#038;p=15044"},"modified":"2022-05-31T13:43:03","modified_gmt":"2022-05-31T11:43:03","slug":"komputer-cec2x","status":"publish","type":"product","link":"https:\/\/quantum.com.pl\/pl\/product\/komputer-cec2x\/","title":{"rendered":"Komputer kompaktowy \u2018rugged\u2019 CEC2x"},"content":{"rendered":"<h4>Opis<\/h4>\n<p>Rodzina CEC20, to wysoce zintegrowane i wytrzyma\u0142e komputery o niskim poborze mocy. Rozwi\u0105zanie to mo\u017ce by\u0107 stosowane w dowolnej aplikacji komputerowej, w kt\u00f3rej wymagane jest najbardziej niezawodne rozwi\u0105zanie. Rozwi\u0105zanie jest dost\u0119pne w r\u00f3\u017cnych wersjach: w kompaktowej aluminiowej obudowie do monta\u017cu na szynie DIN lub ko\u0142nierzu, w wytrzyma\u0142ej obudowie MIL o stopniu ochrony IP67 ze z\u0142\u0105czami D38999, jako rozwi\u0105zanie rack 19&#8243; lub w otwartej ramie z p\u0142yt\u0105 ch\u0142odz\u0105c\u0105. <span class=\"JLqJ4b ChMk0b\" data-language-for-alternatives=\"pl\" data-language-to-translate-into=\"en\" data-phrase-index=\"3\" data-number-of-phrases=\"5\"><span class=\"Q4iAWc\">Zaprojektowane w Szwajcarii rozwi\u0105zanie integruje standardowe z\u0142\u0105cza w celu \u0142atwego pod\u0142\u0105czenia lub blokowane z\u0142\u0105cza, w zale\u017cno\u015bci od wyboru obudowy.<\/span><\/span> R<span class=\"JLqJ4b ChMk0b\" data-language-for-alternatives=\"pl\" data-language-to-translate-into=\"en\" data-phrase-index=\"4\" data-number-of-phrases=\"5\"><span class=\"Q4iAWc\">odzina CEC20 mo\u017ce by\u0107 u\u017cywana w dowolnej aplikacji x86 (przemys\u0142, koleje, transport morski, obrona), gdzie potrzebne jest kompletne, ale wci\u0105\u017c rozszerzalne i elastyczne rozwi\u0105zanie<\/span><\/span><\/p>\n<p><strong>Najwa\u017cniejsze informacje o rodzinie CEC20<\/strong><\/p>\n<p>CEC2x wyposa\u017cony zosta\u0142 we wbudowan\u0105 pami\u0119\u0107 masow\u0105 NVMe i obs\u0142uguje r\u00f3wnie\u017c inne typy pami\u0119ci masowej. Wbudowane gniazdo m.2 Key-B mo\u017ce by\u0107 wykorzystane do wielu opcji rozszerze\u0144. P\u0142yta jest wyposa\u017cona w z\u0142\u0105cze rozszerze\u0144 o wysokiej g\u0119sto\u015bci z interfejsami PCIe, USB, I2C, &#8230;. Umo\u017cliwia to rozszerzenie rodziny CEC20 o standardowe karty I\/O lub karty I\/O zaprojektowane na zam\u00f3wienie, zgodnie z potrzebami klienta, przy minimalnym wysi\u0142ku programistycznym. CEC2x obs\u0142uguje standardowe modu\u0142y SO-DIMM DDR4 i ma mo\u017cliwo\u015b\u0107 obs\u0142ugi IBECC (In Band ECC). Podj\u0119to szczeg\u00f3lne \u015brodki ostro\u017cno\u015bci, aby EMC ca\u0142ego systemu mie\u015bci\u0142o si\u0119 w granicach CE i FCC oraz aby spe\u0142nione by\u0142y normy EN50155, IEC 60945 lub MIL-STD-810.<\/p>\n<p><strong>G\u0142\u00f3wne cechy:<\/strong><\/p>\n<ul>\n<li>DDR4 RAM do 32GB (obs\u0142uga IBECC);<\/li>\n<li>porty Ethernet 1 &amp; 2.5 Gbit;<\/li>\n<li>bezwentylatorowa praca;<\/li>\n<li>d\u0142ugoterminowa dost\u0119pno\u015b\u0107 (w przypadku wybranych procesor\u00f3w do 2035);<\/li>\n<li>port rozszerze\u0144 dla standardowej lub niestandardowej karty I\/O;<\/li>\n<li>rodzina procesor\u00f3w Intel Atom x6000;<\/li>\n<li>niskie zu\u017cycie energii 4.5 -12W (TPD CPU);<\/li>\n<li>wbudowana pami\u0119\u0107 NVMe Flash (120GB);<\/li>\n<li>USB3.1, izolowane porty szeregowe.<\/li>\n<\/ul>\n<p><strong>Dane techniczne:<\/strong><\/p>\n<p>Procesor:\u00a0 Intel Atom x6425E (<strong>CEC24<\/strong>)<br \/>\n# of cores \/ threads: 4 \/ 4<br \/>\nSzybko\u015b\u0107 zegara: do 3 GHz<br \/>\nL2 Cache: 1.5 MB<br \/>\nPassmark (wszystkie rdzenie): 4153<br \/>\nTPD CPU: 12 Watt<\/p>\n<p><strong>Kluczowe dane:<\/strong><\/p>\n<div class=\"ZyvIDe\">\n<div class=\"a8FIud X0rvP L6rCcb\" data-apply-responsive-style=\"true\" data-classes=\"\" data-initial-translation-length=\"450\" data-saved-translation-limit-reached=\"false\">\n<div data-show-delay-ms=\"250\" data-append-to-body=\"false\" data-propagate-tooltip-mouseover-events=\"true\" data-anchor-corner=\"bottom-end\" data-enable-skip-handler=\"false\" data-popup-corner=\"top-end\">\n<div class=\"VfPpkd-Bz112c-Jh9lGc\">Wbudowany kontroler napi\u0119cia i temperatury procesora, inteligentna obs\u0142uga baterii<\/div>\n<div class=\"VfPpkd-Bz112c-Jh9lGc\">Pami\u0119\u0107: do 32GB SO-DIMM 260 DDR4, IBECC<br \/>\nBIOS: opracowany przez MPL BIOS (AMI), konfigurowalny<br \/>\nWatchdog Timer: Configurable granularity 1-255 sec. or 1-255 min.<br \/>\nWska\u017aniki LED: wska\u017anik LED zasilania, LAN LED (Speed \/Activity), User\/Activity LED (m.2, onboard NVMe)<br \/>\nTPM 2.0: FIPS 140-2 level 2, EAL4+ optional<br \/>\nZdalne zarz\u0105dzanie Intel OOB<\/div>\n<div><\/div>\n<div class=\"VfPpkd-Bz112c-Jh9lGc\"><strong>Pami\u0119\u0107 masowa:<\/strong><\/div>\n<\/div>\n<\/div>\n<\/div>\n<p>Wbudowana pami\u0119\u0107 Flash: 120 GB NVMe, wbudowana wlutowana pami\u0119\u0107 Flash (opcjonalnie do 1 TB)<br \/>\nM.2 key B: PCIe Gen3 x2 (1970 MB\/s)<\/p>\n<p><strong>Interfejsy:<\/strong><\/p>\n<p>Interfejsy graficzne: Display Port (DP++) do 2560&#215;1600 (DP), zabezpieczony przed wy\u0142adowaniami elektrostatycznymi, do 3 wy\u015bwietlaczy, interfejs graficzny dla rozszerze\u0144 charakterystycznych dla MPL (DVI, panel eDP\/LVDS, VGA)<br \/>\nUSB: 2 x porty USB 3.1, 2 x porty USB 2.0, dodatkowe na p\u0142ycie<br \/>\nLAN: 1 x port 2,5GbE (Intel) na RJ45, z\u0142\u0105cza zabezpieczone przed ESD, WoL (Wake on LAN), 1 x port 1GbE (Marvel) na RJ45 (mo\u017cliwo\u015b\u0107 pracy w trybie OOB)<br \/>\nPorty szeregowe: 1 x port RS232 z pe\u0142nym modemem, zewn\u0119trzne z\u0142\u0105cze DB9 zabezpieczone przed wy\u0142adowaniami elektrostatycznymi, 1 x RS232\/485, opcjonalnie<br \/>\nHDAudio: Intel HDAudio, dost\u0119pne na 1 mm nag\u0142\u00f3wku, dost\u0119pna jest karta d\u017awi\u0119kowa (HDSOUND-1)<\/p>\n<p><strong>Rozszerzenia:<\/strong><\/p>\n<p>Media Port: 2 x opcjonalne interfejsy wy\u015bwietlacza<br \/>\nPorty rozszerze\u0144: 4x PCIe Gen3 i 2x USB 2.0, idealne do niestandardowych rozszerze\u0144 (mPCIe, SATA, LAN, IO, CAN, Serial,&#8230;)<br \/>\nm.2: Key-B (USB\/ PCIe \/ Dual SIM)<br \/>\nWbudowane karty: karta SD, SPI i I2C, HDAudio, Serial, USB, FAN, SIM, przycisk Reset, dioda Power-LED<\/p>\n<p><strong>Zasilanie:<\/strong><\/p>\n<p>Napi\u0119cie wej\u015bciowe: zakres wej\u015bciowy 8 &#8211; 36 VDC, wej\u015bcie zasilania zabezpieczone przed ESD i EMC, przycisk zap\u0142onu\/zasilania, ochrona przez przepi\u0119ciami, zabezpieczenie przed odwrotn\u0105 polaryzacj\u0105 i zrzutem obci\u0105\u017cenia, wej\u015bcie zap\u0142onu specjalnie dla pojazd\u00f3w<br \/>\nPob\u00f3r mocy: 4,5 ~ 20 W typowo (wszystkie dzia\u0142aj\u0105ce)<\/p>\n<p><strong>\u015arodowisko:<\/strong><\/p>\n<p>Temperatura przechowywania: od -45\u00b0C do +85\u00b0C (od -49\u00b0F do +185\u00b0F)<br \/>\nTemperatura pracy: od -20\u00b0C do +70\u00b0C, przy pe\u0142nym wykorzystaniu procesora, wideo 3D i pami\u0119ci, bez wentylatora<br \/>\nRozszerzone temperatury pracy: od -40\u00b0C do +85\u00b0C, bez wentylatora, test ko\u0144cowy w komorze klimatycznej z protoko\u0142em testowym (opcjonalnie)<br \/>\nWilgotno\u015b\u0107 wzgl\u0119dna: od 5% do 95% bez kondensacji, opcjonalnie dost\u0119pna pow\u0142oka<\/p>\n<p><strong>Zgodno\u015b\u0107 z normami:<\/strong><\/p>\n<p>Rodzina CEC20 zosta\u0142a zaprojektowana tak, aby spe\u0142nia\u0107 lub przewy\u017csza\u0107 wymagania najbardziej powszechnych norm. Szczeg\u00f3lne referencje to:<\/p>\n<ul>\n<li>EMC EN 55022, EN 55024, EN 61000, MIL-STD-461E<\/li>\n<li>Wstrz\u0105sy i wibracje: EN 60068<\/li>\n<li>Ochrona \u015brodowiska i bezpiecze\u0144stwo: EN 50155, MIL-STD-810G, EN 60601, EN 60950<\/li>\n<li>Lista zatwierdze\u0144: CE, IEC 60945, IACS E10<\/li>\n<\/ul>\n<p>&nbsp;<\/p>\n","protected":false},"excerpt":{"rendered":"<p>Rodzina wytrzyma\u0142ych kompaktowych komputer\u00f3w wbudowanych z procesorami Intel\u00ae Atom z rodziny x6000<\/p>\n","protected":false},"featured_media":15060,"template":"","meta":{"_acf_changed":false,"inline_featured_image":false,"_monsterinsights_skip_tracking":false,"_monsterinsights_sitenote_active":false,"_monsterinsights_sitenote_note":"","_monsterinsights_sitenote_category":0},"product_brand":[],"product_cat":[1603,383,1584,505,359,360,1565],"product_tag":[],"class_list":{"0":"post-15044","1":"product","2":"type-product","3":"status-publish","4":"has-post-thumbnail","6":"product_cat-kolejnictwo-i-transport","7":"product_cat-komputery-kolejnictwo-en50155","8":"product_cat-komputery-jednoplytkowe-sbc-2","9":"product_cat-komputery-jednoplytkowe-sbc","10":"product_cat-mpl","11":"product_cat-rozwiazania-norma-en50155","12":"product_cat-zastosowania","14":"first","15":"instock","16":"shipping-taxable","17":"product-type-simple"},"acf":[],"_links":{"self":[{"href":"https:\/\/quantum.com.pl\/pl\/wp-json\/wp\/v2\/product\/15044","targetHints":{"allow":["GET"]}}],"collection":[{"href":"https:\/\/quantum.com.pl\/pl\/wp-json\/wp\/v2\/product"}],"about":[{"href":"https:\/\/quantum.com.pl\/pl\/wp-json\/wp\/v2\/types\/product"}],"wp:featuredmedia":[{"embeddable":true,"href":"https:\/\/quantum.com.pl\/pl\/wp-json\/wp\/v2\/media\/15060"}],"wp:attachment":[{"href":"https:\/\/quantum.com.pl\/pl\/wp-json\/wp\/v2\/media?parent=15044"}],"wp:term":[{"taxonomy":"product_brand","embeddable":true,"href":"https:\/\/quantum.com.pl\/pl\/wp-json\/wp\/v2\/product_brand?post=15044"},{"taxonomy":"product_cat","embeddable":true,"href":"https:\/\/quantum.com.pl\/pl\/wp-json\/wp\/v2\/product_cat?post=15044"},{"taxonomy":"product_tag","embeddable":true,"href":"https:\/\/quantum.com.pl\/pl\/wp-json\/wp\/v2\/product_tag?post=15044"}],"curies":[{"name":"wp","href":"https:\/\/api.w.org\/{rel}","templated":true}]}}