{"id":15141,"date":"2022-05-31T11:54:53","date_gmt":"2022-05-31T09:54:53","guid":{"rendered":"https:\/\/quantum.com.pl\/product\/fime\/"},"modified":"2022-05-31T14:17:17","modified_gmt":"2022-05-31T12:17:17","slug":"fime","status":"publish","type":"product","link":"https:\/\/quantum.com.pl\/pl\/product\/fime\/","title":{"rendered":"Elastyczny modu\u0142 rozszerze\u0144 IO"},"content":{"rendered":"<h4><strong>Opis<\/strong><\/h4>\n<p>Modu\u0142 FIME (Flexible IO Module Expansion) zosta\u0142 zaprojektowany w celu umo\u017cliwienia rozbudowy rodziny przemys\u0142owych SBC CEC2x firmy MPL o maksymalnie 3 dodatkowe gniazda Mini PCI Express, dwa interfejsy graficzne, dwa interfejsy 2,5 GbE, dodatkowy interfejs SATA oraz inne dodatkowe funkcje.<\/p>\n<p class=\"nopadding\"><strong>G\u0142\u00f3wne cechy:<\/strong><\/p>\n<ul>\n<li>do 3 gniazd mPCIe (2x z PCIe Gen3 oraz opcjonalnie 1x z PCIe Gen 2);<\/li>\n<li>1x kontroler SATA (opcjonalnie zamiast 1x mPCIe z PCIe Gen 2) z podw\u00f3jnym wyj\u015bciem SATA3.0;<\/li>\n<li>1x interfejs DVI-D;<\/li>\n<li>1x interfejs VGA;<\/li>\n<li>2x 2.5GbE interfejs Nbase-T (Intel I225 controller);<\/li>\n<li>dodatkowe z\u0142\u0105cze zasilania;<\/li>\n<li>Gniazdo CMOS dla \u0142atwego dost\u0119pu do baterii;<\/li>\n<li>Gniazdo SERLED MK.2 u\u0142atwiaj\u0105ce zarz\u0105dzania kablami;<\/li>\n<\/ul>\n<p>Po\u0142\u0105czenie z CEC2x odbywa si\u0119 przy wykorzystaniu portu rozszerze\u0144. Je\u015bli potrzebne s\u0105 r\u00f3wnie\u017c inne funkcje ni\u017c te, kt\u00f3re dost\u0119pne s\u0105 w standardowym CEC2x i FIME, istnieje mo\u017cliwo\u015b\u0107 ich \u0142atwego zaimplementowania za pomoc\u0105 niestandardowego FIME lub przez gniazda mPCIe.<\/p>\n<p>Urz\u0105dzenie FIME zaprojektowano z my\u015bl\u0105 o pracy w trudnych warunkach \u015brodowiskowych oraz ekstremalnych temperaturach (od -45\u00b0C do 85\u00b0C). Specjalna, wytrzyma\u0142a konstrukcja, w po\u0142\u0105czeniu z najlepszymi komponentami klasy przemys\u0142owej, zapewnia wysok\u0105 niezawodno\u015b\u0107 oraz d\u0142ugotrwa\u0142e dzia\u0142anie.<\/p>\n<p><strong>Dane techniczne:<\/strong><\/p>\n<table summary=\"DIME Technical Features\" width=\"96%\" frame=\"border\" cellspacing=\"0\" cellpadding=\"3\">\n<tbody>\n<tr>\n<th class=\"CEC-L\" colspan=\"2\"><strong>Specyfikacja<\/strong><\/th>\n<\/tr>\n<tr>\n<td valign=\"top\" width=\"20%\">Gniazdo mPCIe<\/td>\n<td>Gniazdo mini PCI Express o rozmiarze karty Full-Mini<br \/>\nZgodnie ze specyfikacj\u0105 PCI Express Mini Card Electromechanical Specification Rev. 2.0<br \/>\nObs\u0142uga USB 2.0<br \/>\nOpcjonalne gniazdo do pod\u0142\u0105czenia zasobnika na kart\u0119 SIM<\/td>\n<\/tr>\n<tr>\n<td valign=\"top\" width=\"20%\">2.5GBase-T Interface<\/td>\n<td>2 oddzielne kontrolery I225-IT, z\u0142\u0105cze RJ45 z diodami LED<\/td>\n<\/tr>\n<tr>\n<td valign=\"top\" width=\"20%\">DVI-D<\/td>\n<td>Interfejs DVI-D Single Link<\/td>\n<\/tr>\n<tr>\n<td valign=\"top\" width=\"20%\">VGA<\/td>\n<td>Obs\u0142uga rozdzielczo\u015bci do 1920&#215;1200@60Hz<br \/>\nZgodno\u015b\u0107 ze specyfikacj\u0105 VESA VSIS v1r2<\/td>\n<\/tr>\n<tr>\n<td valign=\"top\" width=\"20%\">SATA 3.0<\/td>\n<td>Podw\u00f3jny interfejs SATA3.0, do 6 Gbps na port<br \/>\nPorty SATA3.0 i\u00a0 zasilanie (5.0V) na Backplane Edge Connector<\/td>\n<\/tr>\n<tr>\n<td valign=\"top\" width=\"20%\">Zasilanie<\/td>\n<td>5.0V-36.0V \/ 8A filtr napi\u0119cia wej\u015bciowego zasilania, ochrona przed przepi\u0119ciami, rozruchem i odwr\u00f3ceniem polaryzacji<br \/>\nWej\u015bcie zasilania CEC2x FIME i wej\u015bcie zasilania CEC2x mog\u0105 by\u0107 u\u017cywane jednocze\u015bnie z oddzielnymi zasilaczami w celu ochrony przed usterkami zasilania<br \/>\nZ\u0142\u0105cze do pod\u0142\u0105czenia opcjonalnej p\u0142ytki drukowanej Supercap w celu zabezpieczenia przed kr\u00f3tkimi spadkami napi\u0119cia<\/td>\n<\/tr>\n<tr>\n<td valign=\"top\" width=\"20%\">PCB Form Factor<\/td>\n<td>165mm (L) x 125mm (W) x 32mm (H)<\/td>\n<\/tr>\n<tr>\n<td valign=\"top\" width=\"20%\">Waga<\/td>\n<td>140 g (bez modu\u0142\u00f3w mPCIe)<\/td>\n<\/tr>\n<tr>\n<th class=\"CEC-L\" colspan=\"2\"><strong>\u015arodowisko<\/strong><\/th>\n<\/tr>\n<tr>\n<td valign=\"top\" width=\"20%\">Zakres temp. przechowywania<\/td>\n<td>od -45\u00b0C do 85\u00b0C (od -49\u00b0F do 185\u00b0F)<\/td>\n<\/tr>\n<tr>\n<td valign=\"top\" width=\"20%\">Zakres temp. pracy<\/td>\n<td>od -45\u00b0C do 70\u00b0C (od -49\u00b0F do 158\u00b0F)<\/td>\n<\/tr>\n<tr>\n<td valign=\"top\" width=\"20%\">Wilgotno\u015b\u0107 wzgl\u0119dna<\/td>\n<td valign=\"top\">od 5% do 95% bez kondensacji<\/td>\n<\/tr>\n<tr>\n<td valign=\"top\" width=\"20%\">Wstrz\u0105sy i wibracje<\/td>\n<td valign=\"top\">TBD<\/td>\n<\/tr>\n<tr>\n<th class=\"CEC-L\" colspan=\"2\"><strong>Zgodno\u015b\u0107 z normami<\/strong><\/th>\n<\/tr>\n<tr>\n<td colspan=\"2\">Urz\u0105dzenie FIME zosta\u0142o zaprojektowane w taki spos\u00f3b, aby spe\u0142nia\u0142o lub przekracza\u0142o najbardziej powszechne normy. Szczeg\u00f3lne referencje to<\/td>\n<\/tr>\n<tr>\n<td valign=\"top\" width=\"20%\">EMC<\/td>\n<td>EN 55022, EN 55024, EN 61000, MIL-STD-461E<\/td>\n<\/tr>\n<tr>\n<td valign=\"top\" width=\"20%\">Wstrz\u0105sy i wibracje Vibration<\/td>\n<td>EN 60068<\/td>\n<\/tr>\n<tr>\n<td valign=\"top\" width=\"20%\">\u015arodowisko i bezpiecze\u0144stwo<\/td>\n<td>EN 50155, MIL-STD-810G, EN 60601, IEC \/ EN 62368<\/td>\n<\/tr>\n<tr>\n<td valign=\"top\" width=\"20%\">Lista zatwierdzaj\u0105ca<\/td>\n<td valign=\"top\">CE, IEC 60945, IACS E10<\/td>\n<\/tr>\n<\/tbody>\n<\/table>\n","protected":false},"excerpt":{"rendered":"<h3 class=\"title1\">Flexible IO Module Expansion<\/h3>\n","protected":false},"featured_media":15136,"template":"","meta":{"_acf_changed":false,"inline_featured_image":false,"_monsterinsights_skip_tracking":false,"_monsterinsights_sitenote_active":false,"_monsterinsights_sitenote_note":"","_monsterinsights_sitenote_category":0},"product_brand":[],"product_cat":[1613,1603,383,359,461,360,1565],"product_tag":[],"class_list":{"0":"post-15141","1":"product","2":"type-product","3":"status-publish","4":"has-post-thumbnail","6":"product_cat-akcesoria-peryferia","7":"product_cat-kolejnictwo-i-transport","8":"product_cat-komputery-kolejnictwo-en50155","9":"product_cat-mpl","10":"product_cat-peryferia","11":"product_cat-rozwiazania-norma-en50155","12":"product_cat-zastosowania","14":"first","15":"instock","16":"shipping-taxable","17":"product-type-simple"},"acf":[],"_links":{"self":[{"href":"https:\/\/quantum.com.pl\/pl\/wp-json\/wp\/v2\/product\/15141","targetHints":{"allow":["GET"]}}],"collection":[{"href":"https:\/\/quantum.com.pl\/pl\/wp-json\/wp\/v2\/product"}],"about":[{"href":"https:\/\/quantum.com.pl\/pl\/wp-json\/wp\/v2\/types\/product"}],"wp:featuredmedia":[{"embeddable":true,"href":"https:\/\/quantum.com.pl\/pl\/wp-json\/wp\/v2\/media\/15136"}],"wp:attachment":[{"href":"https:\/\/quantum.com.pl\/pl\/wp-json\/wp\/v2\/media?parent=15141"}],"wp:term":[{"taxonomy":"product_brand","embeddable":true,"href":"https:\/\/quantum.com.pl\/pl\/wp-json\/wp\/v2\/product_brand?post=15141"},{"taxonomy":"product_cat","embeddable":true,"href":"https:\/\/quantum.com.pl\/pl\/wp-json\/wp\/v2\/product_cat?post=15141"},{"taxonomy":"product_tag","embeddable":true,"href":"https:\/\/quantum.com.pl\/pl\/wp-json\/wp\/v2\/product_tag?post=15141"}],"curies":[{"name":"wp","href":"https:\/\/api.w.org\/{rel}","templated":true}]}}