{"id":15158,"date":"2022-06-21T10:39:10","date_gmt":"2022-06-21T08:39:10","guid":{"rendered":"https:\/\/quantum.com.pl\/?post_type=product&#038;p=15158"},"modified":"2025-02-14T15:37:05","modified_gmt":"2025-02-14T14:37:05","slug":"debugger-for-tricore-auto26-pack","status":"publish","type":"product","link":"https:\/\/quantum.com.pl\/pl\/product\/debugger-for-tricore-auto26-pack\/","title":{"rendered":"Debugger for TriCore AUTO26 (PACK)"},"content":{"rendered":"<p>Kabel mo\u017cna rozszerzy\u0107 o dodatkowe licencje:<\/p>\n<p>LA-3743A Debugger for Armv8\/Armv9-A\/R Add.<br \/>\nLA-3750A Debug License for ARC\u00ae Add.<br \/>\nLA-2760A Debugger for dsPIC Add.<br \/>\nLA-3732A OCDS Debugger for XC800 Additional<br \/>\nLA-3730A Debug License for MicroBlaze Additional<br \/>\nLA-7960X License for Multicore Debugging<br \/>\nLA-7838A Debug License for C6000 Add.<br \/>\nLA-7753A JTAG Debugger for MPC5xxx (ICD) Additional<br \/>\nLA-3760A Debug License for Xtensa\u00ae Add.<br \/>\nLA-3799X Trace License for TriCore ED<br \/>\nLA-3719A Debugger for RH850 Additional<br \/>\nLA-7844A Debugger for Cortex-M (Armv6\/7\/8-M) Add.<br \/>\nLA-7847A Debug License for C2000 Add.<br \/>\nLA-7843A Debugger for Armv7-A\/R Add.<br \/>\nLA-2540A Debugger for RISC-V 32-bit Add.<br \/>\nLA-2756A JTAG Debugger for PRU Add.<br \/>\nLA-2759A Debug License for C7000 Add.<br \/>\nLA-2541A Debugger for RISC-V 64-bit Add.<br \/>\nLA-2900X License for PIL Simulation (Cable)<\/p>\n<p>Mo\u017cliwe konwertery:<\/p>\n<p>LA-3849 Conv. AUTO26 to JTAG16-TriCore<br \/>\nLA-3889 CAN-Box<br \/>\nLA-2745 Conv. AUTO-26 to 10-pin ECU14<br \/>\nLA-3597 Converter AUTO20 to AURIX-HSTCU<br \/>\nLA-3843 Conv. AUTO-26\/OnCE14-PPC\/JTAG16-TC to ECU14<\/p>\n","protected":false},"excerpt":{"rendered":"<h3>LA-3203<\/h3>\n<p>Obs\u0142uguje JTAG, DAP, DXCPL, DXCM.<br \/>\nObs\u0142uguje strumieniowanie DAP w okre\u015blonych warunkach (patrz poni\u017cej).<\/p>\n<p>Zawiera oprogramowanie TRACE32 dla system\u00f3w Windows, Linux i macOS na p\u0142ycie DVD i do pobrania.<\/p>\n<p>Wymaga interfejsu PowerDebug USB 2.0\/USB 3.0.<br \/>\nPowerDebug Ethernet, PowerTrace Ethernet.<br \/>\nPowerDebug II, PowerDebug PRO, PowerDebug E40 lub PowerDebug X50.<\/p>\n<p>Wymaga LA-3849, je\u015bli u\u017cywane jest z\u0142\u0105cze JTAG (TriCore) 16-stykowe.<\/p>\n<p>Strumieniowanie DAP jest obs\u0142ugiwane, je\u015bli u\u017cywasz urz\u0105dzenia z PowerDebug PRO, E40 lub X50, a oprogramowanie PowerView ma wersj\u0119 R.2023.09 lub nowsz\u0105 (kompilacja 160619 lub nowsza). Je\u015bli te wymagania s\u0105 spe\u0142nione, strumieniowanie DAP jest mo\u017cliwe tylko w trybie DAP (DAP2, DAP3, DAPWide, DAP4). Ze wzgl\u0119d\u00f3w wydajno\u015bciowych zalecamy DAPWide przy 320 MHz.<\/p>\n<p>Wy\u015bwietlanie i analiza \u015blad\u00f3w (na podstawie strumieniowania DAP, bufor\u00f3w onchip, lub PowerTrace) wymaga LA-3799X (licencja Trace dla TriCore ED).<\/p>\n<p>W przypadku DXCPL\/DXCM prawdopodobnie b\u0119dziesz r\u00f3wnie\u017c potrzebowa\u0107 CAN-Box (LA-3889).<span class=\"normal\"><br \/>\n<\/span><\/p>\n","protected":false},"featured_media":16137,"template":"","meta":{"_acf_changed":false,"inline_featured_image":false,"_monsterinsights_skip_tracking":false,"_monsterinsights_sitenote_active":false,"_monsterinsights_sitenote_note":"","_monsterinsights_sitenote_category":0},"product_brand":[],"product_cat":[104,105],"product_tag":[],"class_list":{"0":"post-15158","1":"product","2":"type-product","3":"status-publish","4":"has-post-thumbnail","6":"product_cat-jtag-debuggers","7":"product_cat-lauterbach","9":"first","10":"instock","11":"shipping-taxable","12":"product-type-simple"},"acf":[],"_links":{"self":[{"href":"https:\/\/quantum.com.pl\/pl\/wp-json\/wp\/v2\/product\/15158","targetHints":{"allow":["GET"]}}],"collection":[{"href":"https:\/\/quantum.com.pl\/pl\/wp-json\/wp\/v2\/product"}],"about":[{"href":"https:\/\/quantum.com.pl\/pl\/wp-json\/wp\/v2\/types\/product"}],"wp:featuredmedia":[{"embeddable":true,"href":"https:\/\/quantum.com.pl\/pl\/wp-json\/wp\/v2\/media\/16137"}],"wp:attachment":[{"href":"https:\/\/quantum.com.pl\/pl\/wp-json\/wp\/v2\/media?parent=15158"}],"wp:term":[{"taxonomy":"product_brand","embeddable":true,"href":"https:\/\/quantum.com.pl\/pl\/wp-json\/wp\/v2\/product_brand?post=15158"},{"taxonomy":"product_cat","embeddable":true,"href":"https:\/\/quantum.com.pl\/pl\/wp-json\/wp\/v2\/product_cat?post=15158"},{"taxonomy":"product_tag","embeddable":true,"href":"https:\/\/quantum.com.pl\/pl\/wp-json\/wp\/v2\/product_tag?post=15158"}],"curies":[{"name":"wp","href":"https:\/\/api.w.org\/{rel}","templated":true}]}}