{"id":15163,"date":"2022-06-21T13:16:01","date_gmt":"2022-06-21T11:16:01","guid":{"rendered":"https:\/\/quantum.com.pl\/?post_type=product&#038;p=15163"},"modified":"2026-01-16T14:31:14","modified_gmt":"2026-01-16T13:31:14","slug":"powerdebug-e40","status":"publish","type":"product","link":"https:\/\/quantum.com.pl\/pl\/product\/powerdebug-e40\/","title":{"rendered":"PowerDebug E40"},"content":{"rendered":"<h3>Numer produktu: LA-3503<\/h3>\n<p><span class=\"HwtZe\" lang=\"pl\"><span class=\"jCAhz ChMk0b\"><span class=\"ryNqvb\">Podstawowy uniwersalny kontroler debugowania posiadaj\u0105cy interfejs z USB 3 dla system\u00f3w Windows\/Linux\/MacOSX. Nale\u017cy <\/span><\/span><\/span><span class=\"HwtZe\" lang=\"pl\"><span class=\"jCAhz ChMk0b\"><span class=\"ryNqvb\">go u\u017cywa\u0107 wraz z odpowiednim dla danej architektury kablem lub modu\u0142em CombiProbe.<\/span><\/span><br \/>\n<\/span><\/p>\n<p>&nbsp;<\/p>\n<p>Zawiera:<br \/>\nLA-1952\u00a0 Zasilacz z wtyczk\u0105 EU<br \/>\nLA-1943 \u00a0Kabel USB-A do USB-B 3.0<br \/>\nLA-7411\u00a0 Z\u0142\u0105cze 'trigger&#8217; do PowerTools<\/p>\n<p>&nbsp;<\/p>\n<h4>Najwa\u017cniejsze cechy<\/h4>\n<ul>\n<li><span class=\"HwtZe\" lang=\"pl\"><span class=\"jCAhz ChMk0b\"><span class=\"ryNqvb\">Obs\u0142uga ponad 80 architektur mikroprocesor\u00f3w, np. ARM, Cortex, Power Architecture, Intel x86\/x64 itp. <\/span><\/span><\/span><\/li>\n<li><span class=\"HwtZe\" lang=\"pl\"><span class=\"jCAhz ChMk0b\"><span class=\"ryNqvb\">Uniwersalny modu\u0142 debugowania, \u0142\u0105czenie z 'targetem&#8217; za pomoc\u0105 kabli debugowania zale\u017cnych od architektury <\/span><\/span><\/span><\/li>\n<li><span class=\"HwtZe\" lang=\"pl\"><span class=\"jCAhz ChMk0b\"><span class=\"ryNqvb\">Uniwersalny modu\u0142 debugowania, \u0142\u0105czenie z 'targetem&#8217; za pomoc\u0105 CombiProbe w celu debugowania i 4-bitowego \u015bledzenia systemu <\/span><\/span><\/span><\/li>\n<li><span class=\"HwtZe\" lang=\"pl\"><span class=\"jCAhz ChMk0b\"><span class=\"ryNqvb\">Interfejs USB3.0 do wszystkich host\u00f3w <\/span><\/span><\/span><\/li>\n<li><span class=\"HwtZe\" lang=\"pl\"><span class=\"jCAhz ChMk0b\"><span class=\"ryNqvb\">Interfejs PODBUS do modu\u0142\u00f3w analizatora logicznego, np. PowerProbe, PowerIntegrator <\/span><\/span><\/span><\/li>\n<li><span class=\"HwtZe\" lang=\"pl\"><span class=\"jCAhz ChMk0b\"><span class=\"ryNqvb\">Z\u0142\u0105cze trigger do wysy\u0142ania i odbierania impuls\u00f3w wyzwalaj\u0105cych <\/span><\/span><\/span><\/li>\n<\/ul>\n<h4><\/h4>\n<h4>Rozszerzenia<\/h4>\n<p><span class=\"HwtZe\" lang=\"pl\"><span class=\"jCAhz ChMk0b\"><span class=\"ryNqvb\">Dzi\u0119ki koncepcji modu\u0142owo\u015bci narz\u0119dzia Lauterbach s\u0105 projektowane wok\u00f3\u0142 modu\u0142\u00f3w bazowych, kt\u00f3re s\u0105 uniwersalne i niezale\u017cne od architektury.<\/span><\/span> <span class=\"jCAhz ChMk0b\"><span class=\"ryNqvb\">PowerDebug USB 3 jako modu\u0142 debugowania zostanie nast\u0119pnie pod\u0142\u0105czony do 'targetu&#8217; za pomoc\u0105 kabli specyficznych dla architektury, kt\u00f3re obs\u0142uguj\u0105 ponad 80 r\u00f3\u017cnych architektur mikroprocesorowych u\u017cywanych na rynku.<\/span><\/span> <span class=\"jCAhz ChMk0b\"><span class=\"ryNqvb\">CombiProbe jest u\u017cywany g\u0142\u00f3wnie w architekturze Intel\u00ae x86.<\/span><\/span> <span class=\"jCAhz ChMk0b\"><span class=\"ryNqvb\">PowerDebug USB 3 to samodzielny modu\u0142 bez rozszerzenia \u015bledzenia, je\u015bli wymagane jest \u015bledzenie lub preferowana jest szybsza pr\u0119dko\u015b\u0107 przesy\u0142ania i pobierania, skorzystaj z modu\u0142u PowerDebug PRO.<\/span><\/span><\/span><\/p>\n<p>&nbsp;<\/p>\n<h4><span class=\"HwtZe\" lang=\"pl\"><span class=\"jCAhz ChMk0b\"><span class=\"ryNqvb\">Analizator logiczny \u015bredniej pr\u0119dko\u015bci (PowerProbe) <\/span><\/span><\/span><\/h4>\n<ul>\n<li><span class=\"HwtZe\" lang=\"pl\"><span class=\"jCAhz ChMk0b\"><span class=\"ryNqvb\">Analizator czasowy do 400 MHz <\/span><\/span><\/span><\/li>\n<li><span class=\"HwtZe\" lang=\"pl\"><span class=\"jCAhz ChMk0b\"><span class=\"ryNqvb\">Analizator stanu do 100 MHz <\/span><\/span><\/span><\/li>\n<li><span class=\"HwtZe\" lang=\"pl\"><span class=\"jCAhz ChMk0b\"><span class=\"ryNqvb\">64 kana\u0142y wej\u015bciowe <\/span><\/span><\/span><\/li>\n<li><span class=\"HwtZe\" lang=\"pl\"><span class=\"jCAhz ChMk0b\"><span class=\"ryNqvb\">Rejestrowanie przej\u015bciowe <\/span><\/span><\/span><\/li>\n<li><span class=\"HwtZe\" lang=\"pl\"><span class=\"jCAhz ChMk0b\"><span class=\"ryNqvb\">Korelacja czasowa z RISC Trace <\/span><\/span><\/span><\/li>\n<li><span class=\"HwtZe\" lang=\"pl\"><span class=\"jCAhz ChMk0b\"><span class=\"ryNqvb\">Kwalifikator zegara dla zegara stanu <\/span><\/span><\/span><\/li>\n<li><span class=\"HwtZe\" lang=\"pl\"><span class=\"jCAhz ChMk0b\"><span class=\"ryNqvb\">Mieszany tryb stanu i czasu <\/span><\/span><\/span><\/li>\n<li><span class=\"HwtZe\" lang=\"pl\"><span class=\"jCAhz ChMk0b\"><span class=\"ryNqvb\">4 wej\u015bcia zegara stanu <\/span><\/span><\/span><\/li>\n<li><span class=\"HwtZe\" lang=\"pl\"><span class=\"jCAhz ChMk0b\"><span class=\"ryNqvb\">Opcjonalny \u015blad FPGA Onchip <\/span><\/span><\/span><\/li>\n<li><span class=\"HwtZe\" lang=\"pl\"><span class=\"jCAhz ChMk0b\"><span class=\"ryNqvb\">Opcjonalny generator wzorc\u00f3w <\/span><\/span><\/span><\/li>\n<li><span class=\"HwtZe\" lang=\"pl\"><span class=\"jCAhz ChMk0b\"><span class=\"ryNqvb\">Obs\u0142uga protoko\u0142u dla CAN, USB itp. <\/span><\/span><\/span><\/li>\n<\/ul>\n<p>&nbsp;<\/p>\n<h4><span class=\"HwtZe\" lang=\"pl\"><span class=\"jCAhz ChMk0b\"><span class=\"ryNqvb\">Szybki analizator logiczny (PowerIntegrator)<\/span><\/span><\/span><\/h4>\n<ul>\n<li><span class=\"HwtZe\" lang=\"pl\"><span class=\"jCAhz ChMk0b\"><span class=\"ryNqvb\"> Analizator czasowy z 500 MHz na wszystkich kana\u0142ach<\/span><\/span><\/span><\/li>\n<li><span class=\"HwtZe\" lang=\"pl\"><span class=\"jCAhz ChMk0b\"><span class=\"ryNqvb\"> Analizator stanu do 200 MHz DDR<\/span><\/span><\/span><\/li>\n<li><span class=\"HwtZe\" lang=\"pl\"><span class=\"jCAhz ChMk0b\"><span class=\"ryNqvb\"> 204 kana\u0142y wej\u015bciowe <\/span><\/span><\/span><\/li>\n<li><span class=\"HwtZe\" lang=\"pl\"><span class=\"jCAhz ChMk0b\"><span class=\"ryNqvb\">Rejestrowanie przej\u015bciowe <\/span><\/span><\/span><\/li>\n<li><span class=\"HwtZe\" lang=\"pl\"><span class=\"jCAhz ChMk0b\"><span class=\"ryNqvb\">Korelacja czasowa z innymi narz\u0119dziami Tracetools <\/span><\/span><\/span><\/li>\n<li><span class=\"HwtZe\" lang=\"pl\"><span class=\"jCAhz ChMk0b\"><span class=\"ryNqvb\">Kwalifikator zegara dla zegara stanu <\/span><\/span><\/span><\/li>\n<li><span class=\"HwtZe\" lang=\"pl\"><span class=\"jCAhz ChMk0b\"><span class=\"ryNqvb\">Mieszany tryb stanu i czasu <\/span><\/span><\/span><\/li>\n<li><span class=\"HwtZe\" lang=\"pl\"><span class=\"jCAhz ChMk0b\"><span class=\"ryNqvb\">4 wej\u015bcia zegara Sondy <\/span><\/span><\/span><\/li>\n<li><span class=\"HwtZe\" lang=\"pl\"><span class=\"jCAhz ChMk0b\"><span class=\"ryNqvb\">MICTOR i standardowe sondy (single-ended)<\/span><\/span><\/span><\/li>\n<li><span class=\"HwtZe\" lang=\"pl\"><span class=\"jCAhz ChMk0b\"><span class=\"ryNqvb\">MICTOR sondy r\u00f3\u017cnicowe <\/span><\/span><\/span><\/li>\n<li><span class=\"HwtZe\" lang=\"pl\"><span class=\"jCAhz ChMk0b\"><span class=\"ryNqvb\">Analogowe napi\u0119cie i pr\u0105d<\/span><\/span> <span class=\"jCAhz ChMk0b\"><span class=\"ryNqvb\">Sonda <\/span><\/span><\/span><\/li>\n<li><span class=\"HwtZe\" lang=\"pl\"><span class=\"jCAhz ChMk0b\"><span class=\"ryNqvb\">Obs\u0142uga protoko\u0142u 3G\/DigRF<\/span><\/span><\/span><\/li>\n<\/ul>\n","protected":false},"excerpt":{"rendered":"<p>Numer produktu: LA-3503 Podstawowy uniwersalny kontroler debugowania posiadaj\u0105cy interfejs z USB 3 dla system\u00f3w Windows\/Linux\/MacOSX. Nale\u017cy go u\u017cywa\u0107 wraz z odpowiednim dla danej architektury kablem lub modu\u0142em CombiProbe. &nbsp; Zawiera: LA-1952\u00a0 Zasilacz z wtyczk\u0105 EU LA-1943 \u00a0Kabel USB-A do USB-B 3.0 LA-7411\u00a0 Z\u0142\u0105cze 'trigger&#8217; do PowerTools &nbsp; Najwa\u017cniejsze cechy Obs\u0142uga ponad 80 architektur mikroprocesor\u00f3w, np. [&hellip;]<\/p>\n","protected":false},"featured_media":10004,"template":"","meta":{"_acf_changed":false,"inline_featured_image":false,"_monsterinsights_skip_tracking":false,"_monsterinsights_sitenote_active":false,"_monsterinsights_sitenote_note":"","_monsterinsights_sitenote_category":0},"product_brand":[],"product_cat":[1623,105,1629],"product_tag":[],"class_list":{"0":"post-15163","1":"product","2":"type-product","3":"status-publish","4":"has-post-thumbnail","6":"product_cat-debugger-hardware","7":"product_cat-lauterbach","8":"product_cat-powerdebug-usb-3-x","10":"first","11":"instock","12":"shipping-taxable","13":"product-type-simple"},"acf":[],"_links":{"self":[{"href":"https:\/\/quantum.com.pl\/pl\/wp-json\/wp\/v2\/product\/15163","targetHints":{"allow":["GET"]}}],"collection":[{"href":"https:\/\/quantum.com.pl\/pl\/wp-json\/wp\/v2\/product"}],"about":[{"href":"https:\/\/quantum.com.pl\/pl\/wp-json\/wp\/v2\/types\/product"}],"wp:featuredmedia":[{"embeddable":true,"href":"https:\/\/quantum.com.pl\/pl\/wp-json\/wp\/v2\/media\/10004"}],"wp:attachment":[{"href":"https:\/\/quantum.com.pl\/pl\/wp-json\/wp\/v2\/media?parent=15163"}],"wp:term":[{"taxonomy":"product_brand","embeddable":true,"href":"https:\/\/quantum.com.pl\/pl\/wp-json\/wp\/v2\/product_brand?post=15163"},{"taxonomy":"product_cat","embeddable":true,"href":"https:\/\/quantum.com.pl\/pl\/wp-json\/wp\/v2\/product_cat?post=15163"},{"taxonomy":"product_tag","embeddable":true,"href":"https:\/\/quantum.com.pl\/pl\/wp-json\/wp\/v2\/product_tag?post=15163"}],"curies":[{"name":"wp","href":"https:\/\/api.w.org\/{rel}","templated":true}]}}