{"id":15288,"date":"2023-02-17T14:04:01","date_gmt":"2023-02-17T13:04:01","guid":{"rendered":"https:\/\/quantum.com.pl\/?post_type=product&#038;p=15288"},"modified":"2025-01-13T09:49:51","modified_gmt":"2025-01-13T08:49:51","slug":"debugger-for-cortex-m-armv6-7-8-idc20a","status":"publish","type":"product","link":"https:\/\/quantum.com.pl\/pl\/product\/debugger-for-cortex-m-armv6-7-8-idc20a\/","title":{"rendered":"Debugger Cortex-M (Armv6\/7\/8) IDC20A (PACK)"},"content":{"rendered":"<div id=\"rec09208104o\"><span class=\"normal\">Kabel mo\u017cna rozszerzy\u0107 o dodatkowe licencje:<\/span><\/div>\n<div><span class=\"normal\"><br \/>\nLA-2540A Debugger for RISC-V 32-bit Add.<br \/>\nLA-2541A Debugger for RISC-V 64-bit Add.<br \/>\n<a href=\"https:\/\/www.lauterbach.com\/product_information.php?info=la-2705a\">LA-2705A JTAG Debugger for ARP32 Add. <\/a><br \/>\n<a href=\"https:\/\/www.lauterbach.com\/product_information.php?info=la-2751a\">LA-2751A JTAG Debugger for STRED Add. <\/a><br \/>\n<a href=\"https:\/\/www.lauterbach.com\/product_information.php?info=la-2756a\">LA-2756A JTAG Debugger for PRU Add. <\/a><br \/>\nLA-2758A JTAG Debugger for META Add.<br \/>\n<a href=\"https:\/\/www.lauterbach.com\/product_information.php?info=la-2900x\">LA-2900X License for PIL Simulation (Cable) <\/a><br \/>\n<a href=\"https:\/\/www.lauterbach.com\/product_information.php?info=la-3711a\">LA-3711A JTAG Debugger License for CEVA-X Additional <\/a><br \/>\n<a href=\"https:\/\/www.lauterbach.com\/product_information.php?info=la-3712a\">LA-3712A JTAG Debugger for ZSP500 DSP Core Additional <\/a><br \/>\n<a href=\"https:\/\/www.lauterbach.com\/product_information.php?info=la-3719a\">LA-3719A Debugger for RH850 Additional <\/a><br \/>\n<a href=\"https:\/\/www.lauterbach.com\/product_information.php?info=la-3730a\">LA-3730A JTAG Debug. License for MicroBlaze Additonal <\/a><br \/>\n<a href=\"https:\/\/www.lauterbach.com\/product_information.php?info=la-3741a\">LA-3741A JTAG Debugger License for Hexagon Add. <\/a><br \/>\n<a href=\"https:\/\/www.lauterbach.com\/product_information.php?info=la-3743x\">LA-3743X Debugger for Armv8\/Armv9 Ext. <\/a><br \/>\n<a href=\"https:\/\/www.lauterbach.com\/product_information.php?info=la-3747a\">LA-3747A JTAG\/SPI Debugger License for UBI32 Add. <\/a><br \/>\n<a href=\"https:\/\/www.lauterbach.com\/product_information.php?info=la-3750a\">LA-3750A JTAG Debugger License for ARC Add. <\/a><br \/>\n<a href=\"https:\/\/www.lauterbach.com\/product_information.php?info=la-3756a\">LA-3756A JTAG Debugger License for AndeStar Add. <\/a><br \/>\n<a href=\"https:\/\/www.lauterbach.com\/product_information.php?info=la-3760a\">LA-3760A JTAG Debugger License for Xtensa Add. <\/a><br \/>\n<a href=\"https:\/\/www.lauterbach.com\/product_information.php?info=la-3774a\">LA-3774A JTAG Debugger for TeakLite III Add. (ICD) <\/a><br \/>\n<a href=\"https:\/\/www.lauterbach.com\/product_information.php?info=la-3778a\">LA-3778A JTAG Debugger License for APS Add. <\/a><br \/>\n<a href=\"https:\/\/www.lauterbach.com\/product_information.php?info=la-7742x\">LA-7742X JTAG Debugger Extension for Arm9 <\/a><br \/>\n<a href=\"https:\/\/www.lauterbach.com\/product_information.php?info=la-7744x\">LA-7744X JTAG Debugger Extension for ARM10 <\/a><br \/>\n<a href=\"https:\/\/www.lauterbach.com\/product_information.php?info=la-7746x\">LA-7746X JTAG Debugger Extension for Arm7 <\/a><br \/>\n<a href=\"https:\/\/www.lauterbach.com\/product_information.php?info=la-7760a\">LA-7760A Debugger License for MIPS32 Add. <\/a><br \/>\n<a href=\"https:\/\/www.lauterbach.com\/product_information.php?info=la-7762x\">LA-7762X JTAG Debugger Extension for XSCALE (ICD) <\/a><br \/>\n<a href=\"https:\/\/www.lauterbach.com\/product_information.php?info=la-7765x\">LA-7765X JTAG Debugger Extension for Arm11 <\/a><br \/>\n<a href=\"https:\/\/www.lauterbach.com\/product_information.php?info=la-7774a\">LA-7774A JTAG Debug. for Teak\/TeakLite JAM 20 Add. <\/a><br \/>\n<a href=\"https:\/\/www.lauterbach.com\/product_information.php?info=la-7817a\">LA-7817A JTAG Debugger License for SH2\/SH3\/SH4 Add. <\/a><br \/>\n<a href=\"https:\/\/www.lauterbach.com\/product_information.php?info=la-7830a\">LA-7830A JTAG Debugger License for C5500 DSP Add. <\/a><br \/>\n<a href=\"https:\/\/www.lauterbach.com\/product_information.php?info=la-7832a\">LA-7832A JTAG Debugger for ZSP400 DSP Core Additional <\/a><br \/>\n<a href=\"https:\/\/www.lauterbach.com\/product_information.php?info=la-7837a\">LA-7837A JTAG Debugger License for NIOS-II Add. <\/a><br \/>\n<a href=\"https:\/\/www.lauterbach.com\/product_information.php?info=la-7838a\">LA-7838A JTAG Debugger License for C6000 Add. <\/a><br \/>\n<a href=\"https:\/\/www.lauterbach.com\/product_information.php?info=la-7843x\">LA-7843X Debug Cortex-A\/-R (Armv7 32-bit) Ext. <\/a><br \/>\n<a href=\"https:\/\/www.lauterbach.com\/product_information.php?info=la-7845a\">LA-7845A JTAG Debugger License for StarCore 20 Pin Add<\/a><br \/>\n<a href=\"https:\/\/www.lauterbach.com\/product_information.php?info=la-7847a\">LA-7847A JTAG Debugger License for C2000 DSP Add. <\/a><br \/>\n<a href=\"https:\/\/www.lauterbach.com\/product_information.php?info=la-7960x\">LA-7960X License for Multicore Debugging <\/a><br \/>\n<span class=\"smallsep\">\u00a0<\/span><br \/>\nMo\u017cliwe konwertery:<br \/>\n<a href=\"https:\/\/www.lauterbach.com\/product_information.php?info=la-2101\">LA-2101 Adapter Half-Size 20 pin <\/a><br \/>\n<a href=\"https:\/\/www.lauterbach.com\/product_information.php?info=la-2720\">LA-2720 Converter IDC20A to MIPS-14 <\/a><br \/>\n<a href=\"https:\/\/www.lauterbach.com\/product_information.php?info=la-3722\">LA-3722 Converter IDC20A to Mictor-38 <\/a><br \/>\n<a href=\"https:\/\/www.lauterbach.com\/product_information.php?info=la-3770\">LA-3770 Converter IDC20A to MIPI-10\/20\/34 <\/a><br \/>\n<a href=\"https:\/\/www.lauterbach.com\/product_information.php?info=la-3780\">LA-3780 Converter IDC20A to TI-14\/TI-20-Compact <\/a><br \/>\n<a href=\"https:\/\/www.lauterbach.com\/product_information.php?info=la-7747\">LA-7747 Converter IDC20A to\/from ARM-14 <\/a><br \/>\n<a href=\"https:\/\/www.lauterbach.com\/product_information.php?info=la-7748\">LA-7748 Converter IDC20A to TI-14 <\/a><\/span><\/div>\n","protected":false},"excerpt":{"rendered":"<h3>LA-3254<\/h3>\n<p>Debugger zapewnia wsparcie dla mikrokontroler\u00f3w Arm Cortex-M i SecurCore SC000\/SC300.<\/p>\n<p>Zawiera licencj\u0119 wspieraj\u0105c\u0105 us\u0142ug\u0119 \u015bledzenia ETM Cortex-M przez ETB , debugowanie GTM i IPU.<\/p>\n<p>Kabel IDC20A obs\u0142uguje 5-stykowy standard JTAG, cJTAG i port debugowania szeregowego (0,4 V &#8211; 5 V).<\/p>\n<p>Zawiera oprogramowanie dla system\u00f3w Windows, Linux i MacOSX.<\/p>\n<p>Wymaga<\/p>\n<p>cJTAG i SWD. Interfejs Power Debug USB 2.0\/USB 3.0.<br \/>\nPower Debug Ethernet, PowerTrace, Power Debug II.<br \/>\nPowerDebug PRO, PowerDebug E40 lub PowerDebug X50.<\/p>\n<p><span class=\"normal\">Zawiera:<br \/>\nLA-3000 IDC20A Debug Cable V5 for JTAG\/SWD<br \/>\nLA-7844A Debug Cortex-M (Armv6\/7\/8 32-bit) Add.<br \/>\nLA-2902I Trace License for Cortex-M<br \/>\nLA-3403I GTM debugging included<br \/>\nLA-3407I GTM tracing included<br \/>\nLA-3410I IPU debugging included<br \/>\nLA-8017I TRACE32-ICD Software Warranty First Year <\/span><\/p>\n","protected":false},"featured_media":12364,"template":"","meta":{"_acf_changed":false,"inline_featured_image":false,"_monsterinsights_skip_tracking":false,"_monsterinsights_sitenote_active":false,"_monsterinsights_sitenote_note":"","_monsterinsights_sitenote_category":0},"product_brand":[],"product_cat":[104,105],"product_tag":[],"class_list":{"0":"post-15288","1":"product","2":"type-product","3":"status-publish","4":"has-post-thumbnail","6":"product_cat-jtag-debuggers","7":"product_cat-lauterbach","9":"first","10":"instock","11":"shipping-taxable","12":"product-type-simple"},"acf":[],"_links":{"self":[{"href":"https:\/\/quantum.com.pl\/pl\/wp-json\/wp\/v2\/product\/15288","targetHints":{"allow":["GET"]}}],"collection":[{"href":"https:\/\/quantum.com.pl\/pl\/wp-json\/wp\/v2\/product"}],"about":[{"href":"https:\/\/quantum.com.pl\/pl\/wp-json\/wp\/v2\/types\/product"}],"wp:featuredmedia":[{"embeddable":true,"href":"https:\/\/quantum.com.pl\/pl\/wp-json\/wp\/v2\/media\/12364"}],"wp:attachment":[{"href":"https:\/\/quantum.com.pl\/pl\/wp-json\/wp\/v2\/media?parent=15288"}],"wp:term":[{"taxonomy":"product_brand","embeddable":true,"href":"https:\/\/quantum.com.pl\/pl\/wp-json\/wp\/v2\/product_brand?post=15288"},{"taxonomy":"product_cat","embeddable":true,"href":"https:\/\/quantum.com.pl\/pl\/wp-json\/wp\/v2\/product_cat?post=15288"},{"taxonomy":"product_tag","embeddable":true,"href":"https:\/\/quantum.com.pl\/pl\/wp-json\/wp\/v2\/product_tag?post=15288"}],"curies":[{"name":"wp","href":"https:\/\/api.w.org\/{rel}","templated":true}]}}