{"id":15331,"date":"2023-03-03T15:10:29","date_gmt":"2023-03-03T14:10:29","guid":{"rendered":"https:\/\/quantum.com.pl\/?post_type=product&#038;p=15331"},"modified":"2026-01-16T14:29:59","modified_gmt":"2026-01-16T13:29:59","slug":"powerdebug-x50","status":"publish","type":"product","link":"https:\/\/quantum.com.pl\/pl\/product\/powerdebug-x50\/","title":{"rendered":"PowerDebug X50"},"content":{"rendered":"<h3>Numer produktu: LA-3506<\/h3>\n<p>Uniwersalny kontroler debugowania Extended Connectivity Line (Gen 5) z 1 Gbit Ethernet (przez TCP\/IPv4 i TCP\/IPv6) i USB 3.x Gen 1 dla Windows\/Linux\/macOS. Mo\u017cna go rozszerzy\u0107 za pomoc\u0105 opcjonalnego modu\u0142u \u015bledzenia PowerTrace oraz analizatora logicznego PowerIntergrator.<\/p>\n<p>Zawiera:<br \/>\nLA-1958\u00a0 Zasilacz biurkowy z wtyczk\u0105 EU<br \/>\nLA-1943 \u00a0Kabel USB-A do USB-B 3.0<br \/>\nLA-7411\u00a0 Z\u0142\u0105cze 'trigger&#8217; do PowerTools<\/p>\n<p>Wymaga kabla 'debug&#8217; w\u0142a\u015bciwego dla architektury mikroprocesora.<br \/>\nWymaga oprogramowania TRACE32 w wersji R.2022.09-SP2 lub nowszej.<br \/>\nWymaga komputera PC lub Mac z systemem Windows, Linux lub macOS.<\/p>\n","protected":false},"excerpt":{"rendered":"<p>Numer produktu: LA-3506 Uniwersalny kontroler debugowania Extended Connectivity Line (Gen 5) z 1 Gbit Ethernet (przez TCP\/IPv4 i TCP\/IPv6) i USB 3.x Gen 1 dla Windows\/Linux\/macOS. Mo\u017cna go rozszerzy\u0107 za pomoc\u0105 opcjonalnego modu\u0142u \u015bledzenia PowerTrace oraz analizatora logicznego PowerIntergrator. Zawiera: LA-1958\u00a0 Zasilacz biurkowy z wtyczk\u0105 EU LA-1943 \u00a0Kabel USB-A do USB-B 3.0 LA-7411\u00a0 Z\u0142\u0105cze 'trigger&#8217; [&hellip;]<\/p>\n","protected":false},"featured_media":15498,"template":"","meta":{"_acf_changed":false,"inline_featured_image":false,"_monsterinsights_skip_tracking":false,"_monsterinsights_sitenote_active":false,"_monsterinsights_sitenote_note":"","_monsterinsights_sitenote_category":0},"product_brand":[],"product_cat":[1623,105,1631],"product_tag":[],"class_list":{"0":"post-15331","1":"product","2":"type-product","3":"status-publish","4":"has-post-thumbnail","6":"product_cat-debugger-hardware","7":"product_cat-lauterbach","8":"product_cat-powerdebug-pro","10":"first","11":"instock","12":"shipping-taxable","13":"product-type-simple"},"acf":[],"_links":{"self":[{"href":"https:\/\/quantum.com.pl\/pl\/wp-json\/wp\/v2\/product\/15331","targetHints":{"allow":["GET"]}}],"collection":[{"href":"https:\/\/quantum.com.pl\/pl\/wp-json\/wp\/v2\/product"}],"about":[{"href":"https:\/\/quantum.com.pl\/pl\/wp-json\/wp\/v2\/types\/product"}],"wp:featuredmedia":[{"embeddable":true,"href":"https:\/\/quantum.com.pl\/pl\/wp-json\/wp\/v2\/media\/15498"}],"wp:attachment":[{"href":"https:\/\/quantum.com.pl\/pl\/wp-json\/wp\/v2\/media?parent=15331"}],"wp:term":[{"taxonomy":"product_brand","embeddable":true,"href":"https:\/\/quantum.com.pl\/pl\/wp-json\/wp\/v2\/product_brand?post=15331"},{"taxonomy":"product_cat","embeddable":true,"href":"https:\/\/quantum.com.pl\/pl\/wp-json\/wp\/v2\/product_cat?post=15331"},{"taxonomy":"product_tag","embeddable":true,"href":"https:\/\/quantum.com.pl\/pl\/wp-json\/wp\/v2\/product_tag?post=15331"}],"curies":[{"name":"wp","href":"https:\/\/api.w.org\/{rel}","templated":true}]}}