{"id":15994,"date":"2024-12-10T13:29:14","date_gmt":"2024-12-10T12:29:14","guid":{"rendered":"https:\/\/quantum.com.pl\/?post_type=product&#038;p=15994"},"modified":"2024-12-10T13:49:16","modified_gmt":"2024-12-10T12:49:16","slug":"powertrace-la3581","status":"publish","type":"product","link":"https:\/\/quantum.com.pl\/pl\/product\/powertrace-la3581\/","title":{"rendered":"PowerTrace II LITE 1GB"},"content":{"rendered":"<h3>Najwa\u017cniejsze cechy<\/h3>\n<p>Ekonomiczny rejestrator \u015blad\u00f3w z pami\u0119ci\u0105 \u015blad\u00f3w 1 GB i szybko\u015bci\u0105 przesy\u0142ania strumieniowego do 100 MB\/s.<\/p>\n<p>Obs\u0142uguje r\u00f3wnoleg\u0142e \u015bledzenie do 36 sygna\u0142\u00f3w za po\u015brednictwem odpowiedniego preprocesora z nast\u0119puj\u0105c\u0105 maksymaln\u0105 pr\u0119dko\u015bci\u0105 nagrywania:<\/p>\n<p>600+ Mbit\/s na sygna\u0142 dla 9 sygna\u0142\u00f3w,<br \/>\n450 Mbit\/s na sygna\u0142 dla 17 sygna\u0142\u00f3w,<br \/>\n225 Mbit\/s na sygna\u0142 dla 36 sygna\u0142\u00f3w.<\/p>\n<p>Obs\u0142uguje szeregowe \u015bledzenie do 4 \u015bcie\u017cek za po\u015brednictwem szeregowego preprocesora z nast\u0119puj\u0105c\u0105 maksymaln\u0105 pr\u0119dko\u015bci\u0105 nagrywania:<br \/>\n6,25 Gbit\/s na \u015bcie\u017ck\u0119 dla 2 \u015bcie\u017cek,<br \/>\n4,50 Gbit\/s na \u015bcie\u017ck\u0119 dla 3 \u015bcie\u017cek,<br \/>\n3,38 Gbit\/s na \u015bcie\u017ck\u0119 dla 4 \u015bcie\u017cek.<\/p>\n","protected":false},"excerpt":{"rendered":"<h3><strong>LA-3581<\/strong><\/h3>\n","protected":false},"featured_media":10006,"template":"","meta":{"_acf_changed":false,"inline_featured_image":false,"_monsterinsights_skip_tracking":false,"_monsterinsights_sitenote_active":false,"_monsterinsights_sitenote_note":"","_monsterinsights_sitenote_category":0},"product_brand":[],"product_cat":[1623,1581,105,1463],"product_tag":[],"class_list":{"0":"post-15994","1":"product","2":"type-product","3":"status-publish","4":"has-post-thumbnail","6":"product_cat-debugger-hardware","7":"product_cat-jtag-rd-tools","8":"product_cat-lauterbach","9":"product_cat-trace-modules-trace","11":"first","12":"instock","13":"shipping-taxable","14":"product-type-simple"},"acf":[],"_links":{"self":[{"href":"https:\/\/quantum.com.pl\/pl\/wp-json\/wp\/v2\/product\/15994","targetHints":{"allow":["GET"]}}],"collection":[{"href":"https:\/\/quantum.com.pl\/pl\/wp-json\/wp\/v2\/product"}],"about":[{"href":"https:\/\/quantum.com.pl\/pl\/wp-json\/wp\/v2\/types\/product"}],"wp:featuredmedia":[{"embeddable":true,"href":"https:\/\/quantum.com.pl\/pl\/wp-json\/wp\/v2\/media\/10006"}],"wp:attachment":[{"href":"https:\/\/quantum.com.pl\/pl\/wp-json\/wp\/v2\/media?parent=15994"}],"wp:term":[{"taxonomy":"product_brand","embeddable":true,"href":"https:\/\/quantum.com.pl\/pl\/wp-json\/wp\/v2\/product_brand?post=15994"},{"taxonomy":"product_cat","embeddable":true,"href":"https:\/\/quantum.com.pl\/pl\/wp-json\/wp\/v2\/product_cat?post=15994"},{"taxonomy":"product_tag","embeddable":true,"href":"https:\/\/quantum.com.pl\/pl\/wp-json\/wp\/v2\/product_tag?post=15994"}],"curies":[{"name":"wp","href":"https:\/\/api.w.org\/{rel}","templated":true}]}}