{"id":15996,"date":"2024-12-10T14:12:23","date_gmt":"2024-12-10T13:12:23","guid":{"rendered":"https:\/\/quantum.com.pl\/?post_type=product&#038;p=15996"},"modified":"2024-12-10T14:22:11","modified_gmt":"2024-12-10T13:22:11","slug":"powertrace-la3310","status":"publish","type":"product","link":"https:\/\/quantum.com.pl\/pl\/product\/powertrace-la3310\/","title":{"rendered":"Trace for Arm-ETM via PT-Serial 4GB (PACK)"},"content":{"rendered":"<h3>Najwa\u017cniejsze cechy<\/h3>\n<p>Rejestruje do 8 linii z szybko\u015bci\u0105 12,5 Gbit\/s na lini\u0119 (wi\u0119cej z opcjonalnym Prepro.)<br \/>\nZakres napi\u0119cia: 0,15 do 1,25 napi\u0119cia r\u00f3\u017cnicowego.<\/p>\n<p>Wymaga zestawu akcesori\u00f3w LA-3521 lub LA-3522.<\/p>\n<p>Wymaga PowerDebug X50, PowerDebug PRO lub PowerDebug II.<\/p>\n<p>Wymaga komputera z USB 3 lub Gigabit Ethernet, minimum 4 GB pami\u0119ci RAM i 64-bitowym systemem operacyjnym.<\/p>\n","protected":false},"excerpt":{"rendered":"<h3><strong>LA-3310<\/strong><\/h3>\n","protected":false},"featured_media":10010,"template":"","meta":{"_acf_changed":false,"inline_featured_image":false,"_monsterinsights_skip_tracking":false,"_monsterinsights_sitenote_active":false,"_monsterinsights_sitenote_note":"","_monsterinsights_sitenote_category":0},"product_brand":[],"product_cat":[1581,105,1463],"product_tag":[],"class_list":{"0":"post-15996","1":"product","2":"type-product","3":"status-publish","4":"has-post-thumbnail","6":"product_cat-jtag-rd-tools","7":"product_cat-lauterbach","8":"product_cat-trace-modules-trace","10":"first","11":"instock","12":"shipping-taxable","13":"product-type-simple"},"acf":[],"_links":{"self":[{"href":"https:\/\/quantum.com.pl\/pl\/wp-json\/wp\/v2\/product\/15996","targetHints":{"allow":["GET"]}}],"collection":[{"href":"https:\/\/quantum.com.pl\/pl\/wp-json\/wp\/v2\/product"}],"about":[{"href":"https:\/\/quantum.com.pl\/pl\/wp-json\/wp\/v2\/types\/product"}],"wp:featuredmedia":[{"embeddable":true,"href":"https:\/\/quantum.com.pl\/pl\/wp-json\/wp\/v2\/media\/10010"}],"wp:attachment":[{"href":"https:\/\/quantum.com.pl\/pl\/wp-json\/wp\/v2\/media?parent=15996"}],"wp:term":[{"taxonomy":"product_brand","embeddable":true,"href":"https:\/\/quantum.com.pl\/pl\/wp-json\/wp\/v2\/product_brand?post=15996"},{"taxonomy":"product_cat","embeddable":true,"href":"https:\/\/quantum.com.pl\/pl\/wp-json\/wp\/v2\/product_cat?post=15996"},{"taxonomy":"product_tag","embeddable":true,"href":"https:\/\/quantum.com.pl\/pl\/wp-json\/wp\/v2\/product_tag?post=15996"}],"curies":[{"name":"wp","href":"https:\/\/api.w.org\/{rel}","templated":true}]}}