{"id":16009,"date":"2024-12-19T14:02:57","date_gmt":"2024-12-19T13:02:57","guid":{"rendered":"https:\/\/quantum.com.pl\/?post_type=product&#038;p=16009"},"modified":"2025-02-14T15:30:42","modified_gmt":"2025-02-14T14:30:42","slug":"jtag-debugger-for-mpc5xxx-auto-pack","status":"publish","type":"product","link":"https:\/\/quantum.com.pl\/pl\/product\/jtag-debugger-for-mpc5xxx-auto-pack\/","title":{"rendered":"JTAG Debugger for MPC5xxx Auto (PACK)"},"content":{"rendered":"<p>Kabel mo\u017cna rozszerzy\u0107 o dodatkowe licencje:<\/p>\n<p>LA-3743A Debugger for Armv8\/Armv9-A\/R Add.<br \/>\nLA-3750A Debug License for ARC\u00ae Add.<br \/>\nLA-2760A Debugger for dsPIC Add.<br \/>\nLA-3732A OCDS Debugger for XC800 Additional<br \/>\nLA-3730A Debug License for MicroBlaze Additional<br \/>\nLA-7838A Debug License for C6000 Add.<br \/>\nLA-3760A Debug License for Xtensa\u00ae Add.<br \/>\nLA-3719A Debugger for RH850 Additional<br \/>\nLA-7844A Debugger for Cortex-M (Armv6\/7\/8-M) Add.<br \/>\nLA-7847A Debug License for C2000 Add.<br \/>\nLA-7843A Debugger for Armv7-A\/R Add.<br \/>\nLA-2540A Debugger for RISC-V 32-bit Add.<br \/>\nLA-2756A JTAG Debugger for PRU Add.<br \/>\nLA-2759A Debug License for C7000 Add.<br \/>\nLA-7756A Debugger for TriCore Additional<br \/>\nLA-2541A Debugger for RISC-V 64-bit Add.<br \/>\nLA-2900X License for PIL Simulation (Cable)<br \/>\nLA-7968X Trace License Qorivva MPC57xx and SPC57x\/58x<\/p>\n<p>Mo\u017cliwe konwertery:<\/p>\n<p>LA-2748 Converter AUTO26 to IDC20A\/IDC20A-ETK\/TI-14<br \/>\nLA-3874 Conv. AUTO26 to MICTOR38 MPC5xxx<br \/>\nLA-2745 Conv. AUTO-26 to 10-pin ECU14<br \/>\nLA-3843 Conv. AUTO-26\/OnCE14-PPC\/JTAG16-TC to ECU14<br \/>\nLA-3875 Conv. AUTO26 to Samtec50 MPC5xxx<\/p>\n","protected":false},"excerpt":{"rendered":"<h3>LA-3206<\/h3>\n<p>Debugger z licencj\u0105 Qorivva MPC5xxx\/SPC5xxx (rdzenie e200) i procesor\u00f3w Freescale PX SERIES.<\/p>\n<p>Zawiera licencj\u0119 debug dla eTPU, GTM i SPT.<br \/>\nZawiera kabel debug AUTO26 ze z\u0142\u0105czem 26-stykowym (1,8 V do 5,0 V).<br \/>\nZawiera konwerter AUTO26 do JTAG14 OnCE (LA-3873).<br \/>\nZawiera oprogramowanie TRACE32 dla system\u00f3w Windows, Linux i macOS na p\u0142ycie DVD lub do pobrania.<\/p>\n<p>Wymaga licencji mulcitore LA-7960X do jednoczesnego debugowania wielu rdzeni (licencja LA-7960X nie jest wymagana w trybie lockstep).<\/p>\n<p>Wymaga jednego z nast\u0119puj\u0105cych modu\u0142\u00f3w bazowych PowerDebug:<br \/>\nPowerDebug X-Series, PowerDebug E-Series, PowerDebug PRO,<br \/>\nPowerDebug Interface USB 2\/USB 3, PowerDebug II,<br \/>\nPowerDebug Ethernet, PowerTrace Ethernet.<\/p>\n<p>Zawiera:<\/p>\n<p>LA-3011\u00a0 AUTO26 Debug Cable V3 AUTO26 Debug Cable V3<br \/>\nLA-7753A JTAG Debugger for MPC5xxx (ICD) Additional JTAG Debugger for MPC5xxx (ICD) Additional<br \/>\nLA-3403I GTM debugging included GTM debugging included<br \/>\nLA-3405I SPT debugging included SPT debugging included<br \/>\nLA-3404I eTPU debugging included eTPU debugging included<br \/>\nLA-1948\u00a0 Automotive HALF-SIZE-CABLE 26-20<br \/>\nLA-1949\u00a0 Automotive HALF-SIZE-CABLE 26-26 Automotive HALF-SIZE-CABLE 26-26<br \/>\nLA-1947\u00a0 Automotive HALF-SIZE-CABLE 26-10 Automotive HALF-SIZE-CABLE 26-10<br \/>\nLA-3873\u00a0 Conv. AUTO26 to JTAG14 OnCE Conv. AUTO26 to JTAG14 OnCE<br \/>\nLA-8017I\u00a0 TRACE32-ICD Software Warranty First Year TRACE32-ICD Software Warranty First Year<\/p>\n","protected":false},"featured_media":16135,"template":"","meta":{"_acf_changed":false,"inline_featured_image":false,"_monsterinsights_skip_tracking":false,"_monsterinsights_sitenote_active":false,"_monsterinsights_sitenote_note":"","_monsterinsights_sitenote_category":0},"product_brand":[],"product_cat":[104,105],"product_tag":[],"class_list":{"0":"post-16009","1":"product","2":"type-product","3":"status-publish","4":"has-post-thumbnail","6":"product_cat-jtag-debuggers","7":"product_cat-lauterbach","9":"first","10":"instock","11":"shipping-taxable","12":"product-type-simple"},"acf":[],"_links":{"self":[{"href":"https:\/\/quantum.com.pl\/pl\/wp-json\/wp\/v2\/product\/16009","targetHints":{"allow":["GET"]}}],"collection":[{"href":"https:\/\/quantum.com.pl\/pl\/wp-json\/wp\/v2\/product"}],"about":[{"href":"https:\/\/quantum.com.pl\/pl\/wp-json\/wp\/v2\/types\/product"}],"wp:featuredmedia":[{"embeddable":true,"href":"https:\/\/quantum.com.pl\/pl\/wp-json\/wp\/v2\/media\/16135"}],"wp:attachment":[{"href":"https:\/\/quantum.com.pl\/pl\/wp-json\/wp\/v2\/media?parent=16009"}],"wp:term":[{"taxonomy":"product_brand","embeddable":true,"href":"https:\/\/quantum.com.pl\/pl\/wp-json\/wp\/v2\/product_brand?post=16009"},{"taxonomy":"product_cat","embeddable":true,"href":"https:\/\/quantum.com.pl\/pl\/wp-json\/wp\/v2\/product_cat?post=16009"},{"taxonomy":"product_tag","embeddable":true,"href":"https:\/\/quantum.com.pl\/pl\/wp-json\/wp\/v2\/product_tag?post=16009"}],"curies":[{"name":"wp","href":"https:\/\/api.w.org\/{rel}","templated":true}]}}