{"id":16061,"date":"2025-03-05T11:50:01","date_gmt":"2025-03-05T10:50:01","guid":{"rendered":"https:\/\/quantum.com.pl\/product\/powerdebug-x51\/"},"modified":"2026-01-16T14:29:12","modified_gmt":"2026-01-16T13:29:12","slug":"powerdebug-x51","status":"publish","type":"product","link":"https:\/\/quantum.com.pl\/pl\/product\/powerdebug-x51\/","title":{"rendered":"PowerDebug X51 (LA-3507)"},"content":{"rendered":"<h3>Numer produktu: LA-3507<\/h3>\n<p>PowerDebug X51 jest nast\u0119pc\u0105 PowerDebug X50 (LA-3506).<\/p>\n<p>Uniwersalny kontroler debugowania Extended Connectivity Line (Gen 5) z 1 Gbit Ethernet (przez TCP\/IPv4 i TCP\/IPv6) i USB 3.2 Gen 1 dla Windows\/Linux\/macOS.<\/p>\n<p>Mo\u017cna rozszerzy\u0107 za pomoc\u0105 opcjonalnego modu\u0142u \u015bledzenia PowerTrace i analizatora logicznego PowerIntergrator.<\/p>\n<p>Zawiera:<br \/>\n<strong>LA-1958<\/strong> \u00a0 Zasilacz<br \/>\n<strong>LA-1987<\/strong> \u00a0 Kabel USB-A do USB-C (USB 3.2 Gen 1)<br \/>\n<strong>LA-7411<\/strong> \u00a0 Trigger connector<\/p>\n<p>Wymaga kabla debugowania TRACE32 lub CombiProbe.<br \/>\nWymaga oprogramowania TRACE32 w wersji <strong>R.2024.09<\/strong> lub nowszej.<br \/>\nWymaga komputera PC lub Mac z systemem Windows, Linux lub macOS.<\/p>\n<p>PowerDebug X51 (LA-3507) b\u0119dzie dost\u0119pny od 1 kwietnia 2025 r.<\/p>\n<p>Zam\u00f3wienia na PowerDebug X51 b\u0119d\u0105 nadal przyjmowane i realizowane do momentu jego ca\u0142kowitego wycofania z produkcji (czerwiec 2025).<\/p>\n","protected":false},"excerpt":{"rendered":"<p><span class=\"HwtZe\" lang=\"pl\"><span class=\"jCAhz ChMk0b\"><span class=\"ryNqvb\">Zmiany\/r\u00f3\u017cnice w stosunku do LA-3506:<\/span><\/span><\/span><\/p>\n<div dir=\"ltr\"><\/div>\n<div class=\"lRu31\" dir=\"ltr\"><span class=\"HwtZe\" lang=\"pl\"><span class=\"jCAhz ChMk0b\"><span class=\"ryNqvb\">1. Nowe funkcje zasilacza: <\/span><\/span><\/span><\/div>\n<ul>\n<li class=\"lRu31\" dir=\"ltr\"><span class=\"HwtZe\" lang=\"pl\"><span class=\"jCAhz ChMk0b\"><span class=\"ryNqvb\">Przycisk zasilania do \u0142atwego w\u0142\u0105czania i wy\u0142\u0105czania <\/span><\/span><\/span><\/li>\n<li class=\"lRu31\" dir=\"ltr\"><span class=\"HwtZe\" lang=\"pl\"><span class=\"jCAhz ChMk0b\"><span class=\"ryNqvb\">Zasilanie urz\u0105dzenia przez USB-C <\/span><\/span><\/span><\/li>\n<li class=\"lRu31\" dir=\"ltr\"><span class=\"HwtZe\" lang=\"pl\"><span class=\"jCAhz ChMk0b\"><span class=\"ryNqvb\">Opcja dla zasilaczy 12 V <\/span><\/span><\/span><\/li>\n<\/ul>\n<div dir=\"ltr\"><\/div>\n<div class=\"lRu31\" dir=\"ltr\"><span class=\"HwtZe\" lang=\"pl\"><span class=\"jCAhz ChMk0b\"><span class=\"ryNqvb\">2. Nowe funkcje interfejsu hosta: <\/span><\/span><\/span><\/div>\n<ul>\n<li class=\"lRu31\" dir=\"ltr\"><span class=\"HwtZe\" lang=\"pl\"><span class=\"jCAhz ChMk0b\"><span class=\"ryNqvb\">Ethernet 2,5 Gbit\/s. LA-3507 wspiera nast\u0119puj\u0105ce pr\u0119dko\u015bci Ethernet: 10 Mbit\/s, 100 Mbit\/s, 1 Gbit\/s\u00a0 oraz 2,5 Gbit\/s <\/span><\/span><\/span><\/li>\n<li class=\"lRu31\" dir=\"ltr\"><span class=\"HwtZe\" lang=\"pl\"><span class=\"jCAhz ChMk0b\"><span class=\"ryNqvb\">USB-C zamiast USB-B.<\/span><\/span> <span class=\"jCAhz\"><span class=\"ryNqvb\">USB 3.2 Gen 1\u00d71 z 5 Gbit\/s <\/span><\/span><\/span><\/li>\n<\/ul>\n<div dir=\"ltr\"><\/div>\n<div class=\"lRu31\" dir=\"ltr\"><span class=\"HwtZe\" lang=\"pl\"><span class=\"jCAhz\"><span class=\"ryNqvb\">3. Nowe funkcje dla kontroli docelowej i debugowania: <\/span><\/span><\/span><\/div>\n<ul>\n<li class=\"lRu31\" dir=\"ltr\"><span class=\"HwtZe\" lang=\"pl\"><span class=\"jCAhz\"><span class=\"ryNqvb\">Kontrola docelowa.<\/span><\/span> <span class=\"jCAhz ChMk0b\"><span class=\"ryNqvb\">Port USB mo\u017ce dzia\u0142a\u0107 jako master do odczytu i sterowania terminalem szeregowym Twojego celu znajduj\u0105cego si\u0119 w zdalnym laboratorium <\/span><\/span><\/span><\/li>\n<li class=\"lRu31\" dir=\"ltr\"><span class=\"HwtZe\" lang=\"pl\"><span class=\"jCAhz ChMk0b\"><span class=\"ryNqvb\">Przyciski i diody LED.<\/span><\/span> <span class=\"jCAhz ChMk0b\"><span class=\"ryNqvb\">Przycisk startowy do uruchamiania skrypt\u00f3w PRACTICE, np. programowania lub testowania napisanych w PRACTICE.<\/span><\/span> <span class=\"jCAhz ChMk0b\"><span class=\"ryNqvb\">Dwie diody RGB-LED sterowane przez PRACTICE, aby uzyska\u0107 informacje zwrotne o stanie np. skryptu testowego lub flashowania, bez konieczno\u015bci sprawdzania ekranu komputera <\/span><\/span><\/span><\/li>\n<\/ul>\n<div dir=\"ltr\"><\/div>\n<div class=\"lRu31\" dir=\"ltr\"><span class=\"HwtZe\" lang=\"pl\"><span class=\"jCAhz ChMk0b\"><span class=\"ryNqvb\">4. Nowe funkcje dla samodzielnej pracy (nie b\u0119d\u0105 dost\u0119pne od samego pocz\u0105tku ale powinne zosta\u0107 udost\u0119pnione w ci\u0105gu 2025 roku): <\/span><\/span><\/span><\/div>\n<ul>\n<li class=\"lRu31\" dir=\"ltr\"><span class=\"HwtZe\" lang=\"pl\"><span class=\"jCAhz ChMk0b\"><span class=\"ryNqvb\">U\u017cywanie PowerDebug X51 jako samodzielnego narz\u0119dzia do 'flash-programming&#8217; lub 'in-field testing&#8217;<br \/>\n<\/span><\/span><\/span><\/li>\n<li class=\"lRu31\" dir=\"ltr\"><span class=\"HwtZe\" lang=\"pl\"><span class=\"jCAhz ChMk0b\"><span class=\"ryNqvb\">U\u017cywanie PowerDebug X51 zdalnie za pomoc\u0105 przegl\u0105darki internetowej <\/span><\/span><\/span><\/li>\n<li class=\"lRu31\" dir=\"ltr\"><span class=\"HwtZe\" lang=\"pl\"><span class=\"jCAhz ChMk0b\"><span class=\"ryNqvb\">PowerDebug X51 ma gniazdo na kart\u0119 microSD<\/span><\/span><\/span><\/li>\n<\/ul>\n","protected":false},"featured_media":16057,"template":"","meta":{"_acf_changed":false,"inline_featured_image":false,"_monsterinsights_skip_tracking":false,"_monsterinsights_sitenote_active":false,"_monsterinsights_sitenote_note":"","_monsterinsights_sitenote_category":0},"product_brand":[],"product_cat":[1623,105,1631],"product_tag":[],"class_list":{"0":"post-16061","1":"product","2":"type-product","3":"status-publish","4":"has-post-thumbnail","6":"product_cat-debugger-hardware","7":"product_cat-lauterbach","8":"product_cat-powerdebug-pro","10":"first","11":"instock","12":"shipping-taxable","13":"product-type-simple"},"acf":[],"_links":{"self":[{"href":"https:\/\/quantum.com.pl\/pl\/wp-json\/wp\/v2\/product\/16061","targetHints":{"allow":["GET"]}}],"collection":[{"href":"https:\/\/quantum.com.pl\/pl\/wp-json\/wp\/v2\/product"}],"about":[{"href":"https:\/\/quantum.com.pl\/pl\/wp-json\/wp\/v2\/types\/product"}],"wp:featuredmedia":[{"embeddable":true,"href":"https:\/\/quantum.com.pl\/pl\/wp-json\/wp\/v2\/media\/16057"}],"wp:attachment":[{"href":"https:\/\/quantum.com.pl\/pl\/wp-json\/wp\/v2\/media?parent=16061"}],"wp:term":[{"taxonomy":"product_brand","embeddable":true,"href":"https:\/\/quantum.com.pl\/pl\/wp-json\/wp\/v2\/product_brand?post=16061"},{"taxonomy":"product_cat","embeddable":true,"href":"https:\/\/quantum.com.pl\/pl\/wp-json\/wp\/v2\/product_cat?post=16061"},{"taxonomy":"product_tag","embeddable":true,"href":"https:\/\/quantum.com.pl\/pl\/wp-json\/wp\/v2\/product_tag?post=16061"}],"curies":[{"name":"wp","href":"https:\/\/api.w.org\/{rel}","templated":true}]}}