{"id":16103,"date":"2025-01-15T14:54:37","date_gmt":"2025-01-15T13:54:37","guid":{"rendered":"https:\/\/quantum.com.pl\/product\/com-hpc-carrierboard\/"},"modified":"2025-05-07T15:49:22","modified_gmt":"2025-05-07T13:49:22","slug":"com-hpc-carrierboard","status":"publish","type":"product","link":"https:\/\/quantum.com.pl\/pl\/product\/com-hpc-carrierboard\/","title":{"rendered":"COM-HPC Carrier Board"},"content":{"rendered":"<h2 class=\"fusion-responsive-typography-calculated\" data-fontsize=\"24\" data-lineheight=\"36px\">Specyfikacja produktu:<\/h2>\n<table class=\"woocommerce-product-attributes shop_attributes\" aria-label=\"Product Details\">\n<tbody>\n<tr class=\"woocommerce-product-attributes-item woocommerce-product-attributes-item--attribute_module-compatibility\">\n<th class=\"woocommerce-product-attributes-item__label\" scope=\"row\">Module Compatibility<\/th>\n<td class=\"woocommerce-product-attributes-item__value\">\u2013 Size A (95x120mm)<br \/>\n\u2013 Size B (120x120mm)<br \/>\n\u2013 Size C (160x120mm)<\/td>\n<\/tr>\n<tr class=\"woocommerce-product-attributes-item woocommerce-product-attributes-item--attribute_gpiouartspii2c-connector\">\n<th class=\"woocommerce-product-attributes-item__label\" scope=\"row\">GPIO\/UART\/SPI\/I2C Connector<\/th>\n<td class=\"woocommerce-product-attributes-item__value\">\u2013 12x GPIO (3.3V CMOS)<br \/>\n\u2013 2x SDP<br \/>\n\u2013 1x I2C (3.3V CMOS)<\/td>\n<\/tr>\n<tr class=\"woocommerce-product-attributes-item woocommerce-product-attributes-item--attribute_network-connectivity\">\n<th class=\"woocommerce-product-attributes-item__label\" scope=\"row\">Network Connectivity<\/th>\n<td class=\"woocommerce-product-attributes-item__value\">2x NBase-T (2x 2.5Gbps)<\/td>\n<\/tr>\n<tr class=\"woocommerce-product-attributes-item woocommerce-product-attributes-item--attribute_serial-console\">\n<th class=\"woocommerce-product-attributes-item__label\" scope=\"row\">Serial Console<\/th>\n<td class=\"woocommerce-product-attributes-item__value\">1x Serial Console via micro USB (USB UART)<\/td>\n<\/tr>\n<tr class=\"woocommerce-product-attributes-item woocommerce-product-attributes-item--attribute_memory-expansion\">\n<th class=\"woocommerce-product-attributes-item__label\" scope=\"row\">Memory Expansion<\/th>\n<td class=\"woocommerce-product-attributes-item__value\">4x 2280 M.2 M-Key Sockets (PCIe Gen4 Capable)<\/td>\n<\/tr>\n<tr class=\"woocommerce-product-attributes-item woocommerce-product-attributes-item--attribute_misc\">\n<th class=\"woocommerce-product-attributes-item__label\" scope=\"row\">MISC<\/th>\n<td class=\"woocommerce-product-attributes-item__value\">1x 4-pin FAN connector<br \/>\n1x Power\/Reset buttons<br \/>\n1x Utility connector<\/td>\n<\/tr>\n<tr class=\"woocommerce-product-attributes-item woocommerce-product-attributes-item--attribute_pa_display\">\n<th class=\"woocommerce-product-attributes-item__label\" scope=\"row\">Display<\/th>\n<td class=\"woocommerce-product-attributes-item__value\">2x Mini-Display Port<\/td>\n<\/tr>\n<tr class=\"woocommerce-product-attributes-item woocommerce-product-attributes-item--attribute_operating-temperature\">\n<th class=\"woocommerce-product-attributes-item__label\" scope=\"row\">Operating Temperature<\/th>\n<td class=\"woocommerce-product-attributes-item__value\">-40\u00b0C to 85\u00b0C (-40\u00b0F to 185\u00b0F)<\/td>\n<\/tr>\n<tr class=\"woocommerce-product-attributes-item woocommerce-product-attributes-item--attribute_expansion-ports\">\n<th class=\"woocommerce-product-attributes-item__label\" scope=\"row\">Expansion Ports<\/th>\n<td class=\"woocommerce-product-attributes-item__value\">\u2013 2x 3042\/3052 M.2 B-Key: Supports both PCIe and USB 3.1 connectivity<br \/>\n\u2013 1x 2230 M.2 E-Key: Supports both PCIe and USB 2.0 connectivity<br \/>\n\u2013 2x OCuLink Cable PCIe Expansion Connectors (Each x4 PCIe Capable)<\/td>\n<\/tr>\n<tr class=\"woocommerce-product-attributes-item woocommerce-product-attributes-item--attribute_input-power\">\n<th class=\"woocommerce-product-attributes-item__label\" scope=\"row\">Input Power<\/th>\n<td class=\"woocommerce-product-attributes-item__value\">\u2013 +12V DC<br \/>\n\u2013 2\u00d73 Mini-Fit Jr. Input Power Connector (standard GPU Pinout)<br \/>\n\u2013 ATX and AT\/Auto-Power ON supported<\/td>\n<\/tr>\n<tr class=\"woocommerce-product-attributes-item woocommerce-product-attributes-item--attribute_usb\">\n<th class=\"woocommerce-product-attributes-item__label\" scope=\"row\">USB<\/th>\n<td class=\"woocommerce-product-attributes-item__value\">\u2022 3x USB 3.2 Gen 2.1 via (USB Type-C Connector)<br \/>\n\u2022 2x USB 2.0 (USB Type-A Connector)<\/td>\n<\/tr>\n<tr class=\"woocommerce-product-attributes-item woocommerce-product-attributes-item--attribute_pa_dimensions\">\n<th class=\"woocommerce-product-attributes-item__label\" scope=\"row\">Dimensions<\/th>\n<td class=\"woocommerce-product-attributes-item__value\">180mm x 160mm (7.087\u201d x 6.299\u201d) \u2013 Client Modules Size A, B, or C are supported.<\/td>\n<\/tr>\n<\/tbody>\n<\/table>\n<p>&nbsp;<\/p>\n","protected":false},"excerpt":{"rendered":"<div class=\"wpb_text_column wpb_content_element \">\n<div class=\"wpb_wrapper\">\n<h3><span class=\"sku_wrapper\">Kod produktu: <span class=\"sku\">HPC001<\/span><\/span><\/h3>\n<\/div>\n<\/div>\n<div id=\"tab-description\" class=\"woocommerce-Tabs-panel woocommerce-Tabs-panel--description panel entry-content wc-tab\" role=\"tabpanel\" aria-labelledby=\"tab-title-description\">\n<p><span class=\"HwtZe\" lang=\"pl\"><span class=\"jCAhz ChMk0b\"><span class=\"ryNqvb\">Ta niewielka p\u0142yta no\u015bna posiada z\u0142\u0105cza typu PC o du\u017cej pr\u0119dko\u015bci.<\/span><\/span> <span class=\"jCAhz ChMk0b\"><span class=\"ryNqvb\">P\u0142yta no\u015bna COM-HPC\u00ae jest integralnym dodatkiem do linii produkt\u00f3w Connect Tech, obs\u0142uguj\u0105cym najnowsz\u0105 specyfikacj\u0119 COM-HPC\u00ae.<\/span><\/span> <span class=\"jCAhz ChMk0b\"><span class=\"ryNqvb\">Zwi\u0119ksz pr\u0119dko\u015b\u0107, obni\u017c koszty, wspieraj badania i innowacje dzi\u0119ki p\u0142ycie no\u015bnej COM-HPC\u00ae.<\/span><\/span><\/span><\/p>\n<\/div>\n<h3>Najwa\u017cniejsze cechy:<\/h3>\n<div class=\"wpb_text_column wpb_content_element \">\n<div class=\"wpb_wrapper\">\n<ul>\n<li>Based on COM-HPC\u00ae for Client Modules A, B, or C<\/li>\n<li>2x NBASE-T; 3x USB 3.2 Gen 2\u00d71 via USB type C<\/li>\n<li>4x 2280 M.2 M-Key, 2x 3042\/3052 M.2 B-Key, 1x 3030 M.2 E-Key<\/li>\n<li>Dimensions: 180mm x 160mm<\/li>\n<li>Extended Temperature Range -40\u00b0C to +85\u00b0C<\/li>\n<\/ul>\n<\/div>\n<\/div>\n","protected":false},"featured_media":16037,"template":"","meta":{"_acf_changed":false,"inline_featured_image":false,"_monsterinsights_skip_tracking":false,"_monsterinsights_sitenote_active":false,"_monsterinsights_sitenote_note":"","_monsterinsights_sitenote_category":0},"product_brand":[],"product_cat":[1691,1472,1584],"product_tag":[],"class_list":{"0":"post-16103","1":"product","2":"type-product","3":"status-publish","4":"has-post-thumbnail","6":"product_cat-com-hpc-carrier-boards-2","7":"product_cat-connect-tech-inc","8":"product_cat-komputery-jednoplytkowe-sbc-2","10":"first","11":"instock","12":"shipping-taxable","13":"product-type-simple"},"acf":[],"_links":{"self":[{"href":"https:\/\/quantum.com.pl\/pl\/wp-json\/wp\/v2\/product\/16103","targetHints":{"allow":["GET"]}}],"collection":[{"href":"https:\/\/quantum.com.pl\/pl\/wp-json\/wp\/v2\/product"}],"about":[{"href":"https:\/\/quantum.com.pl\/pl\/wp-json\/wp\/v2\/types\/product"}],"wp:featuredmedia":[{"embeddable":true,"href":"https:\/\/quantum.com.pl\/pl\/wp-json\/wp\/v2\/media\/16037"}],"wp:attachment":[{"href":"https:\/\/quantum.com.pl\/pl\/wp-json\/wp\/v2\/media?parent=16103"}],"wp:term":[{"taxonomy":"product_brand","embeddable":true,"href":"https:\/\/quantum.com.pl\/pl\/wp-json\/wp\/v2\/product_brand?post=16103"},{"taxonomy":"product_cat","embeddable":true,"href":"https:\/\/quantum.com.pl\/pl\/wp-json\/wp\/v2\/product_cat?post=16103"},{"taxonomy":"product_tag","embeddable":true,"href":"https:\/\/quantum.com.pl\/pl\/wp-json\/wp\/v2\/product_tag?post=16103"}],"curies":[{"name":"wp","href":"https:\/\/api.w.org\/{rel}","templated":true}]}}