{"id":16105,"date":"2025-01-15T14:11:39","date_gmt":"2025-01-15T13:11:39","guid":{"rendered":"https:\/\/quantum.com.pl\/product\/com-hpc-mcarrierboard\/"},"modified":"2025-05-07T15:49:50","modified_gmt":"2025-05-07T13:49:50","slug":"com-hpc-mcarrierboard","status":"publish","type":"product","link":"https:\/\/quantum.com.pl\/pl\/product\/com-hpc-mcarrierboard\/","title":{"rendered":"COM-HPC Mini Carrier Board"},"content":{"rendered":"<h2 class=\"fusion-responsive-typography-calculated\" data-fontsize=\"24\" data-lineheight=\"36px\">Specyfikacja produktu:<\/h2>\n<table class=\"woocommerce-product-attributes shop_attributes\" aria-label=\"Product Details\">\n<tbody>\n<tr class=\"woocommerce-product-attributes-item woocommerce-product-attributes-item--attribute_module-compatibility\">\n<th class=\"woocommerce-product-attributes-item__label\" scope=\"row\">Module Compatibility<\/th>\n<td class=\"woocommerce-product-attributes-item__value\">COM-HPC\u00ae Mini Compliant<\/td>\n<\/tr>\n<tr class=\"woocommerce-product-attributes-item woocommerce-product-attributes-item--attribute_ethernet-connectivity\">\n<th class=\"woocommerce-product-attributes-item__label\" scope=\"row\">Ethernet Connectivity<\/th>\n<td class=\"woocommerce-product-attributes-item__value\">4x 2.5 Gb Ethernet Ports<\/td>\n<\/tr>\n<tr class=\"woocommerce-product-attributes-item woocommerce-product-attributes-item--attribute_usb\">\n<th class=\"woocommerce-product-attributes-item__label\" scope=\"row\">USB<\/th>\n<td class=\"woocommerce-product-attributes-item__value\">\u2013 4x USB 3.2 Ports (10Gbps Capable)<br \/>\n\u2013 Rugged Locking High-Speed Samtec ARF6 Connector<\/td>\n<\/tr>\n<tr class=\"woocommerce-product-attributes-item woocommerce-product-attributes-item--attribute_m-2-expansion\">\n<th class=\"woocommerce-product-attributes-item__label\" scope=\"row\">M.2 Expansion<\/th>\n<td class=\"woocommerce-product-attributes-item__value\">\u2013 1x 2280 M.2 M-Key (PCIe x4, NVMe)<br \/>\n\u2013 1x 2230 M.2 E-Key (WiFi\/BT)<\/td>\n<\/tr>\n<tr class=\"woocommerce-product-attributes-item woocommerce-product-attributes-item--attribute_serial-interfaces\">\n<th class=\"woocommerce-product-attributes-item__label\" scope=\"row\">Serial Interfaces<\/th>\n<td class=\"woocommerce-product-attributes-item__value\">\u2013 2x UART\/CONSOLE 3.3V TTL<br \/>\n\u2013 2x RS-232\/RS-485<br \/>\n\u2013 1x I2C Channel @ 3.3V IO<br \/>\n\u2013 1x SPI Channel @ 3.3V IO<br \/>\n\u2013 1x CAN 2.0B (non-isolated)<\/td>\n<\/tr>\n<tr class=\"woocommerce-product-attributes-item woocommerce-product-attributes-item--attribute_gpio\">\n<th class=\"woocommerce-product-attributes-item__label\" scope=\"row\">GPIO<\/th>\n<td class=\"woocommerce-product-attributes-item__value\">\u2013 GPIOs 3.3V Input\/Output Capable pins<br \/>\n\u2013 1x 3.3V Power Pin at 1A<\/td>\n<\/tr>\n<tr class=\"woocommerce-product-attributes-item woocommerce-product-attributes-item--attribute_input-power\">\n<th class=\"woocommerce-product-attributes-item__label\" scope=\"row\">Input Power<\/th>\n<td class=\"woocommerce-product-attributes-item__value\">+12V Only<\/td>\n<\/tr>\n<tr class=\"woocommerce-product-attributes-item woocommerce-product-attributes-item--attribute_rtc\">\n<th class=\"woocommerce-product-attributes-item__label\" scope=\"row\">RTC<\/th>\n<td class=\"woocommerce-product-attributes-item__value\">Implemented via 3-pin picoblade<\/td>\n<\/tr>\n<tr class=\"woocommerce-product-attributes-item woocommerce-product-attributes-item--attribute_pa_dimensions\">\n<th class=\"woocommerce-product-attributes-item__label\" scope=\"row\">Dimensions<\/th>\n<td class=\"woocommerce-product-attributes-item__value\">115mm x 70mm (4.528&#8243; x 2.756&#8243;)<\/td>\n<\/tr>\n<\/tbody>\n<\/table>\n","protected":false},"excerpt":{"rendered":"<h3><span class=\"sku_wrapper\">Kod produktu: <span class=\"sku\">HPC002<\/span><\/span><\/h3>\n<p data-fontsize=\"24\" data-lineheight=\"36px\"><span class=\"HwtZe\" lang=\"pl\"><span class=\"jCAhz ChMk0b\"><span class=\"ryNqvb\">P\u0142yta no\u015bna COM-HPC\u00ae Mini Carrier Board oferuje rozbudowane opcje \u0142\u0105czno\u015bci w po\u0142\u0105czeniu z szybkimi i wytrzyma\u0142ymi z\u0142\u0105czami blokuj\u0105cymi.<\/span><\/span> <\/span><\/p>\n<p data-fontsize=\"24\" data-lineheight=\"36px\"><span class=\"HwtZe\" lang=\"pl\"><span class=\"jCAhz ChMk0b\"><span class=\"ryNqvb\">Zaprojektowana do obs\u0142ugi najnowszej specyfikacji COM-HPC\u00ae Mini, p\u0142yta no\u015bna Mini Carrier Board jest kompaktow\u0105 i wszechstronn\u0105 platform\u0105 do zastosowa\u0144 obliczeniowych o wysokiej wydajno\u015bci.<\/span><\/span> <span class=\"jCAhz ChMk0b\"><span class=\"ryNqvb\">Zoptymalizuj zarz\u0105dzanie energi\u0105, zminimalizuj przestrze\u0144 i zu\u017cycie energii oraz skr\u00f3\u0107 czas rozwoju dzi\u0119ki tej skalowalnej p\u0142ycie no\u015bnej Mini Carrier Board.<\/span><\/span><\/span><\/p>\n<h3><\/h3>\n<h3>Najwa\u017cniejsze cechy:<\/h3>\n<p><span class=\"HwtZe\" lang=\"pl\"><span class=\"jCAhz ChMk0b\"><span class=\"ryNqvb\">Umo\u017cliwia bezproblemow\u0105 integracj\u0119 ze \u015brodowiskami edge computing, AI i IoT.<\/span><\/span> <span class=\"jCAhz ChMk0b\"><span class=\"ryNqvb\">Komercyjne rozwi\u0105zanie gotowe do u\u017cycia, kt\u00f3re przyspiesza czas wprowadzania produktu na rynek.<\/span><\/span><\/span><\/p>\n<div class=\"wpb_text_column wpb_content_element \">\n<div class=\"wpb_wrapper\">\n<ul>\n<li>Secure rugged locking\/latching connectors on all I\/O ports<\/li>\n<li>1x 2280 M.2 M-Key (PCIe x4, NVMe), 1x 2230 M.2 E-Key (WiFi\/BT)<\/li>\n<li>2x UART, 2x RS-232\/RS-485, 1x I2C, 1x SPI, 1x CAN 2.0B<\/li>\n<li>4x 2.5Gb Ethernet; 4x USB 3.2 Ports<\/li>\n<\/ul>\n<\/div>\n<\/div>\n<h3 class=\"yikes-custom-woo-tab-title yikes-custom-woo-tab-title-ordering-information fusion-responsive-typography-calculated\" data-fontsize=\"24\" data-lineheight=\"36px\">Ordering Information:<\/h3>\n<p>HPC002 COM-HPC\u00ae Mini Carrier Board<\/p>\n<p>Cables\/Accessories<br \/>\nCBG762 COM-HPC\u00ae Mini Carrier USB Cable<br \/>\nCBG763 COM-HPC\u00ae Mini Carrier Ethernet Cable<br \/>\nCBG764 COM-HPC\u00ae Mini Carrier IO Cable<br \/>\nCBG765 COM-HPC\u00ae Mini Carrier Power Cable<\/p>\n<p>&nbsp;<\/p>\n","protected":false},"featured_media":16034,"template":"","meta":{"_acf_changed":false,"inline_featured_image":false,"_monsterinsights_skip_tracking":false,"_monsterinsights_sitenote_active":false,"_monsterinsights_sitenote_note":"","_monsterinsights_sitenote_category":0},"product_brand":[],"product_cat":[1691,1472,1584],"product_tag":[],"class_list":{"0":"post-16105","1":"product","2":"type-product","3":"status-publish","4":"has-post-thumbnail","6":"product_cat-com-hpc-carrier-boards-2","7":"product_cat-connect-tech-inc","8":"product_cat-komputery-jednoplytkowe-sbc-2","10":"first","11":"instock","12":"shipping-taxable","13":"product-type-simple"},"acf":[],"_links":{"self":[{"href":"https:\/\/quantum.com.pl\/pl\/wp-json\/wp\/v2\/product\/16105","targetHints":{"allow":["GET"]}}],"collection":[{"href":"https:\/\/quantum.com.pl\/pl\/wp-json\/wp\/v2\/product"}],"about":[{"href":"https:\/\/quantum.com.pl\/pl\/wp-json\/wp\/v2\/types\/product"}],"wp:featuredmedia":[{"embeddable":true,"href":"https:\/\/quantum.com.pl\/pl\/wp-json\/wp\/v2\/media\/16034"}],"wp:attachment":[{"href":"https:\/\/quantum.com.pl\/pl\/wp-json\/wp\/v2\/media?parent=16105"}],"wp:term":[{"taxonomy":"product_brand","embeddable":true,"href":"https:\/\/quantum.com.pl\/pl\/wp-json\/wp\/v2\/product_brand?post=16105"},{"taxonomy":"product_cat","embeddable":true,"href":"https:\/\/quantum.com.pl\/pl\/wp-json\/wp\/v2\/product_cat?post=16105"},{"taxonomy":"product_tag","embeddable":true,"href":"https:\/\/quantum.com.pl\/pl\/wp-json\/wp\/v2\/product_tag?post=16105"}],"curies":[{"name":"wp","href":"https:\/\/api.w.org\/{rel}","templated":true}]}}