{"id":16132,"date":"2025-02-14T14:12:31","date_gmt":"2025-02-14T13:12:31","guid":{"rendered":"https:\/\/quantum.com.pl\/product\/combiprobe2-for-auto-pack\/"},"modified":"2025-02-17T14:37:14","modified_gmt":"2025-02-17T13:37:14","slug":"combiprobe2-for-auto-pack","status":"publish","type":"product","link":"https:\/\/quantum.com.pl\/pl\/product\/combiprobe2-for-auto-pack\/","title":{"rendered":"CombiProbe 2 for AUTO26 (PACK)"},"content":{"rendered":"<p>Kabel mo\u017cna rozszerzy\u0107 o dodatkowe licencje:<br \/>\nLA-2768A JTAG Debugger for Synopsys ASIP Cores Add.<br \/>\nLA-3743A Debugger for Armv8\/Armv9-A\/R Add.<br \/>\nLA-3776A JTAG Debugger for Intel x86\/x64 Add.<br \/>\nLA-7837A Debug License for Nios\u00ae II Add.<br \/>\nLA-7760A Debugger License for MIPS32 Add.<br \/>\nLA-3750A Debug License for ARC\u00ae 32-bit Add.<br \/>\nLA-2760A Debugger for dsPIC Add.<br \/>\nLA-2751A JTAG Debugger for STRED Add.<br \/>\nLA-3730A Debug License for MicroBlaze Additional<br \/>\nLA-3712A JTAG Debugger for ZSP500 DSP Core Additional<br \/>\nLA-7746A JTAG Debugger License for Arm7 Add.<br \/>\nLA-7838A Debug License for C6000 Add.<br \/>\nLA-3760A Debug License for Xtensa\u00ae Add.<br \/>\nLA-3711A Debug License for CEVA-X Add.<br \/>\nLA-7844A Debugger for Cortex-M (Armv6\/7\/8-M) Add.<br \/>\nLA-7742A JTAG Debugger License for Arm9 Add.<br \/>\nLA-7847A Debug License for C2000 Add.<br \/>\nLA-7843A Debugger for Armv7-A\/R Add.<br \/>\nLA-2540A Debugger for RISC-V 32-bit Add.<br \/>\nLA-2756A JTAG Debugger for PRU Add.<br \/>\nLA-7774A JTAG Debug. for Teak\/TeakLite JAM 20 Add.<br \/>\nLA-2759A Debug License for C7000 Add.<br \/>\nLA-7756A Debugger for TriCore Additional<br \/>\nLA-2541A Debugger for RISC-V 64-bit Add.<br \/>\nLA-7765A JTAG Debugger License for Arm11 Add.<br \/>\nLA-3741A Debug License for Hexagon Add.<\/p>\n<p>Mo\u017cliwy konwerter:<br \/>\nLA-3597 Converter AUTO20 to AURIX-HSTCU<\/p>\n","protected":false},"excerpt":{"rendered":"<h3><strong>LA-3081<\/strong><\/h3>\n<p>CombiProbe 2 with AUTO26 Whisker for debugging and DAP Streaming, posiada wsparcie dla DAP (DAP2, DAP3, DAP4, DAPWide), JTAG, DXCPL\/DXCM.<\/p>\n<div class=\"lRu31\" dir=\"ltr\">\n<p>Aby uzyska\u0107 optymaln\u0105 wydajno\u015b\u0107, zalecamy korzystanie z trybu DAP. Strumieniowanie DAP jest obs\u0142ugiwane przez TriCore (w trybie DAP) i dzia\u0142a najskuteczniej z DAPWide (do 320 Mbit\/s).<\/p>\n<p>W przypadku DXCPL\/DXCM r\u00f3wnie\u017c potrzebny b\u0119dzie CAN-Box (LA-3889).<\/p>\n<p>Zakres napi\u0119cia: 1,8 V do 5,0 V.<br \/>\nCz\u0119stotliwo\u015b\u0107 zegara debugowania: 10 kHz do 160 MHz.<br \/>\nZ\u0142\u0105cze docelowe: AUTO26, AUTO20, AUTO10.<br \/>\nPami\u0119\u0107 \u015bledzenia: 512 MB.<\/p>\n<p>Zawiera oprogramowanie TRACE32 dla system\u00f3w Windows, Linux i macOS na p\u0142ycie DVD i do pobrania.<\/p>\n<p>Wymaga nast\u0119puj\u0105cej licencji:<br \/>\nLA-7756A (Debugger dla TriCore Standard Additional).<\/p>\n<p>Analiza i wy\u015bwietlanie \u015blad\u00f3w wymaga LA-3799X (licencja \u015bledzenia dla TriCore ED).<\/p>\n<p>Wymaga interfejsu Power Debug USB 3.0, PowerDebug II,<br \/>\nPowerDebug PRO, PowerDebug E40 lub PowerDebug X50.<\/p>\n<p>Nale\u017cy pami\u0119ta\u0107, \u017ce uk\u0142ady SoC TriCore zazwyczaj obs\u0142uguj\u0105 tylko 3,3 V lub 5 V w trybie DAP. Cz\u0119stotliwo\u015b\u0107 zegara debugowania w trybie JTAG jest zwykle ograniczona do 40 MHz w uk\u0142adach SoC TriCore (podczas gdy w trybie DAP obs\u0142ugiwane jest do 160 MHz).<\/p>\n<p>Zawiera:<br \/>\nLA-1948 Automotive HALF-SIZE-CABLE 26-20<br \/>\nLA-3060 CombiProbe Hardware V2<br \/>\nLA-1949 Automotive HALF-SIZE-CABLE 26-26<br \/>\nLA-4553 AUTO26 Whisker dla CombiProbe<br \/>\nLA-1947 Automotive HALF-SIZE-CABLE 26-10<\/p>\n<p>Mo\u017cna rozszerzy\u0107 zestaw CombiProbe o sond\u0119 Mixed-Signal (LA-2500), aby rejestrowa\u0107 sygna\u0142y cyfrowe i analogowe oraz korelowa\u0107 je ze strumieniowaniem MCDS DAP. (Wymaga PowerView R.2024.02 lub nowszego).<\/p>\n<p>Mo\u017cna rozszerzy\u0107 zestaw CombiProbe o drugi AUTO26 Whisker (LA-4553) i licencj\u0119 multicore (LA-7960X), aby debugowa\u0107 i \u015bledzi\u0107 dwa uk\u0142ady TriCore jednocze\u015bnie. (Wymaga PowerView R.2024.09 lub nowszego).<\/p>\n<\/div>\n","protected":false},"featured_media":16131,"template":"","meta":{"_acf_changed":false,"inline_featured_image":false,"_monsterinsights_skip_tracking":false,"_monsterinsights_sitenote_active":false,"_monsterinsights_sitenote_note":"","_monsterinsights_sitenote_category":0},"product_brand":[],"product_cat":[1623,1581,105,1463],"product_tag":[],"class_list":{"0":"post-16132","1":"product","2":"type-product","3":"status-publish","4":"has-post-thumbnail","6":"product_cat-debugger-hardware","7":"product_cat-jtag-rd-tools","8":"product_cat-lauterbach","9":"product_cat-trace-modules-trace","11":"first","12":"instock","13":"shipping-taxable","14":"product-type-simple"},"acf":[],"_links":{"self":[{"href":"https:\/\/quantum.com.pl\/pl\/wp-json\/wp\/v2\/product\/16132","targetHints":{"allow":["GET"]}}],"collection":[{"href":"https:\/\/quantum.com.pl\/pl\/wp-json\/wp\/v2\/product"}],"about":[{"href":"https:\/\/quantum.com.pl\/pl\/wp-json\/wp\/v2\/types\/product"}],"wp:featuredmedia":[{"embeddable":true,"href":"https:\/\/quantum.com.pl\/pl\/wp-json\/wp\/v2\/media\/16131"}],"wp:attachment":[{"href":"https:\/\/quantum.com.pl\/pl\/wp-json\/wp\/v2\/media?parent=16132"}],"wp:term":[{"taxonomy":"product_brand","embeddable":true,"href":"https:\/\/quantum.com.pl\/pl\/wp-json\/wp\/v2\/product_brand?post=16132"},{"taxonomy":"product_cat","embeddable":true,"href":"https:\/\/quantum.com.pl\/pl\/wp-json\/wp\/v2\/product_cat?post=16132"},{"taxonomy":"product_tag","embeddable":true,"href":"https:\/\/quantum.com.pl\/pl\/wp-json\/wp\/v2\/product_tag?post=16132"}],"curies":[{"name":"wp","href":"https:\/\/api.w.org\/{rel}","templated":true}]}}