{"id":16221,"date":"2025-04-24T11:38:06","date_gmt":"2025-04-24T09:38:06","guid":{"rendered":"https:\/\/quantum.com.pl\/?post_type=product&#038;p=16221"},"modified":"2025-04-24T12:36:04","modified_gmt":"2025-04-24T10:36:04","slug":"quasar-carrier-for-nvidia-jetson-tx2-tx2i","status":"publish","type":"product","link":"https:\/\/quantum.com.pl\/pl\/product\/quasar-carrier-for-nvidia-jetson-tx2-tx2i\/","title":{"rendered":"Quasar Carrier for NVIDIA\u00ae Jetson&#x2122; TX2\/TX2i"},"content":{"rendered":"<h3>Dane Techniczne<\/h3>\n<table class=\"woocommerce-product-attributes shop_attributes\" aria-label=\"Product Details\">\n<tbody>\n<tr class=\"woocommerce-product-attributes-item woocommerce-product-attributes-item--attribute_pa_dimensions\">\n<th class=\"woocommerce-product-attributes-item__label\" scope=\"row\">Dimensions<\/th>\n<td class=\"woocommerce-product-attributes-item__value\">87mm x 50mm (3.425\u2033 x 1.968\u2033)<\/td>\n<\/tr>\n<tr class=\"woocommerce-product-attributes-item woocommerce-product-attributes-item--attribute_pa_display\">\n<th class=\"woocommerce-product-attributes-item__label\" scope=\"row\">Display<\/th>\n<td class=\"woocommerce-product-attributes-item__value\">1x HDMI, Supports up to HDMI 2.0 UHD 4K [2160p] at 60Hz<\/td>\n<\/tr>\n<tr class=\"woocommerce-product-attributes-item woocommerce-product-attributes-item--attribute_pa_usb\">\n<th class=\"woocommerce-product-attributes-item__label\" scope=\"row\">USB<\/th>\n<td class=\"woocommerce-product-attributes-item__value\">1x USB 2.0 (w\/ OTG functionality), 2x USB 3.0 (5Gbps, 1.4 A Maximum Current Sourcing) Dual Stack Connector<\/td>\n<\/tr>\n<tr class=\"woocommerce-product-attributes-item woocommerce-product-attributes-item--attribute_pa_ethernet\">\n<th class=\"woocommerce-product-attributes-item__label\" scope=\"row\">Ethernet<\/th>\n<td class=\"woocommerce-product-attributes-item__value\">1x Gigabit Ethernet (10\/100\/1000)<\/td>\n<\/tr>\n<tr class=\"woocommerce-product-attributes-item woocommerce-product-attributes-item--attribute_pa_audio\">\n<th class=\"woocommerce-product-attributes-item__label\" scope=\"row\">Audio<\/th>\n<td class=\"woocommerce-product-attributes-item__value\">1x HDMI Integrated Audio<\/td>\n<\/tr>\n<tr class=\"woocommerce-product-attributes-item woocommerce-product-attributes-item--attribute_pa_sd-card\">\n<th class=\"woocommerce-product-attributes-item__label\" scope=\"row\">SD Card<\/th>\n<td class=\"woocommerce-product-attributes-item__value\">1x microSD<\/td>\n<\/tr>\n<tr class=\"woocommerce-product-attributes-item woocommerce-product-attributes-item--attribute_can\">\n<th class=\"woocommerce-product-attributes-item__label\" scope=\"row\">CAN<\/th>\n<td class=\"woocommerce-product-attributes-item__value\">1x CAN 2.0b (isolated, using CAN transceiver)<\/td>\n<\/tr>\n<tr class=\"woocommerce-product-attributes-item woocommerce-product-attributes-item--attribute_mipi\">\n<th class=\"woocommerce-product-attributes-item__label\" scope=\"row\">MIPI<\/th>\n<td class=\"woocommerce-product-attributes-item__value\">1x 4-lane MIPI CSI-2 (I-PEX Connector)<\/td>\n<\/tr>\n<tr class=\"woocommerce-product-attributes-item woocommerce-product-attributes-item--attribute_pa_serial\">\n<th class=\"woocommerce-product-attributes-item__label\" scope=\"row\">Serial<\/th>\n<td class=\"woocommerce-product-attributes-item__value\">2x 3.3V UART, 4x GPIO, I2C<\/td>\n<\/tr>\n<tr class=\"woocommerce-product-attributes-item woocommerce-product-attributes-item--attribute_pa_power-requirements\">\n<th class=\"woocommerce-product-attributes-item__label\" scope=\"row\">Power Requirements<\/th>\n<td class=\"woocommerce-product-attributes-item__value\">+9V to +14V DC Nominal (+19V Peak)<\/td>\n<\/tr>\n<tr class=\"woocommerce-product-attributes-item woocommerce-product-attributes-item--attribute_pa_operating-temperature\">\n<th class=\"woocommerce-product-attributes-item__label\" scope=\"row\">Operating Temperature<\/th>\n<td class=\"woocommerce-product-attributes-item__value\">-40\u00b0C to +85\u00b0C (-40\u00b0F to +185\u00b0F)<\/td>\n<\/tr>\n<tr class=\"woocommerce-product-attributes-item woocommerce-product-attributes-item--attribute_weight\">\n<th class=\"woocommerce-product-attributes-item__label\" scope=\"row\">Weight<\/th>\n<td class=\"woocommerce-product-attributes-item__value\">45 grams<\/td>\n<\/tr>\n<\/tbody>\n<\/table>\n<p>&nbsp;<\/p>\n<h2 class=\"yikes-custom-woo-tab-title yikes-custom-woo-tab-title-ordering-information fusion-responsive-typography-calculated\" data-fontsize=\"24\" data-lineheight=\"36px\">Ordering Information<\/h2>\n<p><strong>ASG016<\/strong>\u00a0\u00a0\u00a0\u00a0\u00a0\u00a0\u00a0 Quasar Carrier for NVIDIA\u00ae Jetson&#x2122; TX2 &amp; TX2i<\/p>\n<p>Cables\/Accessories<br \/>\n<strong>XHG301<\/strong>\u00a0\u00a0\u00a0\u00a0\u00a0\u00a0 TX2 Passive Heat Sink<br \/>\n<strong>XHG302<\/strong>\u00a0\u00a0\u00a0\u00a0\u00a0 TX2 Active Heat Sink<br \/>\n<strong>XHG303<\/strong>\u00a0\u00a0\u00a0\u00a0\u00a0 TX2i\/TX2 4GB Passive Heat Sink<br \/>\n<strong>XHG304<\/strong>\u00a0\u00a0\u00a0\u00a0\u00a0 TX2i\/TX2 4GB Active Heat Sink<br \/>\n<strong>MSG087<\/strong>\u00a0\u00a0\u00a0\u00a0\u00a0 AC\/DC Wall Mount Power Supply for Quasar<\/p>\n","protected":false},"excerpt":{"rendered":"<h3>Najwa\u017cniejsze cechy<\/h3>\n<ul>\n<li>Niezwykle ma\u0142y rozmiar: 87 mm x 50 mm (3,425 \u00d7 1,968 \u00d7)<\/li>\n<li>1x CAN, 1x MIPI, 1x SATA<\/li>\n<li>1x GbE, 2x USB 3.0, USB 2.0, 1x HDMI,<\/li>\n<li>1x MicroSD, 2x 3.3V UART, I2C, 4x GPIO<\/li>\n<li>Nominalne od + 9 V do + 14 V DC (szczyt +19 V)<\/li>\n<li>Rozszerzony zakres temperatur od -40 \u00b0 C do + 85 \u00b0 C (no\u015bnik quasar)<\/li>\n<\/ul>\n<div class=\"page\" title=\"Page 1\">\n<div class=\"section\">\n<div class=\"layoutArea\">\n<div class=\"column\"><\/div>\n<\/div>\n<\/div>\n<\/div>\n<h3>Wi\u0119cej Informacji<\/h3>\n<p><span class=\"HwtZe\" lang=\"pl\"><span class=\"jCAhz ChMk0b\"><span class=\"ryNqvb\">Connect Tech\u2019s Quasar Carrier dla NVIDIA\u00ae Jetson&#x2122; TX2\/TX2 4GB\/TX2i to aktualizacja Orbitty Carrier, zaprojektowana tak, aby pasowa\u0142a do modu\u0142u NVIDIA Jetson TX2\/TX2 4GB\/TX2i.<\/span><\/span> <span class=\"jCAhz ChMk0b\"><span class=\"ryNqvb\">Konstrukcja Quasar obejmuje wszystkie te same z\u0142\u0105cza, co Orbitty (1x GbE, 1x microSD, 2x 3.3V UART, I2C i 4x GPIO, 1x USB 2.0 OTG, ), z dodatkiem 2x port\u00f3w USB 3.0, 1x 4-pasmowego MIPI (I-PEX), 1x CAN, zaktualizowanego 1x z\u0142\u0105cza HDMI 2.0, a tak\u017ce 7-stykowego z\u0142\u0105cza SATA do przechowywania danych, zachowuj\u0105c jednocze\u015bnie wymiary 87 mm x 50 mm.<\/span><\/span> <\/span><\/p>\n<p><span class=\"HwtZe\" lang=\"pl\"><span class=\"jCAhz ChMk0b\"><span class=\"ryNqvb\">Podobnie jak Orbitty, Quasar jest idealny do robotyki, zastosowa\u0144 bezza\u0142ogowych lub dowolnego \u015brodowiska o ma\u0142ym wsp\u00f3\u0142czynniku kszta\u0142tu, kt\u00f3re wymaga dodania portu MIPI, CAN, SATA lub HDMI 2.0.<\/span><\/span> <span class=\"jCAhz ChMk0b\"><span class=\"ryNqvb\">Quasar to najnowszy dodatek do linii produkt\u00f3w Connect Tech Jetson TX2, TX2 4GB i TX2i oferuj\u0105cych szerok\u0105 gam\u0119 z\u0142\u0105czy w bardzo ma\u0142ym i niedrogim opakowaniu.<\/span><\/span> <span class=\"jCAhz ChMk0b\"><span class=\"ryNqvb\">Szybko zacznij prac\u0119 z modu\u0142em Jetson i Quasar.<\/span><\/span><\/span><\/p>\n","protected":false},"featured_media":10107,"template":"","meta":{"_acf_changed":false,"inline_featured_image":false,"_monsterinsights_skip_tracking":false,"_monsterinsights_sitenote_active":false,"_monsterinsights_sitenote_note":"","_monsterinsights_sitenote_category":0},"product_brand":[],"product_cat":[1479,1472,1478],"product_tag":[],"class_list":{"0":"post-16221","1":"product","2":"type-product","3":"status-publish","4":"has-post-thumbnail","6":"product_cat-carrier-boards-nvidia-jetson-tx2-tx1","7":"product_cat-connect-tech-inc","8":"product_cat-nvidia-jetson-tx2-tx1","10":"first","11":"instock","12":"shipping-taxable","13":"product-type-simple"},"acf":[],"_links":{"self":[{"href":"https:\/\/quantum.com.pl\/pl\/wp-json\/wp\/v2\/product\/16221","targetHints":{"allow":["GET"]}}],"collection":[{"href":"https:\/\/quantum.com.pl\/pl\/wp-json\/wp\/v2\/product"}],"about":[{"href":"https:\/\/quantum.com.pl\/pl\/wp-json\/wp\/v2\/types\/product"}],"wp:featuredmedia":[{"embeddable":true,"href":"https:\/\/quantum.com.pl\/pl\/wp-json\/wp\/v2\/media\/10107"}],"wp:attachment":[{"href":"https:\/\/quantum.com.pl\/pl\/wp-json\/wp\/v2\/media?parent=16221"}],"wp:term":[{"taxonomy":"product_brand","embeddable":true,"href":"https:\/\/quantum.com.pl\/pl\/wp-json\/wp\/v2\/product_brand?post=16221"},{"taxonomy":"product_cat","embeddable":true,"href":"https:\/\/quantum.com.pl\/pl\/wp-json\/wp\/v2\/product_cat?post=16221"},{"taxonomy":"product_tag","embeddable":true,"href":"https:\/\/quantum.com.pl\/pl\/wp-json\/wp\/v2\/product_tag?post=16221"}],"curies":[{"name":"wp","href":"https:\/\/api.w.org\/{rel}","templated":true}]}}