{"id":16224,"date":"2025-04-24T14:49:22","date_gmt":"2025-04-24T12:49:22","guid":{"rendered":"https:\/\/quantum.com.pl\/?post_type=product&#038;p=16224"},"modified":"2025-05-06T10:34:07","modified_gmt":"2025-05-06T08:34:07","slug":"rogue-rx-carrier-board-for-nvidia-jetson-agx-orin","status":"publish","type":"product","link":"https:\/\/quantum.com.pl\/pl\/product\/rogue-rx-carrier-board-for-nvidia-jetson-agx-orin\/","title":{"rendered":"Rogue-RX Carrier Board for NVIDIA Jetson AGX Orin"},"content":{"rendered":"<h3 class=\"fusion-responsive-typography-calculated\" data-fontsize=\"24\" data-lineheight=\"36px\">Dane techniczne<\/h3>\n<table class=\"woocommerce-product-attributes shop_attributes\" aria-label=\"Product Details\">\n<tbody>\n<tr class=\"woocommerce-product-attributes-item woocommerce-product-attributes-item--attribute_networking\">\n<th class=\"woocommerce-product-attributes-item__label\" scope=\"row\">Networking<\/th>\n<td class=\"woocommerce-product-attributes-item__value\">2X 10GBASE-T (10G Ethernet) with ix Industrial&#x2122; Rugged Postive Latching connectors<\/td>\n<\/tr>\n<tr class=\"woocommerce-product-attributes-item woocommerce-product-attributes-item--attribute_pa_display\">\n<th class=\"woocommerce-product-attributes-item__label\" scope=\"row\">Display<\/th>\n<td class=\"woocommerce-product-attributes-item__value\">1x HDMI 2.1 8K60 Capable with Samtec AcceleRate\u00ae Rugged Positive Locking Connector.<\/td>\n<\/tr>\n<tr class=\"woocommerce-product-attributes-item woocommerce-product-attributes-item--attribute_camera-inputs\">\n<th class=\"woocommerce-product-attributes-item__label\" scope=\"row\">Camera Inputs<\/th>\n<td class=\"woocommerce-product-attributes-item__value\">16-lanes MIPI CSI-2 via high-density camera connector breakout.<br \/>\nAdd-on expansion boards are available for 3G-SDI\/HD-SDI, GMSL, FPD-Link III, HDMI Input and direct MIPI Input<\/td>\n<\/tr>\n<tr class=\"woocommerce-product-attributes-item woocommerce-product-attributes-item--attribute_pa_usb\">\n<th class=\"woocommerce-product-attributes-item__label\" scope=\"row\">USB<\/th>\n<td class=\"woocommerce-product-attributes-item__value\">1x USB 3.2 Gen2 10Gbps (OTG Capable) Type-C, 2x USB 3.2 Gen2 10Gbps with Samtec AcceleRate\u00ae Rugged Positive Locking Connectors.<\/td>\n<\/tr>\n<tr class=\"woocommerce-product-attributes-item woocommerce-product-attributes-item--attribute_pa_storage\">\n<th class=\"woocommerce-product-attributes-item__label\" scope=\"row\">Storage<\/th>\n<td class=\"woocommerce-product-attributes-item__value\">1x Micro SD, 2x NVMe PCIe M.2 Key-M 2280 Slots<\/td>\n<\/tr>\n<tr class=\"woocommerce-product-attributes-item woocommerce-product-attributes-item--attribute_uart\">\n<th class=\"woocommerce-product-attributes-item__label\" scope=\"row\">UART<\/th>\n<td class=\"woocommerce-product-attributes-item__value\">2x @3.3V Levels UART0 and UART1<br \/>\nMicro USB Debug UART<\/td>\n<\/tr>\n<tr class=\"woocommerce-product-attributes-item woocommerce-product-attributes-item--attribute_i2cspi\">\n<th class=\"woocommerce-product-attributes-item__label\" scope=\"row\">I2C\/SPI<\/th>\n<td class=\"woocommerce-product-attributes-item__value\">1x I2C Channel @ 3.3V IO<br \/>\n1x SPI Channel @ 3.3V IO<\/td>\n<\/tr>\n<tr class=\"woocommerce-product-attributes-item woocommerce-product-attributes-item--attribute_can\">\n<th class=\"woocommerce-product-attributes-item__label\" scope=\"row\">CAN<\/th>\n<td class=\"woocommerce-product-attributes-item__value\">2 x CAN 2.0b Port (Non-Isolated)<\/td>\n<\/tr>\n<tr class=\"woocommerce-product-attributes-item woocommerce-product-attributes-item--attribute_pa_gpio\">\n<th class=\"woocommerce-product-attributes-item__label\" scope=\"row\">GPIO<\/th>\n<td class=\"woocommerce-product-attributes-item__value\">4 bits of 3.3V (level shifted GPIO)<\/td>\n<\/tr>\n<tr class=\"woocommerce-product-attributes-item woocommerce-product-attributes-item--attribute_user-expansion\">\n<th class=\"woocommerce-product-attributes-item__label\" scope=\"row\">User Expansion<\/th>\n<td class=\"woocommerce-product-attributes-item__value\">1 x M.2 Key E Slot with PCIe &amp; USB (WiFi + BT modules)<\/td>\n<\/tr>\n<tr class=\"woocommerce-product-attributes-item woocommerce-product-attributes-item--attribute_input-power\">\n<th class=\"woocommerce-product-attributes-item__label\" scope=\"row\">Input Power<\/th>\n<td class=\"woocommerce-product-attributes-item__value\">+12VDC Input Only<br \/>\n(Positive Locking Molex Mini-Fit Jr Header)<\/td>\n<\/tr>\n<tr class=\"woocommerce-product-attributes-item woocommerce-product-attributes-item--attribute_buttons\">\n<th class=\"woocommerce-product-attributes-item__label\" scope=\"row\">Buttons<\/th>\n<td class=\"woocommerce-product-attributes-item__value\">Power, Reset, Recovery<br \/>\n(Tactile Buttons as well as fine pitch pin header connector)<\/td>\n<\/tr>\n<tr class=\"woocommerce-product-attributes-item woocommerce-product-attributes-item--attribute_rtc-battery\">\n<th class=\"woocommerce-product-attributes-item__label\" scope=\"row\">RTC Battery<\/th>\n<td class=\"woocommerce-product-attributes-item__value\">3-pin Picoblade connector to accept CTI battery cable assembly<\/td>\n<\/tr>\n<tr class=\"woocommerce-product-attributes-item woocommerce-product-attributes-item--attribute_pcbelectronics-mechanical-information\">\n<th class=\"woocommerce-product-attributes-item__label\" scope=\"row\">PCB\/Electronics Mechanical Information<\/th>\n<td class=\"woocommerce-product-attributes-item__value\">Dimensions: 92mm x 108.2mm<\/td>\n<\/tr>\n<tr class=\"woocommerce-product-attributes-item woocommerce-product-attributes-item--attribute_pa_operating-temperature\">\n<th class=\"woocommerce-product-attributes-item__label\" scope=\"row\">Operating Temperature<\/th>\n<td class=\"woocommerce-product-attributes-item__value\">-40\u00b0C to +85\u00b0C (-40\u00b0F to +185\u00b0F)<\/td>\n<\/tr>\n<tr class=\"woocommerce-product-attributes-item woocommerce-product-attributes-item--attribute_pa_compatible-product-numbers\">\n<th class=\"woocommerce-product-attributes-item__label\" scope=\"row\">Compatible Jetson SKUs<\/th>\n<td class=\"woocommerce-product-attributes-item__value\">900-13701-0040-000, 900-13701-0050-000, 900-13701-0080-000<\/td>\n<\/tr>\n<\/tbody>\n<\/table>\n<h3>Ordering Information<\/h3>\n<p><strong>AGX203<\/strong>\u00a0\u00a0 Rogue-RX Carrier for NVIDIA\u00ae Jetson AGX Orin&#x2122;<\/p>\n<p>Cables\/Accessories<br \/>\n<strong>XBG026<\/strong> \u00a0\u00a0 Rugged IP67 USB Type C Breakout Board<br \/>\n<strong>XBG027<\/strong> \u00a0\u00a0 Rugged IP67 USB HDMI Breakout Board<br \/>\n<strong>CBG691<\/strong> \u00a0\u00a0 Rugged High-Speed Samtec ARC6 12\u2033 Length Cable (For use with HDMI and USB Breakout Boards)<br \/>\n<strong>CBG695<\/strong> \u00a0\u00a0 Rugged IX to RJ45 1.5m Length Ethernet Cable<br \/>\n<strong>CBG701<\/strong>\u00a0 \u00a0 MISC IO + CAN Breakout Cable (Flying Leads)<br \/>\n<strong>CBG310<\/strong> \u00a0\u00a0 USB Type-C Male to Type-A Female Cable<br \/>\n<strong>CBG311<\/strong> \u00a0\u00a0\u00a0 USB Type-C Male to Type-A Male Cable<br \/>\n<strong>CBG247<\/strong> \u00a0\u00a0 USB Micro-B Male to Type-A Male Cable (UART Coms)<br \/>\n<strong>CBG136<\/strong>\u00a0 \u00a0\u00a0 RTC Battery Cable Assembly<br \/>\n<strong>CBG314<\/strong> \u00a0\u00a0\u00a0 Input Power Cable (Discrete Wire) \u2013 Included with every AGX203 Carrier<br \/>\n<strong>MSG098<\/strong> \u00a0 PSU AC\/DC 12V 200W w\/ 4-pin Molex Mini-Fit Jr. Plug.<\/p>\n","protected":false},"excerpt":{"rendered":"<h3>Najwa\u017cniejsze cechy:<\/h3>\n<ul>\n<li><span class=\"HwtZe\" lang=\"pl\"><span class=\"jCAhz ChMk0b\"><span class=\"ryNqvb\">Mo\u017cliwo\u015b\u0107 komercyjnego wdro\u017cenia na platformach NVIDIA\u00ae Jetson AGX Orin&#x2122; i AGX Orin&#x2122; Industrial<\/span><\/span><\/span><\/li>\n<li>2x 10GBASE-T w\/Rugged Positive Locking Connectors<\/li>\n<li>2x NVMe PCIe M.2 Key-M 2280 Slots<\/li>\n<li>Wymiary: 92mm x 108.2mm<\/li>\n<\/ul>\n<p><span class=\"HwtZe\" lang=\"pl\"><span class=\"jCAhz ChMk0b\"><span class=\"ryNqvb\">Rogue-RX Carrier dla Jetson AGX Orin&#x2122; to w pe\u0142ni funkcjonalna p\u0142yta no\u015bna zaprojektowana specjalnie do trudnych i wymagaj\u0105cych \u015brodowisk.<\/span><\/span> <span class=\"jCAhz ChMk0b\"><span class=\"ryNqvb\">Rogue-RX Carrier dla Jetson AGX Orin&#x2122; zapewnia wytrzyma\u0142e z\u0142\u0105cza blokuj\u0105ce o du\u017cej pr\u0119dko\u015bci dla 10GBASE-T, USB 3.2 Gen2 i HDMI, a tak\u017ce dyskretne z\u0142\u0105cze blokuj\u0105ce przewody\/piny dla UART, I2C, SPI, CAN i GPIO.<\/span><\/span><\/span><\/p>\n","protected":false},"featured_media":16242,"template":"","meta":{"_acf_changed":false,"inline_featured_image":false,"_monsterinsights_skip_tracking":false,"_monsterinsights_sitenote_active":false,"_monsterinsights_sitenote_note":"","_monsterinsights_sitenote_category":0},"product_brand":[],"product_cat":[1472,1686],"product_tag":[],"class_list":{"0":"post-16224","1":"product","2":"type-product","3":"status-publish","4":"has-post-thumbnail","6":"product_cat-connect-tech-inc","7":"product_cat-nvidia-jetson-agx-orin","9":"first","10":"instock","11":"shipping-taxable","12":"product-type-simple"},"acf":[],"_links":{"self":[{"href":"https:\/\/quantum.com.pl\/pl\/wp-json\/wp\/v2\/product\/16224","targetHints":{"allow":["GET"]}}],"collection":[{"href":"https:\/\/quantum.com.pl\/pl\/wp-json\/wp\/v2\/product"}],"about":[{"href":"https:\/\/quantum.com.pl\/pl\/wp-json\/wp\/v2\/types\/product"}],"wp:featuredmedia":[{"embeddable":true,"href":"https:\/\/quantum.com.pl\/pl\/wp-json\/wp\/v2\/media\/16242"}],"wp:attachment":[{"href":"https:\/\/quantum.com.pl\/pl\/wp-json\/wp\/v2\/media?parent=16224"}],"wp:term":[{"taxonomy":"product_brand","embeddable":true,"href":"https:\/\/quantum.com.pl\/pl\/wp-json\/wp\/v2\/product_brand?post=16224"},{"taxonomy":"product_cat","embeddable":true,"href":"https:\/\/quantum.com.pl\/pl\/wp-json\/wp\/v2\/product_cat?post=16224"},{"taxonomy":"product_tag","embeddable":true,"href":"https:\/\/quantum.com.pl\/pl\/wp-json\/wp\/v2\/product_tag?post=16224"}],"curies":[{"name":"wp","href":"https:\/\/api.w.org\/{rel}","templated":true}]}}