{"id":16244,"date":"2025-04-29T11:36:44","date_gmt":"2025-04-29T09:36:44","guid":{"rendered":"https:\/\/quantum.com.pl\/?post_type=product&#038;p=16244"},"modified":"2025-05-07T11:56:53","modified_gmt":"2025-05-07T09:56:53","slug":"rogue-carrier-for-nvidia-jetson-agx-orin","status":"publish","type":"product","link":"https:\/\/quantum.com.pl\/pl\/product\/rogue-carrier-for-nvidia-jetson-agx-orin\/","title":{"rendered":"Rogue Carrier for NVIDIA\u00ae Jetson AGX Orin"},"content":{"rendered":"<h3><strong>Dane techniczne:<\/strong><\/h3>\n<table class=\"woocommerce-product-attributes shop_attributes\" aria-label=\"Product Details\">\n<tbody>\n<tr class=\"woocommerce-product-attributes-item woocommerce-product-attributes-item--attribute_networking\">\n<th class=\"woocommerce-product-attributes-item__label\" scope=\"row\">Networking<\/th>\n<td class=\"woocommerce-product-attributes-item__value\">2X 10GBASE-T (10G Ethernet)<\/td>\n<\/tr>\n<tr class=\"woocommerce-product-attributes-item woocommerce-product-attributes-item--attribute_pa_display\">\n<th class=\"woocommerce-product-attributes-item__label\" scope=\"row\">Display<\/th>\n<td class=\"woocommerce-product-attributes-item__value\">1x HDMI (Type-A vert RA) (Supports up to HDMI 2.0 UHD 4K [2160p] at 60Hz)<\/td>\n<\/tr>\n<tr class=\"woocommerce-product-attributes-item woocommerce-product-attributes-item--attribute_camera-inputs\">\n<th class=\"woocommerce-product-attributes-item__label\" scope=\"row\">Camera Inputs<\/th>\n<td class=\"woocommerce-product-attributes-item__value\">\u2013 6 x2 Lane MIPI CSI-2 or<br \/>\n\u2013 4 x4 Lane MIPI CSI-2All connected via high-density camera connector breakout. Same Pinout as development kit. Application specific camera add-on boards can be used in conjunction with this interface (Up to 6x MIPI I-PEX, SerDes Inputs: GMSL or FPD-Link III, HDMI Inputs)<\/td>\n<\/tr>\n<tr class=\"woocommerce-product-attributes-item woocommerce-product-attributes-item--attribute_pa_usb\">\n<th class=\"woocommerce-product-attributes-item__label\" scope=\"row\">USB<\/th>\n<td class=\"woocommerce-product-attributes-item__value\">1x USB 3.2 Ports (Type-C \u2013 OTG Capable), 2x USB 3.2 Ports (Type-C)<\/td>\n<\/tr>\n<tr class=\"woocommerce-product-attributes-item woocommerce-product-attributes-item--attribute_pa_storage\">\n<th class=\"woocommerce-product-attributes-item__label\" scope=\"row\">Storage<\/th>\n<td class=\"woocommerce-product-attributes-item__value\">1x Micro SD, 2x NVMe M.2 Key M Slots<\/td>\n<\/tr>\n<tr class=\"woocommerce-product-attributes-item woocommerce-product-attributes-item--attribute_uart\">\n<th class=\"woocommerce-product-attributes-item__label\" scope=\"row\">UART<\/th>\n<td class=\"woocommerce-product-attributes-item__value\">2x @3.3V Levels UART0 and UART1<br \/>\nMicro USB Debug UART<\/td>\n<\/tr>\n<tr class=\"woocommerce-product-attributes-item woocommerce-product-attributes-item--attribute_i2cspi\">\n<th class=\"woocommerce-product-attributes-item__label\" scope=\"row\">I2C\/SPI<\/th>\n<td class=\"woocommerce-product-attributes-item__value\">1x I2C Channel @ 3.3V IO<br \/>\n1x SPI Channel @ 3.3V IO<\/td>\n<\/tr>\n<tr class=\"woocommerce-product-attributes-item woocommerce-product-attributes-item--attribute_can\">\n<th class=\"woocommerce-product-attributes-item__label\" scope=\"row\">CAN<\/th>\n<td class=\"woocommerce-product-attributes-item__value\">2 x CAN 2.0b Port (Non-Isolated)<\/td>\n<\/tr>\n<tr class=\"woocommerce-product-attributes-item woocommerce-product-attributes-item--attribute_pa_gpio\">\n<th class=\"woocommerce-product-attributes-item__label\" scope=\"row\">GPIO<\/th>\n<td class=\"woocommerce-product-attributes-item__value\">4 bits of 3.3V (level shifted GPIO)<\/td>\n<\/tr>\n<tr class=\"woocommerce-product-attributes-item woocommerce-product-attributes-item--attribute_user-expansion\">\n<th class=\"woocommerce-product-attributes-item__label\" scope=\"row\">User Expansion<\/th>\n<td class=\"woocommerce-product-attributes-item__value\">1 x M.2 Key E Slot with PCIe &amp; USB (WiFi + BT modules)<\/td>\n<\/tr>\n<tr class=\"woocommerce-product-attributes-item woocommerce-product-attributes-item--attribute_input-power\">\n<th class=\"woocommerce-product-attributes-item__label\" scope=\"row\">Input Power<\/th>\n<td class=\"woocommerce-product-attributes-item__value\">+12VDC Input Only<br \/>\n(Positive Locking Molex Mini-Fit Jr Header)<\/td>\n<\/tr>\n<tr class=\"woocommerce-product-attributes-item woocommerce-product-attributes-item--attribute_buttons\">\n<th class=\"woocommerce-product-attributes-item__label\" scope=\"row\">Buttons<\/th>\n<td class=\"woocommerce-product-attributes-item__value\">Power, Reset, Recovery<br \/>\n(Tactile Buttons as well as fine pitch pin header connector)<\/td>\n<\/tr>\n<tr class=\"woocommerce-product-attributes-item woocommerce-product-attributes-item--attribute_rtc-battery\">\n<th class=\"woocommerce-product-attributes-item__label\" scope=\"row\">RTC Battery<\/th>\n<td class=\"woocommerce-product-attributes-item__value\">3-pin Picoblade connector to accept CTI battery cable assembly<\/td>\n<\/tr>\n<tr class=\"woocommerce-product-attributes-item woocommerce-product-attributes-item--attribute_pcbelectronics-mechanical-information\">\n<th class=\"woocommerce-product-attributes-item__label\" scope=\"row\">PCB\/Electronics Mechanical Information<\/th>\n<td class=\"woocommerce-product-attributes-item__value\">Dimensions: 92mm x 107mm<\/td>\n<\/tr>\n<tr class=\"woocommerce-product-attributes-item woocommerce-product-attributes-item--attribute_pa_operating-temperature\">\n<th class=\"woocommerce-product-attributes-item__label\" scope=\"row\">Operating Temperature<\/th>\n<td class=\"woocommerce-product-attributes-item__value\">-40\u00b0C to +85\u00b0C (-40\u00b0F to +185\u00b0F)<\/td>\n<\/tr>\n<tr class=\"woocommerce-product-attributes-item woocommerce-product-attributes-item--attribute_pa_compatible-product-numbers\">\n<th class=\"woocommerce-product-attributes-item__label\" scope=\"row\">Compatible Jetson SKUs<\/th>\n<td class=\"woocommerce-product-attributes-item__value\">900-13701-0040-000<\/td>\n<\/tr>\n<\/tbody>\n<\/table>\n<h3><\/h3>\n<h3>Ordering Information<\/h3>\n<p><strong>AGX202<\/strong> \u00a0 Rogue Carrier for NVIDIA\u00ae Jetson AGX Orin<\/p>\n","protected":false},"excerpt":{"rendered":"<h3>Najwa\u017cniejsze cechy:<\/h3>\n<div class=\"wpb_text_column wpb_content_element \">\n<div class=\"wpb_wrapper\">\n<ul>\n<li>Komercyjnie wdra\u017cane platformy NVIDIA\u00ae Jetson AGX Orin&#x2122; i AGX Orin&#x2122; Industrial*<\/li>\n<li>Podw\u00f3jny 10GBASE-T (10G Ethernet)<\/li>\n<li>MIPI CSI-2, GMSL lub FPD-Link III z p\u0142ytk\u0105 wyj\u015bciow\u0105 kamery<\/li>\n<li>Wymiary: 92 mm x 107 mm<\/li>\n<\/ul>\n<h3>Wi\u0119cej informacji:<\/h3>\n<p><span class=\"HwtZe\" lang=\"pl\"><span class=\"jCAhz ChMk0b\"><span class=\"ryNqvb\">Rogue Carrier dla Jetson AGX Orin&#x2122; to pe\u0142nofunkcyjna p\u0142yta no\u015bna zaprojektowana specjalnie dla platform wdra\u017canych komercyjnie.<\/span><\/span><span class=\"jCAhz ChMk0b\"><span class=\"ryNqvb\"> Rogue dla Jetson AGX Orin&#x2122; zapewnia dost\u0119p do imponuj\u0105cej listy interfejs\u00f3w najnowszej generacji w Jetson AGX Orin&#x2122; i AGX Orin&#x2122; Industrial*, dodaj\u0105c jednocze\u015bnie dodatkowe interfejsy 2x 10GbE, 3x USB 3.1, HDMI i blokowane z\u0142\u0105cze wej\u015bciowe zasilania Mini-Fit Jr.<\/span><\/span><span class=\"jCAhz ChMk0b\"><span class=\"ryNqvb\">\u00a0<\/span><\/span> <\/span><\/p>\n<p><span class=\"HwtZe\" lang=\"pl\"><span class=\"jCAhz ChMk0b\"><span class=\"ryNqvb\">*Modu\u0142 Jetson AGX Orin&#x2122; Industrial jest obs\u0142ugiwany w Rev D lub nowszym w AGX202.<\/span><\/span><\/span><\/p>\n<\/div>\n<\/div>\n","protected":false},"featured_media":16245,"template":"","meta":{"_acf_changed":false,"inline_featured_image":false,"_monsterinsights_skip_tracking":false,"_monsterinsights_sitenote_active":false,"_monsterinsights_sitenote_note":"","_monsterinsights_sitenote_category":0},"product_brand":[],"product_cat":[1472,1686],"product_tag":[],"class_list":{"0":"post-16244","1":"product","2":"type-product","3":"status-publish","4":"has-post-thumbnail","6":"product_cat-connect-tech-inc","7":"product_cat-nvidia-jetson-agx-orin","9":"first","10":"instock","11":"shipping-taxable","12":"product-type-simple"},"acf":[],"_links":{"self":[{"href":"https:\/\/quantum.com.pl\/pl\/wp-json\/wp\/v2\/product\/16244","targetHints":{"allow":["GET"]}}],"collection":[{"href":"https:\/\/quantum.com.pl\/pl\/wp-json\/wp\/v2\/product"}],"about":[{"href":"https:\/\/quantum.com.pl\/pl\/wp-json\/wp\/v2\/types\/product"}],"wp:featuredmedia":[{"embeddable":true,"href":"https:\/\/quantum.com.pl\/pl\/wp-json\/wp\/v2\/media\/16245"}],"wp:attachment":[{"href":"https:\/\/quantum.com.pl\/pl\/wp-json\/wp\/v2\/media?parent=16244"}],"wp:term":[{"taxonomy":"product_brand","embeddable":true,"href":"https:\/\/quantum.com.pl\/pl\/wp-json\/wp\/v2\/product_brand?post=16244"},{"taxonomy":"product_cat","embeddable":true,"href":"https:\/\/quantum.com.pl\/pl\/wp-json\/wp\/v2\/product_cat?post=16244"},{"taxonomy":"product_tag","embeddable":true,"href":"https:\/\/quantum.com.pl\/pl\/wp-json\/wp\/v2\/product_tag?post=16244"}],"curies":[{"name":"wp","href":"https:\/\/api.w.org\/{rel}","templated":true}]}}