{"id":16251,"date":"2025-04-29T13:44:04","date_gmt":"2025-04-29T11:44:04","guid":{"rendered":"https:\/\/quantum.com.pl\/?post_type=product&#038;p=16251"},"modified":"2025-05-07T11:55:15","modified_gmt":"2025-05-07T09:55:15","slug":"forge-carrier-board-for-nvidia-jetson-agx-orin","status":"publish","type":"product","link":"https:\/\/quantum.com.pl\/pl\/product\/forge-carrier-board-for-nvidia-jetson-agx-orin\/","title":{"rendered":"Forge Carrier Board for NVIDIA\u00ae Jetson AGX Orin"},"content":{"rendered":"<h3>Dane techniczne:<\/h3>\n<table>\n<tbody>\n<tr>\n<td><strong>Networking<\/strong><\/td>\n<td>2x 10GBASE-T (10G Ethernet)<br \/>\n2x 1000BASE-T (1G Ethernet)<\/td>\n<\/tr>\n<tr>\n<td><strong>Display<\/strong><\/td>\n<td>1x DisplayPort<\/td>\n<\/tr>\n<tr>\n<td><strong>Camera Inputs<\/strong><\/td>\n<td>1x 16-Lane MIPI Expansion Connector<\/p>\n<p>Interface directly to a range of MIPI CSI, GMSL2<br \/>\nor FPD-Link III image sensors.<\/td>\n<\/tr>\n<tr>\n<td><strong>USB<\/strong><\/td>\n<td>1x USB 3.2 Ports (Type-C \u2013 OTG Capable), 1x USB 3.2 Ports (Type-C)<\/td>\n<\/tr>\n<tr>\n<td><strong>Storage<\/strong><\/td>\n<td>1x Micro SD, 2x NVMe M.2 Key M Slots<\/td>\n<\/tr>\n<tr>\n<td><strong>UART<\/strong><\/td>\n<td>2x @ 3.3V levels UART1 and UART2<br \/>\n1x RS-232\/485 UART<\/td>\n<\/tr>\n<tr>\n<td><strong>I2C\/SPI<\/strong><\/td>\n<td>2x I2C Channel @ 3.3V IO<br \/>\n2x SPI Channel @ 3.3V IO<\/td>\n<\/tr>\n<tr>\n<td><strong>CAN<\/strong><\/td>\n<td>2x CAN 2.0b Non-Isolated Port<\/td>\n<\/tr>\n<tr>\n<td><strong>GPIO<\/strong><\/td>\n<td>4x 3.3V GPI Inputs<br \/>\n6x 3.3V GPO Outputs (2x PWM Capable)<br \/>\n1x 3.3V Power Pin at 1A<\/td>\n<\/tr>\n<tr>\n<td><strong>User Expansion<\/strong><\/td>\n<td>1x M.2 Key E 2230 Wifi\/BT (PCIe\/USB2)<br \/>\n1x M.2 Key B 3042\/3052 (LTE\/5G \u2013 USB3) with<br \/>\nMicro SIM<\/td>\n<\/tr>\n<tr>\n<td><strong>Input Power<\/strong><\/td>\n<td>+10 to 36V DC Wide Input Power<br \/>\n(6-pin Mini-fit Jr. Connector)<\/td>\n<\/tr>\n<tr>\n<td><strong>Buttons<\/strong><\/td>\n<td>Power, Reset, Recovery<br \/>\n(Tactile Buttons as well as fine pitch pin header connector)<\/td>\n<\/tr>\n<tr>\n<td><strong>RTC Battery<\/strong><\/td>\n<td>3-pin Picoblade connector to accept CTI battery cable assembly<\/td>\n<\/tr>\n<tr>\n<td><strong>PCB\/Electronics Mechanical Information<\/strong><\/td>\n<td>Dimensions: 155mm x 125mm<\/td>\n<\/tr>\n<tr>\n<td><strong>Operating Temperature<\/strong><\/td>\n<td>-40\u00b0C to +85\u00b0C (-40\u00b0F to +185\u00b0F)<\/td>\n<\/tr>\n<\/tbody>\n<\/table>\n<p>&nbsp;<\/p>\n<h3>Ordering informations:<\/h3>\n<p><strong>AGX201-001<\/strong>\u00a0\u00a0 Forge Integrated Assembly with AGX Orin Module, TTP only<br \/>\n<strong>AGX201-067<\/strong>\u00a0\u00a0 Forge Integrated Assembly with AGX Orin Module, Passive Thermal<br \/>\n<strong>AGX201-09A<\/strong>\u00a0\u00a0 Forge Integrated Assembly with AGX Orin Module, Active Thermal<\/p>\n<p>Cables\/Accessories<\/p>\n<p><strong>MSG103\u00a0<\/strong>\u00a0 PSU 6pin 12V 250W<br \/>\n<strong>XHG319<\/strong>\u00a0\u00a0 AGX Orin Active Thermal<br \/>\n<strong>XHG320<\/strong>\u00a0\u00a0 AGX Orin Passive Thermal<br \/>\n<strong>XHG321<\/strong>\u00a0\u00a0 Forge 10G PHY TTP<\/p>\n","protected":false},"excerpt":{"rendered":"<h3>Najwa\u017cniejsze cechy:<\/h3>\n<div class=\"wpb_text_column wpb_content_element \">\n<div class=\"wpb_wrapper\">\n<p><img loading=\"lazy\" decoding=\"async\" class=\" wp-image-17141 alignleft\" src=\"https:\/\/connecttech.com\/wp-content\/uploads\/2022\/03\/Best-in-Show-Winners-Badge-Web2-300x273.png\" sizes=\"auto, (max-width: 136px) 100vw, 136px\" srcset=\"https:\/\/connecttech.com\/wp-content\/uploads\/2022\/03\/Best-in-Show-Winners-Badge-Web2-200x182.png 200w, https:\/\/connecttech.com\/wp-content\/uploads\/2022\/03\/Best-in-Show-Winners-Badge-Web2-300x273.png 300w, https:\/\/connecttech.com\/wp-content\/uploads\/2022\/03\/Best-in-Show-Winners-Badge-Web2-400x364.png 400w, https:\/\/connecttech.com\/wp-content\/uploads\/2022\/03\/Best-in-Show-Winners-Badge-Web2-500x455.png 500w, https:\/\/connecttech.com\/wp-content\/uploads\/2022\/03\/Best-in-Show-Winners-Badge-Web2.png 550w\" alt=\"\" width=\"136\" height=\"124\" \/><\/p>\n<\/div>\n<ul>\n<li>Komercyjnie wdra\u017calne platformy NVIDIA\u00ae Jetson AGX Orin&#x2122; i AGX Orin&#x2122; Industrial*<\/li>\n<li>1 z\u0142\u0105cze rozszerze\u0144 MIPI 16-\u015bcie\u017ckowe<\/li>\n<li>2 gniazda NVMe M.2 Key M, 2x USB 3.2, 2x GbE, 2x 10GbE<\/li>\n<li>Szeroki zakres napi\u0119cia wej\u015bciowego 10\u201336 V DC<\/li>\n<li>Wymiary: 155 mm x 125 mm (6,10\u2033 x 4,92\u2033)<\/li>\n<\/ul>\n<\/div>\n<p>&nbsp;<\/p>\n<h3>Wi\u0119cej informacji:<\/h3>\n<p><span class=\"HwtZe\" lang=\"pl\"><span class=\"jCAhz ChMk0b\"><span class=\"ryNqvb\">Forge to pierwsza w pe\u0142ni funkcjonalna p\u0142yta no\u015bna Connect Tech dla modu\u0142u NVIDIA\u00ae Jetson AGX Orin&#x2122;.<\/span><\/span> <span class=\"jCAhz\"><span class=\"ryNqvb\">Ta p\u0142yta no\u015bna dla Jetson AGX Orin&#x2122; i AGX Orin&#x2122; Industrial* zosta\u0142a zaprojektowana specjalnie dla platform wdra\u017canych komercyjnie posiada niewielkie wymiary 155 mm x 125 mm.<\/span><\/span><span class=\"jCAhz ChMk0b\"><span class=\"ryNqvb\"> Forge zapewnia dost\u0119p do imponuj\u0105cej listy interfejs\u00f3w najnowszej generacji w Jetson AGX Orin&#x2122;, dodaj\u0105c jednocze\u015bnie dodatkowe interfejsy 3x USB 3.2, 2x GbE, Display Port i blokowane 6-stykowe z\u0142\u0105cze wej\u015bciowe zasilania Mini-Fit Jr.<\/span><\/span><span class=\"jCAhz ChMk0b\"><span class=\"ryNqvb\"> Dost\u0119pne b\u0119d\u0105 r\u00f3wnie\u017c wytrzyma\u0142e karty rozszerze\u0144 do kamer do u\u017cytku z Forge w celu bezpo\u015bredniego \u0142\u0105czenia si\u0119 z interfejsami MIPI CSI o wysokiej g\u0119sto\u015bci.<\/span><\/span><span class=\"jCAhz ChMk0b\"><span class=\"ryNqvb\">\u00a0<\/span><\/span> <\/span><\/p>\n<p><span class=\"HwtZe\" lang=\"pl\"><span class=\"jCAhz ChMk0b\"><span class=\"ryNqvb\">*Modu\u0142 Jetson AGX Orin&#x2122; Industrial jest obs\u0142ugiwany w wersji Rev E lub nowszej w AGX201.<\/span><\/span><\/span><\/p>\n","protected":false},"featured_media":16252,"template":"","meta":{"_acf_changed":false,"inline_featured_image":false,"_monsterinsights_skip_tracking":false,"_monsterinsights_sitenote_active":false,"_monsterinsights_sitenote_note":"","_monsterinsights_sitenote_category":0},"product_brand":[],"product_cat":[1472,1686],"product_tag":[],"class_list":{"0":"post-16251","1":"product","2":"type-product","3":"status-publish","4":"has-post-thumbnail","6":"product_cat-connect-tech-inc","7":"product_cat-nvidia-jetson-agx-orin","9":"first","10":"instock","11":"shipping-taxable","12":"product-type-simple"},"acf":[],"_links":{"self":[{"href":"https:\/\/quantum.com.pl\/pl\/wp-json\/wp\/v2\/product\/16251","targetHints":{"allow":["GET"]}}],"collection":[{"href":"https:\/\/quantum.com.pl\/pl\/wp-json\/wp\/v2\/product"}],"about":[{"href":"https:\/\/quantum.com.pl\/pl\/wp-json\/wp\/v2\/types\/product"}],"wp:featuredmedia":[{"embeddable":true,"href":"https:\/\/quantum.com.pl\/pl\/wp-json\/wp\/v2\/media\/16252"}],"wp:attachment":[{"href":"https:\/\/quantum.com.pl\/pl\/wp-json\/wp\/v2\/media?parent=16251"}],"wp:term":[{"taxonomy":"product_brand","embeddable":true,"href":"https:\/\/quantum.com.pl\/pl\/wp-json\/wp\/v2\/product_brand?post=16251"},{"taxonomy":"product_cat","embeddable":true,"href":"https:\/\/quantum.com.pl\/pl\/wp-json\/wp\/v2\/product_cat?post=16251"},{"taxonomy":"product_tag","embeddable":true,"href":"https:\/\/quantum.com.pl\/pl\/wp-json\/wp\/v2\/product_tag?post=16251"}],"curies":[{"name":"wp","href":"https:\/\/api.w.org\/{rel}","templated":true}]}}