{"id":16256,"date":"2025-04-30T10:29:07","date_gmt":"2025-04-30T08:29:07","guid":{"rendered":"https:\/\/quantum.com.pl\/?post_type=product&#038;p=16256"},"modified":"2025-05-07T11:54:37","modified_gmt":"2025-05-07T09:54:37","slug":"boson-carrier-board-for-nvidia-jetson-orin-nx","status":"publish","type":"product","link":"https:\/\/quantum.com.pl\/pl\/product\/boson-carrier-board-for-nvidia-jetson-orin-nx\/","title":{"rendered":"Boson Carrier Board for NVIDIA Jetson Orin NX"},"content":{"rendered":"<h3>Dane techniczne:<\/h3>\n<table class=\"woocommerce-product-attributes shop_attributes\" aria-label=\"Product Details\">\n<tbody>\n<tr class=\"woocommerce-product-attributes-item woocommerce-product-attributes-item--attribute_ethernet\">\n<th class=\"woocommerce-product-attributes-item__label\" scope=\"row\">Ethernet<\/th>\n<td class=\"woocommerce-product-attributes-item__value\">2x 1000BASE-T Ethernet Port<br \/>\n\u2022 1x Port sourced directly from NX<br \/>\n\u2022 1x Port sourced from i210<\/td>\n<\/tr>\n<tr class=\"woocommerce-product-attributes-item woocommerce-product-attributes-item--attribute_mipi-camera-inputs\">\n<th class=\"woocommerce-product-attributes-item__label\" scope=\"row\">MIPI Camera Inputs<\/th>\n<td class=\"woocommerce-product-attributes-item__value\">Up to:<br \/>\n\u2022 2x 4-lane MIPI FRAMOS Sensor Modules; or<br \/>\n\u2022 4x 2-lane MIPI FRAMOS Sensor Modules<\/td>\n<\/tr>\n<tr class=\"woocommerce-product-attributes-item woocommerce-product-attributes-item--attribute_display-output\">\n<th class=\"woocommerce-product-attributes-item__label\" scope=\"row\">Display Output<\/th>\n<td class=\"woocommerce-product-attributes-item__value\">1x HDMI 2.0<\/td>\n<\/tr>\n<tr class=\"woocommerce-product-attributes-item woocommerce-product-attributes-item--attribute_storage\">\n<th class=\"woocommerce-product-attributes-item__label\" scope=\"row\">Storage<\/th>\n<td class=\"woocommerce-product-attributes-item__value\">1x M.2 M-Key (2280) NVMe PCIe x4 (Gen 3)<\/td>\n<\/tr>\n<tr class=\"woocommerce-product-attributes-item woocommerce-product-attributes-item--attribute_m-2-e-key\">\n<th class=\"woocommerce-product-attributes-item__label\" scope=\"row\">M.2 E-Key<\/th>\n<td class=\"woocommerce-product-attributes-item__value\">1x 2230 E-Key Expansion for WiFi\/Bluetooth<br \/>\n1x PCIe x1 + USB 2.0<\/td>\n<\/tr>\n<tr class=\"woocommerce-product-attributes-item woocommerce-product-attributes-item--attribute_usb\">\n<th class=\"woocommerce-product-attributes-item__label\" scope=\"row\">USB<\/th>\n<td class=\"woocommerce-product-attributes-item__value\">1x USB 3.1 Gen 2 w\/ OTG capability (Type C)<br \/>\n1x USB 2.0 (Type A)<\/td>\n<\/tr>\n<tr class=\"woocommerce-product-attributes-item woocommerce-product-attributes-item--attribute_misc-interfaces\">\n<th class=\"woocommerce-product-attributes-item__label\" scope=\"row\">Misc Interfaces<\/th>\n<td class=\"woocommerce-product-attributes-item__value\">3x 3.3V TTL UARTs (1x CONSOLE)<br \/>\n8 GPIOs 3.3V TTL (2x PWM Capable)<br \/>\n2x I2C 3.3V<br \/>\n1x CAN 2.0b<br \/>\n2x SPI<br \/>\n2x 3.3V<br \/>\n2x 5V<br \/>\n8x GND<\/td>\n<\/tr>\n<tr class=\"woocommerce-product-attributes-item woocommerce-product-attributes-item--attribute_input-power-misc-power-details\">\n<th class=\"woocommerce-product-attributes-item__label\" scope=\"row\">Input Power \/ Misc Power Details<\/th>\n<td class=\"woocommerce-product-attributes-item__value\">+9V to +36V Input Voltage Range<br \/>\n\u2022 Auto-ON operation by default<\/td>\n<\/tr>\n<tr class=\"woocommerce-product-attributes-item woocommerce-product-attributes-item--attribute_rtc-battery\">\n<th class=\"woocommerce-product-attributes-item__label\" scope=\"row\">RTC Battery<\/th>\n<td class=\"woocommerce-product-attributes-item__value\">1x RTC Battery External Connector<\/td>\n<\/tr>\n<tr class=\"woocommerce-product-attributes-item woocommerce-product-attributes-item--attribute_fan\">\n<th class=\"woocommerce-product-attributes-item__label\" scope=\"row\">FAN<\/th>\n<td class=\"woocommerce-product-attributes-item__value\">1x FAN w\/ PWM Control<\/td>\n<\/tr>\n<tr class=\"woocommerce-product-attributes-item woocommerce-product-attributes-item--attribute_operating-temperature\">\n<th class=\"woocommerce-product-attributes-item__label\" scope=\"row\">Operating Temperature<\/th>\n<td class=\"woocommerce-product-attributes-item__value\">-40\u00b0C to +85\u00b0C ( -40\u00b0F to +185\u00b0F)<\/td>\n<\/tr>\n<tr class=\"woocommerce-product-attributes-item woocommerce-product-attributes-item--attribute_weight\">\n<th class=\"woocommerce-product-attributes-item__label\" scope=\"row\">Weight<\/th>\n<td class=\"woocommerce-product-attributes-item__value\">80g (2.82oz)<\/td>\n<\/tr>\n<tr class=\"woocommerce-product-attributes-item woocommerce-product-attributes-item--attribute_dimensions\">\n<th class=\"woocommerce-product-attributes-item__label\" scope=\"row\">Dimensions<\/th>\n<td class=\"woocommerce-product-attributes-item__value\">90mm x 75mm (3.54\u201d x 2.95\u201d)<\/td>\n<\/tr>\n<tr class=\"woocommerce-product-attributes-item woocommerce-product-attributes-item--attribute_warranty-and-support\">\n<th class=\"woocommerce-product-attributes-item__label\" scope=\"row\">Warranty and Support<\/th>\n<td class=\"woocommerce-product-attributes-item__value\">1 Year Warranty and Free Support<\/td>\n<\/tr>\n<\/tbody>\n<\/table>\n<p>&nbsp;<\/p>\n<h3>Ordering Information<\/h3>\n<p><strong>NGX02<\/strong>0\u00a0\u00a0 Boson for FRAMOS Carrier Board for Orin NX &amp; Orin Nano<\/p>\n<p>Cables\/Accessories<br \/>\n<strong>CBG408<\/strong> \u00a0\u00a0 Power Input Cable<br \/>\n<strong>CBG125<\/strong> \u00a0\u00a0\u00a0 Misc. I\/O Cable \u2013 DF20A 40 Pin, unterminated<br \/>\n<strong>MSG085<\/strong> \u00a0 AC\/DC Power Supply<\/p>\n","protected":false},"excerpt":{"rendered":"<h3>Najwa\u017cniejsze cechy:<\/h3>\n<div class=\"wpb_text_column wpb_content_element \">\n<div class=\"wpb_wrapper\">\n<ul>\n<li>Kompatybilny z NVIDIA\u00ae Jetson Orin&#x2122; NX i Orin&#x2122; Nano<\/li>\n<li>Integracja do 4 modu\u0142\u00f3w czujnik\u00f3w MIPI FRAMOS 2-pasmowych lub 2 modu\u0142\u00f3w 4-pasmowych<\/li>\n<li>Podw\u00f3jny Gigabit Ethernet i podw\u00f3jny USB<\/li>\n<li>NVMe do dodatkowej pami\u0119ci masowej<\/li>\n<li>Opcje rozbudowy WiFi i Bluetooth<\/li>\n<li>Szeroki zakres napi\u0119cia wej\u015bciowego od +9 V do +36 V<\/li>\n<\/ul>\n<p>&nbsp;<\/p>\n<h3><span class=\"HwtZe\" lang=\"pl\"><span class=\"jCAhz ChMk0b\"><span class=\"ryNqvb\">Wi\u0119cej informacji <\/span><\/span><\/span><\/h3>\n<p><span class=\"HwtZe\" lang=\"pl\"><span class=\"jCAhz ChMk0b\"><span class=\"ryNqvb\">Boson to pot\u0119ga wizji AI, integruj\u0105ca do czterech kamer MIPI na niezwykle ma\u0142ej powierzchni.<\/span><\/span> <span class=\"jCAhz\"><span class=\"ryNqvb\">Boson maksymalizuje wej\u015bcia czujnik\u00f3w i rozwi\u0105zania pami\u0119ci masowej dla zaawansowanych aplikacji wizji.<\/span><\/span> <span class=\"jCAhz ChMk0b\"><span class=\"ryNqvb\">Ta p\u0142yta no\u015bna zapewnia klientom rozwi\u0105zanie wizji typu plug and play, kt\u00f3re przyspiesza czas opracowywania aplikacji.<\/span><\/span> <span class=\"jCAhz ChMk0b\"><span class=\"ryNqvb\">Zgodna z NVIDIA\u00ae Jetson Orin&#x2122; NX i Orin&#x2122; Nano umo\u017cliwia p\u0142ynne prze\u0142\u0105czanie mi\u0119dzy modu\u0142ami w przypadku zmiany potrzeb przetwarzania.<\/span><\/span><span class=\"jCAhz ChMk0b\"><span class=\"ryNqvb\"> Boson ma cztery z\u0142\u0105cza FRAMOS PixelMate bezpo\u015brednio na p\u0142ycie no\u015bnej.<\/span><\/span> <span class=\"jCAhz ChMk0b\"><span class=\"ryNqvb\">Z\u0142\u0105cza te umo\u017cliwiaj\u0105 u\u017cytkownikom bezpo\u015brednie pod\u0142\u0105czenie do 4 kamer 2-pasmowych lub 2 kamer 4-pasmowych MIPI CSI-2.<\/span><\/span> <\/span><\/p>\n<h4><span class=\"HwtZe\" lang=\"pl\"><span class=\"jCAhz ChMk0b\"><span class=\"ryNqvb\">Opcje integracji Boson <\/span><\/span><\/span><\/h4>\n<p><span class=\"HwtZe\" lang=\"pl\"><span class=\"jCAhz ChMk0b\"><span class=\"ryNqvb\">Bezpo\u015brednia integracja kamery z p\u0142yt\u0105 no\u015bn\u0105 eliminuje potrzeb\u0119 stosowania p\u0142yty adaptera i zmniejsza ca\u0142kowit\u0105 wysoko\u015b\u0107 stosu sprz\u0119towego.<\/span><\/span> <span class=\"jCAhz ChMk0b\"><span class=\"ryNqvb\">Klienci poszukuj\u0105cy opcji pe\u0142nego stosu mog\u0105 zdecydowa\u0107 si\u0119 na integracj\u0119 Boson z wybranym przez siebie modu\u0142em NVIDIA, dost\u0119pnymi radiatorami, a tak\u017ce innymi opcjami \u0142\u0105czno\u015bci.<\/span><\/span> <\/span><\/p>\n<h4>Opcje radiatora<\/h4>\n<ul>\n<li><a href=\"https:\/\/connecttech.com\/product\/nvidia-jetson-orin-nx-thermal-transfer-plate\/\" target=\"_blank\" rel=\"noopener\">P\u0142ytka termotransferowa Jetson Orin NX<\/a><\/li>\n<li><a href=\"https:\/\/connecttech.com\/product\/nvidia-jetson-orin-nx-passive-heat-sink\/\" target=\"_blank\" rel=\"noopener\">Pasywny radiator Jetson Orin NX<\/a><\/li>\n<li><a href=\"https:\/\/connecttech.com\/product\/nvidia-jetson-orin-nx-active-heat-sink\/\" target=\"_blank\" rel=\"noopener\">Aktywny radiator Jetson Orin NX<\/a><\/li>\n<\/ul>\n<h4>Dodatkowe opcje<\/h4>\n<ul>\n<li>WiFi\/Bluetooth (poprzez rozszerzenie 2230 E-Key) Pami\u0119\u0107 masowa<\/li>\n<li>NVMe (poprzez M.2 M-Key (2280) NVMe PCIe x4)<\/li>\n<\/ul>\n<\/div>\n<\/div>\n","protected":false},"featured_media":16257,"template":"","meta":{"_acf_changed":false,"inline_featured_image":false,"_monsterinsights_skip_tracking":false,"_monsterinsights_sitenote_active":false,"_monsterinsights_sitenote_note":"","_monsterinsights_sitenote_category":0},"product_brand":[],"product_cat":[1472,1689],"product_tag":[],"class_list":{"0":"post-16256","1":"product","2":"type-product","3":"status-publish","4":"has-post-thumbnail","6":"product_cat-connect-tech-inc","7":"product_cat-nvidia-jetson-orin-nx","9":"first","10":"instock","11":"shipping-taxable","12":"product-type-simple"},"acf":[],"_links":{"self":[{"href":"https:\/\/quantum.com.pl\/pl\/wp-json\/wp\/v2\/product\/16256","targetHints":{"allow":["GET"]}}],"collection":[{"href":"https:\/\/quantum.com.pl\/pl\/wp-json\/wp\/v2\/product"}],"about":[{"href":"https:\/\/quantum.com.pl\/pl\/wp-json\/wp\/v2\/types\/product"}],"wp:featuredmedia":[{"embeddable":true,"href":"https:\/\/quantum.com.pl\/pl\/wp-json\/wp\/v2\/media\/16257"}],"wp:attachment":[{"href":"https:\/\/quantum.com.pl\/pl\/wp-json\/wp\/v2\/media?parent=16256"}],"wp:term":[{"taxonomy":"product_brand","embeddable":true,"href":"https:\/\/quantum.com.pl\/pl\/wp-json\/wp\/v2\/product_brand?post=16256"},{"taxonomy":"product_cat","embeddable":true,"href":"https:\/\/quantum.com.pl\/pl\/wp-json\/wp\/v2\/product_cat?post=16256"},{"taxonomy":"product_tag","embeddable":true,"href":"https:\/\/quantum.com.pl\/pl\/wp-json\/wp\/v2\/product_tag?post=16256"}],"curies":[{"name":"wp","href":"https:\/\/api.w.org\/{rel}","templated":true}]}}