{"id":16280,"date":"2025-05-06T13:14:56","date_gmt":"2025-05-06T11:14:56","guid":{"rendered":"https:\/\/quantum.com.pl\/?post_type=product&#038;p=16280"},"modified":"2025-05-07T11:51:15","modified_gmt":"2025-05-07T09:51:15","slug":"hadron-dm-carrier-for-nvidia-jetson-orin-nx","status":"publish","type":"product","link":"https:\/\/quantum.com.pl\/pl\/product\/hadron-dm-carrier-for-nvidia-jetson-orin-nx\/","title":{"rendered":"Hadron-DM Carrier for NVIDIA Jetson Orin NX"},"content":{"rendered":"<h3>Dane techniczne:<\/h3>\n<table class=\"woocommerce-product-attributes shop_attributes\" aria-label=\"Product Details\">\n<tbody>\n<tr class=\"woocommerce-product-attributes-item woocommerce-product-attributes-item--attribute_pa_ethernet\">\n<th class=\"woocommerce-product-attributes-item__label\" scope=\"row\">Ethernet<\/th>\n<td class=\"woocommerce-product-attributes-item__value\">1x 1000BASE-T Ports (Connector: Positive Locking Pin Headers)<\/td>\n<\/tr>\n<tr class=\"woocommerce-product-attributes-item woocommerce-product-attributes-item--attribute_usb\">\n<th class=\"woocommerce-product-attributes-item__label\" scope=\"row\">USB<\/th>\n<td class=\"woocommerce-product-attributes-item__value\">2 x USB 3.1 (Gen 1)<br \/>\n1x USB 2.0 Programming Port<br \/>\n(HD pin headers)<\/td>\n<\/tr>\n<tr class=\"woocommerce-product-attributes-item woocommerce-product-attributes-item--attribute_mipi-cameras\">\n<th class=\"woocommerce-product-attributes-item__label\" scope=\"row\">MIPI Cameras<\/th>\n<td class=\"woocommerce-product-attributes-item__value\">2x 4-lane MIPI CSI-2<br \/>\n\u2013 22-pin FPC Connector<\/td>\n<\/tr>\n<tr class=\"woocommerce-product-attributes-item woocommerce-product-attributes-item--attribute_misc-interfaces\">\n<th class=\"woocommerce-product-attributes-item__label\" scope=\"row\">Misc Interfaces<\/th>\n<td class=\"woocommerce-product-attributes-item__value\">1x 3.3VTTL UART (CONSOLE)<br \/>\n2x RS-232 Serial Ports<br \/>\n4x GPIO (I\/O Header), 2x PWM Capable<br \/>\n1x 3.3V I2C<br \/>\n1x 3.3V SPI<br \/>\nPower Output 3.3V, 5V (Max 500mA Each)<\/td>\n<\/tr>\n<tr class=\"woocommerce-product-attributes-item woocommerce-product-attributes-item--attribute_storage\">\n<th class=\"woocommerce-product-attributes-item__label\" scope=\"row\">Storage<\/th>\n<td class=\"woocommerce-product-attributes-item__value\">1x 2242\/2230 NVMe (M-Key)<\/td>\n<\/tr>\n<tr class=\"woocommerce-product-attributes-item woocommerce-product-attributes-item--attribute_display-output\">\n<th class=\"woocommerce-product-attributes-item__label\" scope=\"row\">Display Output<\/th>\n<td class=\"woocommerce-product-attributes-item__value\">None (Headless Operation only)<\/td>\n<\/tr>\n<tr class=\"woocommerce-product-attributes-item woocommerce-product-attributes-item--attribute_fan\">\n<th class=\"woocommerce-product-attributes-item__label\" scope=\"row\">FAN<\/th>\n<td class=\"woocommerce-product-attributes-item__value\">1x 4-pin Fan Connector (5V, 1\u00d74 Picoblade)<\/td>\n<\/tr>\n<tr class=\"woocommerce-product-attributes-item woocommerce-product-attributes-item--attribute_expansion\">\n<th class=\"woocommerce-product-attributes-item__label\" scope=\"row\">Expansion<\/th>\n<td class=\"woocommerce-product-attributes-item__value\">1x M.2 E-Key for WiFi\/BT<\/td>\n<\/tr>\n<tr class=\"woocommerce-product-attributes-item woocommerce-product-attributes-item--attribute_power-input\">\n<th class=\"woocommerce-product-attributes-item__label\" scope=\"row\">Power Input<\/th>\n<td class=\"woocommerce-product-attributes-item__value\">Wide Power Input: +9V to +60V DC (+12V to +48V DC Nom.)<\/td>\n<\/tr>\n<tr class=\"woocommerce-product-attributes-item woocommerce-product-attributes-item--attribute_power-%e2%80%93-rtc-battery\">\n<th class=\"woocommerce-product-attributes-item__label\" scope=\"row\">Power \u2013 RTC Battery<\/th>\n<td class=\"woocommerce-product-attributes-item__value\">3-Pin RTC Battery Connector<\/td>\n<\/tr>\n<tr class=\"woocommerce-product-attributes-item woocommerce-product-attributes-item--attribute_operating-temperature\">\n<th class=\"woocommerce-product-attributes-item__label\" scope=\"row\">Operating Temperature<\/th>\n<td class=\"woocommerce-product-attributes-item__value\">-25\u00b0C to +85\u00b0C (-13\u00b0F x 185\u00b0F)<\/td>\n<\/tr>\n<tr class=\"woocommerce-product-attributes-item woocommerce-product-attributes-item--attribute_pa_dimensions\">\n<th class=\"woocommerce-product-attributes-item__label\" scope=\"row\">Dimensions<\/th>\n<td class=\"woocommerce-product-attributes-item__value\">82.6mm x 58.8mm (3.25\u201d x 2.31\u201d)<\/td>\n<\/tr>\n<tr class=\"woocommerce-product-attributes-item woocommerce-product-attributes-item--attribute_weight\">\n<th class=\"woocommerce-product-attributes-item__label\" scope=\"row\">Weight<\/th>\n<td class=\"woocommerce-product-attributes-item__value\">56g<\/td>\n<\/tr>\n<tr class=\"woocommerce-product-attributes-item woocommerce-product-attributes-item--attribute_warranty-and-support\">\n<th class=\"woocommerce-product-attributes-item__label\" scope=\"row\">Warranty and Support<\/th>\n<td class=\"woocommerce-product-attributes-item__value\">1 Year Warranty and Free Support<\/td>\n<\/tr>\n<\/tbody>\n<\/table>\n<h3>Ordering Information<\/h3>\n<p><strong>NGX024<\/strong> \u00a0 Hadron-DM Carrier for NVIDIA\u00ae Jetson Orin&#x2122; NX<\/p>\n<p>Cables\/Accessories<br \/>\n<strong>XBG023 \u00a0<\/strong> USB 3.0 Breakout for Hadron Carrier<br \/>\n<strong>CBG706<\/strong> \u00a0 Molex 4-pin Nano-Fit 2\u00d72<br \/>\n<strong>CBG117<\/strong> \u00a0 10-pin MiniTek w\/Latch, RJ-45 Panel Mount<br \/>\n<strong>CBG136<\/strong> \u00a0 Molex 3 position 1.25mm PicoBlade Connector<br \/>\n<strong>CBG615<\/strong> \u00a0 20-pin Tiger-Eye to 2x USB 2.0 Type-A Female<br \/>\n<strong>CBG629 \u00a0<\/strong> 40-pin Tiger-Eye to Unterminated FlyingLeads<br \/>\n<strong>CBG686<\/strong> \u00a0 20-pin Tiger-Eye to 2x USB 3.0 Type-A Female (200mm)<\/p>\n","protected":false},"excerpt":{"rendered":"<h3>Najwa\u017cniejsze cechy:<\/h3>\n<ul>\n<li>Zgodny z Jetson Orin&#x2122; NX, Jetson Orin&#x2122; Nano<\/li>\n<li>Dwa z\u0142\u0105cza 4-Lane MIPI CSI-2 22-pinowe<\/li>\n<li>2x USB3.1, 1x GbE, 1x 2242 NVMe, M.2 (M-Key)<\/li>\n<li>1x M.2 E-Key dla WiFi\/BT<\/li>\n<li>Szerokie napi\u0119cie zasilania: +9 V do +60 V DC<\/li>\n<\/ul>\n<h3>Wi\u0119cej informacji:<\/h3>\n<p>P\u0142ytka no\u015bna Hadron-DM dla Jetson Orin&#x2122; NX to ultra ma\u0142a, wytrzyma\u0142a i bogata w funkcje p\u0142yta no\u015bna do oblicze\u0144 AI na kraw\u0119dzi.<\/p>\n<p>Hadron jest nieco wi\u0119kszy od modu\u0142u Jetson&#x2122; SODIMM i idealnie nadaje si\u0119 do zastosowa\u0144 wizyjnych, wnioskowania i \u0142adunk\u00f3w bezza\u0142ogowych. Hadron-DM jest wyposa\u017cony w z\u0142\u0105cza Dual MIPI CSI-2, co zapewnia wi\u0119ksz\u0105 wszechstronno\u015b\u0107.<\/p>\n<p>Poniewa\u017c p\u0142yta no\u015bna Hadron-DM jest zgodna z modu\u0142ami Jetson Orin&#x2122; NX i Jetson Orin&#x2122; Nano, u\u017cytkownicy mog\u0105 przechodzi\u0107 mi\u0119dzy modu\u0142ami w zale\u017cno\u015bci od wymaga\u0144 przetwarzania AI.<\/p>\n<p><strong><a href=\"https:\/\/connecttech.com\/ftp\/pdf\/Hadron-Orin_Compatibility.pdf\" target=\"_blank\" rel=\"noopener\">Hadron Carrier Comparison Chart<\/a><\/strong><\/p>\n","protected":false},"featured_media":16281,"template":"","meta":{"_acf_changed":false,"inline_featured_image":false,"_monsterinsights_skip_tracking":false,"_monsterinsights_sitenote_active":false,"_monsterinsights_sitenote_note":"","_monsterinsights_sitenote_category":0},"product_brand":[],"product_cat":[1472,1689],"product_tag":[],"class_list":{"0":"post-16280","1":"product","2":"type-product","3":"status-publish","4":"has-post-thumbnail","6":"product_cat-connect-tech-inc","7":"product_cat-nvidia-jetson-orin-nx","9":"first","10":"instock","11":"shipping-taxable","12":"product-type-simple"},"acf":[],"_links":{"self":[{"href":"https:\/\/quantum.com.pl\/pl\/wp-json\/wp\/v2\/product\/16280","targetHints":{"allow":["GET"]}}],"collection":[{"href":"https:\/\/quantum.com.pl\/pl\/wp-json\/wp\/v2\/product"}],"about":[{"href":"https:\/\/quantum.com.pl\/pl\/wp-json\/wp\/v2\/types\/product"}],"wp:featuredmedia":[{"embeddable":true,"href":"https:\/\/quantum.com.pl\/pl\/wp-json\/wp\/v2\/media\/16281"}],"wp:attachment":[{"href":"https:\/\/quantum.com.pl\/pl\/wp-json\/wp\/v2\/media?parent=16280"}],"wp:term":[{"taxonomy":"product_brand","embeddable":true,"href":"https:\/\/quantum.com.pl\/pl\/wp-json\/wp\/v2\/product_brand?post=16280"},{"taxonomy":"product_cat","embeddable":true,"href":"https:\/\/quantum.com.pl\/pl\/wp-json\/wp\/v2\/product_cat?post=16280"},{"taxonomy":"product_tag","embeddable":true,"href":"https:\/\/quantum.com.pl\/pl\/wp-json\/wp\/v2\/product_tag?post=16280"}],"curies":[{"name":"wp","href":"https:\/\/api.w.org\/{rel}","templated":true}]}}