{"id":16284,"date":"2025-05-07T09:04:26","date_gmt":"2025-05-07T07:04:26","guid":{"rendered":"https:\/\/quantum.com.pl\/?post_type=product&#038;p=16284"},"modified":"2025-05-07T11:46:01","modified_gmt":"2025-05-07T09:46:01","slug":"lepton-carrier-for-nvidia-jetson-orin-nx","status":"publish","type":"product","link":"https:\/\/quantum.com.pl\/pl\/product\/lepton-carrier-for-nvidia-jetson-orin-nx\/","title":{"rendered":"Lepton Carrier for NVIDIA Jetson Orin NX"},"content":{"rendered":"<p>Dane techniczne:<\/p>\n<table class=\"woocommerce-product-attributes shop_attributes\" aria-label=\"Product Details\">\n<tbody>\n<tr class=\"woocommerce-product-attributes-item woocommerce-product-attributes-item--attribute_module-compatibility\">\n<th class=\"woocommerce-product-attributes-item__label\" scope=\"row\">Module Compatibility<\/th>\n<td class=\"woocommerce-product-attributes-item__value\">NVIDIA\u00ae Jetson Orin&#x2122; NX and Jetson Orin&#x2122; Nano<\/td>\n<\/tr>\n<tr class=\"woocommerce-product-attributes-item woocommerce-product-attributes-item--attribute_fpd-link-iii-camera-inputs\">\n<th class=\"woocommerce-product-attributes-item__label\" scope=\"row\">FPD-Link III Camera Inputs<\/th>\n<td class=\"woocommerce-product-attributes-item__value\">\u2022 4x FPD-Link III Camera Inputs (Connector: Quad Micro COAX)<br \/>\n\u2022 Deserializers embedded on carrier board<\/td>\n<\/tr>\n<tr class=\"woocommerce-product-attributes-item woocommerce-product-attributes-item--attribute_pa_ethernet\">\n<th class=\"woocommerce-product-attributes-item__label\" scope=\"row\">Ethernet<\/th>\n<td class=\"woocommerce-product-attributes-item__value\">Dual GbE (1 port from PCIe PHY controller)<\/td>\n<\/tr>\n<tr class=\"woocommerce-product-attributes-item woocommerce-product-attributes-item--attribute_storage\">\n<th class=\"woocommerce-product-attributes-item__label\" scope=\"row\">Storage<\/th>\n<td class=\"woocommerce-product-attributes-item__value\">1x NVMe PCIe (M.2 2280 M-Key)<\/td>\n<\/tr>\n<tr class=\"woocommerce-product-attributes-item woocommerce-product-attributes-item--attribute_display-output\">\n<th class=\"woocommerce-product-attributes-item__label\" scope=\"row\">Display Output<\/th>\n<td class=\"woocommerce-product-attributes-item__value\">1x HDMI 2.0 (Type-A)<\/td>\n<\/tr>\n<tr class=\"woocommerce-product-attributes-item woocommerce-product-attributes-item--attribute_wireless-expansion\">\n<th class=\"woocommerce-product-attributes-item__label\" scope=\"row\">Wireless Expansion<\/th>\n<td class=\"woocommerce-product-attributes-item__value\">1x WiFi Module (M.2 2230 E-Key)<br \/>\n1x LTE Module (M.2 3042 B-Key)<\/td>\n<\/tr>\n<tr class=\"woocommerce-product-attributes-item woocommerce-product-attributes-item--attribute_usb\">\n<th class=\"woocommerce-product-attributes-item__label\" scope=\"row\">USB<\/th>\n<td class=\"woocommerce-product-attributes-item__value\">\u2022 4x USB 3.0 (Type A)<br \/>\n\u2022 1x USB OTG (Type C)<br \/>\n\u2022 1x USB 3.0 + 2.0 port to M.2 B-Key<br \/>\n\u2022 1x USB 2.0 to M.2 E-Key<\/td>\n<\/tr>\n<tr class=\"woocommerce-product-attributes-item woocommerce-product-attributes-item--attribute_miscio-connector\">\n<th class=\"woocommerce-product-attributes-item__label\" scope=\"row\">MISC\/IO Connector<\/th>\n<td class=\"woocommerce-product-attributes-item__value\">\u2022 2x UART (1x Console, 1x 3.3V)<br \/>\n\u2022 1x RS-485<br \/>\n\u2022 2x I2C, 1x SPI, 2x PWM OUT, 4x GPIO (2x IN, 2x OUT)<br \/>\n\u2022 2x 5V<br \/>\n\u2022 2x 3.3V<br \/>\n\u2022 2x Isolated Camera Trigger Input<br \/>\n\u2022 9x GND<\/td>\n<\/tr>\n<tr class=\"woocommerce-product-attributes-item woocommerce-product-attributes-item--attribute_operating-temperature\">\n<th class=\"woocommerce-product-attributes-item__label\" scope=\"row\">Operating Temperature<\/th>\n<td class=\"woocommerce-product-attributes-item__value\">-40\u00b0C to +80\u00b0C (-40\u00b0F to +176\u00b0F)<\/td>\n<\/tr>\n<tr class=\"woocommerce-product-attributes-item woocommerce-product-attributes-item--attribute_can\">\n<th class=\"woocommerce-product-attributes-item__label\" scope=\"row\">CAN<\/th>\n<td class=\"woocommerce-product-attributes-item__value\">1x Isolated CAN FD port (1Mbps max)<\/td>\n<\/tr>\n<tr class=\"woocommerce-product-attributes-item woocommerce-product-attributes-item--attribute_power-input\">\n<th class=\"woocommerce-product-attributes-item__label\" scope=\"row\">Power Input<\/th>\n<td class=\"woocommerce-product-attributes-item__value\">+9V to +36V DC Power Input (Mini-Fit Jr. 4-Pin Locking)<\/td>\n<\/tr>\n<tr class=\"woocommerce-product-attributes-item woocommerce-product-attributes-item--attribute_power-%e2%80%93-rtc-battery\">\n<th class=\"woocommerce-product-attributes-item__label\" scope=\"row\">Power \u2013 RTC Battery<\/th>\n<td class=\"woocommerce-product-attributes-item__value\">Battery Holder for CR2032<\/td>\n<\/tr>\n<tr class=\"woocommerce-product-attributes-item woocommerce-product-attributes-item--attribute_mechanical-details\">\n<th class=\"woocommerce-product-attributes-item__label\" scope=\"row\">Mechanical Details<\/th>\n<td class=\"woocommerce-product-attributes-item__value\">104mm x 110mm x 34mm (4.09\u201d x 4.33\u201d x 1.34\u201d)<\/td>\n<\/tr>\n<tr class=\"woocommerce-product-attributes-item woocommerce-product-attributes-item--attribute_weight\">\n<th class=\"woocommerce-product-attributes-item__label\" scope=\"row\">Weight<\/th>\n<td class=\"woocommerce-product-attributes-item__value\">127g (Carrier Only)<\/td>\n<\/tr>\n<tr class=\"woocommerce-product-attributes-item woocommerce-product-attributes-item--attribute_warranty-and-support\">\n<th class=\"woocommerce-product-attributes-item__label\" scope=\"row\">Warranty and Support<\/th>\n<td class=\"woocommerce-product-attributes-item__value\">1 Year Warranty and Free Support<\/td>\n<\/tr>\n<\/tbody>\n<\/table>\n<h3><\/h3>\n<h3>Ordering Information<\/h3>\n<p><strong>NGX022<\/strong> \u00a0 \u00a0 \u00a0 \u00a0 \u00a0 \u00a0 \u00a0 \u00a0 \u00a0 \u00a0 \u00a0 \u00a0 \u00a0 \u00a0 \u00a0 \u00a0 \u00a0 \u00a0\u00a0\u00a0 Lepton FPD-Link III Carrier for NVIDIA\u00ae Jetson Orin&#x2122; NX<\/p>\n<p>Cables\/Accessories<br \/>\n<strong>CBG408<\/strong> \u00a0\u00a0\u00a0\u00a0\u00a0\u00a0\u00a0\u00a0\u00a0\u00a0\u00a0\u00a0\u00a0\u00a0\u00a0\u00a0\u00a0\u00a0\u00a0\u00a0\u00a0\u00a0\u00a0\u00a0\u00a0\u00a0\u00a0\u00a0\u00a0\u00a0\u00a0\u00a0\u00a0\u00a0\u00a0\u00a0\u00a0 Lepton Power Input Cable<br \/>\n<strong>SFSD-20-28C-G-12.00-SR<\/strong> \u00a0\u00a0\u00a0 \u00a0\u00a0 GPIO Cable<br \/>\n<strong>SFSD-03-28C-G-12.00-SR<\/strong> \u00a0\u00a0\u00a0 \u00a0\u00a0 CAN Cable<br \/>\n<strong>MSG085<\/strong> \u00a0\u00a0\u00a0\u00a0\u00a0\u00a0\u00a0\u00a0\u00a0\u00a0\u00a0\u00a0\u00a0\u00a0\u00a0\u00a0\u00a0\u00a0\u00a0\u00a0\u00a0\u00a0\u00a0\u00a0\u00a0\u00a0\u00a0\u00a0\u00a0\u00a0\u00a0\u00a0\u00a0\u00a0\u00a0\u00a0\u00a0 19V \/ 120W AC\/DC Power Supply<br \/>\n<strong>CBG341<\/strong> \u00a0\u00a0\u00a0\u00a0\u00a0\u00a0\u00a0\u00a0\u00a0\u00a0\u00a0\u00a0\u00a0\u00a0\u00a0\u00a0\u00a0\u00a0\u00a0\u00a0\u00a0\u00a0\u00a0\u00a0\u00a0\u00a0\u00a0\u00a0\u00a0\u00a0\u00a0\u00a0\u00a0\u00a0\u00a0\u00a0\u00a0\u00a0\u00a0 Quad FAKRA FPD-Link III Cable<\/p>\n","protected":false},"excerpt":{"rendered":"<h3>Najwa\u017cniejsze cechy:<\/h3>\n<ul>\n<li>Kompatybilny z Jetson Orin&#x2122; NX, Jetson Orin&#x2122; Nano<\/li>\n<li>4 wej\u015bcia kamery FPD-Link III<\/li>\n<li>Dost\u0119pna pami\u0119\u0107 masowa przez NVMe<\/li>\n<li>WiFi i Bluetooth oraz rozszerzenie modemu LTE<\/li>\n<li>USB 3.0, USB 2.0, CAN FD, USB OTG, RS-485, I2C, GPIO, SPI, wyj\u015bcie PWM<\/li>\n<\/ul>\n<h3>Wi\u0119cej informacji:<\/h3>\n<p><span class=\"HwtZe\" lang=\"pl\"><span class=\"jCAhz ChMk0b\"><span class=\"ryNqvb\">P\u0142yta Lepton FPD-Link III Carrier Board zosta\u0142a zaprojektowana dla modu\u0142\u00f3w NVIDIA\u00ae Jetson Orin&#x2122; NX i Jetson Orin&#x2122; Nano, aby zapewni\u0107 bezproblemow\u0105 integracj\u0119 i rozszerzon\u0105 funkcjonalno\u015b\u0107.<\/span><\/span> <span class=\"jCAhz ChMk0b\"><span class=\"ryNqvb\">Lepton oferuje dwa porty GbE i liczne po\u0142\u0105czenia USB z czterema portami USB 3.0.<\/span><\/span> <span class=\"jCAhz ChMk0b\"><span class=\"ryNqvb\">Dzi\u0119ki czterem wej\u015bciom kamery FPD-Link III, rozszerzeniu pami\u0119ci masowej NVMe i wszechstronnym gniazdom M.2 Lepton oferuje elastyczno\u015b\u0107 dla r\u00f3\u017cnych zastosowa\u0144.<\/span><\/span><\/span><\/p>\n","protected":false},"featured_media":16285,"template":"","meta":{"_acf_changed":false,"inline_featured_image":false,"_monsterinsights_skip_tracking":false,"_monsterinsights_sitenote_active":false,"_monsterinsights_sitenote_note":"","_monsterinsights_sitenote_category":0},"product_brand":[],"product_cat":[1472,1689],"product_tag":[],"class_list":{"0":"post-16284","1":"product","2":"type-product","3":"status-publish","4":"has-post-thumbnail","6":"product_cat-connect-tech-inc","7":"product_cat-nvidia-jetson-orin-nx","9":"first","10":"instock","11":"shipping-taxable","12":"product-type-simple"},"acf":[],"_links":{"self":[{"href":"https:\/\/quantum.com.pl\/pl\/wp-json\/wp\/v2\/product\/16284","targetHints":{"allow":["GET"]}}],"collection":[{"href":"https:\/\/quantum.com.pl\/pl\/wp-json\/wp\/v2\/product"}],"about":[{"href":"https:\/\/quantum.com.pl\/pl\/wp-json\/wp\/v2\/types\/product"}],"wp:featuredmedia":[{"embeddable":true,"href":"https:\/\/quantum.com.pl\/pl\/wp-json\/wp\/v2\/media\/16285"}],"wp:attachment":[{"href":"https:\/\/quantum.com.pl\/pl\/wp-json\/wp\/v2\/media?parent=16284"}],"wp:term":[{"taxonomy":"product_brand","embeddable":true,"href":"https:\/\/quantum.com.pl\/pl\/wp-json\/wp\/v2\/product_brand?post=16284"},{"taxonomy":"product_cat","embeddable":true,"href":"https:\/\/quantum.com.pl\/pl\/wp-json\/wp\/v2\/product_cat?post=16284"},{"taxonomy":"product_tag","embeddable":true,"href":"https:\/\/quantum.com.pl\/pl\/wp-json\/wp\/v2\/product_tag?post=16284"}],"curies":[{"name":"wp","href":"https:\/\/api.w.org\/{rel}","templated":true}]}}