{"id":16305,"date":"2025-05-08T11:20:44","date_gmt":"2025-05-08T09:20:44","guid":{"rendered":"https:\/\/quantum.com.pl\/?post_type=product&#038;p=16305"},"modified":"2025-05-09T12:57:06","modified_gmt":"2025-05-09T10:57:06","slug":"polaris-embedded-system-with-nvidia-jetson-orin-nx","status":"publish","type":"product","link":"https:\/\/quantum.com.pl\/pl\/product\/polaris-embedded-system-with-nvidia-jetson-orin-nx\/","title":{"rendered":"Polaris Embedded System with NVIDIA Jetson Orin NX"},"content":{"rendered":"<h3>Dane techniczne:<\/h3>\n<table class=\"woocommerce-product-attributes shop_attributes\" aria-label=\"Product Details\">\n<tbody>\n<tr class=\"woocommerce-product-attributes-item woocommerce-product-attributes-item--attribute_pa_gpu-module-options\">\n<th class=\"woocommerce-product-attributes-item__label\" scope=\"row\">GPU Module Options<\/th>\n<td class=\"woocommerce-product-attributes-item__value\">NVIDIA\u00ae Jetson Orin&#x2122; Nano, NVIDIA\u00ae Jetson Orin&#x2122; NX<\/td>\n<\/tr>\n<tr class=\"woocommerce-product-attributes-item woocommerce-product-attributes-item--attribute_pa_network\">\n<th class=\"woocommerce-product-attributes-item__label\" scope=\"row\">Network<\/th>\n<td class=\"woocommerce-product-attributes-item__value\">1x Gigabit Ethernet (RJ45), 2x Gigabit Ethernet (M12 X-Code)<\/td>\n<\/tr>\n<tr class=\"woocommerce-product-attributes-item woocommerce-product-attributes-item--attribute_wireless-expansion\">\n<th class=\"woocommerce-product-attributes-item__label\" scope=\"row\">Wireless Expansion<\/th>\n<td class=\"woocommerce-product-attributes-item__value\">1x WiFi Module (M.2 2230 E-KEY)<br \/>\n1x 5G Module (M.2 3042\/3052 B-KEY) w\/ nano SIM Card Slot<br \/>\n5x FAKRA SMB Plug C\/D\/I-codes for antenna connections<\/td>\n<\/tr>\n<tr class=\"woocommerce-product-attributes-item woocommerce-product-attributes-item--attribute_pa_display\">\n<th class=\"woocommerce-product-attributes-item__label\" scope=\"row\">Display<\/th>\n<td class=\"woocommerce-product-attributes-item__value\">1x HDMI<\/td>\n<\/tr>\n<tr class=\"woocommerce-product-attributes-item woocommerce-product-attributes-item--attribute_camera-inputs\">\n<th class=\"woocommerce-product-attributes-item__label\" scope=\"row\">Camera Inputs<\/th>\n<td class=\"woocommerce-product-attributes-item__value\">4x FAKRA SMB Plug Z-code, GMSL cameras<\/td>\n<\/tr>\n<tr class=\"woocommerce-product-attributes-item woocommerce-product-attributes-item--attribute_pa_usb\">\n<th class=\"woocommerce-product-attributes-item__label\" scope=\"row\">USB<\/th>\n<td class=\"woocommerce-product-attributes-item__value\">1x USB OTG (Micro-AB), 3x USB 3.1 Ports (Type-C)<\/td>\n<\/tr>\n<tr class=\"woocommerce-product-attributes-item woocommerce-product-attributes-item--attribute_pa_uart\">\n<th class=\"woocommerce-product-attributes-item__label\" scope=\"row\">UART<\/th>\n<td class=\"woocommerce-product-attributes-item__value\">1x USB based Debug UART (USB micro AB connector)<\/td>\n<\/tr>\n<tr class=\"woocommerce-product-attributes-item woocommerce-product-attributes-item--attribute_pa_storage\">\n<th class=\"woocommerce-product-attributes-item__label\" scope=\"row\">Storage<\/th>\n<td class=\"woocommerce-product-attributes-item__value\">1x M.2 Key-M (NVMe) slot (4-lane PCIe Gen 3\/4)<\/td>\n<\/tr>\n<tr class=\"woocommerce-product-attributes-item woocommerce-product-attributes-item--attribute_can\">\n<th class=\"woocommerce-product-attributes-item__label\" scope=\"row\">CAN<\/th>\n<td class=\"woocommerce-product-attributes-item__value\">2x CAN FD Isolated Ports (M12 A-Code)<\/td>\n<\/tr>\n<tr class=\"woocommerce-product-attributes-item woocommerce-product-attributes-item--attribute_pa_gpio\">\n<th class=\"woocommerce-product-attributes-item__label\" scope=\"row\">GPIO<\/th>\n<td class=\"woocommerce-product-attributes-item__value\">1x 12V output (100mA max, isolated M-12, D-Code), 2x 3.3V input (12V tolerant, Isolated M-12, D-Code)<\/td>\n<\/tr>\n<tr class=\"woocommerce-product-attributes-item woocommerce-product-attributes-item--attribute_fan\">\n<th class=\"woocommerce-product-attributes-item__label\" scope=\"row\">Fan<\/th>\n<td class=\"woocommerce-product-attributes-item__value\">2x 12V BLDC Fans with Tachometer and PWM speed control<\/td>\n<\/tr>\n<tr class=\"woocommerce-product-attributes-item woocommerce-product-attributes-item--attribute_other\">\n<th class=\"woocommerce-product-attributes-item__label\" scope=\"row\">Other<\/th>\n<td class=\"woocommerce-product-attributes-item__value\">1x CR2032 RTC battery holder<br \/>\n1x RGB status LED<br \/>\n1x Back-up power button<br \/>\n1x Reset\/Forced-Recovery button<br \/>\n1x CAN mode\/self-test rotary switch<\/td>\n<\/tr>\n<tr class=\"woocommerce-product-attributes-item woocommerce-product-attributes-item--attribute_input-power\">\n<th class=\"woocommerce-product-attributes-item__label\" scope=\"row\">Input Power<\/th>\n<td class=\"woocommerce-product-attributes-item__value\">+18-48V DC Wide Input Power (M12 B-Code)<\/td>\n<\/tr>\n<tr class=\"woocommerce-product-attributes-item woocommerce-product-attributes-item--attribute_pa_dimensions\">\n<th class=\"woocommerce-product-attributes-item__label\" scope=\"row\">Dimensions<\/th>\n<td class=\"woocommerce-product-attributes-item__value\">285mm x 150mm x 70mm (11.22inch x 5.91inch x 2.76inch)<\/td>\n<\/tr>\n<tr class=\"woocommerce-product-attributes-item woocommerce-product-attributes-item--attribute_weight\">\n<th class=\"woocommerce-product-attributes-item__label\" scope=\"row\">Weight<\/th>\n<td class=\"woocommerce-product-attributes-item__value\">2.5kg (5.5 lbs)<\/td>\n<\/tr>\n<tr class=\"woocommerce-product-attributes-item woocommerce-product-attributes-item--attribute_pa_operating-temperature\">\n<th class=\"woocommerce-product-attributes-item__label\" scope=\"row\">Operating Temperature<\/th>\n<td class=\"woocommerce-product-attributes-item__value\">-20\u00b0C to +50\u00b0C (-4\u00b0F to +122\u00b0F) (14.4CFM is needed to operate higher than 35\u00b0C or 95\u00b0F)<\/td>\n<\/tr>\n<\/tbody>\n<\/table>\n<h2 data-fontsize=\"24\" data-lineheight=\"36px\"><\/h2>\n<h3 class=\"yikes-custom-woo-tab-title yikes-custom-woo-tab-title-ordering-information fusion-responsive-typography-calculated\" data-fontsize=\"24\" data-lineheight=\"36px\">Ordering Information<\/h3>\n<p><strong>ESG604<\/strong> \u00a0 Polaris Embedded Active System with NVIDIA Jetson Orin&#x2122; NX 16GB<br \/>\n<strong>ESG608<\/strong> \u00a0 Polaris Embedded Passive System with NVIDIA Jetson Orin&#x2122; NX 16GB<\/p>\n<p><strong>Part Number\u00a0\u00a0\u00a0\u00a0\u00a0 Cooling\u00a0\u00a0\u00a0\u00a0\u00a0 \u00a0 \u00a0\u00a0 \u00a0 WiFi\/Bluetooth Option\u00a0\u00a0\u00a0\u00a0\u00a0\u00a0\u00a0\u00a0\u00a0 Storage Option\u00a0 \u00a0 \u00a0 \u00a0 \u00a0\u00a0 LTE Option<\/strong><br \/>\n<strong>ESG604-1C \u00a0<\/strong> \u00a0 Active Cooling\u00a0 \u00a0 \u00a0 \u00a0 \u00a0 \u00a0 \u00a0 \u00a0 \u00a0 \u00a0\u00a0 \u00a0\u00a0\u00a0 N\/A\u00a0 \u00a0 \u00a0 \u00a0 \u00a0 \u00a0 \u00a0 \u00a0 \u00a0 \u00a0 \u00a0 \u00a0 \u00a0 \u00a0 \u00a0 \u00a0\u00a0 2TB\u00a0 NVMe SSD \u00a0 \u00a0 \u00a0 \u00a0 \u00a0\u00a0 \u00a0 \u00a0\u00a0 N\/A<br \/>\n<strong>ESG604-1E<\/strong> \u00a0\u00a0\u00a0 Active Cooling\u00a0\u00a0\u00a0 \u00a0 \u00a0 \u00a0 \u00a0 \u00a0\u00a0 WiFi6\/BT Module\u00a0\u00a0\u00a0\u00a0\u00a0\u00a0\u00a0\u00a0\u00a0\u00a0\u00a0\u00a0\u00a0\u00a0\u00a0\u00a0\u00a0 2TB NVMe SSD\u00a0\u00a0\u00a0\u00a0\u00a0\u00a0\u00a0 \u00a0 \u00a0\u00a0 \u00a0\u00a0 \u00a0 N\/A<br \/>\n<strong>ESG604-22<\/strong> \u00a0\u00a0\u00a0 Active Cooling\u00a0\u00a0\u00a0\u00a0\u00a0\u00a0\u00a0\u00a0 \u00a0 \u00a0 \u00a0 \u00a0 \u00a0 \u00a0 \u00a0 \u00a0 N\/A\u00a0\u00a0\u00a0\u00a0\u00a0\u00a0\u00a0\u00a0\u00a0\u00a0\u00a0\u00a0\u00a0\u00a0\u00a0\u00a0\u00a0\u00a0\u00a0\u00a0\u00a0\u00a0\u00a0\u00a0\u00a0\u00a0\u00a0\u00a0\u00a0\u00a0\u00a0\u00a0\u00a0 2TB NVMe SSD\u00a0\u00a0\u00a0\u00a0\u00a0\u00a0 Quectel 5G Global LTE<br \/>\n<strong>ESG604-24<\/strong> \u00a0\u00a0\u00a0 Active Cooling\u00a0\u00a0\u00a0\u00a0\u00a0\u00a0\u00a0\u00a0 \u00a0 \u00a0 \u00a0 WiFi6\/BT Module \u00a0 \u00a0 \u00a0 \u00a0 \u00a0 \u00a0 \u00a0\u00a0\u00a0\u00a0 2TB NVMe SSD\u00a0\u00a0\u00a0\u00a0\u00a0\u00a0 Quectel 5G Global LTE<br \/>\n<strong>ESG608-1C<\/strong> \u00a0\u00a0\u00a0 Passive Cooling\u00a0\u00a0\u00a0\u00a0\u00a0\u00a0\u00a0 \u00a0 \u00a0\u00a0 \u00a0 \u00a0 \u00a0 \u00a0 \u00a0 N\/A\u00a0\u00a0\u00a0\u00a0\u00a0\u00a0\u00a0\u00a0\u00a0\u00a0\u00a0\u00a0\u00a0\u00a0\u00a0\u00a0\u00a0\u00a0\u00a0\u00a0\u00a0\u00a0\u00a0\u00a0\u00a0\u00a0\u00a0\u00a0\u00a0\u00a0\u00a0\u00a0\u00a0 2TB NVMe SSD\u00a0\u00a0\u00a0\u00a0\u00a0\u00a0 \u00a0 \u00a0 \u00a0\u00a0\u00a0\u00a0\u00a0\u00a0\u00a0 N\/A<br \/>\n<strong>ESG608-1E<\/strong> \u00a0\u00a0\u00a0 Passive Cooling\u00a0\u00a0\u00a0\u00a0\u00a0\u00a0 \u00a0 \u00a0 \u00a0\u00a0 WiFi6\/BT Module\u00a0\u00a0\u00a0\u00a0\u00a0\u00a0\u00a0\u00a0\u00a0\u00a0\u00a0\u00a0\u00a0\u00a0\u00a0\u00a0 2TB NVMe SSD\u00a0\u00a0\u00a0\u00a0\u00a0\u00a0\u00a0\u00a0\u00a0 \u00a0 \u00a0 \u00a0\u00a0\u00a0\u00a0\u00a0 N\/A<br \/>\n<strong>ESG608-22<\/strong> \u00a0\u00a0\u00a0 Passive Cooling\u00a0\u00a0\u00a0\u00a0\u00a0\u00a0\u00a0 \u00a0 \u00a0 \u00a0 \u00a0 \u00a0 \u00a0 \u00a0 \u00a0 N\/A \u00a0 \u00a0 \u00a0 \u00a0 \u00a0\u00a0\u00a0\u00a0\u00a0\u00a0\u00a0\u00a0\u00a0\u00a0\u00a0\u00a0\u00a0\u00a0\u00a0\u00a0\u00a0\u00a0\u00a0\u00a0\u00a0\u00a0\u00a0 2TB NVMe SSD\u00a0\u00a0\u00a0\u00a0\u00a0 Quectel 5G Global LTE<br \/>\n<strong>ESG608-24<\/strong> \u00a0\u00a0\u00a0 Passive Cooling\u00a0\u00a0\u00a0\u00a0\u00a0\u00a0\u00a0\u00a0\u00a0\u00a0\u00a0\u00a0\u00a0 WiFi6\/BT Module\u00a0\u00a0\u00a0\u00a0\u00a0\u00a0\u00a0\u00a0\u00a0\u00a0\u00a0\u00a0\u00a0\u00a0\u00a0\u00a0 2TB NVMe SSD\u00a0\u00a0\u00a0\u00a0\u00a0 Quectel 5G Global LTE<\/p>\n<p>Cables\/Accessories<br \/>\n<strong>MSG110 \u00a0<\/strong> Polaris Power Cable Assembly<\/p>\n<p>&nbsp;<\/p>\n","protected":false},"excerpt":{"rendered":"<h3>Najwa\u017cniejsze cechy:<\/h3>\n<ul>\n<li>Stopie\u0144 ochrony IP67, ch\u0142odzenie aktywne lub pasywne<\/li>\n<li>Wytrzyma\u0142y M12: 2x GbE, 2x CAN, GPIO<\/li>\n<li>Szeroki zakres izolowanego napi\u0119cia wej\u015bciowego (+18 V \u2013 +48 V)<\/li>\n<li>2x USB3.1, 4x GMSL2 przez uszczelnion\u0105 FAKRA, 4G\/5G\/LTE, WiFi\/BT, GNSS, M.2 2280 NVMe M-Key<\/li>\n<\/ul>\n<h3><\/h3>\n<h3>Wi\u0119cej informacji:<\/h3>\n<div class=\"n4sEPd\">\n<div class=\"FFpbKc\">\n<div class=\"xMmqsf\">\n<div class=\"nidPne\"><\/div>\n<\/div>\n<\/div>\n<\/div>\n<div class=\"usGWQd\">\n<div class=\"KkbLmb\">\n<div class=\"lRu31\" dir=\"ltr\"><span class=\"HwtZe\" lang=\"pl\"><span class=\"jCAhz ChMk0b\"><span class=\"ryNqvb\">Wykorzystuj\u0105c Jetson Orin&#x2122; NX i stworzony dla robotyki, inteligentnych miast i autonomicznych maszyn, wytrzyma\u0142y system Polaris zapewnia szeroki zakres \u0142\u0105czno\u015bci w wytrzyma\u0142ej obudowie o stopniu ochrony IP67.<\/span><\/span> <\/span><\/div>\n<div dir=\"ltr\"><\/div>\n<div class=\"lRu31\" dir=\"ltr\"><span class=\"HwtZe\" lang=\"pl\"><span class=\"jCAhz ChMk0b\"><span class=\"ryNqvb\">Polaris jest idealny do wdra\u017cania komputerowych system\u00f3w wizyjnych i g\u0142\u0119bokiego uczenia si\u0119 w trudnych warunkach.<\/span><\/span><\/span><\/div>\n<\/div>\n<\/div>\n<div class=\"wpb_text_column wpb_content_element \">\n<div class=\"wpb_wrapper\">\n<p>&nbsp;<\/p>\n<\/div>\n<\/div>\n","protected":false},"featured_media":16314,"template":"","meta":{"_acf_changed":false,"inline_featured_image":false,"_monsterinsights_skip_tracking":false,"_monsterinsights_sitenote_active":false,"_monsterinsights_sitenote_note":"","_monsterinsights_sitenote_category":0},"product_brand":[],"product_cat":[1472,1689],"product_tag":[],"class_list":{"0":"post-16305","1":"product","2":"type-product","3":"status-publish","4":"has-post-thumbnail","6":"product_cat-connect-tech-inc","7":"product_cat-nvidia-jetson-orin-nx","9":"first","10":"instock","11":"shipping-taxable","12":"product-type-simple"},"acf":[],"_links":{"self":[{"href":"https:\/\/quantum.com.pl\/pl\/wp-json\/wp\/v2\/product\/16305","targetHints":{"allow":["GET"]}}],"collection":[{"href":"https:\/\/quantum.com.pl\/pl\/wp-json\/wp\/v2\/product"}],"about":[{"href":"https:\/\/quantum.com.pl\/pl\/wp-json\/wp\/v2\/types\/product"}],"wp:featuredmedia":[{"embeddable":true,"href":"https:\/\/quantum.com.pl\/pl\/wp-json\/wp\/v2\/media\/16314"}],"wp:attachment":[{"href":"https:\/\/quantum.com.pl\/pl\/wp-json\/wp\/v2\/media?parent=16305"}],"wp:term":[{"taxonomy":"product_brand","embeddable":true,"href":"https:\/\/quantum.com.pl\/pl\/wp-json\/wp\/v2\/product_brand?post=16305"},{"taxonomy":"product_cat","embeddable":true,"href":"https:\/\/quantum.com.pl\/pl\/wp-json\/wp\/v2\/product_cat?post=16305"},{"taxonomy":"product_tag","embeddable":true,"href":"https:\/\/quantum.com.pl\/pl\/wp-json\/wp\/v2\/product_tag?post=16305"}],"curies":[{"name":"wp","href":"https:\/\/api.w.org\/{rel}","templated":true}]}}