{"id":16316,"date":"2025-05-08T13:56:11","date_gmt":"2025-05-08T11:56:11","guid":{"rendered":"https:\/\/quantum.com.pl\/?post_type=product&#038;p=16316"},"modified":"2025-05-13T13:44:33","modified_gmt":"2025-05-13T11:44:33","slug":"inference-server-powered-by-nvidia-jetson-orin-nx","status":"publish","type":"product","link":"https:\/\/quantum.com.pl\/pl\/product\/inference-server-powered-by-nvidia-jetson-orin-nx\/","title":{"rendered":"Inference Server, Powered by NVIDIA Jetson Orin NX"},"content":{"rendered":"<h3>Dane techniczne:<\/h3>\n<table class=\"woocommerce-product-attributes shop_attributes\" aria-label=\"Product Details\">\n<tbody>\n<tr class=\"woocommerce-product-attributes-item woocommerce-product-attributes-item--attribute_processing-modules\">\n<th class=\"woocommerce-product-attributes-item__label\" scope=\"row\"><\/th>\n<td class=\"woocommerce-product-attributes-item__value\">\u2022 24x NVIDIA\u00ae Jetson Orin&#x2122; NX<br \/>\n\u2022 GPU: 1024-core CUDA GPU with 32 Tensor Cores, 3.7 TFLOPS (FP16), 100 TOPs (INT8)<br \/>\n\u2022 CPU: 8-core Cortex Arm v8.2 CPU, 2MB L2 + 4MB L3<br \/>\n\u2022 Memory: 16 GB 128-bit LPDDR5, 102.4GB\/s<br \/>\n\u2022 Storage: Supports External Storage (NVMe) via x4 PCIe<\/td>\n<\/tr>\n<tr class=\"woocommerce-product-attributes-item woocommerce-product-attributes-item--attribute_out-of-band-management-module\">\n<th class=\"woocommerce-product-attributes-item__label\" scope=\"row\">Out-of-band Management Module<\/th>\n<td class=\"woocommerce-product-attributes-item__value\">\u2022 ARM based OOBM<br \/>\n\u2022 Enabling Serial console access, power status monitoring, and power control (ON\/OFF) to all 24x Orin NX modules<br \/>\n\u2022 OOBM accessible via Ethernet or via its own integrated USB-to-Serial console<\/td>\n<\/tr>\n<tr class=\"woocommerce-product-attributes-item woocommerce-product-attributes-item--attribute_processor-module-carriers\">\n<th class=\"woocommerce-product-attributes-item__label\" scope=\"row\">Processor Module Carriers<\/th>\n<td class=\"woocommerce-product-attributes-item__value\">\u2022 Each module carrier will allow up to 8x Orin NX modules to be installed<br \/>\n\u2022 3x module carriers can be installed in the system for a total of 24 modules<\/td>\n<\/tr>\n<tr class=\"woocommerce-product-attributes-item woocommerce-product-attributes-item--attribute_internal-embedded-ethernet-switch\">\n<th class=\"woocommerce-product-attributes-item__label\" scope=\"row\">Internal Embedded Ethernet Switch<\/th>\n<td class=\"woocommerce-product-attributes-item__value\">\u2022 Vitesse\/Microsemi SparX-5i VSC7558TSN-V\/5CC Managed Ethernet Switch Engine (XDG205)<br \/>\n\u2022 CPU: 1 GHz VCore<br \/>\n\u2022 Memory: 8Gb DDR4 SDRAM<br \/>\n\u2022 Storage: 1Gbit Serial NOR Flash<br \/>\n\u2022 Multi 10G uplinks, with 12x 1G downstream<br \/>\n\u2022 Complete TSN feature set (Time-Sensitive Networking)<\/td>\n<\/tr>\n<tr class=\"woocommerce-product-attributes-item woocommerce-product-attributes-item--attribute_internal-array-communication\">\n<th class=\"woocommerce-product-attributes-item__label\" scope=\"row\">Internal Array Communication<\/th>\n<td class=\"woocommerce-product-attributes-item__value\">\u2022 24x Gigabit Ethernet \/ 1000BASE-T \/ IEEE 802.3ab channels<br \/>\n\u2022 All Orin NX modules can communicate to all other Orin NX modules<\/td>\n<\/tr>\n<tr class=\"woocommerce-product-attributes-item woocommerce-product-attributes-item--attribute_external-uplink-connections\">\n<th class=\"woocommerce-product-attributes-item__label\" scope=\"row\">External Uplink Connections<\/th>\n<td class=\"woocommerce-product-attributes-item__value\">\u2022 4x SFP+ 10G uplink<\/td>\n<\/tr>\n<tr class=\"woocommerce-product-attributes-item woocommerce-product-attributes-item--attribute_misc-additional-io\">\n<th class=\"woocommerce-product-attributes-item__label\" scope=\"row\">Misc \/ Additional IO<\/th>\n<td class=\"woocommerce-product-attributes-item__value\">1x 1GbE OOB management port via RJ-45; 1x USB UART management port; status LEDs<\/td>\n<\/tr>\n<tr class=\"woocommerce-product-attributes-item woocommerce-product-attributes-item--attribute_input-power\">\n<th class=\"woocommerce-product-attributes-item__label\" scope=\"row\">Input Power<\/th>\n<td class=\"woocommerce-product-attributes-item__value\">100~240 VAC (dual redundant) with 1000W output each<\/td>\n<\/tr>\n<tr class=\"woocommerce-product-attributes-item woocommerce-product-attributes-item--attribute_internal-storage\">\n<th class=\"woocommerce-product-attributes-item__label\" scope=\"row\">Internal Storage<\/th>\n<td class=\"woocommerce-product-attributes-item__value\">Each Orin NX module has its own M.2 NVMe interface<\/td>\n<\/tr>\n<tr class=\"woocommerce-product-attributes-item woocommerce-product-attributes-item--attribute_pa_operating-temperature\">\n<th class=\"woocommerce-product-attributes-item__label\" scope=\"row\">Operating Temperature<\/th>\n<td class=\"woocommerce-product-attributes-item__value\">0\u00b0C to +50\u00b0C (+32\u00b0F to +122\u00b0F)<\/td>\n<\/tr>\n<tr class=\"woocommerce-product-attributes-item woocommerce-product-attributes-item--attribute_dimensions\">\n<th class=\"woocommerce-product-attributes-item__label\" scope=\"row\">Dimensions<\/th>\n<td class=\"woocommerce-product-attributes-item__value\">Standard 2U rackmount height (3.5 inch \/ 88.9mm), 25 inch \/ 635mm depth<\/td>\n<\/tr>\n<\/tbody>\n<\/table>\n<h3>Ordering Information<\/h3>\n<p><strong>UNGX2U-07<\/strong> \u00a0\u00a0\u00a0 Orin NX Inference Server \u2013 2U Array, with 24x NVIDIA Jetson Orin NX 16GB, 24x 1TB NVMe SSD<br \/>\n<strong>UNGX2U-08<\/strong> \u00a0\u00a0 Orin NX Inference Server \u2013 2U Array, with 16x NVIDIA Jetson Orin NX 16GB, 16x 1TB NVMe SSD<br \/>\n<strong>UNGX2U-09<\/strong> \u00a0\u00a0 Orin NX Inference Server \u2013 2U Array, with 8x NVIDIA Jetson Orin NX 16GB, 8x 1TB NVMe SSD<br \/>\n<strong>UNGX2U-10\u00a0\u00a0<\/strong> \u00a0 Orin NX Inference Server \u2013 2U Array, with 24x NVIDIA Jetson Orin NX 16GB, 24x 2TB NVMe SSD<br \/>\n<strong>UNGX2U-11<\/strong> \u00a0\u00a0\u00a0\u00a0 Orin NX Inference Server \u2013 2U Array, with 16x NVIDIA Jetson Orin NX 16GB, 16x 2TB NVMe SSD<br \/>\n<strong>UNGX2U-12<\/strong> \u00a0\u00a0\u00a0\u00a0 Orin NX Inference Server \u2013 2U Array, with 8x NVIDIA Jetson Orin NX 16GB, 8x 2TB NVMe SSD<\/p>\n","protected":false},"excerpt":{"rendered":"<h3>Najwa\u017cniejsze cechy:<\/h3>\n<ul>\n<li>24x 100 TOPS, 1024-rdzeniowy procesor graficzny NVIDIA i 32 rdzenie Tensor<\/li>\n<li>4x 10G SFP+ mo\u017cliwo\u015b\u0107 \u0142\u0105cza w g\u00f3r\u0119<\/li>\n<li>Obs\u0142uguje zewn\u0119trzn\u0105 pami\u0119\u0107 masow\u0105 NVMe<\/li>\n<li>2U ATX redundantny zasilacz<\/li>\n<li>Temperatura pracy: od 0\u00b0C do +50\u00b0C (od +32\u00b0F do +122\u00b0F)<\/li>\n<\/ul>\n<p>&nbsp;<\/p>\n<h3>Wi\u0119cej informacji:<\/h3>\n<p><span class=\"HwtZe\" lang=\"pl\"><span class=\"jCAhz ChMk0b\"><span class=\"ryNqvb\">Serwer wnioskowania Orin NX w obudowie 2U, mo\u017ce by\u0107 wyposa\u017cony w maksymalnie 24 modu\u0142y NVIDIA Jetson Orin NX.<\/span><\/span> <\/span><\/p>\n<p><span class=\"HwtZe\" lang=\"pl\"><span class=\"jCAhz ChMk0b\"><span class=\"ryNqvb\">Opracowany we wsp\u00f3\u0142pracy z USES Integrated Solutions, serwer wnioskowania Orin NX to niezwykle energooszcz\u0119dny, wydajny serwer wnioskowania g\u0142\u0119bokiego uczenia zasilany modu\u0142em NVIDIA Jetson Orin NX 16 GB.<\/span><\/span> <span class=\"jCAhz ChMk0b\"><span class=\"ryNqvb\">W serwerze trzy no\u015bniki modu\u0142\u00f3w procesora mieszcz\u0105 do o\u015bmiu modu\u0142\u00f3w Jetson Orin NX ka\u017cdy i s\u0105 po\u0142\u0105czone za po\u015brednictwem struktury Gigabit Ethernet za po\u015brednictwem specjalistycznego prze\u0142\u0105cznika Ethernet Managed opracowanego przez Connect Tech z mo\u017cliwo\u015bci\u0105 \u0142\u0105cza w g\u00f3r\u0119 10G (XDG205).<\/span><\/span><\/span><\/p>\n","protected":false},"featured_media":16317,"template":"","meta":{"_acf_changed":false,"inline_featured_image":false,"_monsterinsights_skip_tracking":false,"_monsterinsights_sitenote_active":false,"_monsterinsights_sitenote_note":"","_monsterinsights_sitenote_category":0},"product_brand":[],"product_cat":[1472,1689],"product_tag":[],"class_list":{"0":"post-16316","1":"product","2":"type-product","3":"status-publish","4":"has-post-thumbnail","6":"product_cat-connect-tech-inc","7":"product_cat-nvidia-jetson-orin-nx","9":"first","10":"instock","11":"shipping-taxable","12":"product-type-simple"},"acf":[],"_links":{"self":[{"href":"https:\/\/quantum.com.pl\/pl\/wp-json\/wp\/v2\/product\/16316","targetHints":{"allow":["GET"]}}],"collection":[{"href":"https:\/\/quantum.com.pl\/pl\/wp-json\/wp\/v2\/product"}],"about":[{"href":"https:\/\/quantum.com.pl\/pl\/wp-json\/wp\/v2\/types\/product"}],"wp:featuredmedia":[{"embeddable":true,"href":"https:\/\/quantum.com.pl\/pl\/wp-json\/wp\/v2\/media\/16317"}],"wp:attachment":[{"href":"https:\/\/quantum.com.pl\/pl\/wp-json\/wp\/v2\/media?parent=16316"}],"wp:term":[{"taxonomy":"product_brand","embeddable":true,"href":"https:\/\/quantum.com.pl\/pl\/wp-json\/wp\/v2\/product_brand?post=16316"},{"taxonomy":"product_cat","embeddable":true,"href":"https:\/\/quantum.com.pl\/pl\/wp-json\/wp\/v2\/product_cat?post=16316"},{"taxonomy":"product_tag","embeddable":true,"href":"https:\/\/quantum.com.pl\/pl\/wp-json\/wp\/v2\/product_tag?post=16316"}],"curies":[{"name":"wp","href":"https:\/\/api.w.org\/{rel}","templated":true}]}}