{"id":16327,"date":"2025-05-12T12:00:07","date_gmt":"2025-05-12T10:00:07","guid":{"rendered":"https:\/\/quantum.com.pl\/?post_type=product&#038;p=16327"},"modified":"2025-05-12T12:54:56","modified_gmt":"2025-05-12T10:54:56","slug":"anvil-embedded-system-with-nvidia-jetson-agx-orin","status":"publish","type":"product","link":"https:\/\/quantum.com.pl\/pl\/product\/anvil-embedded-system-with-nvidia-jetson-agx-orin\/","title":{"rendered":"Anvil Embedded System with NVIDIA Jetson AGX Orin"},"content":{"rendered":"<p>Dane techniczne:<\/p>\n<table class=\"woocommerce-product-attributes shop_attributes\" aria-label=\"Product Details\">\n<tbody>\n<tr class=\"woocommerce-product-attributes-item woocommerce-product-attributes-item--attribute_networking\">\n<th class=\"woocommerce-product-attributes-item__label\" scope=\"row\">Networking<\/th>\n<td class=\"woocommerce-product-attributes-item__value\">2x 10GBASE-T (10G Ethernet)<br \/>\n2x 1000BASE-T (1G Ethernet)<\/td>\n<\/tr>\n<tr class=\"woocommerce-product-attributes-item woocommerce-product-attributes-item--attribute_pa_display\">\n<th class=\"woocommerce-product-attributes-item__label\" scope=\"row\">Display<\/th>\n<td class=\"woocommerce-product-attributes-item__value\">1x DisplayPort<\/td>\n<\/tr>\n<tr class=\"woocommerce-product-attributes-item woocommerce-product-attributes-item--attribute_camera-inputs\">\n<th class=\"woocommerce-product-attributes-item__label\" scope=\"row\">Camera Inputs<\/th>\n<td class=\"woocommerce-product-attributes-item__value\">1x 16-Lane MIPI Expansion Connector<\/p>\n<p>You can interface directly to a range of optional MIPI CSI, GMSL2, FPD-Link III or HD-SDI image sensors.<\/td>\n<\/tr>\n<tr class=\"woocommerce-product-attributes-item woocommerce-product-attributes-item--attribute_pa_usb\">\n<th class=\"woocommerce-product-attributes-item__label\" scope=\"row\">USB<\/th>\n<td class=\"woocommerce-product-attributes-item__value\">1x USB 3.2 Ports (Type-C \u2013 OTG Capable), 1x USB 3.2 Ports (Type-C)<\/td>\n<\/tr>\n<tr class=\"woocommerce-product-attributes-item woocommerce-product-attributes-item--attribute_pa_storage\">\n<th class=\"woocommerce-product-attributes-item__label\" scope=\"row\">Storage<\/th>\n<td class=\"woocommerce-product-attributes-item__value\">1x Micro SD, 2x NVMe M.2 Key M Slots<\/td>\n<\/tr>\n<tr class=\"woocommerce-product-attributes-item woocommerce-product-attributes-item--attribute_uart\">\n<th class=\"woocommerce-product-attributes-item__label\" scope=\"row\">UART<\/th>\n<td class=\"woocommerce-product-attributes-item__value\">2x @ 3.3V levels UART1 and UART2<br \/>\n2x RS-232\/485 UARTs<\/td>\n<\/tr>\n<tr class=\"woocommerce-product-attributes-item woocommerce-product-attributes-item--attribute_i2cspi\">\n<th class=\"woocommerce-product-attributes-item__label\" scope=\"row\">I2C\/SPI<\/th>\n<td class=\"woocommerce-product-attributes-item__value\">2x I2C Channel @ 3.3V IO<br \/>\n2x SPI Channel @ 3.3V IO<\/td>\n<\/tr>\n<tr class=\"woocommerce-product-attributes-item woocommerce-product-attributes-item--attribute_can\">\n<th class=\"woocommerce-product-attributes-item__label\" scope=\"row\">CAN<\/th>\n<td class=\"woocommerce-product-attributes-item__value\">2x CAN 2.0b Non-Isolated Port<\/td>\n<\/tr>\n<tr class=\"woocommerce-product-attributes-item woocommerce-product-attributes-item--attribute_gpio\">\n<th class=\"woocommerce-product-attributes-item__label\" scope=\"row\">GPIO<\/th>\n<td class=\"woocommerce-product-attributes-item__value\">4x 3.3V GPI Inputs<br \/>\n6x 3.3V GPO Outputs (2x PWM Capable)<\/td>\n<\/tr>\n<tr class=\"woocommerce-product-attributes-item woocommerce-product-attributes-item--attribute_user-expansion\">\n<th class=\"woocommerce-product-attributes-item__label\" scope=\"row\">User Expansion<\/th>\n<td class=\"woocommerce-product-attributes-item__value\">1x M.2 Key E 2230 Wifi\/BT (PCIe\/USB2)<br \/>\n1x M.2 Key B 3042\/3052 (LTE\/5G \u2013 USB3) with<br \/>\nMicro SIM<\/td>\n<\/tr>\n<tr class=\"woocommerce-product-attributes-item woocommerce-product-attributes-item--attribute_input-power\">\n<th class=\"woocommerce-product-attributes-item__label\" scope=\"row\">Input Power<\/th>\n<td class=\"woocommerce-product-attributes-item__value\">+10 to 36V DC Wide Input Power<br \/>\n(6-pin Mini-fit Jr. Connector)<\/td>\n<\/tr>\n<tr class=\"woocommerce-product-attributes-item woocommerce-product-attributes-item--attribute_buttons\">\n<th class=\"woocommerce-product-attributes-item__label\" scope=\"row\">Buttons<\/th>\n<td class=\"woocommerce-product-attributes-item__value\">Power, Reset, Recovery<br \/>\n(Tactile Buttons as well as fine pitch pin header connector)<\/td>\n<\/tr>\n<tr class=\"woocommerce-product-attributes-item woocommerce-product-attributes-item--attribute_rtc-battery\">\n<th class=\"woocommerce-product-attributes-item__label\" scope=\"row\">RTC Battery<\/th>\n<td class=\"woocommerce-product-attributes-item__value\">3-pin Picoblade connector to accept CTI battery cable assembly<\/td>\n<\/tr>\n<tr class=\"woocommerce-product-attributes-item woocommerce-product-attributes-item--attribute_pcbelectronics-mechanical-information\">\n<th class=\"woocommerce-product-attributes-item__label\" scope=\"row\">PCB\/Electronics Mechanical Information<\/th>\n<td class=\"woocommerce-product-attributes-item__value\">Dimensions: 155mm x 125mm<\/td>\n<\/tr>\n<tr class=\"woocommerce-product-attributes-item woocommerce-product-attributes-item--attribute_pa_weight\">\n<th class=\"woocommerce-product-attributes-item__label\" scope=\"row\">Weight<\/th>\n<td class=\"woocommerce-product-attributes-item__value\">2.31kg (5.1 lbs)<\/td>\n<\/tr>\n<tr class=\"woocommerce-product-attributes-item woocommerce-product-attributes-item--attribute_pa_operating-temperature\">\n<th class=\"woocommerce-product-attributes-item__label\" scope=\"row\">Operating Temperature<\/th>\n<td class=\"woocommerce-product-attributes-item__value\">-40\u00b0C to +85\u00b0C (-40\u00b0F to +185\u00b0F)<\/td>\n<\/tr>\n<\/tbody>\n<\/table>\n<h3>Ordering information:<\/h3>\n<p><strong>ESG620 \u00a0<\/strong> Anvil Embedded System for Jetson AGX Orin&#x2122;, Active Cooling<br \/>\n<strong>ESG621<\/strong> \u00a0 Anvil Embedded System for Jetson AGX Orin&#x2122;, Passive Cooling<\/p>\n<p>*Note that various configurations exist to fill out the features of the system. For example: Adding NVMe SSDs for storage, and\/or WiFi\/BT and\/or LTE modems. Also different JCB combinations to externalize the camera interfaces can be used, like the JCB002 or JCB006. Contact sales@connecttech.com to configure your system.<\/p>\n<p>Optional Accessories<\/p>\n<p><strong>MSG103<\/strong> \u00a0 PSU 6pin 12V 250W (CTI sourced power brick)<br \/>\n<strong>MSG093<\/strong> \u00a0 WiFi\/BT Antenna<br \/>\n<strong>MSG094<\/strong> \u00a0 LTE Antenna<br \/>\n<strong>CBG341<\/strong> \u00a0\u00a0 Quad FAKRA GMSL1\/2 Cable<\/p>\n","protected":false},"excerpt":{"rendered":"<h3>Najwa\u017cniejsze cechy:<\/h3>\n<ul>\n<li>Zaprojektowany dla Jetson AGX Orin&#x2122; i AGX Orin&#x2122; Industrial<\/li>\n<li>2x 10GBASE-T Ethernet (RJ-45)<\/li>\n<li>Opcjonalne GMSL2, FPD LINK III lub \u0142\u0105czno\u015b\u0107 HD-SDI<\/li>\n<li>2x NVMe M.2 Key M Slots, 2x USB 3.2, 2x GbE, 2x 10GbE<\/li>\n<li>Szeroki zakres napi\u0119cia wej\u015bciowego +10 \u2013 +36 V DC<\/li>\n<\/ul>\n<p><strong>Wi\u0119cej informacji:<\/strong><\/p>\n<p><span class=\"HwtZe\" lang=\"pl\"><span class=\"jCAhz ChMk0b\"><span class=\"ryNqvb\">Anvil jest gotowy do obs\u0142ugi nawet najbardziej wymagaj\u0105cych obliczeniowo aplikacji AI dzi\u0119ki energooszcz\u0119dnej i bogatej w funkcje konstrukcji.<\/span><\/span> <span class=\"jCAhz ChMk0b\"><span class=\"ryNqvb\">Bezproblemowo wdra\u017caj autonomiczny pojazd nowej generacji, aplikacj\u0119 inteligentnego miasta lub inteligentne rozwi\u0105zanie wizyjne dzi\u0119ki najnowocze\u015bniejszym superkomputerom przemys\u0142owym NVIDIA\u00ae Jetson AGX Orin&#x2122; i AGX Orin&#x2122;.<\/span><\/span><\/span><\/p>\n","protected":false},"featured_media":16328,"template":"","meta":{"_acf_changed":false,"inline_featured_image":false,"_monsterinsights_skip_tracking":false,"_monsterinsights_sitenote_active":false,"_monsterinsights_sitenote_note":"","_monsterinsights_sitenote_category":0},"product_brand":[],"product_cat":[1472,1686],"product_tag":[],"class_list":{"0":"post-16327","1":"product","2":"type-product","3":"status-publish","4":"has-post-thumbnail","6":"product_cat-connect-tech-inc","7":"product_cat-nvidia-jetson-agx-orin","9":"first","10":"instock","11":"shipping-taxable","12":"product-type-simple"},"acf":[],"_links":{"self":[{"href":"https:\/\/quantum.com.pl\/pl\/wp-json\/wp\/v2\/product\/16327","targetHints":{"allow":["GET"]}}],"collection":[{"href":"https:\/\/quantum.com.pl\/pl\/wp-json\/wp\/v2\/product"}],"about":[{"href":"https:\/\/quantum.com.pl\/pl\/wp-json\/wp\/v2\/types\/product"}],"wp:featuredmedia":[{"embeddable":true,"href":"https:\/\/quantum.com.pl\/pl\/wp-json\/wp\/v2\/media\/16328"}],"wp:attachment":[{"href":"https:\/\/quantum.com.pl\/pl\/wp-json\/wp\/v2\/media?parent=16327"}],"wp:term":[{"taxonomy":"product_brand","embeddable":true,"href":"https:\/\/quantum.com.pl\/pl\/wp-json\/wp\/v2\/product_brand?post=16327"},{"taxonomy":"product_cat","embeddable":true,"href":"https:\/\/quantum.com.pl\/pl\/wp-json\/wp\/v2\/product_cat?post=16327"},{"taxonomy":"product_tag","embeddable":true,"href":"https:\/\/quantum.com.pl\/pl\/wp-json\/wp\/v2\/product_tag?post=16327"}],"curies":[{"name":"wp","href":"https:\/\/api.w.org\/{rel}","templated":true}]}}