{"id":16333,"date":"2025-05-12T13:39:37","date_gmt":"2025-05-12T11:39:37","guid":{"rendered":"https:\/\/quantum.com.pl\/?post_type=product&#038;p=16333"},"modified":"2025-05-12T15:34:21","modified_gmt":"2025-05-12T13:34:21","slug":"anvil-rx-rugged-system-powered-by-nvidia-jetson-agx-orin","status":"publish","type":"product","link":"https:\/\/quantum.com.pl\/pl\/product\/anvil-rx-rugged-system-powered-by-nvidia-jetson-agx-orin\/","title":{"rendered":"Anvil-RX Rugged System Powered by NVIDIA Jetson AGX Orin"},"content":{"rendered":"<h3>Dane techniczne:<\/h3>\n<table class=\"woocommerce-product-attributes shop_attributes\" aria-label=\"Product Details\">\n<tbody>\n<tr class=\"woocommerce-product-attributes-item woocommerce-product-attributes-item--attribute_ai-compute\">\n<th class=\"woocommerce-product-attributes-item__label\" scope=\"row\">AI Compute<\/th>\n<td class=\"woocommerce-product-attributes-item__value\">Jetson AGX Orin&#x2122; 32GB: 200 TOPS<br \/>\nJetson AGX Orin&#x2122; 64GB: 275 TOPS<br \/>\nJetson AGX Orin&#x2122; Industrial: 248 TOPS<\/td>\n<\/tr>\n<tr class=\"woocommerce-product-attributes-item woocommerce-product-attributes-item--attribute_gpu\">\n<th class=\"woocommerce-product-attributes-item__label\" scope=\"row\">GPU<\/th>\n<td class=\"woocommerce-product-attributes-item__value\">Jetson AGX Orin&#x2122; Industrial, Jetson AGX Orin&#x2122; 64GB: 2048-core NVIDIA\u00ae Ampere architecture GPU with 64 Tensor Cores<br \/>\nJetson AGX Orin&#x2122; 32GB: 1792-core NVIDIA\u00ae Ampere architecture GPU with 56 Tensor Cores<\/td>\n<\/tr>\n<tr class=\"woocommerce-product-attributes-item woocommerce-product-attributes-item--attribute_cpu\">\n<th class=\"woocommerce-product-attributes-item__label\" scope=\"row\">CPU<\/th>\n<td class=\"woocommerce-product-attributes-item__value\">Jetson AGX Orin&#x2122; Industrial, Jetson AGX Orin&#x2122; 64GB:<br \/>\n\u2022 12-core Arm\u00ae Cortex\u00ae-A78AE v8.2 64-bit CPU<br \/>\n\u2022 3MB L2 + 6MB L3Jetson AGX Orin&#x2122; 32GB:<br \/>\n\u2022 8-core Arm\u00ae Cortex\u00ae-A78AE v8.2 64-bit CPU<br \/>\n\u2022 2MB L2 + 4MB L3<\/td>\n<\/tr>\n<tr class=\"woocommerce-product-attributes-item woocommerce-product-attributes-item--attribute_memory\">\n<th class=\"woocommerce-product-attributes-item__label\" scope=\"row\">Memory<\/th>\n<td class=\"woocommerce-product-attributes-item__value\">Jetson AGX Orin&#x2122; 32GB: 32GB 256-bit LPDDR5 \u2013 204.8GB\/s<br \/>\nJetson AGX Orin&#x2122; 64GB: 64GB 256-bit LPDDR5 \u2013 204.8GB\/s<br \/>\nJetson AGX Orin&#x2122; Industrial: 64GB 256-bit LPDDR5 (+ ECC) \u2013 204.8GB\/s<\/td>\n<\/tr>\n<tr class=\"woocommerce-product-attributes-item woocommerce-product-attributes-item--attribute_serial-interfaces\">\n<th class=\"woocommerce-product-attributes-item__label\" scope=\"row\">Serial Interfaces<\/th>\n<td class=\"woocommerce-product-attributes-item__value\">\u2022 2x UART (RS232\/422\/485 configurable)<br \/>\n\u2022 1x I2C Channel @ 3.3V IO<br \/>\n\u2022 1x SPI Channel @ 3.3V IO<br \/>\n\u2022 1x Debug UART @3.3V IO<br \/>\n\u2022 2x CAN Bus ports<\/td>\n<\/tr>\n<tr class=\"woocommerce-product-attributes-item woocommerce-product-attributes-item--attribute_pa_storage\">\n<th class=\"woocommerce-product-attributes-item__label\" scope=\"row\">Storage<\/th>\n<td class=\"woocommerce-product-attributes-item__value\">Additional Internal Storage Options: 2TB, 4TB, 8TB<\/td>\n<\/tr>\n<tr class=\"woocommerce-product-attributes-item woocommerce-product-attributes-item--attribute_usb\">\n<th class=\"woocommerce-product-attributes-item__label\" scope=\"row\">USB<\/th>\n<td class=\"woocommerce-product-attributes-item__value\">2x USB 3.2 Ports (10Gbps Capable)<br \/>\n\u2022 Sealed Connector<\/td>\n<\/tr>\n<tr class=\"woocommerce-product-attributes-item woocommerce-product-attributes-item--attribute_camera-inputs\">\n<th class=\"woocommerce-product-attributes-item__label\" scope=\"row\">Camera Inputs<\/th>\n<td class=\"woocommerce-product-attributes-item__value\">8x GMSL2 Camera Inputs (NOVA Orin Compliant)<\/td>\n<\/tr>\n<tr class=\"woocommerce-product-attributes-item woocommerce-product-attributes-item--attribute_video-output\">\n<th class=\"woocommerce-product-attributes-item__label\" scope=\"row\">Video Output<\/th>\n<td class=\"woocommerce-product-attributes-item__value\">1x HDMI (Sealed Connector)<\/td>\n<\/tr>\n<tr class=\"woocommerce-product-attributes-item woocommerce-product-attributes-item--attribute_networking\">\n<th class=\"woocommerce-product-attributes-item__label\" scope=\"row\">Networking<\/th>\n<td class=\"woocommerce-product-attributes-item__value\">\u2022 2x 10GBASE-T (10GbE) with optional PoE module<br \/>\n\u2022 2x 2500BASE-T (2.5GbE)<br \/>\n\u2022 Connector: 4x M12 X-Code<\/td>\n<\/tr>\n<tr class=\"woocommerce-product-attributes-item woocommerce-product-attributes-item--attribute_gpio\">\n<th class=\"woocommerce-product-attributes-item__label\" scope=\"row\">GPIO<\/th>\n<td class=\"woocommerce-product-attributes-item__value\">\u2022 8x GPIO 3.3V Input\/Output Capable pins<br \/>\n\u2022 2 x PWM Outputs @ 3.3V IO<br \/>\n\u2022 1x 3.3V Output @ 1A<\/td>\n<\/tr>\n<tr class=\"woocommerce-product-attributes-item woocommerce-product-attributes-item--attribute_wireless\">\n<th class=\"woocommerce-product-attributes-item__label\" scope=\"row\">Wireless<\/th>\n<td class=\"woocommerce-product-attributes-item__value\">\u2022 Dual Band WiFi 6E + BT 5.2<br \/>\n\u2022 5G\/LTE (optional)<br \/>\n\u2022 RTK GNSS (optional)<\/td>\n<\/tr>\n<tr class=\"woocommerce-product-attributes-item woocommerce-product-attributes-item--attribute_input-powermisc-power-details\">\n<th class=\"woocommerce-product-attributes-item__label\" scope=\"row\">Input Power\/Misc Power Details<\/th>\n<td class=\"woocommerce-product-attributes-item__value\">+18V to +60V<br \/>\n(+9V to +60V and +9V to +36V options available)<\/td>\n<\/tr>\n<tr class=\"woocommerce-product-attributes-item woocommerce-product-attributes-item--attribute_trusted-platform-module-tpm\">\n<th class=\"woocommerce-product-attributes-item__label\" scope=\"row\">Trusted Platform Module (TPM)<\/th>\n<td class=\"woocommerce-product-attributes-item__value\">SLB9670 TPM2.0 Chipset<\/td>\n<\/tr>\n<tr class=\"woocommerce-product-attributes-item woocommerce-product-attributes-item--attribute_weight\">\n<th class=\"woocommerce-product-attributes-item__label\" scope=\"row\">Weight<\/th>\n<td class=\"woocommerce-product-attributes-item__value\">TBD<\/td>\n<\/tr>\n<tr class=\"woocommerce-product-attributes-item woocommerce-product-attributes-item--attribute_pa_operating-temperature\">\n<th class=\"woocommerce-product-attributes-item__label\" scope=\"row\">Operating Temperature<\/th>\n<td class=\"woocommerce-product-attributes-item__value\">-40\u00b0C to +65\u00b0C (-40\u00b0F to +149\u00b0F)<\/td>\n<\/tr>\n<tr class=\"woocommerce-product-attributes-item woocommerce-product-attributes-item--attribute_warranty-support\">\n<th class=\"woocommerce-product-attributes-item__label\" scope=\"row\">Warranty &amp; Support<\/th>\n<td class=\"woocommerce-product-attributes-item__value\">1 Year Warranty and Free Support<\/td>\n<\/tr>\n<\/tbody>\n<\/table>\n<h3>Ordering Information:<\/h3>\n<p><strong>ESG635<\/strong> \u00a0 Anvil-RX Embedded System for Jetson AGX Orin&#x2122;<\/p>\n<p>Cables\/Accessories<\/p>\n<p><strong>MSG116<\/strong> \u00a0 Anvil-RX AC\/DC Power Supply<br \/>\n<strong>MSG114<\/strong> \u00a0 Anvil-RX Dust Cap Kit<br \/>\n<strong>CBG756<\/strong> \u00a0 Anvil-RX CAN Cable (M12 5-Pin)<br \/>\n<strong>CBG757<\/strong> \u00a0 Anvil-RX I\/O Cable: I2C, SPI (M12 8-Pin)<br \/>\n<strong>CBG758<\/strong> \u00a0 Anvil-RX I\/O Cable: GPIO (M12 12-Pin)<br \/>\n<strong>CBG759<\/strong> \u00a0 Anvil-RX Flying Lead (M12 5-Pin)<\/p>\n","protected":false},"excerpt":{"rendered":"<h3>Najwa\u017cniejsze cechy:<\/h3>\n<ul>\n<li>Z\u0142\u0105cza M12 o klasie ochrony IP67, wytrzyma\u0142e<\/li>\n<li>8 wej\u015b\u0107 kamery GMSL2, 2x 10GbE, 2x 2,5GbE<\/li>\n<li>Pami\u0119\u0107 masowa do 16 TB<\/li>\n<li>2x USB 3.2, 2x CAN, HDMI, UART<\/li>\n<li>Opcjonalnie WiFi 6e\/5G\/RTK GNSS<\/li>\n<\/ul>\n<h3>Wi\u0119cej informacji:<\/h3>\n<p><span class=\"HwtZe\" lang=\"pl\"><span class=\"jCAhz ChMk0b\"><span class=\"ryNqvb\">Anvil-RX wynosi wytrzyma\u0142\u0105 sztuczn\u0105 inteligencj\u0119 i wysok\u0105 wydajno\u015b\u0107 obliczeniow\u0105 na nowe wy\u017cyny.<\/span><\/span><span class=\"jCAhz ChMk0b\"><span class=\"ryNqvb\"> Anvil-RX firmy Connect Tech to wytrzyma\u0142y system wbudowany zasilany przez NVIDIA\u00ae Jetson AGX Orin&#x2122;.<\/span><\/span> <span class=\"jCAhz ChMk0b\"><span class=\"ryNqvb\">W pe\u0142ni zgodny z norm\u0105 IP67, ze z\u0142\u0105czami M12 i uszczelnionymi z\u0142\u0105czami PC, ten wydajny system brzegowy mo\u017cna wdro\u017cy\u0107 do zastosowa\u0144 o znaczeniu krytycznym w trudnych warunkach.<\/span><\/span> <span class=\"jCAhz ChMk0b\"><span class=\"ryNqvb\">Anvil-RX jest idealny do zastosowa\u0144 AMR, robotyki, rolnictwa i przemys\u0142u.<\/span><\/span><\/span><\/p>\n","protected":false},"featured_media":16345,"template":"","meta":{"_acf_changed":false,"inline_featured_image":false,"_monsterinsights_skip_tracking":false,"_monsterinsights_sitenote_active":false,"_monsterinsights_sitenote_note":"","_monsterinsights_sitenote_category":0},"product_brand":[],"product_cat":[1472,1686],"product_tag":[],"class_list":{"0":"post-16333","1":"product","2":"type-product","3":"status-publish","4":"has-post-thumbnail","6":"product_cat-connect-tech-inc","7":"product_cat-nvidia-jetson-agx-orin","9":"first","10":"instock","11":"shipping-taxable","12":"product-type-simple"},"acf":[],"_links":{"self":[{"href":"https:\/\/quantum.com.pl\/pl\/wp-json\/wp\/v2\/product\/16333","targetHints":{"allow":["GET"]}}],"collection":[{"href":"https:\/\/quantum.com.pl\/pl\/wp-json\/wp\/v2\/product"}],"about":[{"href":"https:\/\/quantum.com.pl\/pl\/wp-json\/wp\/v2\/types\/product"}],"wp:featuredmedia":[{"embeddable":true,"href":"https:\/\/quantum.com.pl\/pl\/wp-json\/wp\/v2\/media\/16345"}],"wp:attachment":[{"href":"https:\/\/quantum.com.pl\/pl\/wp-json\/wp\/v2\/media?parent=16333"}],"wp:term":[{"taxonomy":"product_brand","embeddable":true,"href":"https:\/\/quantum.com.pl\/pl\/wp-json\/wp\/v2\/product_brand?post=16333"},{"taxonomy":"product_cat","embeddable":true,"href":"https:\/\/quantum.com.pl\/pl\/wp-json\/wp\/v2\/product_cat?post=16333"},{"taxonomy":"product_tag","embeddable":true,"href":"https:\/\/quantum.com.pl\/pl\/wp-json\/wp\/v2\/product_tag?post=16333"}],"curies":[{"name":"wp","href":"https:\/\/api.w.org\/{rel}","templated":true}]}}