{"id":16337,"date":"2025-05-12T15:10:00","date_gmt":"2025-05-12T13:10:00","guid":{"rendered":"https:\/\/quantum.com.pl\/?post_type=product&#038;p=16337"},"modified":"2025-11-06T13:51:48","modified_gmt":"2025-11-06T12:51:48","slug":"sentry-x2-mil-rugged-system-powered-by-nvidia-jetson-agx-orin-industrial","status":"publish","type":"product","link":"https:\/\/quantum.com.pl\/pl\/product\/sentry-x2-mil-rugged-system-powered-by-nvidia-jetson-agx-orin-industrial\/","title":{"rendered":"Sentry-X2 MIL-Rugged System Powered by NVIDIA Jetson AGX Orin Industrial"},"content":{"rendered":"<p>Dane techniczne:<\/p>\n<table class=\"woocommerce-product-attributes shop_attributes\" aria-label=\"Product Details\">\n<tbody>\n<tr class=\"woocommerce-product-attributes-item woocommerce-product-attributes-item--attribute_module-compatibility\">\n<th class=\"woocommerce-product-attributes-item__label\" scope=\"row\">Module Compatibility<\/th>\n<td class=\"woocommerce-product-attributes-item__value\">Pre-integrated with NVIDIA\u00ae Jetson AGX Orin&#x2122; Industrial (248 TOPS)<\/td>\n<\/tr>\n<tr class=\"woocommerce-product-attributes-item woocommerce-product-attributes-item--attribute_gpu\">\n<th class=\"woocommerce-product-attributes-item__label\" scope=\"row\">GPU<\/th>\n<td class=\"woocommerce-product-attributes-item__value\">2048-core NVIDIA\u00ae Ampere architecture GPU with 64 Tensor Cores<\/td>\n<\/tr>\n<tr class=\"woocommerce-product-attributes-item woocommerce-product-attributes-item--attribute_cpu\">\n<th class=\"woocommerce-product-attributes-item__label\" scope=\"row\">CPU<\/th>\n<td class=\"woocommerce-product-attributes-item__value\">12-core Arm\u00ae Cortex\u00ae-A78AE v8.2 64-bit CPU \u2013 3MB L2 + 6MB L3<\/td>\n<\/tr>\n<tr class=\"woocommerce-product-attributes-item woocommerce-product-attributes-item--attribute_memory\">\n<th class=\"woocommerce-product-attributes-item__label\" scope=\"row\">Memory<\/th>\n<td class=\"woocommerce-product-attributes-item__value\">64GB 256-bit LPDDR5 (+ ECC)<br \/>\n204.8GB\/s<\/td>\n<\/tr>\n<tr class=\"woocommerce-product-attributes-item woocommerce-product-attributes-item--attribute_dimensions\">\n<th class=\"woocommerce-product-attributes-item__label\" scope=\"row\">Dimensions<\/th>\n<td class=\"woocommerce-product-attributes-item__value\">200mm x 180mm x 125mm (7.87&#8243; x 7.09&#8243; x 4.92&#8243;)<\/td>\n<\/tr>\n<tr class=\"woocommerce-product-attributes-item woocommerce-product-attributes-item--attribute_video-output\">\n<th class=\"woocommerce-product-attributes-item__label\" scope=\"row\">Video Output<\/th>\n<td class=\"woocommerce-product-attributes-item__value\">1x DisplayPort 1.4 Output 4K @ 60HZ<\/td>\n<\/tr>\n<tr class=\"woocommerce-product-attributes-item woocommerce-product-attributes-item--attribute_networking\">\n<th class=\"woocommerce-product-attributes-item__label\" scope=\"row\">Networking<\/th>\n<td class=\"woocommerce-product-attributes-item__value\">1x 10GBASE-T Ethernet (10GbE)<br \/>\n1x 2.5GBASE-T Ethernet (2.5GbE)<br \/>\n1x 1000BASE-T Ethernet (1GbE)<\/td>\n<\/tr>\n<tr class=\"woocommerce-product-attributes-item woocommerce-product-attributes-item--attribute_sdi-camera\">\n<th class=\"woocommerce-product-attributes-item__label\" scope=\"row\">SDI Camera<\/th>\n<td class=\"woocommerce-product-attributes-item__value\">4x 3G-SDI\/HD-SDI\/SDI Inputs<br \/>\n2x 3G-SDI\/HD-SDI\/SDI Outputs<\/td>\n<\/tr>\n<tr class=\"woocommerce-product-attributes-item woocommerce-product-attributes-item--attribute_usb\">\n<th class=\"woocommerce-product-attributes-item__label\" scope=\"row\">USB<\/th>\n<td class=\"woocommerce-product-attributes-item__value\">2x USB 3.2 Ports (10Gbps Capable)<\/td>\n<\/tr>\n<tr class=\"woocommerce-product-attributes-item woocommerce-product-attributes-item--attribute_wireless-misc-expansion\">\n<th class=\"woocommerce-product-attributes-item__label\" scope=\"row\">Wireless \/ Misc Expansion<\/th>\n<td class=\"woocommerce-product-attributes-item__value\">1x 4TB NVMe<br \/>\nWiFi\/BT (optional)<\/td>\n<\/tr>\n<tr class=\"woocommerce-product-attributes-item woocommerce-product-attributes-item--attribute_trusted-platform-module-tpm\">\n<th class=\"woocommerce-product-attributes-item__label\" scope=\"row\">Trusted Platform Module (TPM)<\/th>\n<td class=\"woocommerce-product-attributes-item__value\">SLB9670 TPM2.0 Chipset<br \/>\nHardware TPM Implementation<\/td>\n<\/tr>\n<tr class=\"woocommerce-product-attributes-item woocommerce-product-attributes-item--attribute_input-power-misc-power-details\">\n<th class=\"woocommerce-product-attributes-item__label\" scope=\"row\">Input Power \/ Misc Power Details<\/th>\n<td class=\"woocommerce-product-attributes-item__value\">MIL-STD-704F Input Power<br \/>\n+28V Nominal Operating Voltage<br \/>\n(+16V to +50V Range as specified by MIL-STD-704F)<br \/>\nEMI\/EMC as per MIL-STD-461F\/G<\/td>\n<\/tr>\n<tr class=\"woocommerce-product-attributes-item woocommerce-product-attributes-item--attribute_gpio-serial-interfaces\">\n<th class=\"woocommerce-product-attributes-item__label\" scope=\"row\">GPIO \/ Serial Interfaces<\/th>\n<td class=\"woocommerce-product-attributes-item__value\">8x 3.3V GPIO (2x PWM capable)<br \/>\n1x 3.3V, 1A Source pin<br \/>\n2x UART (RS232\/422\/485 configurable)<br \/>\n1x 3.3V I2C<br \/>\n1x 3.3V SPI<br \/>\n2x 3.3V UART<br \/>\n2x CAN<\/td>\n<\/tr>\n<tr class=\"woocommerce-product-attributes-item woocommerce-product-attributes-item--attribute_operating-temperature\">\n<th class=\"woocommerce-product-attributes-item__label\" scope=\"row\">Operating Temperature<\/th>\n<td class=\"woocommerce-product-attributes-item__value\">-40\u00b0C to +70\u00b0C (-40\u00b0F to +158\u00b0F)<\/td>\n<\/tr>\n<tr class=\"woocommerce-product-attributes-item woocommerce-product-attributes-item--attribute_weight\">\n<th class=\"woocommerce-product-attributes-item__label\" scope=\"row\">Weight<\/th>\n<td class=\"woocommerce-product-attributes-item__value\">2.5 kg<\/td>\n<\/tr>\n<tr class=\"woocommerce-product-attributes-item woocommerce-product-attributes-item--attribute_mil-specifications\">\n<th class=\"woocommerce-product-attributes-item__label\" scope=\"row\">MIL Specifications<\/th>\n<td class=\"woocommerce-product-attributes-item__value\">Environmental: MIL-STD-810H, DO-160H<br \/>\nEMC\/EMI: MIL-STD-461G, MIL-HDBK-704F, MIL-HDBK-831<\/td>\n<\/tr>\n<tr class=\"woocommerce-product-attributes-item woocommerce-product-attributes-item--attribute_optional-mil-std-1553b\">\n<th class=\"woocommerce-product-attributes-item__label\" scope=\"row\">Optional MIL-STD 1553B<\/th>\n<td class=\"woocommerce-product-attributes-item__value\">1x MIL-STD 1553<\/td>\n<\/tr>\n<tr class=\"woocommerce-product-attributes-item woocommerce-product-attributes-item--attribute_warranty-and-support\">\n<th class=\"woocommerce-product-attributes-item__label\" scope=\"row\">Warranty and Support<\/th>\n<td class=\"woocommerce-product-attributes-item__value\">1 Year Warranty and Free Technical Support<\/td>\n<\/tr>\n<\/tbody>\n<\/table>\n<h3>Ordering Information:<\/h3>\n<p><strong>ESG630-002<\/strong> Sentry-X2\u00a0 Embedded System integrated with NVIDIA\u00ae Jetson AGX Orin&#x2122; Industrial Module with Passive Cooling, 2 TB NVMe, 4x 3G-SDI inputs<br \/>\n<strong>ESG630-011<\/strong> Sentry-X2\u00a0 \u00a0Embedded System integrated with NVIDIA\u00ae Jetson AGX Orin&#x2122; Industrial Module with Passive Cooling, 2 TB NVMe, 4x 3G-SDI inputs,\u00a0 \u00a0 \u00a0 \u00a0 \u00a0 \u00a0 \u00a0 \u00a0 \u00a0 \u00a0 \u00a0 \u00a0 \u00a0 \u00a0 \u00a0 \u00a0 \u00a0 \u00a0 \u00a0 \u00a0 \u00a0 \u00a0 \u00a0 \u00a0 \u00a0 \u00a0 \u00a0 \u00a0 \u00a0 \u00a0 \u00a0 \u00a0 \u00a0 \u00a0 MIL-STD-1553<br \/>\n<strong>ESG633-001<\/strong> Sentry-X2\u00a0 Embedded System integrated with NVIDIA\u00ae Jetson AGX Orin&#x2122; Industrial Module with Passive Cooling, 2 TB NVMe<\/p>\n","protected":false},"excerpt":{"rendered":"<h3>Najwa\u017cniejsze cechy:<\/h3>\n<ul>\n<li>4 wej\u015bcia 3G-SDI\/HD-SDI\/SDI<\/li>\n<li>2 wyj\u015bcia 3G-SDI\/HD-SDI\/SDI<\/li>\n<li>Pami\u0119\u0107 masowa NVMe do 4 TB<\/li>\n<li>3 porty Ethernet: 10 GbE, 2,5 GbE, 1 GbE<\/li>\n<li>Testowane zgodnie z IP67, MIL-STD-810H<\/li>\n<\/ul>\n<h3>Wi\u0119cej informacji:<\/h3>\n<p><span class=\"HwtZe\" lang=\"pl\"><span class=\"jCAhz ChMk0b\"><span class=\"ryNqvb\">Sentry-X2 to system MIL-Rugged, zasilany przez modu\u0142 NVIDIA\u00ae Jetson AGX Orin&#x2122; Industrial.<\/span><\/span><span class=\"jCAhz ChMk0b\"><span class=\"ryNqvb\"> Zaprojektowany do zastosowa\u0144 o znaczeniu krytycznym w trudnych warunkach, Sentry-X2 to certyfikowany przez MIL-SPEC system AI do oblicze\u0144 na kraw\u0119dzi taktycznej.<\/span><\/span> <span class=\"jCAhz ChMk0b\"><span class=\"ryNqvb\">NVIDIA\u00ae Jetson AGX Orin&#x2122; Industrial to 2048-rdzeniowy procesor graficzny o wydajno\u015bci 248 TOPS, idealny do zaawansowanych zastosowa\u0144 AI i uczenia maszynowego.<\/span><\/span> <span class=\"jCAhz ChMk0b\"><span class=\"ryNqvb\">Sentry-X2 zawiera 4 wej\u015bcia 3G-SDI\/HD-SDI\/SDI i 2 wyj\u015bcia 3G-SDI\/HD-SDI\/SDI, odpowiednie dla z\u0142o\u017conych system\u00f3w wizyjnych, a tak\u017ce 10 Gb, 2,5 Gb i 1 Gb Ethernet, dwa porty USB 3.2 i szerok\u0105 gam\u0119 opcji wej\u015bcia\/wyj\u015bcia.<\/span><\/span><span class=\"jCAhz ChMk0b\"><span class=\"ryNqvb\"> Urz\u0105dzenie zosta\u0142o przetestowane zgodnie ze specyfikacjami MIL-STD w zakresie wstrz\u0105s\u00f3w i wibracji oraz wyposa\u017cone w z\u0142\u0105cza D38999 o stopniu ochrony IP67 zapewniaj\u0105ce integralno\u015b\u0107 danych. Sentry-X2 jest zaprojektowane tak, aby spe\u0142nia\u0107 rygorystyczne wymagania zastosowa\u0144 wojskowych, lotniczych i przemys\u0142u ci\u0119\u017ckiego.<\/span><\/span><\/span><\/p>\n","protected":false},"featured_media":16342,"template":"","meta":{"_acf_changed":false,"inline_featured_image":false,"_monsterinsights_skip_tracking":false,"_monsterinsights_sitenote_active":false,"_monsterinsights_sitenote_note":"","_monsterinsights_sitenote_category":0},"product_brand":[],"product_cat":[1472,1686],"product_tag":[],"class_list":{"0":"post-16337","1":"product","2":"type-product","3":"status-publish","4":"has-post-thumbnail","6":"product_cat-connect-tech-inc","7":"product_cat-nvidia-jetson-agx-orin","9":"first","10":"instock","11":"shipping-taxable","12":"product-type-simple"},"acf":[],"_links":{"self":[{"href":"https:\/\/quantum.com.pl\/pl\/wp-json\/wp\/v2\/product\/16337","targetHints":{"allow":["GET"]}}],"collection":[{"href":"https:\/\/quantum.com.pl\/pl\/wp-json\/wp\/v2\/product"}],"about":[{"href":"https:\/\/quantum.com.pl\/pl\/wp-json\/wp\/v2\/types\/product"}],"wp:featuredmedia":[{"embeddable":true,"href":"https:\/\/quantum.com.pl\/pl\/wp-json\/wp\/v2\/media\/16342"}],"wp:attachment":[{"href":"https:\/\/quantum.com.pl\/pl\/wp-json\/wp\/v2\/media?parent=16337"}],"wp:term":[{"taxonomy":"product_brand","embeddable":true,"href":"https:\/\/quantum.com.pl\/pl\/wp-json\/wp\/v2\/product_brand?post=16337"},{"taxonomy":"product_cat","embeddable":true,"href":"https:\/\/quantum.com.pl\/pl\/wp-json\/wp\/v2\/product_cat?post=16337"},{"taxonomy":"product_tag","embeddable":true,"href":"https:\/\/quantum.com.pl\/pl\/wp-json\/wp\/v2\/product_tag?post=16337"}],"curies":[{"name":"wp","href":"https:\/\/api.w.org\/{rel}","templated":true}]}}