{"id":16354,"date":"2025-05-13T14:59:34","date_gmt":"2025-05-13T12:59:34","guid":{"rendered":"https:\/\/quantum.com.pl\/?post_type=product&#038;p=16354"},"modified":"2025-05-13T15:10:28","modified_gmt":"2025-05-13T13:10:28","slug":"virtex-5-fpga","status":"publish","type":"product","link":"https:\/\/quantum.com.pl\/pl\/product\/virtex-5-fpga\/","title":{"rendered":"Virtex\u00ae-5 FPGA"},"content":{"rendered":"<p>Dane techniczne:<\/p>\n<table class=\"woocommerce-product-attributes shop_attributes\" aria-label=\"Product Details\">\n<tbody>\n<tr class=\"woocommerce-product-attributes-item woocommerce-product-attributes-item--attribute_manufacturer\">\n<th class=\"woocommerce-product-attributes-item__label\" scope=\"row\">Manufacturer<\/th>\n<td class=\"woocommerce-product-attributes-item__value\">Xilinx Inc.<\/td>\n<\/tr>\n<tr class=\"woocommerce-product-attributes-item woocommerce-product-attributes-item--attribute_series\">\n<th class=\"woocommerce-product-attributes-item__label\" scope=\"row\">Series<\/th>\n<td class=\"woocommerce-product-attributes-item__value\">Virtex\u00ae-5 LXT<\/td>\n<\/tr>\n<tr class=\"woocommerce-product-attributes-item woocommerce-product-attributes-item--attribute_voltage-supply\">\n<th class=\"woocommerce-product-attributes-item__label\" scope=\"row\">Voltage &#8211; Supply<\/th>\n<td class=\"woocommerce-product-attributes-item__value\">0.95V ~ 1.05V<\/td>\n<\/tr>\n<tr class=\"woocommerce-product-attributes-item woocommerce-product-attributes-item--attribute_mounting-type\">\n<th class=\"woocommerce-product-attributes-item__label\" scope=\"row\">Mounting Type<\/th>\n<td class=\"woocommerce-product-attributes-item__value\">Surface Mount<\/td>\n<\/tr>\n<tr class=\"woocommerce-product-attributes-item woocommerce-product-attributes-item--attribute_operating-temperature\">\n<th class=\"woocommerce-product-attributes-item__label\" scope=\"row\">Operating Temperature<\/th>\n<td class=\"woocommerce-product-attributes-item__value\">0\u00b0C ~ 85\u00b0C (32\u00b0F ~ 185\u00b0F)<\/td>\n<\/tr>\n<tr class=\"woocommerce-product-attributes-item woocommerce-product-attributes-item--attribute_number-of-labsclbs\">\n<th class=\"woocommerce-product-attributes-item__label\" scope=\"row\">Number of LABs\/CLBs<\/th>\n<td class=\"woocommerce-product-attributes-item__value\">3600<\/td>\n<\/tr>\n<tr class=\"woocommerce-product-attributes-item woocommerce-product-attributes-item--attribute_number-of-logic-elementscells\">\n<th class=\"woocommerce-product-attributes-item__label\" scope=\"row\">Number of Logic Elements\/Cells<\/th>\n<td class=\"woocommerce-product-attributes-item__value\">46080<\/td>\n<\/tr>\n<tr class=\"woocommerce-product-attributes-item woocommerce-product-attributes-item--attribute_total-ram-bits\">\n<th class=\"woocommerce-product-attributes-item__label\" scope=\"row\">Total RAM Bits<\/th>\n<td class=\"woocommerce-product-attributes-item__value\">2211840<\/td>\n<\/tr>\n<tr class=\"woocommerce-product-attributes-item woocommerce-product-attributes-item--attribute_number-of-io\">\n<th class=\"woocommerce-product-attributes-item__label\" scope=\"row\">Number of I\/O<\/th>\n<td class=\"woocommerce-product-attributes-item__value\">360<\/td>\n<\/tr>\n<\/tbody>\n<\/table>\n<h3>Ordering Information:<\/h3>\n<p><strong>XC5VLX50T-3FFG665C<\/strong> \u00a0 Virtex\u00ae-5 FPGA<\/p>\n","protected":false},"excerpt":{"rendered":"<h3>Najwa\u017cniejsze cechy:<\/h3>\n<ul>\n<li>IC FPGA 360 I\/O 665FCBGA firmy Xilinx<\/li>\n<li>Napi\u0119cie: 0,95 V ~ 1,05 V<\/li>\n<li>Temperatura pracy: 0\u00b0C ~ 85\u00b0C<\/li>\n<li>Liczba I\/O: 360<\/li>\n<\/ul>\n<h3>Wi\u0119cej informacji:<\/h3>\n<p><span class=\"HwtZe\" lang=\"pl\"><span class=\"jCAhz ChMk0b\"><span class=\"ryNqvb\">Opr\u00f3cz najbardziej zaawansowanej, wysokowydajnej struktury logicznej, uk\u0142ady FPGA Virtex-5 zawieraj\u0105 wiele blok\u00f3w na poziomie systemu hard-IP, w tym wydajne 36-kbitowe bloki RAM\/FIFO, drug\u0105 generacj\u0119 25 x 18 DSP slices, technologi\u0119 SelectIO&#x2122; ze wbudowan\u0105 cyfrowo sterowan\u0105 impedancj\u0105, bloki interfejsu synchronicznego ze \u017ar\u00f3d\u0142em ChipSync&#x2122;, funkcjonalno\u015b\u0107 monitora systemu, ulepszone p\u0142ytki zarz\u0105dzania zegarem ze zintegrowanymi DCM (Digital Clock Managers) i generatorami zegara p\u0119tli synchronizacji fazowej (PLL) oraz zaawansowane opcje konfiguracji.<\/span><\/span> <span class=\"jCAhz ChMk0b\"><span class=\"ryNqvb\">Zbudowane na najnowocze\u015bniejszej technologii miedzianej 65 nm, uk\u0142ady FPGA Virtex-5 s\u0105 programowaln\u0105 alternatyw\u0105 dla niestandardowej technologii ASIC.<\/span><\/span> <span class=\"jCAhz\"><span class=\"ryNqvb\">Dowiedz si\u0119 wi\u0119cej <a href=\"https:\/\/www.xilinx.com\/support\/documentation\/data_sheets\/ds100.pdf\" target=\"_blank\" rel=\"noopener\">tutaj<\/a>.<\/span><\/span><\/span><\/p>\n","protected":false},"featured_media":16355,"template":"","meta":{"_acf_changed":false,"inline_featured_image":false,"_monsterinsights_skip_tracking":false,"_monsterinsights_sitenote_active":false,"_monsterinsights_sitenote_note":"","_monsterinsights_sitenote_category":0},"product_brand":[],"product_cat":[1472,1487],"product_tag":[],"class_list":{"0":"post-16354","1":"product","2":"type-product","3":"status-publish","4":"has-post-thumbnail","6":"product_cat-connect-tech-inc","7":"product_cat-fpga","9":"first","10":"instock","11":"shipping-taxable","12":"product-type-simple"},"acf":[],"_links":{"self":[{"href":"https:\/\/quantum.com.pl\/pl\/wp-json\/wp\/v2\/product\/16354","targetHints":{"allow":["GET"]}}],"collection":[{"href":"https:\/\/quantum.com.pl\/pl\/wp-json\/wp\/v2\/product"}],"about":[{"href":"https:\/\/quantum.com.pl\/pl\/wp-json\/wp\/v2\/types\/product"}],"wp:featuredmedia":[{"embeddable":true,"href":"https:\/\/quantum.com.pl\/pl\/wp-json\/wp\/v2\/media\/16355"}],"wp:attachment":[{"href":"https:\/\/quantum.com.pl\/pl\/wp-json\/wp\/v2\/media?parent=16354"}],"wp:term":[{"taxonomy":"product_brand","embeddable":true,"href":"https:\/\/quantum.com.pl\/pl\/wp-json\/wp\/v2\/product_brand?post=16354"},{"taxonomy":"product_cat","embeddable":true,"href":"https:\/\/quantum.com.pl\/pl\/wp-json\/wp\/v2\/product_cat?post=16354"},{"taxonomy":"product_tag","embeddable":true,"href":"https:\/\/quantum.com.pl\/pl\/wp-json\/wp\/v2\/product_tag?post=16354"}],"curies":[{"name":"wp","href":"https:\/\/api.w.org\/{rel}","templated":true}]}}