{"id":16373,"date":"2025-05-15T13:31:27","date_gmt":"2025-05-15T11:31:27","guid":{"rendered":"https:\/\/quantum.com.pl\/?post_type=product&#038;p=16373"},"modified":"2025-05-15T13:36:46","modified_gmt":"2025-05-15T11:36:46","slug":"xtreme-psu-xp-power-supply","status":"publish","type":"product","link":"https:\/\/quantum.com.pl\/pl\/product\/xtreme-psu-xp-power-supply\/","title":{"rendered":"Xtreme\/PSU-XP Power Supply"},"content":{"rendered":"<h3>Dane techniczne:<\/h3>\n<table class=\"woocommerce-product-attributes shop_attributes\" aria-label=\"Product Details\">\n<tbody>\n<tr class=\"woocommerce-product-attributes-item woocommerce-product-attributes-item--attribute_pa_dimensions\">\n<th class=\"woocommerce-product-attributes-item__label\" scope=\"row\">Dimensions<\/th>\n<td class=\"woocommerce-product-attributes-item__value\">PC\/104 Compliant<\/td>\n<\/tr>\n<tr class=\"woocommerce-product-attributes-item woocommerce-product-attributes-item--attribute_bus-expansion-options\">\n<th class=\"woocommerce-product-attributes-item__label\" scope=\"row\">Bus Expansion Options<\/th>\n<td class=\"woocommerce-product-attributes-item__value\">PSG007: PC\/104-Plus (PCI &amp; ISA), PSG008: PC\/104 (ISA Only), PSG009: PCI-104 (PCI Only), PSG0010: PCIe\/104 (PCI Express Only), PSG0011: PCI\/104-Express (PCI Express &amp; PCI), PSG0012: Embedded (No Bus Connectors)<\/td>\n<\/tr>\n<tr class=\"woocommerce-product-attributes-item woocommerce-product-attributes-item--attribute_pa_power-requirements\">\n<th class=\"woocommerce-product-attributes-item__label\" scope=\"row\">Power Requirements<\/th>\n<td class=\"woocommerce-product-attributes-item__value\">+6V to +36V DC Input<\/td>\n<\/tr>\n<tr class=\"woocommerce-product-attributes-item woocommerce-product-attributes-item--attribute_input-protection\">\n<th class=\"woocommerce-product-attributes-item__label\" scope=\"row\">Input Protection<\/th>\n<td class=\"woocommerce-product-attributes-item__value\">Reverse polarity protection, transient voltage suppression and series fuse<\/td>\n<\/tr>\n<tr class=\"woocommerce-product-attributes-item woocommerce-product-attributes-item--attribute_pa_power-consumption\">\n<th class=\"woocommerce-product-attributes-item__label\" scope=\"row\">Power Consumption<\/th>\n<td class=\"woocommerce-product-attributes-item__value\">154W<\/td>\n<\/tr>\n<tr class=\"woocommerce-product-attributes-item woocommerce-product-attributes-item--attribute_3-3v-output\">\n<th class=\"woocommerce-product-attributes-item__label\" scope=\"row\">+3.3V Output<\/th>\n<td class=\"woocommerce-product-attributes-item__value\">10A maximum continuous for full -40 to +85 range<\/td>\n<\/tr>\n<tr class=\"woocommerce-product-attributes-item woocommerce-product-attributes-item--attribute_5v-output\">\n<th class=\"woocommerce-product-attributes-item__label\" scope=\"row\">+5V Output<\/th>\n<td class=\"woocommerce-product-attributes-item__value\">10A maximum continuous for full -40 to +85 range<\/td>\n<\/tr>\n<tr class=\"woocommerce-product-attributes-item woocommerce-product-attributes-item--attribute_12v-output\">\n<th class=\"woocommerce-product-attributes-item__label\" scope=\"row\">-12V Output<\/th>\n<td class=\"woocommerce-product-attributes-item__value\">0.5A maximum continuous for full -40 to +85 range<\/td>\n<\/tr>\n<tr class=\"woocommerce-product-attributes-item woocommerce-product-attributes-item--attribute_5v-standby\">\n<th class=\"woocommerce-product-attributes-item__label\" scope=\"row\">+5V Standby<\/th>\n<td class=\"woocommerce-product-attributes-item__value\">1A maximum continuous for full -40 to +85 range<\/td>\n<\/tr>\n<tr class=\"woocommerce-product-attributes-item woocommerce-product-attributes-item--attribute_output-regulation\">\n<th class=\"woocommerce-product-attributes-item__label\" scope=\"row\">Output Regulation<\/th>\n<td class=\"woocommerce-product-attributes-item__value\">Less than 1%<\/td>\n<\/tr>\n<tr class=\"woocommerce-product-attributes-item woocommerce-product-attributes-item--attribute_output-protection\">\n<th class=\"woocommerce-product-attributes-item__label\" scope=\"row\">Output Protection<\/th>\n<td class=\"woocommerce-product-attributes-item__value\">Overload protection and transient voltage suppression<\/td>\n<\/tr>\n<tr class=\"woocommerce-product-attributes-item woocommerce-product-attributes-item--attribute_output-efficiency\">\n<th class=\"woocommerce-product-attributes-item__label\" scope=\"row\">Output Efficiency<\/th>\n<td class=\"woocommerce-product-attributes-item__value\">Up to 93%<\/td>\n<\/tr>\n<tr class=\"woocommerce-product-attributes-item woocommerce-product-attributes-item--attribute_pa_operating-temperature\">\n<th class=\"woocommerce-product-attributes-item__label\" scope=\"row\">Operating Temperature<\/th>\n<td class=\"woocommerce-product-attributes-item__value\">-40\u00b0C to +85\u00b0C (-40\u00b0F to +185\u00b0F)<\/td>\n<\/tr>\n<tr class=\"woocommerce-product-attributes-item woocommerce-product-attributes-item--attribute_pa_connectors\">\n<th class=\"woocommerce-product-attributes-item__label\" scope=\"row\">Connectors<\/th>\n<td class=\"woocommerce-product-attributes-item__value\">Output: 3.5mm pitch standard terminal block header and mating plug<\/td>\n<\/tr>\n<\/tbody>\n<\/table>\n<h3>Ordering informations:<\/h3>\n<p><strong> PSG007<\/strong>:\u00a0\u00a0 PC\/104-Plus (PCI &amp; ISA)<br \/>\n<strong>PSG008<\/strong>:\u00a0\u00a0 PC\/104 (ISA Only)<br \/>\n<strong>PSG009<\/strong>:\u00a0\u00a0 PCI-104 (PCI Only)<br \/>\n<strong>PSG010<\/strong>:\u00a0\u00a0 PCIe\/104 (PCI Express Only)<br \/>\n<strong>PSG011<\/strong>:\u00a0 \u00a0 PCI\/104-Express (PCI Express &amp; PCI)<br \/>\n<strong>PSG012<\/strong>:\u00a0 \u00a0 Embedded (No Bus Connectors)<\/p>\n","protected":false},"excerpt":{"rendered":"<h3>Najwa\u017cniejsze cechy:<\/h3>\n<ul>\n<li>Zakres napi\u0119cia wej\u015bciowego: +6 V do +36 V DC<\/li>\n<li>Ca\u0142kowita moc wyj\u015bciowa: 154 W<\/li>\n<li>Napi\u0119cia wyj\u015bciowe: +3,3 V przy 10 A, +5 V przy 10 A, +12 V przy 5 A, -12 V przy 0,5 A, +5 V w trybie gotowo\u015bci przy 1 A<\/li>\n<li>Temperatura pracy: -40\u00b0C do +85\u00b0C (-40\u00b0F do 185\u00b0F)<\/li>\n<li>W pe\u0142ni spe\u0142nia wymagania dotycz\u0105ce wysoko\u015bci komponent\u00f3w PC\/104<br \/>\n&#8211; Nie s\u0105 wymagane \u017cadne dodatkowe rozszerzenia do uk\u0142adania w stos<br \/>\n&#8211; Inne p\u0142ytki PC\/104 mo\u017cna uk\u0142ada\u0107 bezpo\u015brednio na g\u00f3rze lub pod p\u0142yt\u0105 Xtreme\/PSG<\/li>\n<li>Wykorzystuje najnowsze, najbardziej wydajne regulatory mocy, induktory i tranzystory MOSFET<\/li>\n<li>Nadwymiarowe tranzystory MOSFET zapewniaj\u0105 lepsz\u0105 wydajno\u015b\u0107 ciepln\u0105 (nie jest wymagane stosowanie radiatora)<\/li>\n<li>R\u00f3\u017cne opcje z\u0142\u0105czy: 2-cz\u0119\u015bciowa listwa zaciskowa\/wtyczka (standard), os\u0142oni\u0119ta \u015bruba blokuj\u0105ca (opcjonalnie)<\/li>\n<\/ul>\n<h3>Wi\u0119cej informacji:<\/h3>\n<p><span class=\"HwtZe\" lang=\"pl\"><span class=\"jCAhz ChMk0b\"><span class=\"ryNqvb\">Xtreme\/PSU-XP firmy Connect Tech to wydajny, wydajny zasilacz o formacie PC\/104 z rozszerzonymi mo\u017cliwo\u015bciami temperaturowymi.<\/span><\/span> <span class=\"jCAhz ChMk0b\"><span class=\"ryNqvb\">Xtreme\/PSU-XP dostarcza zasilanie do z\u0142\u0105czy blok\u00f3w zaciskowych i zasila wszystkie magistrale rozszerze\u0144 rodziny PC\/104, takie jak PC\/104, PC\/104-Plus, PCI-104, PCI\/104-Express i PCIe\/104.<\/span><\/span> <\/span><\/p>\n<p><span class=\"HwtZe\" lang=\"pl\"><span class=\"jCAhz ChMk0b\"><span class=\"ryNqvb\">Xtreme\/PSU-XP to wysoce niezawodny zasilacz, kt\u00f3ry zapewnia 154 W ca\u0142kowitej mocy wyj\u015bciowej przy napi\u0119ciach wyj\u015bciowych +3,3 V, +5 V, +12 V, -12 V i +5 V-Standby.<\/span><\/span> <span class=\"jCAhz ChMk0b\"><span class=\"ryNqvb\">Mo\u017ce by\u0107 u\u017cywany jako samodzielny zasilacz do zasilania dowolnego innego systemu wbudowanego lub bezpo\u015brednio do zasilania dowolnego stosu PC\/104 lub komputera jednop\u0142ytkowego (SBC).<\/span><\/span><\/span><\/p>\n<p><span class=\"HwtZe\" lang=\"pl\"><span class=\"jCAhz ChMk0b\"><span class=\"ryNqvb\"> Xtreme\/PSU-XP ma szeroki zakres napi\u0119cia wej\u015bciowego, kt\u00f3ry akceptuje +6 V do +36 V DC i jest specjalnie zaprojektowany do stosowania w szerokiej gamie wytrzyma\u0142ych zastosowa\u0144, w tym wojskowych, przemys\u0142owych oraz w pojazdach powietrznych i naziemnych.<\/span><\/span> <\/span><\/p>\n<p><span class=\"HwtZe\" lang=\"pl\"><span class=\"jCAhz ChMk0b\"><span class=\"ryNqvb\">Xtreme\/PSU-XP mo\u017cna stosowa\u0107 w po\u0142\u0105czeniu z uk\u0142adalnymi procesorami i p\u0142ytami rozszerze\u0144 Connect Tech, aby uzyska\u0107 kompleksowe rozwi\u0105zanie projektowe.<\/span><\/span><\/span><\/p>\n","protected":false},"featured_media":16374,"template":"","meta":{"_acf_changed":false,"inline_featured_image":false,"_monsterinsights_skip_tracking":false,"_monsterinsights_sitenote_active":false,"_monsterinsights_sitenote_note":"","_monsterinsights_sitenote_category":0},"product_brand":[],"product_cat":[1472,1672,1697,1696],"product_tag":[],"class_list":{"0":"post-16373","1":"product","2":"type-product","3":"status-publish","4":"has-post-thumbnail","6":"product_cat-connect-tech-inc","7":"product_cat-pc-104-2","8":"product_cat-zasilacze-2","9":"product_cat-zasilanie-psu","11":"first","12":"instock","13":"shipping-taxable","14":"product-type-simple"},"acf":[],"_links":{"self":[{"href":"https:\/\/quantum.com.pl\/pl\/wp-json\/wp\/v2\/product\/16373","targetHints":{"allow":["GET"]}}],"collection":[{"href":"https:\/\/quantum.com.pl\/pl\/wp-json\/wp\/v2\/product"}],"about":[{"href":"https:\/\/quantum.com.pl\/pl\/wp-json\/wp\/v2\/types\/product"}],"wp:featuredmedia":[{"embeddable":true,"href":"https:\/\/quantum.com.pl\/pl\/wp-json\/wp\/v2\/media\/16374"}],"wp:attachment":[{"href":"https:\/\/quantum.com.pl\/pl\/wp-json\/wp\/v2\/media?parent=16373"}],"wp:term":[{"taxonomy":"product_brand","embeddable":true,"href":"https:\/\/quantum.com.pl\/pl\/wp-json\/wp\/v2\/product_brand?post=16373"},{"taxonomy":"product_cat","embeddable":true,"href":"https:\/\/quantum.com.pl\/pl\/wp-json\/wp\/v2\/product_cat?post=16373"},{"taxonomy":"product_tag","embeddable":true,"href":"https:\/\/quantum.com.pl\/pl\/wp-json\/wp\/v2\/product_tag?post=16373"}],"curies":[{"name":"wp","href":"https:\/\/api.w.org\/{rel}","templated":true}]}}