{"id":16379,"date":"2025-05-15T14:41:44","date_gmt":"2025-05-15T12:41:44","guid":{"rendered":"https:\/\/quantum.com.pl\/?post_type=product&#038;p=16379"},"modified":"2025-05-15T15:13:24","modified_gmt":"2025-05-15T13:13:24","slug":"xtreme-psu-ups-power-supply","status":"publish","type":"product","link":"https:\/\/quantum.com.pl\/pl\/product\/xtreme-psu-ups-power-supply\/","title":{"rendered":"Xtreme\/PSU-UPS Power Supply"},"content":{"rendered":"<h3>Dane techniczne:<\/h3>\n<table class=\"woocommerce-product-attributes shop_attributes\" aria-label=\"Product Details\">\n<tbody>\n<tr class=\"woocommerce-product-attributes-item woocommerce-product-attributes-item--attribute_pa_dimensions\">\n<th class=\"woocommerce-product-attributes-item__label\" scope=\"row\">Dimensions<\/th>\n<td class=\"woocommerce-product-attributes-item__value\">PC\/104 Compliant<\/td>\n<\/tr>\n<tr class=\"woocommerce-product-attributes-item woocommerce-product-attributes-item--attribute_pa_bus\">\n<th class=\"woocommerce-product-attributes-item__label\" scope=\"row\">Bus<\/th>\n<td class=\"woocommerce-product-attributes-item__value\">Embedded (No Bus Connectors) option, PCI-104 (PCI) option<\/td>\n<\/tr>\n<tr class=\"woocommerce-product-attributes-item woocommerce-product-attributes-item--attribute_pa_power-requirements\">\n<th class=\"woocommerce-product-attributes-item__label\" scope=\"row\">Power Requirements<\/th>\n<td class=\"woocommerce-product-attributes-item__value\">+6V to +36V DC Input<\/td>\n<\/tr>\n<tr class=\"woocommerce-product-attributes-item woocommerce-product-attributes-item--attribute_input-protection\">\n<th class=\"woocommerce-product-attributes-item__label\" scope=\"row\">Input Protection<\/th>\n<td class=\"woocommerce-product-attributes-item__value\">Reverse polarity protection, transient voltage suppression and series fuse<\/td>\n<\/tr>\n<tr class=\"woocommerce-product-attributes-item woocommerce-product-attributes-item--attribute_pa_power-consumption\">\n<th class=\"woocommerce-product-attributes-item__label\" scope=\"row\">Power Consumption<\/th>\n<td class=\"woocommerce-product-attributes-item__value\">154W<\/td>\n<\/tr>\n<tr class=\"woocommerce-product-attributes-item woocommerce-product-attributes-item--attribute_3-3v-output\">\n<th class=\"woocommerce-product-attributes-item__label\" scope=\"row\">+3.3V Output<\/th>\n<td class=\"woocommerce-product-attributes-item__value\">10A maximum continuous for full -40 to +85 range<\/td>\n<\/tr>\n<tr class=\"woocommerce-product-attributes-item woocommerce-product-attributes-item--attribute_5v-output\">\n<th class=\"woocommerce-product-attributes-item__label\" scope=\"row\">+5V Output<\/th>\n<td class=\"woocommerce-product-attributes-item__value\">10A maximum continuous for full -40 to +85 range<\/td>\n<\/tr>\n<tr class=\"woocommerce-product-attributes-item woocommerce-product-attributes-item--attribute_12v-output\">\n<th class=\"woocommerce-product-attributes-item__label\" scope=\"row\">-12V Output<\/th>\n<td class=\"woocommerce-product-attributes-item__value\">0.5A maximum continuous for full -40 to +85 range<\/td>\n<\/tr>\n<tr class=\"woocommerce-product-attributes-item woocommerce-product-attributes-item--attribute_5v-standby\">\n<th class=\"woocommerce-product-attributes-item__label\" scope=\"row\">+5V Standby<\/th>\n<td class=\"woocommerce-product-attributes-item__value\">1A maximum continuous for full -40 to +85 range<\/td>\n<\/tr>\n<tr class=\"woocommerce-product-attributes-item woocommerce-product-attributes-item--attribute_output-regulation\">\n<th class=\"woocommerce-product-attributes-item__label\" scope=\"row\">Output Regulation<\/th>\n<td class=\"woocommerce-product-attributes-item__value\">Less than 1%<\/td>\n<\/tr>\n<tr class=\"woocommerce-product-attributes-item woocommerce-product-attributes-item--attribute_output-protection\">\n<th class=\"woocommerce-product-attributes-item__label\" scope=\"row\">Output Protection<\/th>\n<td class=\"woocommerce-product-attributes-item__value\">Overload protection and transient voltage suppression<\/td>\n<\/tr>\n<tr class=\"woocommerce-product-attributes-item woocommerce-product-attributes-item--attribute_output-efficiency\">\n<th class=\"woocommerce-product-attributes-item__label\" scope=\"row\">Output Efficiency<\/th>\n<td class=\"woocommerce-product-attributes-item__value\">Up to 93%<\/td>\n<\/tr>\n<tr class=\"woocommerce-product-attributes-item woocommerce-product-attributes-item--attribute_pa_battery\">\n<th class=\"woocommerce-product-attributes-item__label\" scope=\"row\">Battery<\/th>\n<td class=\"woocommerce-product-attributes-item__value\">Fully compatible with all SMART external batteries, Supporting charging up to 16V, 4A<\/td>\n<\/tr>\n<tr class=\"woocommerce-product-attributes-item woocommerce-product-attributes-item--attribute_monitorcontrol\">\n<th class=\"woocommerce-product-attributes-item__label\" scope=\"row\">Monitor\/Control<\/th>\n<td class=\"woocommerce-product-attributes-item__value\">On-board USB, RS-232 and SMbus interfaces for battery monitoring and power on\/off control<\/td>\n<\/tr>\n<tr class=\"woocommerce-product-attributes-item woocommerce-product-attributes-item--attribute_pa_operating-temperature\">\n<th class=\"woocommerce-product-attributes-item__label\" scope=\"row\">Operating Temperature<\/th>\n<td class=\"woocommerce-product-attributes-item__value\">-40\u00b0C to +85\u00b0C (-40\u00b0F to +185\u00b0F)<\/td>\n<\/tr>\n<tr class=\"woocommerce-product-attributes-item woocommerce-product-attributes-item--attribute_pa_connectors\">\n<th class=\"woocommerce-product-attributes-item__label\" scope=\"row\">Connectors<\/th>\n<td class=\"woocommerce-product-attributes-item__value\">Input: 5mm pitch standard terminal block header and mating plug, Output: 3.5mm pitch standard terminal block header and mating plug<\/td>\n<\/tr>\n<\/tbody>\n<\/table>\n<h3>Ordering informations:<\/h3>\n<p><strong>SCG001<\/strong> \u00a0 PCI-104 Build<br \/>\n\u2013 +5V @ 10A, +3.3V @10A,+12V @ 5A, -12V @0.5A, +5VSB @ 1A<br \/>\n\u2013 +5V, +3.3V**, +12V and -12V connected to PCI-104 Bus connector.<\/p>\n<p><strong>SCG002<\/strong> \u00a0 Embedded Build<br \/>\n\u2013 +5V @ 10A, +3.3V @10A,+12V @ 5A, -12V @0.5A, +5VSB @ 1A<\/p>\n","protected":false},"excerpt":{"rendered":"<h3>Najwa\u017cniejsze cechy:<\/h3>\n<ul>\n<li>\u0141adowanie akumulatora SMART zapewniaj\u0105ce nieprzerwane zasilanie<\/li>\n<li>Ca\u0142kowita moc wyj\u015bciowa 154 W, +5 V, +12 V, -12 V, +3,3 V i +5 V w trybie gotowo\u015bci<\/li>\n<li>Rozszerzenie PCI-104<\/li>\n<li>W pe\u0142ni spe\u0142nia wymagania dotycz\u0105ce wysoko\u015bci komponent\u00f3w PC\/104<\/li>\n<li>U\u017cywa najnowszej generacji sterownik\u00f3w mocy o najwy\u017cszej wydajno\u015bci, cewek indukcyjnych i tranzystor\u00f3w MOSFET<\/li>\n<li>Przewymiarowane tranzystory MOSFET zapewniaj\u0105ce lepsz\u0105 wydajno\u015b\u0107 ciepln\u0105 (nie jest wymagany radiator)<\/li>\n<\/ul>\n<h3>Wi\u0119cej informacji:<\/h3>\n<p>Xtreme\/PSU-UPS firmy Connect Tech to wydajny, wydajny zasilacz o wsp\u00f3\u0142czynniku kszta\u0142tu PC\/104, charakteryzuj\u0105cy si\u0119 szerokim zakresem napi\u0119cia wej\u015bciowego, kt\u00f3ry akceptuje +6 V do +36 V DC i zapewnia 154 W ca\u0142kowitej mocy wyj\u015bciowej przy napi\u0119ciach wyj\u015bciowych w trybie gotowo\u015bci +5 V, +12 V, -12 V, +3,3 V i +5.<\/p>\n<p>Xtreme\/PSU-UPS oferuje inteligentne \u0142adowanie baterii w celu zapewnienia nieprzerwanego zasilania i funkcji podtrzymywania baterii, a tak\u017ce rozszerzone mo\u017cliwo\u015bci temperaturowe. U\u017cyj go z inteligentnym adapterem akumulatorowym ADG061 firmy Connect Tech.<\/p>\n<p>Xtreme\/PSU-UPS mo\u017cna stosowa\u0107 w po\u0142\u0105czeniu z procesorami i p\u0142ytami rozszerze\u0144 firmy Connect Tech, co stanowi kompleksowe rozwi\u0105zanie projektowe. Jest idealny do stosowania w szerokiej gamie wytrzyma\u0142ych zastosowa\u0144 wojskowych i przemys\u0142owych.<\/p>\n","protected":false},"featured_media":16380,"template":"","meta":{"_acf_changed":false,"inline_featured_image":false,"_monsterinsights_skip_tracking":false,"_monsterinsights_sitenote_active":false,"_monsterinsights_sitenote_note":"","_monsterinsights_sitenote_category":0},"product_brand":[],"product_cat":[1472,1672,1697,1696],"product_tag":[],"class_list":{"0":"post-16379","1":"product","2":"type-product","3":"status-publish","4":"has-post-thumbnail","6":"product_cat-connect-tech-inc","7":"product_cat-pc-104-2","8":"product_cat-zasilacze-2","9":"product_cat-zasilanie-psu","11":"first","12":"instock","13":"shipping-taxable","14":"product-type-simple"},"acf":[],"_links":{"self":[{"href":"https:\/\/quantum.com.pl\/pl\/wp-json\/wp\/v2\/product\/16379","targetHints":{"allow":["GET"]}}],"collection":[{"href":"https:\/\/quantum.com.pl\/pl\/wp-json\/wp\/v2\/product"}],"about":[{"href":"https:\/\/quantum.com.pl\/pl\/wp-json\/wp\/v2\/types\/product"}],"wp:featuredmedia":[{"embeddable":true,"href":"https:\/\/quantum.com.pl\/pl\/wp-json\/wp\/v2\/media\/16380"}],"wp:attachment":[{"href":"https:\/\/quantum.com.pl\/pl\/wp-json\/wp\/v2\/media?parent=16379"}],"wp:term":[{"taxonomy":"product_brand","embeddable":true,"href":"https:\/\/quantum.com.pl\/pl\/wp-json\/wp\/v2\/product_brand?post=16379"},{"taxonomy":"product_cat","embeddable":true,"href":"https:\/\/quantum.com.pl\/pl\/wp-json\/wp\/v2\/product_cat?post=16379"},{"taxonomy":"product_tag","embeddable":true,"href":"https:\/\/quantum.com.pl\/pl\/wp-json\/wp\/v2\/product_tag?post=16379"}],"curies":[{"name":"wp","href":"https:\/\/api.w.org\/{rel}","templated":true}]}}