{"id":16389,"date":"2025-05-19T13:12:32","date_gmt":"2025-05-19T11:12:32","guid":{"rendered":"https:\/\/quantum.com.pl\/?post_type=product&#038;p=16389"},"modified":"2025-05-19T13:12:32","modified_gmt":"2025-05-19T11:12:32","slug":"xtreme-psu-uc-power-supply","status":"publish","type":"product","link":"https:\/\/quantum.com.pl\/pl\/product\/xtreme-psu-uc-power-supply\/","title":{"rendered":"Xtreme\/PSU-UC Power Supply"},"content":{"rendered":"<h3>Dane techniczne:<\/h3>\n<table class=\"woocommerce-product-attributes shop_attributes\" aria-label=\"Product Details\">\n<tbody>\n<tr class=\"woocommerce-product-attributes-item woocommerce-product-attributes-item--attribute_pa_dimensions\">\n<th class=\"woocommerce-product-attributes-item__label\" scope=\"row\">Dimensions<\/th>\n<td class=\"woocommerce-product-attributes-item__value\">PC\/104 Compliant<\/td>\n<\/tr>\n<tr class=\"woocommerce-product-attributes-item woocommerce-product-attributes-item--attribute_pa_power-requirements\">\n<th class=\"woocommerce-product-attributes-item__label\" scope=\"row\">Power Requirements<\/th>\n<td class=\"woocommerce-product-attributes-item__value\">+8V to +36V DC<\/td>\n<\/tr>\n<tr class=\"woocommerce-product-attributes-item woocommerce-product-attributes-item--attribute_input-protection\">\n<th class=\"woocommerce-product-attributes-item__label\" scope=\"row\">Input Protection<\/th>\n<td class=\"woocommerce-product-attributes-item__value\">Reverse polarity protection, transient voltage suppression and series fuse<\/td>\n<\/tr>\n<tr class=\"woocommerce-product-attributes-item woocommerce-product-attributes-item--attribute_pa_power-consumption\">\n<th class=\"woocommerce-product-attributes-item__label\" scope=\"row\">Power Consumption<\/th>\n<td class=\"woocommerce-product-attributes-item__value\">115W<\/td>\n<\/tr>\n<tr class=\"woocommerce-product-attributes-item woocommerce-product-attributes-item--attribute_5v-output\">\n<th class=\"woocommerce-product-attributes-item__label\" scope=\"row\">+5V Output<\/th>\n<td class=\"woocommerce-product-attributes-item__value\">10A maximum continuous for full -40 to +85 range<\/td>\n<\/tr>\n<tr class=\"woocommerce-product-attributes-item woocommerce-product-attributes-item--attribute_12v-output\">\n<th class=\"woocommerce-product-attributes-item__label\" scope=\"row\">+12V Output<\/th>\n<td class=\"woocommerce-product-attributes-item__value\">5A maximum continuous for full -40 to +85 range<\/td>\n<\/tr>\n<tr class=\"woocommerce-product-attributes-item woocommerce-product-attributes-item--attribute_5v-standby\">\n<th class=\"woocommerce-product-attributes-item__label\" scope=\"row\">+5V Standby<\/th>\n<td class=\"woocommerce-product-attributes-item__value\">1A maximum continuous for full -40 to +85 range<\/td>\n<\/tr>\n<tr class=\"woocommerce-product-attributes-item woocommerce-product-attributes-item--attribute_output-regulation\">\n<th class=\"woocommerce-product-attributes-item__label\" scope=\"row\">Output Regulation<\/th>\n<td class=\"woocommerce-product-attributes-item__value\">Less than 1%<\/td>\n<\/tr>\n<tr class=\"woocommerce-product-attributes-item woocommerce-product-attributes-item--attribute_output-protection\">\n<th class=\"woocommerce-product-attributes-item__label\" scope=\"row\">Output Protection<\/th>\n<td class=\"woocommerce-product-attributes-item__value\">Overload protection and transient voltage suppression<\/td>\n<\/tr>\n<tr class=\"woocommerce-product-attributes-item woocommerce-product-attributes-item--attribute_pa_operating-temperature\">\n<th class=\"woocommerce-product-attributes-item__label\" scope=\"row\">Operating Temperature<\/th>\n<td class=\"woocommerce-product-attributes-item__value\">-40\u00b0C to +85\u00b0C (-40\u00b0F to +185\u00b0F)<\/td>\n<\/tr>\n<tr class=\"woocommerce-product-attributes-item woocommerce-product-attributes-item--attribute_pa_connectors\">\n<th class=\"woocommerce-product-attributes-item__label\" scope=\"row\">Connectors<\/th>\n<td class=\"woocommerce-product-attributes-item__value\">Input: 5mm pitch standard terminal block header and mating plug, Output: 3.5mm pitch standard terminal block header and mating plug<\/td>\n<\/tr>\n<tr class=\"woocommerce-product-attributes-item woocommerce-product-attributes-item--attribute_pa_io\">\n<th class=\"woocommerce-product-attributes-item__label\" scope=\"row\">I\/O<\/th>\n<td class=\"woocommerce-product-attributes-item__value\">1 RS-232, 1x USB 3.0<\/td>\n<\/tr>\n<tr class=\"woocommerce-product-attributes-item woocommerce-product-attributes-item--attribute_ultra-capacitors\">\n<th class=\"woocommerce-product-attributes-item__label\" scope=\"row\">Ultra Capacitors<\/th>\n<td class=\"woocommerce-product-attributes-item__value\">11x 10F Ultracapacitors in series \u2013 0.909 farads, Energy Capacity \u2013 262 joules, Expansion capabilities for the addition of external, Ultracapacitor modules<\/td>\n<\/tr>\n<\/tbody>\n<\/table>\n<h3>Ordering informations:<\/h3>\n<p><strong>PSG013<\/strong> \u00a0 Xtreme\/PSU-UC Power Supply<\/p>\n<p>&nbsp;<\/p>\n","protected":false},"excerpt":{"rendered":"<h3>Najwa\u017cniejsze cechy:<\/h3>\n<ul>\n<li>Zapasowy ultrakondensator zapewniaj\u0105cy nieprzerwane zasilanie<\/li>\n<li>Ca\u0142kowita moc wyj\u015bciowa 115 W, +5 V, +12 V i +5 V w trybie gotowo\u015bci<\/li>\n<li>W pe\u0142ni spe\u0142nia wymagania dotycz\u0105ce wysoko\u015bci komponent\u00f3w PC\/104<\/li>\n<li>Wykorzystuje najnowszej generacji regulatory mocy o najwy\u017cszej wydajno\u015bci, induktory i tranzystory MOSFET<\/li>\n<li>Temperatura pracy: od -40\u00b0C do +85\u00b0C (od -40\u00b0F do +185\u00b0F)<\/li>\n<\/ul>\n<h3>Wi\u0119cej informacji:<\/h3>\n<p>Xtreme\/PSU-UC firmy Connect Tech to wydajny, wydajny zasilacz PC\/104 o szerokim zakresie napi\u0119\u0107 wej\u015bciowych, kt\u00f3ry akceptuje +8 do +36 V DC i zapewnia ca\u0142kowit\u0105 moc wyj\u015bciow\u0105 115 W przy napi\u0119ciach wyj\u015bciowych +5 V, +12 V i +5 V Standby.<\/p>\n<p>Xtreme\/PSU-UC ma wbudowane ultrakondensatory, aby zapewni\u0107 nieprzerwan\u0105 mo\u017cliwo\u015b\u0107 zasilania awaryjnego UPS. Poniewa\u017c wykorzystuje ultrakondensatory zamiast baterii, Xtreme\/PSU-UC mo\u017ce zapewni\u0107 natychmiastow\u0105 kr\u00f3tkoterminow\u0105 kopi\u0119 zapasow\u0105 zasilania w przypadku utraty lub przerwy w zasilaniu, a tak\u017ce by\u0107 w pe\u0142ni na\u0142adowany i gotowy do ponownego zapewnienia zasilania awaryjnego w ci\u0105gu kilku sekund. Xtreme\/PSU-UPS wykorzystuje wytrzyma\u0142e komponenty i mo\u017ce pracowa\u0107 w przemys\u0142owym zakresie temperatur od -40\u00b0C do +85\u00b0C \/ -40\u00b0F do +185\u00b0F.<\/p>\n<p>Xtreme\/PSU-UC mo\u017cna stosowa\u0107 w po\u0142\u0105czeniu z modu\u0142ami procesora Connect Tech i kartami rozszerze\u0144, tworz\u0105c kompleksowe rozwi\u0105zanie projektowe, kt\u00f3re idealnie nadaje si\u0119 do stosowania w szerokiej gamie wymagaj\u0105cych zastosowa\u0144 wojskowych i przemys\u0142owych.<\/p>\n","protected":false},"featured_media":16390,"template":"","meta":{"_acf_changed":false,"inline_featured_image":false,"_monsterinsights_skip_tracking":false,"_monsterinsights_sitenote_active":false,"_monsterinsights_sitenote_note":"","_monsterinsights_sitenote_category":0},"product_brand":[],"product_cat":[1472,1697,1696],"product_tag":[],"class_list":{"0":"post-16389","1":"product","2":"type-product","3":"status-publish","4":"has-post-thumbnail","6":"product_cat-connect-tech-inc","7":"product_cat-zasilacze-2","8":"product_cat-zasilanie-psu","10":"first","11":"instock","12":"shipping-taxable","13":"product-type-simple"},"acf":[],"_links":{"self":[{"href":"https:\/\/quantum.com.pl\/pl\/wp-json\/wp\/v2\/product\/16389","targetHints":{"allow":["GET"]}}],"collection":[{"href":"https:\/\/quantum.com.pl\/pl\/wp-json\/wp\/v2\/product"}],"about":[{"href":"https:\/\/quantum.com.pl\/pl\/wp-json\/wp\/v2\/types\/product"}],"wp:featuredmedia":[{"embeddable":true,"href":"https:\/\/quantum.com.pl\/pl\/wp-json\/wp\/v2\/media\/16390"}],"wp:attachment":[{"href":"https:\/\/quantum.com.pl\/pl\/wp-json\/wp\/v2\/media?parent=16389"}],"wp:term":[{"taxonomy":"product_brand","embeddable":true,"href":"https:\/\/quantum.com.pl\/pl\/wp-json\/wp\/v2\/product_brand?post=16389"},{"taxonomy":"product_cat","embeddable":true,"href":"https:\/\/quantum.com.pl\/pl\/wp-json\/wp\/v2\/product_cat?post=16389"},{"taxonomy":"product_tag","embeddable":true,"href":"https:\/\/quantum.com.pl\/pl\/wp-json\/wp\/v2\/product_tag?post=16389"}],"curies":[{"name":"wp","href":"https:\/\/api.w.org\/{rel}","templated":true}]}}