{"id":16394,"date":"2025-05-19T14:18:37","date_gmt":"2025-05-19T12:18:37","guid":{"rendered":"https:\/\/quantum.com.pl\/?post_type=product&#038;p=16394"},"modified":"2025-05-19T14:47:34","modified_gmt":"2025-05-19T12:47:34","slug":"xtreme-psu-isolated-power-supply","status":"publish","type":"product","link":"https:\/\/quantum.com.pl\/pl\/product\/xtreme-psu-isolated-power-supply\/","title":{"rendered":"Xtreme\/PSU Isolated Power Supply"},"content":{"rendered":"<h3>Dane techniczne:<\/h3>\n<table class=\"woocommerce-product-attributes shop_attributes\" aria-label=\"Product Details\">\n<tbody>\n<tr class=\"woocommerce-product-attributes-item woocommerce-product-attributes-item--attribute_pa_power-requirements\">\n<th class=\"woocommerce-product-attributes-item__label\" scope=\"row\">Power Requirements<\/th>\n<td class=\"woocommerce-product-attributes-item__value\">+9V to +36V<\/td>\n<\/tr>\n<tr class=\"woocommerce-product-attributes-item woocommerce-product-attributes-item--attribute_pa_power-consumption\">\n<th class=\"woocommerce-product-attributes-item__label\" scope=\"row\">Power Consumption<\/th>\n<td class=\"woocommerce-product-attributes-item__value\">2250V Max<\/td>\n<\/tr>\n<tr class=\"woocommerce-product-attributes-item woocommerce-product-attributes-item--attribute_output-voltage-rails\">\n<th class=\"woocommerce-product-attributes-item__label\" scope=\"row\">Output Voltage Rails<\/th>\n<td class=\"woocommerce-product-attributes-item__value\">+3.3V, +5V and +12V<\/td>\n<\/tr>\n<tr class=\"woocommerce-product-attributes-item woocommerce-product-attributes-item--attribute_total-output-power\">\n<th class=\"woocommerce-product-attributes-item__label\" scope=\"row\">Total Output Power<\/th>\n<td class=\"woocommerce-product-attributes-item__value\">Up to 195W<\/td>\n<\/tr>\n<tr class=\"woocommerce-product-attributes-item woocommerce-product-attributes-item--attribute_pa_dimensions\">\n<th class=\"woocommerce-product-attributes-item__label\" scope=\"row\">Dimensions<\/th>\n<td class=\"woocommerce-product-attributes-item__value\">PC\/104 Compliant<\/td>\n<\/tr>\n<tr class=\"woocommerce-product-attributes-item woocommerce-product-attributes-item--attribute_bus-expansion-options\">\n<th class=\"woocommerce-product-attributes-item__label\" scope=\"row\">Bus Expansion Options<\/th>\n<td class=\"woocommerce-product-attributes-item__value\">PC\/104-Plus (PCI &amp; ISA), PC\/104 (ISA Only), PCI-104 (PCI Only), PCIe\/104 (PCI Express Only), PCI\/104-Express (PCI Express &amp; PCI), Embedded (No Bus Connectors)<\/td>\n<\/tr>\n<tr class=\"woocommerce-product-attributes-item woocommerce-product-attributes-item--attribute_input-protection\">\n<th class=\"woocommerce-product-attributes-item__label\" scope=\"row\">Input Protection<\/th>\n<td class=\"woocommerce-product-attributes-item__value\">Reverse polarity protection, transient voltage suppression and series fuse<\/td>\n<\/tr>\n<tr class=\"woocommerce-product-attributes-item woocommerce-product-attributes-item--attribute_efficiency\">\n<th class=\"woocommerce-product-attributes-item__label\" scope=\"row\">Efficiency<\/th>\n<td class=\"woocommerce-product-attributes-item__value\">Maximum 92%<\/td>\n<\/tr>\n<tr class=\"woocommerce-product-attributes-item woocommerce-product-attributes-item--attribute_output-ripplenoise\">\n<th class=\"woocommerce-product-attributes-item__label\" scope=\"row\">Output Ripple\/Noise<\/th>\n<td class=\"woocommerce-product-attributes-item__value\">Less than 100mV p-p<\/td>\n<\/tr>\n<tr class=\"woocommerce-product-attributes-item woocommerce-product-attributes-item--attribute_pa_operating-temperature\">\n<th class=\"woocommerce-product-attributes-item__label\" scope=\"row\">Operating Temperature<\/th>\n<td class=\"woocommerce-product-attributes-item__value\">-40\u00b0C to +85\u00b0C (-40\u00b0F to +185\u00b0F)<\/td>\n<\/tr>\n<tr class=\"woocommerce-product-attributes-item woocommerce-product-attributes-item--attribute_output-protection\">\n<th class=\"woocommerce-product-attributes-item__label\" scope=\"row\">Output Protection<\/th>\n<td class=\"woocommerce-product-attributes-item__value\">Overload protection and transient voltage suppression<\/td>\n<\/tr>\n<tr class=\"woocommerce-product-attributes-item woocommerce-product-attributes-item--attribute_control\">\n<th class=\"woocommerce-product-attributes-item__label\" scope=\"row\">Control<\/th>\n<td class=\"woocommerce-product-attributes-item__value\">Remote ON\/OFF functionality<\/td>\n<\/tr>\n<\/tbody>\n<\/table>\n<h3>Ordering informations:<\/h3>\n<p><strong>PXG101<\/strong> \u00a0 Xtreme\/PSU Isolated Power Supply \u2013 SP (PC\/104-Plus)<br \/>\n<strong>PXG102<\/strong> \u00a0 Xtreme\/PSU Isolated Power Supply \u2013 SP (PC\/104)<br \/>\n<strong>PXG103<\/strong> \u00a0 Xtreme\/PSU Isolated Power Supply \u2013 SP (PCI-104)<br \/>\n<strong>PXG104<\/strong> \u00a0 Xtreme\/PSU Isolated Power Supply \u2013 SP (PCIe\/104)<br \/>\n<strong>PXG105<\/strong> \u00a0 Xtreme\/PSU Isolated Power Supply \u2013 SP (PCI\/104-Express)<br \/>\n<strong>PXG106<\/strong> \u00a0 Xtreme\/PSU Isolated Power Supply \u2013 SP (Embedded)<br \/>\n<strong>PXG107<\/strong> \u00a0 Xtreme\/PSU Isolated Power Supply \u2013 SP (PC\/104-Plus)<br \/>\n<strong>PXG108<\/strong> \u00a0 Xtreme\/PSU Isolated Power Supply \u2013 SP (PC\/104)<br \/>\n<strong>PXG109<\/strong> \u00a0 Xtreme\/PSU Isolated Power Supply \u2013 SP (PC\/104)<br \/>\n<strong>PXG110<\/strong> \u00a0 Xtreme\/PSU Isolated Power Supply \u2013 SP (PCIe\/104)<br \/>\n<strong>PXG111<\/strong> \u00a0\u00a0 Xtreme\/PSU Isolated Power Supply \u2013 SP (PCI\/104-Express)<br \/>\n<strong>PXG112 \u00a0<\/strong> Xtreme\/PSU Isolated Power Supply \u2013 SP (Embedded)<br \/>\n<strong>PXG201<\/strong> \u00a0 Xtreme\/PSU Isolated Power Supply \u2013 LP (PC\/104-Plus)<br \/>\n<strong>PXG202<\/strong> \u00a0 Xtreme\/PSU Isolated Power Supply \u2013 LP (PC\/104)<br \/>\n<strong>PXG203<\/strong> \u00a0 Xtreme\/PSU Isolated Power Supply \u2013 LP (PCI-104)<br \/>\n<strong>PXG204<\/strong> \u00a0 Xtreme\/PSU Isolated Power Supply \u2013 LP (PCIe\/104)<br \/>\n<strong>PXG205<\/strong> \u00a0 Xtreme\/PSU Isolated Power Supply \u2013 LP (PCI\/104-Express)<br \/>\n<strong>PXG206<\/strong> \u00a0 Xtreme\/PSU Isolated Power Supply \u2013 LP (Embedded)<br \/>\n<strong>PXG301<\/strong> \u00a0 Xtreme\/PSU Isolated Power Supply \u2013 HP (PC\/104-Plus)<br \/>\n<strong>PXG302 \u00a0<\/strong> Xtreme\/PSU Isolated Power Supply \u2013 HP (PC\/104)<br \/>\n<strong>PXG303<\/strong> \u00a0 Xtreme\/PSU Isolated Power Supply \u2013 HP (PCI-104)<br \/>\n<strong>PXG304<\/strong> \u00a0 Xtreme\/PSU Isolated Power Supply \u2013 HP (PCIe\/104)<br \/>\n<strong>PXG305<\/strong> \u00a0 Xtreme\/PSU Isolated Power Supply \u2013 HP (PCI\/104-Express)<br \/>\n<strong>PXG306<\/strong> \u00a0 Xtreme\/PSU Isolated Power Supply \u2013 HP (Embedded)<br \/>\n<strong>PXG307<\/strong> \u00a0 Xtreme\/PSU Isolated Power Supply \u2013 HP (PC\/104-Plus)<br \/>\n<strong>PXG308<\/strong> \u00a0 Xtreme\/PSU Isolated Power Supply \u2013 HP (PC\/104)<br \/>\n<strong>PXG309<\/strong> \u00a0 Xtreme\/PSU Isolated Power Supply \u2013 HP (PC\/104)<br \/>\n<strong>PXG310<\/strong> \u00a0 Xtreme\/PSU Isolated Power Supply \u2013 HP (PCIe\/104)<br \/>\n<strong>PXG311<\/strong> \u00a0 Xtreme\/PSU Isolated Power Supply \u2013 HP (PCI\/104-Express)<br \/>\n<strong>PXG312<\/strong> \u00a0 Xtreme\/PSU Isolated Power Supply \u2013 HP (Embedded)<\/p>\n","protected":false},"excerpt":{"rendered":"<h3>Najwa\u017cniejsze cechy:<\/h3>\n<ul>\n<li>Do 2,25 kV izolacji<\/li>\n<li>Do 195 W ca\u0142kowitej mocy wyj\u015bciowej<\/li>\n<li>+5 V przy do 15 A<\/li>\n<li>+3,3 V przy do 20 A<\/li>\n<li>+12 V przy do 10 A<\/li>\n<li>Dost\u0119pne z rozszerzeniem PC\/104-Plus, PCI-104, PC\/104, PCI\/104-Express, PCIe\/104<\/li>\n<li>Zaawansowana aktywna ochrona zasilania wej\u015bciowego<\/li>\n<\/ul>\n<h3>Wi\u0119cej informacji:<\/h3>\n<p>Zasilacz Xtreme\/PSU Isolated firmy Connect Tech to wysoce wydajny, wydajny zasilacz o wsp\u00f3\u0142czynniku izolacji PC\/104 z rozszerzonymi mo\u017cliwo\u015bciami temperaturowymi. Xtreme\/PSU Isolated zapewnia izolowane zasilanie z\u0142\u0105czy blok\u00f3w zaciskowych na p\u0142ycie, a tak\u017ce bezpo\u015brednio zasila wszystkie magistrale rozszerze\u0144 rodziny PC\/104, takie jak PC\/104, PC\/104-Plus, PCI-104, PCI\/104-Express i PCIe\/104.<\/p>\n<p>Xtreme\/PSU Isolated to wysoce niezawodny zasilacz, kt\u00f3ry zapewnia do 195 W ca\u0142kowitej mocy wyj\u015bciowej przy napi\u0119ciach wyj\u015bciowych +3,3 V, +5 V i +12 V. Mo\u017ce by\u0107 u\u017cywany jako samodzielny zasilacz do zasilania dowolnego innego systemu wbudowanego lub bezpo\u015brednio do zasilania dowolnego stosu PC\/104 lub komputera jednop\u0142ytkowego (SBC).<\/p>\n<p>Zasilacz izolowany Xtreme\/PSU ma szeroki zakres napi\u0119cia wej\u015bciowego, kt\u00f3ry akceptuje +9 V do +36 V DC i jest specjalnie zaprojektowany do stosowania w szerokim zakresie wytrzyma\u0142ych zastosowa\u0144, w tym wojskowych, przemys\u0142owych oraz w pojazdach powietrznych i naziemnych. Zasilacz izolowany Xtreme\/PSU mo\u017ce by\u0107 u\u017cywany w po\u0142\u0105czeniu z modu\u0142ami rozszerze\u0144 i procesorami Connect Tech, co zapewnia kompleksowe rozwi\u0105zanie projektowe.<\/p>\n","protected":false},"featured_media":16395,"template":"","meta":{"_acf_changed":false,"inline_featured_image":false,"_monsterinsights_skip_tracking":false,"_monsterinsights_sitenote_active":false,"_monsterinsights_sitenote_note":"","_monsterinsights_sitenote_category":0},"product_brand":[],"product_cat":[1472,1697,1696],"product_tag":[],"class_list":{"0":"post-16394","1":"product","2":"type-product","3":"status-publish","4":"has-post-thumbnail","6":"product_cat-connect-tech-inc","7":"product_cat-zasilacze-2","8":"product_cat-zasilanie-psu","10":"first","11":"instock","12":"shipping-taxable","13":"product-type-simple"},"acf":[],"_links":{"self":[{"href":"https:\/\/quantum.com.pl\/pl\/wp-json\/wp\/v2\/product\/16394","targetHints":{"allow":["GET"]}}],"collection":[{"href":"https:\/\/quantum.com.pl\/pl\/wp-json\/wp\/v2\/product"}],"about":[{"href":"https:\/\/quantum.com.pl\/pl\/wp-json\/wp\/v2\/types\/product"}],"wp:featuredmedia":[{"embeddable":true,"href":"https:\/\/quantum.com.pl\/pl\/wp-json\/wp\/v2\/media\/16395"}],"wp:attachment":[{"href":"https:\/\/quantum.com.pl\/pl\/wp-json\/wp\/v2\/media?parent=16394"}],"wp:term":[{"taxonomy":"product_brand","embeddable":true,"href":"https:\/\/quantum.com.pl\/pl\/wp-json\/wp\/v2\/product_brand?post=16394"},{"taxonomy":"product_cat","embeddable":true,"href":"https:\/\/quantum.com.pl\/pl\/wp-json\/wp\/v2\/product_cat?post=16394"},{"taxonomy":"product_tag","embeddable":true,"href":"https:\/\/quantum.com.pl\/pl\/wp-json\/wp\/v2\/product_tag?post=16394"}],"curies":[{"name":"wp","href":"https:\/\/api.w.org\/{rel}","templated":true}]}}