{"id":16466,"date":"2025-05-21T13:03:17","date_gmt":"2025-05-21T11:03:17","guid":{"rendered":"https:\/\/quantum.com.pl\/product\/graphitevpx-gpu\/"},"modified":"2025-05-21T13:03:17","modified_gmt":"2025-05-21T11:03:17","slug":"graphitevpx-gpu","status":"publish","type":"product","link":"https:\/\/quantum.com.pl\/pl\/product\/graphitevpx-gpu\/","title":{"rendered":"GraphiteVPX\/GPU"},"content":{"rendered":"<h3>Dane techniczne:<\/h3>\n<table class=\"woocommerce-product-attributes shop_attributes\" aria-label=\"Product Details\">\n<tbody>\n<tr class=\"woocommerce-product-attributes-item woocommerce-product-attributes-item--attribute_pa_power-requirements\">\n<th class=\"woocommerce-product-attributes-item__label\" scope=\"row\">Power Requirements<\/th>\n<td class=\"woocommerce-product-attributes-item__value\">12V (VS1), 3.3V (VS2), and 5V (VS3)<\/td>\n<\/tr>\n<tr class=\"woocommerce-product-attributes-item woocommerce-product-attributes-item--attribute_pa_compatibility\">\n<th class=\"woocommerce-product-attributes-item__label\" scope=\"row\">Compatibility<\/th>\n<td class=\"woocommerce-product-attributes-item__value\">3U OpenVPX (Vita 64, VITA 48, VITA 65-compliant)<\/td>\n<\/tr>\n<tr class=\"woocommerce-product-attributes-item woocommerce-product-attributes-item--attribute_pa_maximum-power\">\n<th class=\"woocommerce-product-attributes-item__label\" scope=\"row\">Maximum Power<\/th>\n<td class=\"woocommerce-product-attributes-item__value\">65W<\/td>\n<\/tr>\n<tr class=\"woocommerce-product-attributes-item woocommerce-product-attributes-item--attribute_pa_pci-express\">\n<th class=\"woocommerce-product-attributes-item__label\" scope=\"row\">PCI Express<\/th>\n<td class=\"woocommerce-product-attributes-item__value\">3.0 (x8 or two x4) Dataplane only<\/td>\n<\/tr>\n<tr class=\"woocommerce-product-attributes-item woocommerce-product-attributes-item--attribute_pa_leds\">\n<th class=\"woocommerce-product-attributes-item__label\" scope=\"row\">LEDs<\/th>\n<td class=\"woocommerce-product-attributes-item__value\">PCIe Link speeds, Power up status<\/td>\n<\/tr>\n<tr class=\"woocommerce-product-attributes-item woocommerce-product-attributes-item--attribute_pa_gpu\">\n<th class=\"woocommerce-product-attributes-item__label\" scope=\"row\">GPU<\/th>\n<td class=\"woocommerce-product-attributes-item__value\">NVIDIA\u00ae GeForce 950M with 2GB GDDR5<\/td>\n<\/tr>\n<tr class=\"woocommerce-product-attributes-item woocommerce-product-attributes-item--attribute_pa_operating-system\">\n<th class=\"woocommerce-product-attributes-item__label\" scope=\"row\">Operating System<\/th>\n<td class=\"woocommerce-product-attributes-item__value\">Linux, Windows 7, 8, 8.1, 10<\/td>\n<\/tr>\n<\/tbody>\n<\/table>\n<h3>Ordering Information:<\/h3>\n<p><strong>VPG301<\/strong> \u00a0\u00a0\u00a0 Graphite VPX\/GPU<\/p>\n<p>Cables\/Accessories<br \/>\n<strong>TG003<\/strong> \u00a0\u00a0\u00a0 RTM for Development on the VPG301<\/p>\n","protected":false},"excerpt":{"rendered":"<h3>Najwa\u017cnejsze cechy:<\/h3>\n<ul>\n<li>NVIDIA\u00ae GeForce GTX 950M\/2GB GDDR5<\/li>\n<li>Tylko ch\u0142odzenie kondukcyjne<\/li>\n<li>Prze\u0142\u0105cznik PCIe Gen 3.0 na p\u0142ycie obs\u0142uguje wiele opcji Dataplane: jeden port x8 lub dwa porty x4 z obs\u0142ug\u0105 NT<\/li>\n<li>Wej\u015bcie\/wyj\u015bcie obs\u0142uguje do 4 wyj\u015b\u0107 DisplayPort lub 2 wyj\u015bcia DVI<\/li>\n<li>Rozszerzony zakres temperatur od -40\u00b0C do +70\u00b0C<\/li>\n<\/ul>\n<h3>Wi\u0119cej informacji:<\/h3>\n<p>GraphiteVPX\/GPU firmy Connect Tech to zgodna z VITA 65 karta peryferyjna 3U, kt\u00f3ra wprowadza kart\u0119 NVIDIA\u00ae GeForce GTX 950M na rynek wysoce wytrzyma\u0142ych wbudowanych uk\u0142ad\u00f3w VPX. GraphiteVPX\/GPU zapewnia do czterech wyj\u015b\u0107 DisplayPort lub 2 wyj\u015bcia DVI.<\/p>\n<p>Moc karty GeForce GTX 950M zapewnia niezr\u00f3wnan\u0105 wydajno\u015b\u0107 grafiki, wideo i oblicze\u0144 GPU, z dost\u0119pem do 640 rdzeni NVIDIA CUDA&#x2122;. Jest to idealne rozwi\u0105zanie dla system\u00f3w zorientowanych na wydajno\u015b\u0107, takich jak obrazowanie medyczne, obronno\u015b\u0107 oraz zastosowania wojskowe\/lotnicze.<\/p>\n<p>Wbudowany prze\u0142\u0105cznik PCIe Gen 3.0 umo\u017cliwia wiele opcji p\u0142aszczyzny danych, bezpo\u015bredni interfejs x8 lub opcj\u0119 podzia\u0142u magistrali na dwa interfejsy x4, co umo\u017cliwia dodatkowy port downstream. Dost\u0119pna jest r\u00f3wnie\u017c opcja nieprzezroczysta (NT), kt\u00f3ra umo\u017cliwia wielu hostom wsp\u00f3\u0142dzielenie zasob\u00f3w GPU za po\u015brednictwem tej samej p\u0142yty g\u0142\u00f3wnej.<\/p>\n","protected":false},"featured_media":16459,"template":"","meta":{"_acf_changed":false,"inline_featured_image":false,"_monsterinsights_skip_tracking":false,"_monsterinsights_sitenote_active":false,"_monsterinsights_sitenote_note":"","_monsterinsights_sitenote_category":0},"product_brand":[],"product_cat":[1472,1698],"product_tag":[],"class_list":{"0":"post-16466","1":"product","2":"type-product","3":"status-publish","4":"has-post-thumbnail","6":"product_cat-connect-tech-inc","7":"product_cat-vpx","9":"first","10":"instock","11":"shipping-taxable","12":"product-type-simple"},"acf":[],"_links":{"self":[{"href":"https:\/\/quantum.com.pl\/pl\/wp-json\/wp\/v2\/product\/16466","targetHints":{"allow":["GET"]}}],"collection":[{"href":"https:\/\/quantum.com.pl\/pl\/wp-json\/wp\/v2\/product"}],"about":[{"href":"https:\/\/quantum.com.pl\/pl\/wp-json\/wp\/v2\/types\/product"}],"wp:featuredmedia":[{"embeddable":true,"href":"https:\/\/quantum.com.pl\/pl\/wp-json\/wp\/v2\/media\/16459"}],"wp:attachment":[{"href":"https:\/\/quantum.com.pl\/pl\/wp-json\/wp\/v2\/media?parent=16466"}],"wp:term":[{"taxonomy":"product_brand","embeddable":true,"href":"https:\/\/quantum.com.pl\/pl\/wp-json\/wp\/v2\/product_brand?post=16466"},{"taxonomy":"product_cat","embeddable":true,"href":"https:\/\/quantum.com.pl\/pl\/wp-json\/wp\/v2\/product_cat?post=16466"},{"taxonomy":"product_tag","embeddable":true,"href":"https:\/\/quantum.com.pl\/pl\/wp-json\/wp\/v2\/product_tag?post=16466"}],"curies":[{"name":"wp","href":"https:\/\/api.w.org\/{rel}","templated":true}]}}