{"id":16477,"date":"2025-05-22T09:55:38","date_gmt":"2025-05-22T07:55:38","guid":{"rendered":"https:\/\/quantum.com.pl\/product\/graphitevpx-xmc-pmc\/"},"modified":"2025-05-22T09:55:38","modified_gmt":"2025-05-22T07:55:38","slug":"graphitevpx-xmc-pmc","status":"publish","type":"product","link":"https:\/\/quantum.com.pl\/pl\/product\/graphitevpx-xmc-pmc\/","title":{"rendered":"GraphiteVPX\/XMC-PMC"},"content":{"rendered":"<h3>Dane techniczne:<\/h3>\n<table class=\"woocommerce-product-attributes shop_attributes\" aria-label=\"Product Details\">\n<tbody>\n<tr class=\"woocommerce-product-attributes-item woocommerce-product-attributes-item--attribute_pa_power-requirements\">\n<th class=\"woocommerce-product-attributes-item__label\" scope=\"row\">Power Requirements<\/th>\n<td class=\"woocommerce-product-attributes-item__value\">12V (VS1), 3.3V (VS2), and 5V (VS3)<\/td>\n<\/tr>\n<tr class=\"woocommerce-product-attributes-item woocommerce-product-attributes-item--attribute_pa_maximum-power\">\n<th class=\"woocommerce-product-attributes-item__label\" scope=\"row\">Maximum Power<\/th>\n<td class=\"woocommerce-product-attributes-item__value\">15W + Mezzanine Power<\/td>\n<\/tr>\n<tr class=\"woocommerce-product-attributes-item woocommerce-product-attributes-item--attribute_pa_back-plane-pcie\">\n<th class=\"woocommerce-product-attributes-item__label\" scope=\"row\">Back Plane PCIe<\/th>\n<td class=\"woocommerce-product-attributes-item__value\">3.0 (x8 or two x4) dataplane only<\/td>\n<\/tr>\n<tr class=\"woocommerce-product-attributes-item woocommerce-product-attributes-item--attribute_pa_xmc-pcie\">\n<th class=\"woocommerce-product-attributes-item__label\" scope=\"row\">XMC PCIe<\/th>\n<td class=\"woocommerce-product-attributes-item__value\">3.0 (x8)<\/td>\n<\/tr>\n<tr class=\"woocommerce-product-attributes-item woocommerce-product-attributes-item--attribute_pa_pmc-pci-x\">\n<th class=\"woocommerce-product-attributes-item__label\" scope=\"row\">PMC PCI-X<\/th>\n<td class=\"woocommerce-product-attributes-item__value\">64-bit 133MHz<\/td>\n<\/tr>\n<tr class=\"woocommerce-product-attributes-item woocommerce-product-attributes-item--attribute_pa_leds\">\n<th class=\"woocommerce-product-attributes-item__label\" scope=\"row\">LEDs<\/th>\n<td class=\"woocommerce-product-attributes-item__value\">PCIe Link speeds, Power up status<\/td>\n<\/tr>\n<tr class=\"woocommerce-product-attributes-item woocommerce-product-attributes-item--attribute_pa_thermal-interface\">\n<th class=\"woocommerce-product-attributes-item__label\" scope=\"row\">Thermal Interface<\/th>\n<td class=\"woocommerce-product-attributes-item__value\">Air-cooled, Conduction cooled<\/td>\n<\/tr>\n<tr class=\"woocommerce-product-attributes-item woocommerce-product-attributes-item--attribute_pa_io\">\n<th class=\"woocommerce-product-attributes-item__label\" scope=\"row\">I\/O<\/th>\n<td class=\"woocommerce-product-attributes-item__value\">p64s for PMC I\/O, x12d+x8d+x38s for XMC I\/O<\/td>\n<\/tr>\n<\/tbody>\n<\/table>\n<p><strong>Ordering Information:<\/strong><\/p>\n<p><strong>VPG101<\/strong> \u00a0\u00a0\u00a0 Conduction Cooled XMC\/PMC Carrier with XMC I\/O (X12d+X8d+X38s)<br \/>\n<strong>VPG102<\/strong> \u00a0\u00a0 Conduction Cooled XMC\/PMC Carrier with PMC I\/O (P64s)*<\/p>\n","protected":false},"excerpt":{"rendered":"<h3>Najwa\u017cniejsze cechy:<\/h3>\n<ul>\n<li>Dost\u0119pne opcje ch\u0142odzenia przewodz\u0105cego lub powietrznego<\/li>\n<li>Wbudowany prze\u0142\u0105cznik PCIe Gen 3.0 obs\u0142uguje wiele opcji Dataplane: jeden port x8 lub dwa porty x4<\/li>\n<li>Opcje I\/O: PMC I\/O p64s lub XMC I\/O x12d+x8d+x38s<\/li>\n<li>Rozszerzony zakres temperatur od -40\u00b0C do +85\u00b0C<\/li>\n<\/ul>\n<h3>Wi\u0119cej informacji:<\/h3>\n<p><span class=\"HwtZe\" lang=\"pl\"><span class=\"jCAhz ChMk0b\"><span class=\"ryNqvb\">GraphiteVPX\/XMC-PMC firmy Connect Tech to zgodna z VITA 65 karta peryferyjna 3U, kt\u00f3ra wprowadza funkcje PCIe Gen 3.0 do no\u015bnika mezzanine.<\/span><\/span> <span class=\"jCAhz ChMk0b\"><span class=\"ryNqvb\">W komplecie z interfejsem x8 Gen 3 PCIe VITA 42 XMC dla wszystkich najnowszych, zaawansowanych kart mezzanine, a tak\u017ce 64-bitowym interfejsem 133 MHz PCI-X do u\u017cytku ze wszystkimi starszymi kartami PMC opartymi na PCI.<\/span><\/span><span class=\"jCAhz\"><span class=\"ryNqvb\"> Dost\u0119pny jest kompletny zestaw I\/O mezzanine (na podstawie VITA 46.9) ze wszystkimi 64 PMC IO (p64s) lub wszystkimi 78 XMC IO (x12d+x8d+x38s) z mo\u017cliwo\u015bci\u0105 obs\u0142ugi opcji hybrydowej, kt\u00f3ra umo\u017cliwia korzystanie z XMC ze z\u0142\u0105czami PMC IO.<\/span><\/span><span class=\"jCAhz ChMk0b\"><span class=\"ryNqvb\"> Wbudowany prze\u0142\u0105cznik PCIe Gen 3.0 umo\u017cliwia wiele opcji dataplane, bezpo\u015bredni interfejs x8 do witryny XMC lub opcj\u0119 podzia\u0142u magistrali na dwa interfejsy x4, co umo\u017cliwia dodatkowy port downstream na p\u0142ycie tylnej.<\/span><\/span> <span class=\"jCAhz ChMk0b\"><span class=\"ryNqvb\">Dost\u0119pna jest r\u00f3wnie\u017c opcja nieprzezroczysta (NT), kt\u00f3ra umo\u017cliwia wielu hostom wsp\u00f3\u0142dzielenie zasob\u00f3w mezzanine przez t\u0119 sam\u0105 p\u0142yt\u0119 backplane.<\/span><\/span><\/span><\/p>\n","protected":false},"featured_media":16472,"template":"","meta":{"_acf_changed":false,"inline_featured_image":false,"_monsterinsights_skip_tracking":false,"_monsterinsights_sitenote_active":false,"_monsterinsights_sitenote_note":"","_monsterinsights_sitenote_category":0},"product_brand":[],"product_cat":[1472,1698],"product_tag":[],"class_list":{"0":"post-16477","1":"product","2":"type-product","3":"status-publish","4":"has-post-thumbnail","6":"product_cat-connect-tech-inc","7":"product_cat-vpx","9":"first","10":"instock","11":"shipping-taxable","12":"product-type-simple"},"acf":[],"_links":{"self":[{"href":"https:\/\/quantum.com.pl\/pl\/wp-json\/wp\/v2\/product\/16477","targetHints":{"allow":["GET"]}}],"collection":[{"href":"https:\/\/quantum.com.pl\/pl\/wp-json\/wp\/v2\/product"}],"about":[{"href":"https:\/\/quantum.com.pl\/pl\/wp-json\/wp\/v2\/types\/product"}],"wp:featuredmedia":[{"embeddable":true,"href":"https:\/\/quantum.com.pl\/pl\/wp-json\/wp\/v2\/media\/16472"}],"wp:attachment":[{"href":"https:\/\/quantum.com.pl\/pl\/wp-json\/wp\/v2\/media?parent=16477"}],"wp:term":[{"taxonomy":"product_brand","embeddable":true,"href":"https:\/\/quantum.com.pl\/pl\/wp-json\/wp\/v2\/product_brand?post=16477"},{"taxonomy":"product_cat","embeddable":true,"href":"https:\/\/quantum.com.pl\/pl\/wp-json\/wp\/v2\/product_cat?post=16477"},{"taxonomy":"product_tag","embeddable":true,"href":"https:\/\/quantum.com.pl\/pl\/wp-json\/wp\/v2\/product_tag?post=16477"}],"curies":[{"name":"wp","href":"https:\/\/api.w.org\/{rel}","templated":true}]}}