{"id":16517,"date":"2025-05-23T13:12:37","date_gmt":"2025-05-23T11:12:37","guid":{"rendered":"https:\/\/quantum.com.pl\/product\/dual-port-mini-pcie-gbe\/"},"modified":"2025-05-26T09:50:54","modified_gmt":"2025-05-26T07:50:54","slug":"dual-port-mini-pcie-gbe","status":"publish","type":"product","link":"https:\/\/quantum.com.pl\/pl\/product\/dual-port-mini-pcie-gbe\/","title":{"rendered":"Dual Port Mini PCIe GbE"},"content":{"rendered":"<h3>Dane techniczne:<\/h3>\n<table class=\"woocommerce-product-attributes shop_attributes\" aria-label=\"Product Details\">\n<tbody>\n<tr class=\"woocommerce-product-attributes-item woocommerce-product-attributes-item--attribute_dimensions\">\n<th class=\"woocommerce-product-attributes-item__label\" scope=\"row\">Dimensions<\/th>\n<td class=\"woocommerce-product-attributes-item__value\">50.95 mm x 30 mm<br \/>\nMini PCIe \u201cFull\u201d<br \/>\nHeight above board:<br \/>\n\u2022 With CTI Thermals: 13mm<br \/>\n\u2022 Without Thermals: 8.5mm<\/td>\n<\/tr>\n<tr class=\"woocommerce-product-attributes-item woocommerce-product-attributes-item--attribute_101001000-base-t-ports\">\n<th class=\"woocommerce-product-attributes-item__label\" scope=\"row\">10\/100\/1000 BASE-T Ports<\/th>\n<td class=\"woocommerce-product-attributes-item__value\">2<\/td>\n<\/tr>\n<tr class=\"woocommerce-product-attributes-item woocommerce-product-attributes-item--attribute_pcie\">\n<th class=\"woocommerce-product-attributes-item__label\" scope=\"row\">PCIe<\/th>\n<td class=\"woocommerce-product-attributes-item__value\">PCIe v2.0 (5.0 GT\/s)<\/td>\n<\/tr>\n<tr class=\"woocommerce-product-attributes-item woocommerce-product-attributes-item--attribute_pa_connectors\">\n<th class=\"woocommerce-product-attributes-item__label\" scope=\"row\">Connectors<\/th>\n<td class=\"woocommerce-product-attributes-item__value\">Samtec TFML 2\u00d710, 1.27mm Vertical<\/td>\n<\/tr>\n<tr class=\"woocommerce-product-attributes-item woocommerce-product-attributes-item--attribute_pa_cables\">\n<th class=\"woocommerce-product-attributes-item__label\" scope=\"row\">Cables<\/th>\n<td class=\"woocommerce-product-attributes-item__value\">CBG510, (Optional, not included)<\/td>\n<\/tr>\n<tr class=\"woocommerce-product-attributes-item woocommerce-product-attributes-item--attribute_environmental\">\n<th class=\"woocommerce-product-attributes-item__label\" scope=\"row\">Environmental<\/th>\n<td class=\"woocommerce-product-attributes-item__value\">-40\u00b0C to +85\u00b0C (-40\u00b0F to +185\u00b0F)**<br \/>\nHumidity: 5 to 95%, non-condensing<br \/>\n**Pending Thermal Validation<\/td>\n<\/tr>\n<tr class=\"woocommerce-product-attributes-item woocommerce-product-attributes-item--attribute_pa_leds\">\n<th class=\"woocommerce-product-attributes-item__label\" scope=\"row\">LEDs<\/th>\n<td class=\"woocommerce-product-attributes-item__value\">2x Activity, 2x Link, POWER OK<\/td>\n<\/tr>\n<tr class=\"woocommerce-product-attributes-item woocommerce-product-attributes-item--attribute_pa_power-consumption\">\n<th class=\"woocommerce-product-attributes-item__label\" scope=\"row\">Power Consumption<\/th>\n<td class=\"woocommerce-product-attributes-item__value\">3W<\/td>\n<\/tr>\n<\/tbody>\n<\/table>\n<h3>Ordering information:<\/h3>\n<p><strong>MPG110-01<\/strong> \u00a0\u00a0 Dual Port Mini PCIe GbE NIC w\/ Vertical Connectors, with CTI Passive Thermal installed<\/p>\n<p>Cables\/Accessories<br \/>\n<strong>CBG510<\/strong> \u00a0\u00a0\u00a0 2x RJ-45 panel mount to 20-pin MiniTek w\/Latch, 0.300 meters<\/p>\n","protected":false},"excerpt":{"rendered":"<h3>Najwa\u017cniejsze cechy:<\/h3>\n<ul>\n<li>Idealny do dodawania dodatkowych mo\u017cliwo\u015bci Ethernet do dowolnego systemu przy minimalnym zwi\u0119kszeniu og\u00f3lnego rozmiaru systemu<\/li>\n<li>Stosowany w dowolnym gnie\u017adzie Mini PCIe obs\u0142uguj\u0105cym PCIe z dost\u0119pn\u0105 wysoko\u015bci\u0105 Z<\/li>\n<li>Z\u0142\u0105cze obs\u0142uguje \u0142\u0105czenie typu p\u0142ytka-p\u0142ytka lub kabel-p\u0142ytka<\/li>\n<li>Rozwi\u0105zanie termiczne CTI dost\u0119pne do u\u017cytku od r\u0119ki z tym modu\u0142em<\/li>\n<\/ul>\n<h3>Wi\u0119cej informacji:<\/h3>\n<p><span class=\"HwtZe\" lang=\"pl\"><span class=\"jCAhz ChMk0b\"><span class=\"ryNqvb\">P\u0142yta Dual Port Mini PCIe GbE firmy Connect Tech to wytrzyma\u0142y, niedrogi modu\u0142 Gigabit Ethernet Mini PCIe.<\/span><\/span> <span class=\"jCAhz ChMk0b\"><span class=\"ryNqvb\">Ta p\u0142yta jest idealna do dodawania dodatkowych mo\u017cliwo\u015bci Ethernet do dowolnego systemu przy minimalnym zwi\u0119kszeniu og\u00f3lnego rozmiaru systemu i zu\u017cycia energii.<\/span><\/span><span class=\"jCAhz ChMk0b\"><span class=\"ryNqvb\"> Modu\u0142 wykorzystuje sygnalizacj\u0119 PCIe, co pozwala na jego u\u017cycie w dowolnym gnie\u017adzie Mini PCIe obs\u0142uguj\u0105cym PCIe z dost\u0119pn\u0105 wysoko\u015bci\u0105 Z. Szeroki zakres temperatur pracy, zatrzaskowe z\u0142\u0105cze Ethernet i rozwi\u0105zanie okablowania umo\u017cliwiaj\u0105 u\u017cywanie tych modu\u0142\u00f3w w trudnych warunkach.<\/span><\/span><span class=\"jCAhz ChMk0b\"><span class=\"ryNqvb\"> Zgodno\u015b\u0107 z szerok\u0105 gam\u0105 popularnych system\u00f3w operacyjnych umo\u017cliwia \u0142atw\u0105 integracj\u0119 tych p\u0142yt z szerok\u0105 gam\u0105 nowych i istniej\u0105cych system\u00f3w.<\/span><\/span><\/span><\/p>\n","protected":false},"featured_media":16512,"template":"","meta":{"_acf_changed":false,"inline_featured_image":false,"_monsterinsights_skip_tracking":false,"_monsterinsights_sitenote_active":false,"_monsterinsights_sitenote_note":"","_monsterinsights_sitenote_category":0},"product_brand":[],"product_cat":[1613,1472,1703,1587],"product_tag":[],"class_list":{"0":"post-16517","1":"product","2":"type-product","3":"status-publish","4":"has-post-thumbnail","6":"product_cat-akcesoria-peryferia","7":"product_cat-connect-tech-inc","8":"product_cat-mini-pcie-m2","9":"product_cat-produkty-sieciowe","11":"first","12":"instock","13":"shipping-taxable","14":"product-type-simple"},"acf":[],"_links":{"self":[{"href":"https:\/\/quantum.com.pl\/pl\/wp-json\/wp\/v2\/product\/16517","targetHints":{"allow":["GET"]}}],"collection":[{"href":"https:\/\/quantum.com.pl\/pl\/wp-json\/wp\/v2\/product"}],"about":[{"href":"https:\/\/quantum.com.pl\/pl\/wp-json\/wp\/v2\/types\/product"}],"wp:featuredmedia":[{"embeddable":true,"href":"https:\/\/quantum.com.pl\/pl\/wp-json\/wp\/v2\/media\/16512"}],"wp:attachment":[{"href":"https:\/\/quantum.com.pl\/pl\/wp-json\/wp\/v2\/media?parent=16517"}],"wp:term":[{"taxonomy":"product_brand","embeddable":true,"href":"https:\/\/quantum.com.pl\/pl\/wp-json\/wp\/v2\/product_brand?post=16517"},{"taxonomy":"product_cat","embeddable":true,"href":"https:\/\/quantum.com.pl\/pl\/wp-json\/wp\/v2\/product_cat?post=16517"},{"taxonomy":"product_tag","embeddable":true,"href":"https:\/\/quantum.com.pl\/pl\/wp-json\/wp\/v2\/product_tag?post=16517"}],"curies":[{"name":"wp","href":"https:\/\/api.w.org\/{rel}","templated":true}]}}