{"id":16531,"date":"2025-05-23T14:37:06","date_gmt":"2025-05-23T12:37:06","guid":{"rendered":"https:\/\/quantum.com.pl\/product\/pci-104-express-to-single-dual-mini-pcie-pci-express-mini-card-adapter\/"},"modified":"2025-05-26T10:23:07","modified_gmt":"2025-05-26T08:23:07","slug":"pci-104-express-to-single-dual-mini-pcie-pci-express-mini-card-adapter","status":"publish","type":"product","link":"https:\/\/quantum.com.pl\/pl\/product\/pci-104-express-to-single-dual-mini-pcie-pci-express-mini-card-adapter\/","title":{"rendered":"PCI\/104-Express to Single\/Dual Mini-PCIe (PCI Express Mini Card) Adapter"},"content":{"rendered":"<h3>Dane techniczne:<\/h3>\n<table class=\"woocommerce-product-attributes shop_attributes\" aria-label=\"Product Details\">\n<tbody>\n<tr class=\"woocommerce-product-attributes-item woocommerce-product-attributes-item--attribute_pa_dimensions\">\n<th class=\"woocommerce-product-attributes-item__label\" scope=\"row\">Dimensions<\/th>\n<td class=\"woocommerce-product-attributes-item__value\">Length: 9.02 cm\/3.55\u201d Width: 9.6 cm\/3.7&#8243;<\/td>\n<\/tr>\n<tr class=\"woocommerce-product-attributes-item woocommerce-product-attributes-item--attribute_pa_operating-temperature\">\n<th class=\"woocommerce-product-attributes-item__label\" scope=\"row\">Operating Temperature<\/th>\n<td class=\"woocommerce-product-attributes-item__value\">-40\u00b0C to +85\u00b0C (-40\u00b0F to +185\u00b0F)<\/td>\n<\/tr>\n<tr class=\"woocommerce-product-attributes-item woocommerce-product-attributes-item--attribute_pa_bus\">\n<th class=\"woocommerce-product-attributes-item__label\" scope=\"row\">Bus<\/th>\n<td class=\"woocommerce-product-attributes-item__value\">PCIe\/104 Type 1 or Type 2<\/td>\n<\/tr>\n<tr class=\"woocommerce-product-attributes-item woocommerce-product-attributes-item--attribute_system-requirements\">\n<th class=\"woocommerce-product-attributes-item__label\" scope=\"row\">System Requirements<\/th>\n<td class=\"woocommerce-product-attributes-item__value\">PC\/104-Express Stack<br \/>\n+5V from PCIe\/104 or PCI\/104 Express stack<\/td>\n<\/tr>\n<\/tbody>\n<\/table>\n<h3>Ordering information:<\/h3>\n<p><strong>ADG028<\/strong> \u00a0\u00a0\u00a0 PCIe\/104 to Single Mini-PCIe Adapter; Bus Type: PCIe\/104<br \/>\n<strong>ADG034<\/strong> \u00a0\u00a0\u00a0 PCIe\/104 to Single Mini-PCIe Adapter; Bus Type: PCIe\/104; Uses 3 bank connector instead of single bank connector<br \/>\n<strong>ADG036<\/strong> \u00a0\u00a0\u00a0 PCIe\/104 to Single Mini-PCIe Adapter; Bus Type: PCIe\/104; Uses 3 bank connector instead of single bank connector; With SIM socket, USB, and PCI-104 connectors installed.<br \/>\n<strong>ADG044<\/strong> \u00a0\u00a0\u00a0 PCIe\/104 to Dual Mini-PCIe Adapter; Bus Type: PCI\/104-Express<br \/>\n<strong>ADG049<\/strong> \u00a0\u00a0\u00a0 PCIe\/104 to Dual Mini-PCIe Adapter; Bus Type: PCIe\/104; Without PCI-104 pass-thru connector<br \/>\n*Not recommended for new designs<br \/>\n<strong>ADG050<\/strong> \u00a0\u00a0 PCIe\/104 to Dual Mini-PCIe Adapter; Bus Type: PCI\/104-Express; Includes 120 pin PCI-104 pass through connector<br \/>\n<strong>ADG051<\/strong> \u00a0\u00a0\u00a0 PCIe\/104 to Dual Mini-PCIe Adapter; Bus Type: PCIe\/104<\/p>\n","protected":false},"excerpt":{"rendered":"<h3>Najwa\u017cniejsze cechy:<\/h3>\n<ul>\n<li><span class=\"HwtZe\" lang=\"pl\"><span class=\"jCAhz ChMk0b\"><span class=\"ryNqvb\">Adapter dostarcza zasilanie 3,3 V i 1,5 V DC do karty Mini-PCIe\u00a0\u00a0\u00a0\u00a0\u00a0\u00a0\u00a0\u00a0\u00a0\u00a0\u00a0\u00a0\u00a0\u00a0\u00a0\u00a0\u00a0\u00a0\u00a0\u00a0\u00a0\u00a0\u00a0\u00a0\u00a0 <\/span><\/span><\/span><\/li>\n<li><span class=\"HwtZe\" lang=\"pl\"><span class=\"jCAhz ChMk0b\"><span class=\"ryNqvb\">Zasilanie pobierane ze z\u0142\u0105cza magistrali PCIe\/104 <\/span><\/span><\/span><\/li>\n<li><span class=\"HwtZe\" lang=\"pl\"><span class=\"jCAhz ChMk0b\"><span class=\"ryNqvb\">Obs\u0142uga karty SIM <\/span><\/span><\/span><\/li>\n<li><span class=\"HwtZe\" lang=\"pl\"><span class=\"jCAhz ChMk0b\"><span class=\"ryNqvb\">Diody LED stanu Mini-PCIe <\/span><\/span><\/span><\/li>\n<li><span class=\"HwtZe\" lang=\"pl\"><span class=\"jCAhz ChMk0b\"><span class=\"ryNqvb\">Z\u0142\u0105cza klienckie USB do po\u0142\u0105cze\u0144 USB Mini-PCIe<\/span><\/span><\/span><\/li>\n<\/ul>\n<h3>Wi\u0119cej informacji:<\/h3>\n<p>Adaptery PCIe\/104 do pojedynczej\/podw\u00f3jnej karty Mini-PCIe firmy Connect Tech umo\u017cliwiaj\u0105 \u0142atw\u0105 integracj\u0119 karty Mini-PCIe (PCI Express Mini) z systemem PCIe\/104 lub PC\/104-Express.<\/p>\n<p>Rozszerz mo\u017cliwo\u015bci istniej\u0105cego systemu PCIe\/104 lub PC\/104-Express<\/p>\n<p>Adaptery PCIe\/104 do pojedynczej\/podw\u00f3jnej karty Mini-PCIe s\u0105 w pe\u0142ni kompatybilne z dowolnym urz\u0105dzeniem peryferyjnym Mini-PCIe, rozszerzaj\u0105c mo\u017cliwo\u015bci istniej\u0105cego systemu PCIe\/104 lub PC\/104-Express. Dodaj funkcje takie jak WiFi, GPS, Bluetooth, pami\u0119\u0107 masowa i komunikacja szerokopasmowa.<\/p>\n<p>&nbsp;<\/p>\n","protected":false},"featured_media":16528,"template":"","meta":{"_acf_changed":false,"inline_featured_image":false,"_monsterinsights_skip_tracking":false,"_monsterinsights_sitenote_active":false,"_monsterinsights_sitenote_note":"","_monsterinsights_sitenote_category":0},"product_brand":[],"product_cat":[1613,1472,1703],"product_tag":[],"class_list":{"0":"post-16531","1":"product","2":"type-product","3":"status-publish","4":"has-post-thumbnail","6":"product_cat-akcesoria-peryferia","7":"product_cat-connect-tech-inc","8":"product_cat-mini-pcie-m2","10":"first","11":"instock","12":"shipping-taxable","13":"product-type-simple"},"acf":[],"_links":{"self":[{"href":"https:\/\/quantum.com.pl\/pl\/wp-json\/wp\/v2\/product\/16531","targetHints":{"allow":["GET"]}}],"collection":[{"href":"https:\/\/quantum.com.pl\/pl\/wp-json\/wp\/v2\/product"}],"about":[{"href":"https:\/\/quantum.com.pl\/pl\/wp-json\/wp\/v2\/types\/product"}],"wp:featuredmedia":[{"embeddable":true,"href":"https:\/\/quantum.com.pl\/pl\/wp-json\/wp\/v2\/media\/16528"}],"wp:attachment":[{"href":"https:\/\/quantum.com.pl\/pl\/wp-json\/wp\/v2\/media?parent=16531"}],"wp:term":[{"taxonomy":"product_brand","embeddable":true,"href":"https:\/\/quantum.com.pl\/pl\/wp-json\/wp\/v2\/product_brand?post=16531"},{"taxonomy":"product_cat","embeddable":true,"href":"https:\/\/quantum.com.pl\/pl\/wp-json\/wp\/v2\/product_cat?post=16531"},{"taxonomy":"product_tag","embeddable":true,"href":"https:\/\/quantum.com.pl\/pl\/wp-json\/wp\/v2\/product_tag?post=16531"}],"curies":[{"name":"wp","href":"https:\/\/api.w.org\/{rel}","templated":true}]}}