{"id":16541,"date":"2025-05-26T10:05:45","date_gmt":"2025-05-26T08:05:45","guid":{"rendered":"https:\/\/quantum.com.pl\/product\/pci-104-to-mini-pcie-card-adapter\/"},"modified":"2025-05-26T10:14:40","modified_gmt":"2025-05-26T08:14:40","slug":"pci-104-to-mini-pcie-card-adapter","status":"publish","type":"product","link":"https:\/\/quantum.com.pl\/pl\/product\/pci-104-to-mini-pcie-card-adapter\/","title":{"rendered":"PCI-104 to Mini-PCIe Card Adapter"},"content":{"rendered":"<h3>Dane techniczne:<\/h3>\n<table class=\"woocommerce-product-attributes shop_attributes\" aria-label=\"Product Details\">\n<tbody>\n<tr class=\"woocommerce-product-attributes-item woocommerce-product-attributes-item--attribute_pa_power-consumption\">\n<th class=\"woocommerce-product-attributes-item__label\" scope=\"row\">Power Consumption<\/th>\n<td class=\"woocommerce-product-attributes-item__value\">+5V No modules installed 50mA.1 module using peak power up to 2200mA<\/td>\n<\/tr>\n<tr class=\"woocommerce-product-attributes-item woocommerce-product-attributes-item--attribute_pa_bus\">\n<th class=\"woocommerce-product-attributes-item__label\" scope=\"row\">Bus<\/th>\n<td class=\"woocommerce-product-attributes-item__value\">PCI-104<\/td>\n<\/tr>\n<tr class=\"woocommerce-product-attributes-item woocommerce-product-attributes-item--attribute_pa_operating-temperature\">\n<th class=\"woocommerce-product-attributes-item__label\" scope=\"row\">Operating Temperature<\/th>\n<td class=\"woocommerce-product-attributes-item__value\">-40\u00b0C to +85\u00b0C (-40\u00b0F to +185\u00b0F)<\/td>\n<\/tr>\n<tr class=\"woocommerce-product-attributes-item woocommerce-product-attributes-item--attribute_pa_dimensions\">\n<th class=\"woocommerce-product-attributes-item__label\" scope=\"row\">Dimensions<\/th>\n<td class=\"woocommerce-product-attributes-item__value\">90.2mm x 96mm (3.55\u201d x 3.78\u201d)<\/td>\n<\/tr>\n<tr class=\"woocommerce-product-attributes-item woocommerce-product-attributes-item--attribute_pa_system-interfaces\">\n<th class=\"woocommerce-product-attributes-item__label\" scope=\"row\">System Interfaces<\/th>\n<td class=\"woocommerce-product-attributes-item__value\">PCI-104 Stack<\/td>\n<\/tr>\n<\/tbody>\n<\/table>\n<h3>Ordering information:<\/h3>\n<p><strong>ADG046<\/strong> \u00a0\u00a0\u00a0 PCI-104 to Mini-PCIe Adapter<br \/>\n<strong>ADG047<\/strong> \u00a0\u00a0\u00a0 PCI-104 to Display Mini-PCIe (DMC-Sink) Adapter<br \/>\n<strong>ADG048<\/strong> \u00a0\u00a0\u00a0 PCI-104 to Display Mini-PCIe (DMC-Source) Adapter<\/p>\n","protected":false},"excerpt":{"rendered":"<h3>Najwa\u017cniejsze cechy:<\/h3>\n<ul>\n<li>Adapter dostarcza zasilanie 3,3 V i 1,5 V DC do karty Mini-PCIe<\/li>\n<li>Zasilanie pobierane jest ze z\u0142\u0105cza magistrali PCI-104<\/li>\n<li>Obs\u0142uga kart SIM<\/li>\n<li>Obs\u0142ugiwane karty Half-Mini i Full-Mini PCIe<\/li>\n<li>Trzy diody LED stanu mini-PCIe<\/li>\n<li>Opcjonalna specyfikacja karty PCI Express Mini-Card w wersji 2.0, kt\u00f3ra dodaje po\u0142\u0105czenie DisplayPort<\/li>\n<\/ul>\n<h3>Wi\u0119cej informacji:<\/h3>\n<p>Adapter PCI-104 do Mini-PCIe Card Adapter firmy Connect Tech umo\u017cliwia \u0142atw\u0105 integracj\u0119 karty Mini-PCIe (PCI Express Mini) z systemem PCI-104.<\/p>\n<p>Adapter PCI-104 do Mini-PCIe Card Adapter jest w pe\u0142ni kompatybilny z dowolnym urz\u0105dzeniem peryferyjnym Mini-PCIe, rozszerzaj\u0105c mo\u017cliwo\u015bci istniej\u0105cego systemu PCI-104. Dodaj funkcje takie jak WiFi, GPS, Bluetooth, pami\u0119\u0107 masowa i komunikacja szerokopasmowa.<\/p>\n<p>Adapter Mini-PCIe Card Adapter mo\u017ce r\u00f3wnie\u017c obs\u0142ugiwa\u0107 opcjonalne funkcje Mini-PCIe, takie jak USB i korzystanie z karty SIM w aplikacjach WLAN.<\/p>\n","protected":false},"featured_media":16540,"template":"","meta":{"_acf_changed":false,"inline_featured_image":false,"_monsterinsights_skip_tracking":false,"_monsterinsights_sitenote_active":false,"_monsterinsights_sitenote_note":"","_monsterinsights_sitenote_category":0},"product_brand":[],"product_cat":[1613,1472,1703],"product_tag":[],"class_list":{"0":"post-16541","1":"product","2":"type-product","3":"status-publish","4":"has-post-thumbnail","6":"product_cat-akcesoria-peryferia","7":"product_cat-connect-tech-inc","8":"product_cat-mini-pcie-m2","10":"first","11":"instock","12":"shipping-taxable","13":"product-type-simple"},"acf":[],"_links":{"self":[{"href":"https:\/\/quantum.com.pl\/pl\/wp-json\/wp\/v2\/product\/16541","targetHints":{"allow":["GET"]}}],"collection":[{"href":"https:\/\/quantum.com.pl\/pl\/wp-json\/wp\/v2\/product"}],"about":[{"href":"https:\/\/quantum.com.pl\/pl\/wp-json\/wp\/v2\/types\/product"}],"wp:featuredmedia":[{"embeddable":true,"href":"https:\/\/quantum.com.pl\/pl\/wp-json\/wp\/v2\/media\/16540"}],"wp:attachment":[{"href":"https:\/\/quantum.com.pl\/pl\/wp-json\/wp\/v2\/media?parent=16541"}],"wp:term":[{"taxonomy":"product_brand","embeddable":true,"href":"https:\/\/quantum.com.pl\/pl\/wp-json\/wp\/v2\/product_brand?post=16541"},{"taxonomy":"product_cat","embeddable":true,"href":"https:\/\/quantum.com.pl\/pl\/wp-json\/wp\/v2\/product_cat?post=16541"},{"taxonomy":"product_tag","embeddable":true,"href":"https:\/\/quantum.com.pl\/pl\/wp-json\/wp\/v2\/product_tag?post=16541"}],"curies":[{"name":"wp","href":"https:\/\/api.w.org\/{rel}","templated":true}]}}