{"id":16546,"date":"2025-05-26T11:24:54","date_gmt":"2025-05-26T09:24:54","guid":{"rendered":"https:\/\/quantum.com.pl\/product\/pcie-104-quad-mini-pcie-msata\/"},"modified":"2025-05-26T11:53:52","modified_gmt":"2025-05-26T09:53:52","slug":"pcie-104-quad-mini-pcie-msata","status":"publish","type":"product","link":"https:\/\/quantum.com.pl\/pl\/product\/pcie-104-quad-mini-pcie-msata\/","title":{"rendered":"PCIe\/104 Quad Mini PCIe\/mSATA"},"content":{"rendered":"<h3>Dane techniczne:<\/h3>\n<table class=\"woocommerce-product-attributes shop_attributes\" aria-label=\"Product Details\">\n<tbody>\n<tr class=\"woocommerce-product-attributes-item woocommerce-product-attributes-item--attribute_power\">\n<th class=\"woocommerce-product-attributes-item__label\" scope=\"row\">Power<\/th>\n<td class=\"woocommerce-product-attributes-item__value\">Source: PCIe\/104 Bus<br \/>\nOnboard power supply for Mini PCIe sockets<\/td>\n<\/tr>\n<tr class=\"woocommerce-product-attributes-item woocommerce-product-attributes-item--attribute_pa_dimensions\">\n<th class=\"woocommerce-product-attributes-item__label\" scope=\"row\">Dimensions<\/th>\n<td class=\"woocommerce-product-attributes-item__value\">95.885mm x 90.17mm (3.775&#8243; x 3.550&#8243;), Fully PCIe\/104 compliant<\/td>\n<\/tr>\n<tr class=\"woocommerce-product-attributes-item woocommerce-product-attributes-item--attribute_pa_operating-temperature\">\n<th class=\"woocommerce-product-attributes-item__label\" scope=\"row\">Operating Temperature<\/th>\n<td class=\"woocommerce-product-attributes-item__value\">-40\u00b0C to +85\u00b0C (-40\u00b0F to +185\u00b0F)<\/td>\n<\/tr>\n<\/tbody>\n<\/table>\n<h3>Ordering information:<\/h3>\n<p><strong>ADG078<\/strong> \u00a0\u00a0\u00a0 Top Stacking Model, uses all four PCIe x1 Lanes<br \/>\n<strong>ADG080<\/strong> \u00a0\u00a0\u00a0 Bottom Stacking Model, uses all four PCIe x1 Lanes<br \/>\n<strong>ADG087<\/strong> \u00a0\u00a0\u00a0 Top Stacking Model, uses only one PCIe x1 Lane with onboard PCIe switch<\/p>\n","protected":false},"excerpt":{"rendered":"<h3>Najwa\u017cniejsze cechy:<\/h3>\n<ul>\n<li>Obs\u0142uguje do czterech modu\u0142\u00f3w Mini PCIe jednocze\u015bnie<\/li>\n<li>Obs\u0142uguje ka\u017cdy produkt Mini PCIe\/mSATA<\/li>\n<li>Maksymalna elastyczno\u015b\u0107 przy zachowaniu ma\u0142ych rozmiar\u00f3w stosu PCIe\/104<\/li>\n<\/ul>\n<h3>Wi\u0119cej informacji:<\/h3>\n<p>P\u0142yta Quad Mini PCIe\/mSATA firmy Connect Tech obs\u0142uguje do czterech modu\u0142\u00f3w mini PCIe jednocze\u015bnie w zastosowaniach na rynku ma\u0142ych modu\u0142\u00f3w wbudowanych PCIe\/104.<\/p>\n<p>Ten produkt jest idealny do szerokiej gamy zastosowa\u0144. ADG078 i ADG080 obs\u0142uguj\u0105 wszystkie produkty Mini PCIe\/mSATA \u201eHalf\u201d lub \u201eFull\u201d dost\u0119pne na rynku, podczas gdy ADG087 obs\u0142uguje wszystkie produkty Mini PCIe\/mSATA \u201eFull\u201d. Zapewnia to maksymaln\u0105 elastyczno\u015b\u0107 przy jednoczesnym zachowaniu stosu PCIe\/104 tak ma\u0142ego, jak to mo\u017cliwe.<\/p>\n","protected":false},"featured_media":16545,"template":"","meta":{"_acf_changed":false,"inline_featured_image":false,"_monsterinsights_skip_tracking":false,"_monsterinsights_sitenote_active":false,"_monsterinsights_sitenote_note":"","_monsterinsights_sitenote_category":0},"product_brand":[],"product_cat":[1613,1472,1703],"product_tag":[],"class_list":{"0":"post-16546","1":"product","2":"type-product","3":"status-publish","4":"has-post-thumbnail","6":"product_cat-akcesoria-peryferia","7":"product_cat-connect-tech-inc","8":"product_cat-mini-pcie-m2","10":"first","11":"instock","12":"shipping-taxable","13":"product-type-simple"},"acf":[],"_links":{"self":[{"href":"https:\/\/quantum.com.pl\/pl\/wp-json\/wp\/v2\/product\/16546","targetHints":{"allow":["GET"]}}],"collection":[{"href":"https:\/\/quantum.com.pl\/pl\/wp-json\/wp\/v2\/product"}],"about":[{"href":"https:\/\/quantum.com.pl\/pl\/wp-json\/wp\/v2\/types\/product"}],"wp:featuredmedia":[{"embeddable":true,"href":"https:\/\/quantum.com.pl\/pl\/wp-json\/wp\/v2\/media\/16545"}],"wp:attachment":[{"href":"https:\/\/quantum.com.pl\/pl\/wp-json\/wp\/v2\/media?parent=16546"}],"wp:term":[{"taxonomy":"product_brand","embeddable":true,"href":"https:\/\/quantum.com.pl\/pl\/wp-json\/wp\/v2\/product_brand?post=16546"},{"taxonomy":"product_cat","embeddable":true,"href":"https:\/\/quantum.com.pl\/pl\/wp-json\/wp\/v2\/product_cat?post=16546"},{"taxonomy":"product_tag","embeddable":true,"href":"https:\/\/quantum.com.pl\/pl\/wp-json\/wp\/v2\/product_tag?post=16546"}],"curies":[{"name":"wp","href":"https:\/\/api.w.org\/{rel}","templated":true}]}}