{"id":16555,"date":"2025-05-26T13:27:16","date_gmt":"2025-05-26T11:27:16","guid":{"rendered":"https:\/\/quantum.com.pl\/product\/mini-pci-express-serial\/"},"modified":"2025-05-26T13:36:24","modified_gmt":"2025-05-26T11:36:24","slug":"mini-pci-express-serial","status":"publish","type":"product","link":"https:\/\/quantum.com.pl\/pl\/product\/mini-pci-express-serial\/","title":{"rendered":"Mini PCI Express Serial"},"content":{"rendered":"<h3>Dane techniczne:<\/h3>\n<table class=\"woocommerce-product-attributes shop_attributes\" aria-label=\"Product Details\">\n<tbody>\n<tr class=\"woocommerce-product-attributes-item woocommerce-product-attributes-item--attribute_pa_humidity\">\n<th class=\"woocommerce-product-attributes-item__label\" scope=\"row\">Humidity<\/th>\n<td class=\"woocommerce-product-attributes-item__value\">5 to 95% non-condensing<\/td>\n<\/tr>\n<tr class=\"woocommerce-product-attributes-item woocommerce-product-attributes-item--attribute_pa_operating-system\">\n<th class=\"woocommerce-product-attributes-item__label\" scope=\"row\">Operating System<\/th>\n<td class=\"woocommerce-product-attributes-item__value\">Linux, QNX, Windows<\/td>\n<\/tr>\n<\/tbody>\n<\/table>\n<h3>Ordering information:<\/h3>\n<p><strong>MPG001<\/strong> \u00a0\u00a0\u00a0 Mini PCI-Express Serial card, includes 2 x RS-232\/422\/485 serial ports. Latching Vertical connector. Connected via Mini PCIe USB. RoHS compliant.<br \/>\n<strong>MPG002<\/strong> \u00a0\u00a0\u00a0 Mini PCI-Express Serial card, includes 2 x RS-232\/422\/485 serial ports. Vertical header. Connected via Mini PCIe USB. RoHS compliant.<br \/>\n<strong>MPG003<\/strong> \u00a0\u00a0\u00a0 Mini PCI-Express Isolated Serial card, includes 2 x RS-232\/422\/485 serial ports. Latching Vertical connector. Connected via Mini PCIe PCIe UART. RoHS compliant.<br \/>\n<strong>MPG004<\/strong> \u00a0\u00a0\u00a0 Mini PCI-Express Isolated Serial card, includes 2 x RS-232\/422\/485 serial ports. Vertical header. Connected via Mini PCIe PCIe UART. RoHS compliant.<br \/>\n<strong>MPG013<\/strong> \u00a0\u00a0\u00a0\u00a0 Mini PCI-Express Isolated Serial card, includes 2 x RS-232\/422\/485 serial ports. Latching Vertical connector. Connected via Mini PCIe PCIe UART. RoHS compliant.- Alternative parts version of MPG003<br \/>\n<strong>MPG014<\/strong> \u00a0\u00a0\u00a0 Mini PCI-Express Isolated Serial card, includes 2 x RS-232\/422\/485 serial ports. Vertical header. Connected via Mini PCIe PCIe UART. RoHS compliant.- Alternative parts\u00a0\u00a0\u00a0\u00a0\u00a0\u00a0\u00a0\u00a0\u00a0\u00a0\u00a0\u00a0 version of MPG004<br \/>\n<strong>CBG121<\/strong> \u00a0\u00a0\u00a0 Dual DB9 to Minitek 20 pin cable. For use with MPG001 and MPG002.<br \/>\n<strong>CBG191<\/strong> \u00a0\u00a0\u00a0 DB9 to 10-pin Header 2mm. For use with MPG003 and MPG004.<\/p>\n","protected":false},"excerpt":{"rendered":"<h3>Najwa\u017cniejsze cechy:<\/h3>\n<ul>\n<li>Interfejs magistrali hosta PCI-Express x1 Lane lub USB-2<\/li>\n<li>2 porty indywidualnie izolowane lub nie<\/li>\n<li>Prze\u0142\u0105czalny RS-232\/422\/485<\/li>\n<li>Obs\u0142uguje pe\u0142ny dupleks (4 przewody), p\u00f3\u0142dupleks (2 przewody) z trybami automatycznego usuwania echa TxD w RS-422\/485<\/li>\n<li>Dwukierunkowa pr\u0119dko\u015b\u0107 transmisji danych do 20 Mb\/s (opcjonalnie) (RS-422\/485)<\/li>\n<li>Ustawienia portu mo\u017cna skonfigurowa\u0107 za pomoc\u0105 oprogramowania (w niekt\u00f3rych modelach)<\/li>\n<li>Mo\u017cliwo\u015b\u0107 niskiej szybko\u015bci narastania (w niekt\u00f3rych modelach)<\/li>\n<li>Zakres temperatur pracy od -40\u00b0C do +85\u00b0C<\/li>\n<\/ul>\n<h3>Wi\u0119cej informacji:<\/h3>\n<p>Seria MPG00x firmy Connect Tech to wytrzyma\u0142e modu\u0142y Mini PCIe, kt\u00f3re idealnie nadaj\u0105 si\u0119 do dodawania dodatkowych mo\u017cliwo\u015bci portu szeregowego do dowolnego systemu przy minimalnym zwi\u0119kszeniu og\u00f3lnego rozmiaru systemu i zu\u017cycia energii.<\/p>\n<p>Wybierz lini\u0119 PCI Express x1 lub interfejs magistrali hosta USB-2.<\/p>\n<p>Dost\u0119pne s\u0105 r\u00f3\u017cne modu\u0142y oferuj\u0105ce prze\u0142\u0105czalne RS-232\/422\/485, opcjonaln\u0105 izolacj\u0119 i pe\u0142ne sygna\u0142y sterowania modemem. Szeroki zakres temperatur pracy oraz z\u0142\u0105cze zatrzaskowe i rozwi\u0105zanie okablowania umo\u017cliwiaj\u0105 stosowanie tych modu\u0142\u00f3w w trudnych warunkach.<\/p>\n<p>Zgodno\u015b\u0107 z szerok\u0105 gam\u0105 popularnych system\u00f3w operacyjnych umo\u017cliwia \u0142atw\u0105 integracj\u0119 tych p\u0142yt z szerok\u0105 gam\u0105 nowych i istniej\u0105cych system\u00f3w.<\/p>\n<p>Seria MPG00X jest dost\u0119pna w standardowym SKU (MPG003\/MPG004) i jako wersja cz\u0119\u015bci alternatywnych (MPG013\/MPG014). S\u0105 to r\u00f3wnowa\u017cne formy, dopasowania i funkcji. Daty realizacji zam\u00f3wienia mog\u0105 si\u0119 r\u00f3\u017cni\u0107 w zale\u017cno\u015bci od numeru cz\u0119\u015bci. Zobacz wi\u0119cej informacji <a href=\"https:\/\/connecttech.com\/ftp\/pdf\/CTIU-00047.pdf\" target=\"_blank\" rel=\"noopener\">tutaj<\/a>.<\/p>\n","protected":false},"featured_media":16554,"template":"","meta":{"_acf_changed":false,"inline_featured_image":false,"_monsterinsights_skip_tracking":false,"_monsterinsights_sitenote_active":false,"_monsterinsights_sitenote_note":"","_monsterinsights_sitenote_category":0},"product_brand":[],"product_cat":[1613,1472,1703],"product_tag":[],"class_list":{"0":"post-16555","1":"product","2":"type-product","3":"status-publish","4":"has-post-thumbnail","6":"product_cat-akcesoria-peryferia","7":"product_cat-connect-tech-inc","8":"product_cat-mini-pcie-m2","10":"first","11":"instock","12":"shipping-taxable","13":"product-type-simple"},"acf":[],"_links":{"self":[{"href":"https:\/\/quantum.com.pl\/pl\/wp-json\/wp\/v2\/product\/16555","targetHints":{"allow":["GET"]}}],"collection":[{"href":"https:\/\/quantum.com.pl\/pl\/wp-json\/wp\/v2\/product"}],"about":[{"href":"https:\/\/quantum.com.pl\/pl\/wp-json\/wp\/v2\/types\/product"}],"wp:featuredmedia":[{"embeddable":true,"href":"https:\/\/quantum.com.pl\/pl\/wp-json\/wp\/v2\/media\/16554"}],"wp:attachment":[{"href":"https:\/\/quantum.com.pl\/pl\/wp-json\/wp\/v2\/media?parent=16555"}],"wp:term":[{"taxonomy":"product_brand","embeddable":true,"href":"https:\/\/quantum.com.pl\/pl\/wp-json\/wp\/v2\/product_brand?post=16555"},{"taxonomy":"product_cat","embeddable":true,"href":"https:\/\/quantum.com.pl\/pl\/wp-json\/wp\/v2\/product_cat?post=16555"},{"taxonomy":"product_tag","embeddable":true,"href":"https:\/\/quantum.com.pl\/pl\/wp-json\/wp\/v2\/product_tag?post=16555"}],"curies":[{"name":"wp","href":"https:\/\/api.w.org\/{rel}","templated":true}]}}