{"id":16567,"date":"2025-05-26T14:55:52","date_gmt":"2025-05-26T12:55:52","guid":{"rendered":"https:\/\/quantum.com.pl\/product\/mini-pcie-carrier\/"},"modified":"2025-05-26T14:55:52","modified_gmt":"2025-05-26T12:55:52","slug":"mini-pcie-carrier","status":"publish","type":"product","link":"https:\/\/quantum.com.pl\/pl\/product\/mini-pcie-carrier\/","title":{"rendered":"Mini PCIe Carrier"},"content":{"rendered":"<h3>Dane techniczne:<\/h3>\n<table class=\"woocommerce-product-attributes shop_attributes\" aria-label=\"Product Details\">\n<tbody>\n<tr class=\"woocommerce-product-attributes-item woocommerce-product-attributes-item--attribute_pa_compatibility\">\n<th class=\"woocommerce-product-attributes-item__label\" scope=\"row\">Compatibility<\/th>\n<td class=\"woocommerce-product-attributes-item__value\">ADG075: Single Mini PCIe, ADG077: Dual Mini PCIe<\/td>\n<\/tr>\n<tr class=\"woocommerce-product-attributes-item woocommerce-product-attributes-item--attribute_pa_io\">\n<th class=\"woocommerce-product-attributes-item__label\" scope=\"row\">I\/O<\/th>\n<td class=\"woocommerce-product-attributes-item__value\">1x USB 2.0, ADG077: 4-Port Hub, Oversize Mini PCIe Module, PCI-104 (Pass Through), SIM Socket, Type 1 or Type 2 PCIe\/104<\/td>\n<\/tr>\n<tr class=\"woocommerce-product-attributes-item woocommerce-product-attributes-item--attribute_pa_dimensions\">\n<th class=\"woocommerce-product-attributes-item__label\" scope=\"row\">Dimensions<\/th>\n<td class=\"woocommerce-product-attributes-item__value\">95.885mm x 90.17mm (3.775&#8243; x 3.550&#8243;)<\/td>\n<\/tr>\n<tr class=\"woocommerce-product-attributes-item woocommerce-product-attributes-item--attribute_pa_power-requirements\">\n<th class=\"woocommerce-product-attributes-item__label\" scope=\"row\">Power Requirements<\/th>\n<td class=\"woocommerce-product-attributes-item__value\">+5V (PCIe\/104 Bus Supplied)<\/td>\n<\/tr>\n<tr class=\"woocommerce-product-attributes-item woocommerce-product-attributes-item--attribute_pa_operating-temperature\">\n<th class=\"woocommerce-product-attributes-item__label\" scope=\"row\">Operating Temperature<\/th>\n<td class=\"woocommerce-product-attributes-item__value\">-40\u00b0C to +85\u00b0C (-40\u00b0F to +185\u00b0F)<\/td>\n<\/tr>\n<\/tbody>\n<\/table>\n<h3>Ordering information:<\/h3>\n<p><strong>ADG075<\/strong>\u00a0\u00a0\u00a0\u00a0 Single Oversized Rugged Mini-PCIe Carrier Without PCI-104 Pass Through<br \/>\n<strong>ADG077<\/strong>\u00a0\u00a0\u00a0\u00a0 Dual Rugged Mini-PCIe Carrier Without PCI-104 Pass Through<br \/>\n<strong>ADG097<\/strong>\u00a0\u00a0\u00a0\u00a0 Dual Rugged Mini-PCIe Carrier With PCI-104 Pass Through<br \/>\n<strong>ADG098<\/strong>\u00a0\u00a0\u00a0\u00a0 Single Oversized Rugged Mini-PCIe Carrier With PCI-104 Pass Through<\/p>\n","protected":false},"excerpt":{"rendered":"<h3>Najwa\u017cniejsze cechy:<\/h3>\n<ul>\n<li>Zgodno\u015b\u0107 z PCIe\/104<\/li>\n<li>Prze\u0142\u0105czanie USB na pok\u0142adzie<\/li>\n<li>Rozszerzony zakres temperatur -40\u00b0C do +85\u00b0C<\/li>\n<\/ul>\n<h3>Wi\u0119cej informacji:<\/h3>\n<p>Pojedyncze i podw\u00f3jne no\u015bniki Mini-PCIe firmy Connect Tech umo\u017cliwiaj\u0105 \u0142atw\u0105 integracj\u0119 karty Mini-PCIe z systemem PCIe\/104 lub PCI\/104-Express. W pe\u0142ni kompatybilne z dowolnym urz\u0105dzeniem peryferyjnym Mini-PCIe.<\/p>\n<p>Te no\u015bniki rozszerzaj\u0105 mo\u017cliwo\u015bci istniej\u0105cego systemu PCIe\/104 lub PCI\/104-Express, z mo\u017cliwo\u015bci\u0105 dodawania funkcji, takich jak WiFi, GPS, Bluetooth, magistrala CAN i\/lub interfejsy szeregowe. No\u015bniki Mini-PCIe sprawdzaj\u0105 si\u0119 w trudnych warunkach i obs\u0142uguj\u0105 szeroki zakres temperatur od -40\u00b0C do +85\u00b0C.<\/p>\n","protected":false},"featured_media":16565,"template":"","meta":{"_acf_changed":false,"inline_featured_image":false,"_monsterinsights_skip_tracking":false,"_monsterinsights_sitenote_active":false,"_monsterinsights_sitenote_note":"","_monsterinsights_sitenote_category":0},"product_brand":[],"product_cat":[1613,1472,1703],"product_tag":[],"class_list":{"0":"post-16567","1":"product","2":"type-product","3":"status-publish","4":"has-post-thumbnail","6":"product_cat-akcesoria-peryferia","7":"product_cat-connect-tech-inc","8":"product_cat-mini-pcie-m2","10":"first","11":"instock","12":"shipping-taxable","13":"product-type-simple"},"acf":[],"_links":{"self":[{"href":"https:\/\/quantum.com.pl\/pl\/wp-json\/wp\/v2\/product\/16567","targetHints":{"allow":["GET"]}}],"collection":[{"href":"https:\/\/quantum.com.pl\/pl\/wp-json\/wp\/v2\/product"}],"about":[{"href":"https:\/\/quantum.com.pl\/pl\/wp-json\/wp\/v2\/types\/product"}],"wp:featuredmedia":[{"embeddable":true,"href":"https:\/\/quantum.com.pl\/pl\/wp-json\/wp\/v2\/media\/16565"}],"wp:attachment":[{"href":"https:\/\/quantum.com.pl\/pl\/wp-json\/wp\/v2\/media?parent=16567"}],"wp:term":[{"taxonomy":"product_brand","embeddable":true,"href":"https:\/\/quantum.com.pl\/pl\/wp-json\/wp\/v2\/product_brand?post=16567"},{"taxonomy":"product_cat","embeddable":true,"href":"https:\/\/quantum.com.pl\/pl\/wp-json\/wp\/v2\/product_cat?post=16567"},{"taxonomy":"product_tag","embeddable":true,"href":"https:\/\/quantum.com.pl\/pl\/wp-json\/wp\/v2\/product_tag?post=16567"}],"curies":[{"name":"wp","href":"https:\/\/api.w.org\/{rel}","templated":true}]}}