{"id":16593,"date":"2025-05-27T11:47:57","date_gmt":"2025-05-27T09:47:57","guid":{"rendered":"https:\/\/quantum.com.pl\/product\/mini-pcie-gps\/"},"modified":"2025-05-27T12:33:55","modified_gmt":"2025-05-27T10:33:55","slug":"mini-pcie-gps","status":"publish","type":"product","link":"https:\/\/quantum.com.pl\/pl\/product\/mini-pcie-gps\/","title":{"rendered":"Mini PCIe GPS"},"content":{"rendered":"<h3>Dane techniczne:<\/h3>\n<table class=\"woocommerce-product-attributes shop_attributes\" aria-label=\"Product Details\">\n<tbody>\n<tr class=\"woocommerce-product-attributes-item woocommerce-product-attributes-item--attribute_pa_dimensions\">\n<th class=\"woocommerce-product-attributes-item__label\" scope=\"row\">Dimensions<\/th>\n<td class=\"woocommerce-product-attributes-item__value\">50.95 mm x 30 mm, Mini PCIe &#8222;Full&#8221;<\/td>\n<\/tr>\n<tr class=\"woocommerce-product-attributes-item woocommerce-product-attributes-item--attribute_antenna-connector\">\n<th class=\"woocommerce-product-attributes-item__label\" scope=\"row\">Antenna Connector<\/th>\n<td class=\"woocommerce-product-attributes-item__value\">U.FL (Support for active antennas only)<\/td>\n<\/tr>\n<tr class=\"woocommerce-product-attributes-item woocommerce-product-attributes-item--attribute_pa_gps\">\n<th class=\"woocommerce-product-attributes-item__label\" scope=\"row\">GPS<\/th>\n<td class=\"woocommerce-product-attributes-item__value\">GPS, GLONASS, QZSS, Galileo UBX, RTCM, and NMEA protocols<\/td>\n<\/tr>\n<tr class=\"woocommerce-product-attributes-item woocommerce-product-attributes-item--attribute_pa_io\">\n<th class=\"woocommerce-product-attributes-item__label\" scope=\"row\">I\/O<\/th>\n<td class=\"woocommerce-product-attributes-item__value\">External Battery input, External Interrupt input, Forward\/Reverse and Wheeltick inputs for Automotive Dead Reckoning, TIMEPULSE output syncronized with GPS time grid<\/td>\n<\/tr>\n<tr class=\"woocommerce-product-attributes-item woocommerce-product-attributes-item--attribute_pa_cables\">\n<th class=\"woocommerce-product-attributes-item__label\" scope=\"row\">Cables<\/th>\n<td class=\"woocommerce-product-attributes-item__value\">CBG162 (IO Connector Cable), CBG163: R.FL to SMA Female Cable<\/td>\n<\/tr>\n<tr class=\"woocommerce-product-attributes-item woocommerce-product-attributes-item--attribute_pa_antenna\">\n<th class=\"woocommerce-product-attributes-item__label\" scope=\"row\">Antenna<\/th>\n<td class=\"woocommerce-product-attributes-item__value\">Active GPS\/GLONASS Antennas only, GPS-06T, VTGPSA-9<\/td>\n<\/tr>\n<tr class=\"woocommerce-product-attributes-item woocommerce-product-attributes-item--attribute_pa_operating-temperature\">\n<th class=\"woocommerce-product-attributes-item__label\" scope=\"row\">Operating Temperature<\/th>\n<td class=\"woocommerce-product-attributes-item__value\">-40\u00b0C to +85\u00b0C (-40\u00b0F to +185\u00b0F)<\/td>\n<\/tr>\n<\/tbody>\n<\/table>\n<h3>Ordering information:<\/h3>\n<p><strong>MPG201<\/strong> \u00a0\u00a0\u00a0 Mini PCIe GPS Receiver, populated with NEO-7N module (Battery not included)<br \/>\n<strong>MPG202<\/strong> \u00a0\u00a0\u00a0 Mini PCIe GPS Receiver, populated with NEO-7N module (Battery included)<br \/>\n<strong>MPG203<\/strong> \u00a0\u00a0\u00a0 Mini PCIe GPS Receiver, populated with NEO-M8N module (Battery not included)<br \/>\n<strong>MPG204<\/strong> \u00a0\u00a0\u00a0 Mini PCIe GPS Receiver, populated with NEO-M8N module (Battery included)<br \/>\n<strong>MPG205<\/strong>*\u00a0\u00a0\u00a0 Mini PCIe GPS Receiver, populated with NEO-M8L module (Battery not included)<br \/>\n<strong>MPG206<\/strong>*\u00a0\u00a0\u00a0 Mini PCIe GPS Receiver, populated with NEO-M8L module (Battery included)<br \/>\n<strong>MPG207<\/strong>*\u00a0\u00a0\u00a0 Mini PCIe GPS Receiver, populated with NEO-M8U module (Battery not included)<br \/>\n<strong>MPG208<\/strong>*\u00a0\u00a0\u00a0 Mini PCIe GPS Receiver, populated with NEO-M8U module (Battery included)<br \/>\n<strong>MPG209<\/strong> \u00a0\u00a0\u00a0 Mini PCIe GPS Receiver, populated with NEO-M9N module (Battery not included)<br \/>\n<strong>MPG210<\/strong> \u00a0\u00a0\u00a0\u00a0 Mini PCIe GPS Receiver, populated with NEO-M9N module (Battery included)<\/p>\n<p>Cables\/Accessories<br \/>\n<strong>CBG162<\/strong> \u00a0\u00a0\u00a0 External I\/O Cable<br \/>\n<strong>CBG163<\/strong>\u00a0\u00a0\u00a0\u00a0 U.FL to SMA Female Cable<\/p>\n","protected":false},"excerpt":{"rendered":"<h3>Najwa\u017cniejsze cechy:<\/h3>\n<ul>\n<li>U\u017cywany w dowolnym gnie\u017adzie Mini PCIe obs\u0142uguj\u0105cym USB<\/li>\n<li>Zgodno\u015b\u0107 z systemami operacyjnymi Windows i Linux<\/li>\n<li>\u0141atwa integracja z szerok\u0105 gam\u0105 nowych i istniej\u0105cych system\u00f3w<\/li>\n<li>Rozszerzony zakres temperatur -40\u00b0C do +85\u00b0C<\/li>\n<\/ul>\n<h3>Wi\u0119cej informacji:<\/h3>\n<p>Mini PCIe GPS firmy Connect Tech to wytrzyma\u0142y modu\u0142 GPS oparty na bardzo ma\u0142ym, standardowym formacie przemys\u0142owym Mini PCIe \u201eFull\u201d.<\/p>\n<p>Korzystaj\u0105c z magistrali USB, ten Mini PCIe GPS zapewnia globalne pozycjonowanie i informacje o znacznikach czasu, zajmuj\u0105c przy tym ma\u0142o miejsca i energii w systemie. Modu\u0142 obs\u0142uguje zar\u00f3wno \u015brodowiska Windows, jak i Linux.<\/p>\n","protected":false},"featured_media":16585,"template":"","meta":{"_acf_changed":false,"inline_featured_image":false,"_monsterinsights_skip_tracking":false,"_monsterinsights_sitenote_active":false,"_monsterinsights_sitenote_note":"","_monsterinsights_sitenote_category":0},"product_brand":[],"product_cat":[1613,1472,925,1703],"product_tag":[],"class_list":{"0":"post-16593","1":"product","2":"type-product","3":"status-publish","4":"has-post-thumbnail","6":"product_cat-akcesoria-peryferia","7":"product_cat-connect-tech-inc","8":"product_cat-gps-i-plyty-sieciowe-pl","9":"product_cat-mini-pcie-m2","11":"first","12":"instock","13":"shipping-taxable","14":"product-type-simple"},"acf":[],"_links":{"self":[{"href":"https:\/\/quantum.com.pl\/pl\/wp-json\/wp\/v2\/product\/16593","targetHints":{"allow":["GET"]}}],"collection":[{"href":"https:\/\/quantum.com.pl\/pl\/wp-json\/wp\/v2\/product"}],"about":[{"href":"https:\/\/quantum.com.pl\/pl\/wp-json\/wp\/v2\/types\/product"}],"wp:featuredmedia":[{"embeddable":true,"href":"https:\/\/quantum.com.pl\/pl\/wp-json\/wp\/v2\/media\/16585"}],"wp:attachment":[{"href":"https:\/\/quantum.com.pl\/pl\/wp-json\/wp\/v2\/media?parent=16593"}],"wp:term":[{"taxonomy":"product_brand","embeddable":true,"href":"https:\/\/quantum.com.pl\/pl\/wp-json\/wp\/v2\/product_brand?post=16593"},{"taxonomy":"product_cat","embeddable":true,"href":"https:\/\/quantum.com.pl\/pl\/wp-json\/wp\/v2\/product_cat?post=16593"},{"taxonomy":"product_tag","embeddable":true,"href":"https:\/\/quantum.com.pl\/pl\/wp-json\/wp\/v2\/product_tag?post=16593"}],"curies":[{"name":"wp","href":"https:\/\/api.w.org\/{rel}","templated":true}]}}