{"id":16616,"date":"2025-05-28T12:35:54","date_gmt":"2025-05-28T10:35:54","guid":{"rendered":"https:\/\/quantum.com.pl\/product\/m-2-gbe\/"},"modified":"2025-05-28T12:35:54","modified_gmt":"2025-05-28T10:35:54","slug":"m-2-gbe","status":"publish","type":"product","link":"https:\/\/quantum.com.pl\/pl\/product\/m-2-gbe\/","title":{"rendered":"M.2 GbE"},"content":{"rendered":"<h3>Dane techniczne:<\/h3>\n<table class=\"woocommerce-product-attributes shop_attributes\" aria-label=\"Product Details\">\n<tbody>\n<tr class=\"woocommerce-product-attributes-item woocommerce-product-attributes-item--attribute_form-factor\">\n<th class=\"woocommerce-product-attributes-item__label\" scope=\"row\">Form Factor<\/th>\n<td class=\"woocommerce-product-attributes-item__value\">M.2 2230 Key A+E<\/td>\n<\/tr>\n<tr class=\"woocommerce-product-attributes-item woocommerce-product-attributes-item--attribute_ports\">\n<th class=\"woocommerce-product-attributes-item__label\" scope=\"row\">Ports<\/th>\n<td class=\"woocommerce-product-attributes-item__value\">1x 10\/100\/1000BASE-T<\/td>\n<\/tr>\n<tr class=\"woocommerce-product-attributes-item woocommerce-product-attributes-item--attribute_controller\">\n<th class=\"woocommerce-product-attributes-item__label\" scope=\"row\">Controller<\/th>\n<td class=\"woocommerce-product-attributes-item__value\">Intel\u00ae Ethernet Controller I210-AT<\/td>\n<\/tr>\n<tr class=\"woocommerce-product-attributes-item woocommerce-product-attributes-item--attribute_host-interface-bus\">\n<th class=\"woocommerce-product-attributes-item__label\" scope=\"row\">Host Interface Bus<\/th>\n<td class=\"woocommerce-product-attributes-item__value\">x1 PCIe v2.1, SMBus<\/td>\n<\/tr>\n<tr class=\"woocommerce-product-attributes-item woocommerce-product-attributes-item--attribute_dimensions\">\n<th class=\"woocommerce-product-attributes-item__label\" scope=\"row\">Dimensions<\/th>\n<td class=\"woocommerce-product-attributes-item__value\">22mm x 30mm (M.2 Type-2230-D3-A-E)*<br \/>\n(0.87\u201d x 1.18\u201d)<br \/>\n*exceeds M.2 specification max topside height<\/td>\n<\/tr>\n<tr class=\"woocommerce-product-attributes-item woocommerce-product-attributes-item--attribute_cable-optional-not-included\">\n<th class=\"woocommerce-product-attributes-item__label\" scope=\"row\">Cable (Optional, not included)<\/th>\n<td class=\"woocommerce-product-attributes-item__value\">CBG383 (RJ-45 Female, 8-pin Picoblade)<\/td>\n<\/tr>\n<tr class=\"woocommerce-product-attributes-item woocommerce-product-attributes-item--attribute_leds\">\n<th class=\"woocommerce-product-attributes-item__label\" scope=\"row\">LEDs<\/th>\n<td class=\"woocommerce-product-attributes-item__value\">Activity, Link, Power<\/td>\n<\/tr>\n<tr class=\"woocommerce-product-attributes-item woocommerce-product-attributes-item--attribute_operating-temperature\">\n<th class=\"woocommerce-product-attributes-item__label\" scope=\"row\">Operating Temperature*<\/th>\n<td class=\"woocommerce-product-attributes-item__value\">-40\u00b0C to +85\u00b0C (-40\u00b0F to 185\u00b0F)<br \/>\n*A minimum air-flow rate of 125CFM is recommended to operate reliably at ambient temperatures over 65\u00b0C<\/td>\n<\/tr>\n<tr class=\"woocommerce-product-attributes-item woocommerce-product-attributes-item--attribute_weight\">\n<th class=\"woocommerce-product-attributes-item__label\" scope=\"row\">Weight<\/th>\n<td class=\"woocommerce-product-attributes-item__value\">3g (0.11oz)<\/td>\n<\/tr>\n<tr class=\"woocommerce-product-attributes-item woocommerce-product-attributes-item--attribute_warranty-and-support\">\n<th class=\"woocommerce-product-attributes-item__label\" scope=\"row\">Warranty and Support<\/th>\n<td class=\"woocommerce-product-attributes-item__value\">2 Year Warranty and Free Technical Support<\/td>\n<\/tr>\n<\/tbody>\n<\/table>\n<h3>Ordering information:<\/h3>\n<p><strong>M2G101<\/strong>\u00a0\u00a0\u00a0\u00a0 M.2 GbE Connector<\/p>\n<p>Cables\/Accessories<br \/>\n<strong>CBG383<\/strong>\u00a0\u00a0\u00a0\u00a0 RJ-45 Female, 8-pin Picoblade<\/p>\n","protected":false},"excerpt":{"rendered":"<h3>Najwa\u017cniejsze cechy:<\/h3>\n<ul>\n<li>Bardzo ma\u0142y format (22 mm x 30 mm \/ 0,87\u201d x 1,18\u201d)<\/li>\n<li>Wykorzystuje kontroler sieciowy I210<\/li>\n<li>\u0141atwo integruje si\u0119 z dowolnym istniej\u0105cym systemem Connect Tech za pomoc\u0105 gniazda rozszerze\u0144 M.2 Type-2230 Key A lub E<\/li>\n<li>Zakres temperatur przemys\u0142owych: od -40\u00b0C do +85\u00b0C (od -40\u00b0F do +185\u00b0F)<\/li>\n<\/ul>\n<h3>Wi\u0119cej informacji:<\/h3>\n<div class=\"lRu31\" dir=\"ltr\"><span class=\"HwtZe\" lang=\"pl\"><span class=\"jCAhz ChMk0b\"><span class=\"ryNqvb\">Karta rozszerze\u0144 M.2 GbE dodaje dodatkowe po\u0142\u0105czenie Ethernet do dowolnej istniej\u0105cej karty no\u015bnej Connect Tech przez gniazdo rozszerze\u0144 klucza M.2 A lub E. Idealna dla klient\u00f3w, kt\u00f3rzy musz\u0105 doda\u0107 przewodowe po\u0142\u0105czenia sieciowe w aplikacjach o ograniczonej przestrzeni, ta przemys\u0142owa karta rozszerze\u0144 wykorzystuje kontroler Intel I210 w celu zoptymalizowania wydajno\u015bci i zaufanej niezawodno\u015bci.<\/span><\/span><\/span><\/div>\n","protected":false},"featured_media":16609,"template":"","meta":{"_acf_changed":false,"inline_featured_image":false,"_monsterinsights_skip_tracking":false,"_monsterinsights_sitenote_active":false,"_monsterinsights_sitenote_note":"","_monsterinsights_sitenote_category":0},"product_brand":[],"product_cat":[1472,1484,1703,1587],"product_tag":[],"class_list":{"0":"post-16616","1":"product","2":"type-product","3":"status-publish","4":"has-post-thumbnail","6":"product_cat-connect-tech-inc","7":"product_cat-gbe","8":"product_cat-mini-pcie-m2","9":"product_cat-produkty-sieciowe","11":"first","12":"instock","13":"shipping-taxable","14":"product-type-simple"},"acf":[],"_links":{"self":[{"href":"https:\/\/quantum.com.pl\/pl\/wp-json\/wp\/v2\/product\/16616","targetHints":{"allow":["GET"]}}],"collection":[{"href":"https:\/\/quantum.com.pl\/pl\/wp-json\/wp\/v2\/product"}],"about":[{"href":"https:\/\/quantum.com.pl\/pl\/wp-json\/wp\/v2\/types\/product"}],"wp:featuredmedia":[{"embeddable":true,"href":"https:\/\/quantum.com.pl\/pl\/wp-json\/wp\/v2\/media\/16609"}],"wp:attachment":[{"href":"https:\/\/quantum.com.pl\/pl\/wp-json\/wp\/v2\/media?parent=16616"}],"wp:term":[{"taxonomy":"product_brand","embeddable":true,"href":"https:\/\/quantum.com.pl\/pl\/wp-json\/wp\/v2\/product_brand?post=16616"},{"taxonomy":"product_cat","embeddable":true,"href":"https:\/\/quantum.com.pl\/pl\/wp-json\/wp\/v2\/product_cat?post=16616"},{"taxonomy":"product_tag","embeddable":true,"href":"https:\/\/quantum.com.pl\/pl\/wp-json\/wp\/v2\/product_tag?post=16616"}],"curies":[{"name":"wp","href":"https:\/\/api.w.org\/{rel}","templated":true}]}}