{"id":16625,"date":"2025-05-29T10:56:04","date_gmt":"2025-05-29T08:56:04","guid":{"rendered":"https:\/\/quantum.com.pl\/product\/m-2-gps\/"},"modified":"2025-05-29T11:01:53","modified_gmt":"2025-05-29T09:01:53","slug":"m-2-gps","status":"publish","type":"product","link":"https:\/\/quantum.com.pl\/pl\/product\/m-2-gps\/","title":{"rendered":"M.2 GPS"},"content":{"rendered":"<h3>Dane techniczne:<\/h3>\n<table class=\"woocommerce-product-attributes shop_attributes\" aria-label=\"Product Details\">\n<tbody>\n<tr class=\"woocommerce-product-attributes-item woocommerce-product-attributes-item--attribute_dimensions\">\n<th class=\"woocommerce-product-attributes-item__label\" scope=\"row\">Dimensions<\/th>\n<td class=\"woocommerce-product-attributes-item__value\">42 mm x 22 mm (M.2 Type-2242-S3-B)<br \/>\n30 mm x 22 mm (M.2 Type 2230-E Key) M2G207 Only<\/td>\n<\/tr>\n<tr class=\"woocommerce-product-attributes-item woocommerce-product-attributes-item--attribute_antenna-connector\">\n<th class=\"woocommerce-product-attributes-item__label\" scope=\"row\">Antenna Connector<\/th>\n<td class=\"woocommerce-product-attributes-item__value\">HSC (MHFA) (Support for active antennas only)<\/td>\n<\/tr>\n<tr class=\"woocommerce-product-attributes-item woocommerce-product-attributes-item--attribute_pa_antenna\">\n<th class=\"woocommerce-product-attributes-item__label\" scope=\"row\">Antenna<\/th>\n<td class=\"woocommerce-product-attributes-item__value\">MSG095, Active GPS\/GLONASS Antennas only, VTGPSA-9<\/td>\n<\/tr>\n<tr class=\"woocommerce-product-attributes-item woocommerce-product-attributes-item--attribute_pa_gps\">\n<th class=\"woocommerce-product-attributes-item__label\" scope=\"row\">GPS<\/th>\n<td class=\"woocommerce-product-attributes-item__value\">GPS, GLONASS, QZSS, Galileo UBX, RTCM, and NMEA protocols<\/td>\n<\/tr>\n<tr class=\"woocommerce-product-attributes-item woocommerce-product-attributes-item--attribute_pa_io\">\n<th class=\"woocommerce-product-attributes-item__label\" scope=\"row\">I\/O<\/th>\n<td class=\"woocommerce-product-attributes-item__value\">External Battery input, External Interrupt input, Forward\/Reverse and Wheeltick inputs for Automotive Dead Reckoning, TIMEPULSE output syncronized with GPS time grid<\/td>\n<\/tr>\n<tr class=\"woocommerce-product-attributes-item woocommerce-product-attributes-item--attribute_pa_cables\">\n<th class=\"woocommerce-product-attributes-item__label\" scope=\"row\">Cables<\/th>\n<td class=\"woocommerce-product-attributes-item__value\">CBG162 (IO Connector Cable), CBG214 (RF Connector to SMA)<\/td>\n<\/tr>\n<tr class=\"woocommerce-product-attributes-item woocommerce-product-attributes-item--attribute_pa_operating-temperature\">\n<th class=\"woocommerce-product-attributes-item__label\" scope=\"row\">Operating Temperature<\/th>\n<td class=\"woocommerce-product-attributes-item__value\">-40\u00b0C to +85\u00b0C (-40\u00b0F to +185\u00b0F)<\/td>\n<\/tr>\n<\/tbody>\n<\/table>\n<h3>Ordering information:<\/h3>\n<p><strong>M2G201<\/strong> \u00a0\u00a0\u00a0 M.2 GPS Receiver (Battery not included) populated with NEO-7N module<br \/>\n<strong>M2G202<\/strong> \u00a0\u00a0\u00a0 M.2 GPS Receiver (Battery included) populated with NEO-7N module<br \/>\n<strong>M2G203<\/strong> \u00a0\u00a0\u00a0 M.2 GPS Receiver (Battery not included) populated with NEO-M8N module<br \/>\n<strong>M2G204<\/strong> \u00a0\u00a0\u00a0 M.2 GPS Receiver (Battery included) populated with NEO-M8N module<br \/>\n<strong>M2G205<\/strong> \u00a0\u00a0\u00a0 M.2 GPS Receiver (Battery not included) populated with NEO-M8L module, supports Automotive Dead Reckoning<br \/>\n<strong>M2G206<\/strong> \u00a0\u00a0\u00a0 M.2 GPS Receiver (Battery included) populated with NEO-M8L module, supports Automotive Dead Reckoning<br \/>\n<strong>M2G207<\/strong> \u00a0\u00a0\u00a0 M.2 GPS Receiver (Battery included) populated with NEO-7N module; E-key<\/p>\n<p>Cables\/Accessories<br \/>\n<strong>MSG095<\/strong> \u00a0\u00a0\u00a0 GPS External Active Antenna<br \/>\n<strong>CBG162<\/strong> \u00a0\u00a0\u00a0 External I\/O Cable<br \/>\n<strong>CBG214<\/strong> \u00a0\u00a0\u00a0 Murata HSC to SMA Female Cable<\/p>\n","protected":false},"excerpt":{"rendered":"<h3>Najwa\u017cniejsze cechy:<\/h3>\n<ul>\n<li>Zapewnia globalne pozycjonowanie i informacje o znacznikach czasu<\/li>\n<li>Zajmuje ma\u0142o miejsca i energii w systemie<\/li>\n<li>\u0141atwa integracja z dowolnym istniej\u0105cym systemem<\/li>\n<li>Rozszerzony zakres temperatur -40\u00b0C do +85\u00b0C<\/li>\n<\/ul>\n<h3>More information:<\/h3>\n<p><span class=\"HwtZe\" lang=\"pl\"><span class=\"jCAhz ChMk0b\"><span class=\"ryNqvb\">Connect Tech <strong>M.2 GPS<\/strong> to odbiornik GNSS oparty na bardzo ma\u0142ym, standardowym w bran\u017cy formacie M.2 Type-2242-S3-B.<\/span><\/span> <span class=\"jCAhz ChMk0b\"><span class=\"ryNqvb\">Korzystaj\u0105c z magistrali USB, M.2 GPS zapewnia globalne pozycjonowanie i informacje o znacznikach czasu, zajmuj\u0105c przy tym ma\u0142o miejsca i energii w systemie.<\/span><\/span> <span class=\"jCAhz ChMk0b\"><span class=\"ryNqvb\">Bior\u0105c pod uwag\u0119 istniej\u0105ce wsparcie dla system\u00f3w Windows i Linux, M.2 GPS mo\u017cna \u0142atwo zintegrowa\u0107 z dowolnym istniej\u0105cym systemem, a tak\u017ce \u0142atwo wdro\u017cy\u0107 w nowych systemach.<\/span><\/span><\/span><\/p>\n","protected":false},"featured_media":16620,"template":"","meta":{"_acf_changed":false,"inline_featured_image":false,"_monsterinsights_skip_tracking":false,"_monsterinsights_sitenote_active":false,"_monsterinsights_sitenote_note":"","_monsterinsights_sitenote_category":0},"product_brand":[],"product_cat":[1472,1703],"product_tag":[],"class_list":{"0":"post-16625","1":"product","2":"type-product","3":"status-publish","4":"has-post-thumbnail","6":"product_cat-connect-tech-inc","7":"product_cat-mini-pcie-m2","9":"first","10":"instock","11":"shipping-taxable","12":"product-type-simple"},"acf":[],"_links":{"self":[{"href":"https:\/\/quantum.com.pl\/pl\/wp-json\/wp\/v2\/product\/16625","targetHints":{"allow":["GET"]}}],"collection":[{"href":"https:\/\/quantum.com.pl\/pl\/wp-json\/wp\/v2\/product"}],"about":[{"href":"https:\/\/quantum.com.pl\/pl\/wp-json\/wp\/v2\/types\/product"}],"wp:featuredmedia":[{"embeddable":true,"href":"https:\/\/quantum.com.pl\/pl\/wp-json\/wp\/v2\/media\/16620"}],"wp:attachment":[{"href":"https:\/\/quantum.com.pl\/pl\/wp-json\/wp\/v2\/media?parent=16625"}],"wp:term":[{"taxonomy":"product_brand","embeddable":true,"href":"https:\/\/quantum.com.pl\/pl\/wp-json\/wp\/v2\/product_brand?post=16625"},{"taxonomy":"product_cat","embeddable":true,"href":"https:\/\/quantum.com.pl\/pl\/wp-json\/wp\/v2\/product_cat?post=16625"},{"taxonomy":"product_tag","embeddable":true,"href":"https:\/\/quantum.com.pl\/pl\/wp-json\/wp\/v2\/product_tag?post=16625"}],"curies":[{"name":"wp","href":"https:\/\/api.w.org\/{rel}","templated":true}]}}