{"id":16642,"date":"2025-05-30T09:56:26","date_gmt":"2025-05-30T07:56:26","guid":{"rendered":"https:\/\/quantum.com.pl\/product\/pci-pcie-to-pmc-xmc-adapter\/"},"modified":"2025-05-30T09:56:26","modified_gmt":"2025-05-30T07:56:26","slug":"pci-pcie-to-pmc-xmc-adapter","status":"publish","type":"product","link":"https:\/\/quantum.com.pl\/pl\/product\/pci-pcie-to-pmc-xmc-adapter\/","title":{"rendered":"PCI\/PCIe to PMC\/XMC Adapter"},"content":{"rendered":"<h3>Dane techniczne:<\/h3>\n<table class=\"woocommerce-product-attributes shop_attributes\" aria-label=\"Product Details\">\n<tbody>\n<tr class=\"woocommerce-product-attributes-item woocommerce-product-attributes-item--attribute_pa_connectors\">\n<th class=\"woocommerce-product-attributes-item__label\" scope=\"row\">Connectors<\/th>\n<td class=\"woocommerce-product-attributes-item__value\">PCI (32-bit), PCIe (x16 Card accepted, x8 Compatible), PMC, XMC<\/td>\n<\/tr>\n<tr class=\"woocommerce-product-attributes-item woocommerce-product-attributes-item--attribute_pa_dimensions\">\n<th class=\"woocommerce-product-attributes-item__label\" scope=\"row\">Dimensions<\/th>\n<td class=\"woocommerce-product-attributes-item__value\">149mm x 74mm<\/td>\n<\/tr>\n<tr class=\"woocommerce-product-attributes-item woocommerce-product-attributes-item--attribute_vpwr-configuration\">\n<th class=\"woocommerce-product-attributes-item__label\" scope=\"row\">VPWR Configuration<\/th>\n<td class=\"woocommerce-product-attributes-item__value\">+12V Only<\/td>\n<\/tr>\n<tr class=\"woocommerce-product-attributes-item woocommerce-product-attributes-item--attribute_pa_power-requirements\">\n<th class=\"woocommerce-product-attributes-item__label\" scope=\"row\">Power Requirements<\/th>\n<td class=\"woocommerce-product-attributes-item__value\">-12V, +12V, +3V, +5V, All power supplied by connected PMC\/XMC Carrier<\/td>\n<\/tr>\n<tr class=\"woocommerce-product-attributes-item woocommerce-product-attributes-item--attribute_pa_operating-temperature\">\n<th class=\"woocommerce-product-attributes-item__label\" scope=\"row\">Operating Temperature<\/th>\n<td class=\"woocommerce-product-attributes-item__value\">-40\u00b0C to +85\u00b0C (-40\u00b0F to +185\u00b0F)<\/td>\n<\/tr>\n<\/tbody>\n<\/table>\n<h3>Ordering information:<\/h3>\n<p><strong>ADG052<\/strong> \u00a0\u00a0\u00a0 PCI\/PCIe to PMC\/XMC Adapter<\/p>\n","protected":false},"excerpt":{"rendered":"<h3>Najwa\u017cniejsze cechy:<\/h3>\n<ul>\n<li>Po\u0142\u0105czenie XMC z PCIe<\/li>\n<li>Po\u0142\u0105czenie PMC z PCI<\/li>\n<li>Diody LED BUSMODE z wyborem zworki do testowania<\/li>\n<li>Z\u0142\u0105cze: XMC, PMC, PCIe (akceptacja karty x16, zgodno\u015b\u0107 z x8), PCI (32-bit)<\/li>\n<li>Wymiary:<br \/>\nD\u0142ugo\u015b\u0107: 149 mm<br \/>\nWysoko\u015b\u0107: 74 mm<\/li>\n<li>Temperatura: Temperatura przemys\u0142owa: od -40\u00b0C do +85\u00b0C (od -40\u00b0F do +185\u00b0F)<\/li>\n<\/ul>\n<h3>Wi\u0119cej informacji:<\/h3>\n<p>Adapter PCI\/PCIe do PMC\/XMC firmy Connect Tech umo\u017cliwia u\u017cytkownikom pod\u0142\u0105czenie standardowej karty PCIe do no\u015bnika XMC lub standardowej karty PCI do no\u015bnika PMC.<\/p>\n<p>Adapter ADG052 jest przezroczysty dla systemu no\u015bnika PMC\/XMC i umo\u017cliwia komunikacj\u0119, testowanie i\/lub debugowanie no\u015bnika. Mo\u017cliwo\u015b\u0107 testowania zar\u00f3wno kart PCI, jak i PCIe bez dodatkowej konfiguracji lub oprogramowania umo\u017cliwia \u0142atwe opracowywanie projekt\u00f3w PCI do PMC lub PCIe do XMC.<\/p>\n<p>Instrukcja standardowego u\u017cytkowania<br \/>\nDo standardowego u\u017cytkowania ADG052 wystarczy w\u0142o\u017cy\u0107 do no\u015bnika PMC\/XMC. Pod\u0142\u0105cz \u017c\u0105dane karty PCI lub PCIe do adaptera. Diody LED na adapterze maj\u0105 kilka funkcji:<\/p>\n<p>D1: Tryb magistrali 1<br \/>\nD2: XMC GA2<br \/>\nD3: XMC GA1<br \/>\nD4: XMC GA0<br \/>\nD5: Tryb magistrali 4<br \/>\nD6: Tryb magistrali 3<br \/>\nD7: Tryb magistrali 2<\/p>\n<p>Podczas monta\u017cu nale\u017cy upewni\u0107 si\u0119, \u017ce przestrzegane s\u0105 w\u0142a\u015bciwe praktyki dotycz\u0105ce roz\u0142adowania elektrostatycznego (ESD).<\/p>\n","protected":false},"featured_media":16638,"template":"","meta":{"_acf_changed":false,"inline_featured_image":false,"_monsterinsights_skip_tracking":false,"_monsterinsights_sitenote_active":false,"_monsterinsights_sitenote_note":"","_monsterinsights_sitenote_category":0},"product_brand":[],"product_cat":[1613,1472],"product_tag":[],"class_list":{"0":"post-16642","1":"product","2":"type-product","3":"status-publish","4":"has-post-thumbnail","6":"product_cat-akcesoria-peryferia","7":"product_cat-connect-tech-inc","9":"first","10":"instock","11":"shipping-taxable","12":"product-type-simple"},"acf":[],"_links":{"self":[{"href":"https:\/\/quantum.com.pl\/pl\/wp-json\/wp\/v2\/product\/16642","targetHints":{"allow":["GET"]}}],"collection":[{"href":"https:\/\/quantum.com.pl\/pl\/wp-json\/wp\/v2\/product"}],"about":[{"href":"https:\/\/quantum.com.pl\/pl\/wp-json\/wp\/v2\/types\/product"}],"wp:featuredmedia":[{"embeddable":true,"href":"https:\/\/quantum.com.pl\/pl\/wp-json\/wp\/v2\/media\/16638"}],"wp:attachment":[{"href":"https:\/\/quantum.com.pl\/pl\/wp-json\/wp\/v2\/media?parent=16642"}],"wp:term":[{"taxonomy":"product_brand","embeddable":true,"href":"https:\/\/quantum.com.pl\/pl\/wp-json\/wp\/v2\/product_brand?post=16642"},{"taxonomy":"product_cat","embeddable":true,"href":"https:\/\/quantum.com.pl\/pl\/wp-json\/wp\/v2\/product_cat?post=16642"},{"taxonomy":"product_tag","embeddable":true,"href":"https:\/\/quantum.com.pl\/pl\/wp-json\/wp\/v2\/product_tag?post=16642"}],"curies":[{"name":"wp","href":"https:\/\/api.w.org\/{rel}","templated":true}]}}